{"id":17146,"date":"2023-11-24T11:49:12","date_gmt":"2023-11-24T10:49:12","guid":{"rendered":"https:\/\/lume.ch\/installations-daspiration\/pieces-de-rechange-et-accessoires\/vannes-de-magenta\/"},"modified":"2026-04-12T13:56:24","modified_gmt":"2026-04-12T11:56:24","slug":"vannes-de-magenta","status":"publish","type":"page","link":"https:\/\/lume.ch\/fr\/installations-daspiration\/pieces-de-rechange-et-accessoires\/vannes-de-magenta\/","title":{"rendered":"Vannes de Magenta"},"content":{"rendered":"\n<div  class=\"block block-header  header-text\">\n\n            <div class=\"main-container container-padding-top pb-mittel has-breadcrumb\"> \n          \n            <div class=\"content-container\">\n            \n                                <div class=\"d5 color-anthrazit uebertitel\">Pi\u00e8ces de rechange et accessoires<\/div>\n                \n                                <h1 class=\"d1 color-orange\">\u00c9lectrovannes pour syst\u00e8mes d&rsquo;aspiration et de d\u00e9poussi\u00e9rage<\/h1>\n                 \n                                <div class=\"lead-font-size\"><p>Une vanne adapt\u00e9e \u00e0 chaque syst\u00e8me de d\u00e9poussi\u00e9rage<\/p>\n<\/div>\n                            <\/div>\n        <\/div>\n    <\/div>\n<div  class=\"block block-content bg-weiss pb-mittel\">\n    <div class=\"main-container\">\n        <div class=\"content-container\">\n\n            \n\n\n        <p>Nous proposons des vannes \u00e0 membrane en plusieurs versions, adapt\u00e9es \u00e0 diff\u00e9rents syst\u00e8mes de d\u00e9poussi\u00e9rage.Ces vannes de haute qualit\u00e9 r\u00e9gulent les impulsions de nettoyage avec une grande pr\u00e9cision et assurent donc un d\u00e9colmatage optimal des filtres.<\/p>\n<p>&nbsp;<\/p>\n    \n    <div class=\"columns-2-count\">\n        <div class=\"column\">\n            <h4><b>Votre valeur ajout\u00e9e avec nos vannes<\/b><\/h4>\n<ul>\n<li><span style=\"font-weight: 400;\">Facile \u00e0 installer<\/span><\/li>\n<li><span style=\"font-weight: 400;\">Peu de maintenance<\/span><\/li>\n<li style=\"font-weight: 400;\" aria-level=\"1\"><span style=\"font-weight: 400;\">Haute qualit\u00e9<\/span><\/li>\n<li style=\"font-weight: 400;\" aria-level=\"1\"><span style=\"font-weight: 400;\">Fiabilit\u00e9<\/span><\/li>\n<\/ul>\n\n                    <\/div>\n\n        <div class=\"column\">\n            <p><img decoding=\"async\" class=\"aligncenter wp-image-5946 ls-is-cached lazyloaded\" src=\"https:\/\/lume.ch\/wp-content\/uploads\/2023\/11\/Ventil-Freigestellt-380x400.png\" sizes=\"(max-width: 211px) 100vw, 211px\" srcset=\"https:\/\/lume.ch\/wp-content\/uploads\/2023\/11\/Ventil-Freigestellt-380x400.png 380w, https:\/\/lume.ch\/wp-content\/uploads\/2023\/11\/Ventil-Freigestellt.png 487w\" alt=\"\" width=\"211\" height=\"222\" data-srcset=\"https:\/\/lume.ch\/wp-content\/uploads\/2023\/11\/Ventil-Freigestellt-380x400.png 380w, https:\/\/lume.ch\/wp-content\/uploads\/2023\/11\/Ventil-Freigestellt.png 487w\" data-src=\"https:\/\/lume.ch\/wp-content\/uploads\/2023\/11\/Ventil-Freigestellt-380x400.png\" data-sizes=\"(max-width: 211px) 100vw, 211px\"><\/p>\n\n                    <\/div>\n    <\/div>\n    \n\n        <\/div>\n    <\/div>\n<\/div>\n<div  class=\"block block-teaser bg-hellgrau pt-gross pb-gross produkt\">\n  <div class=\"main-container\">\n          <div class=\"content-container\">\n                  <h2 class=\"d3\">Autres versions<\/h2>\n        \n              <\/div>\n    \n        <div class=\"swiper-mobile\">\n            <div class=\"teaser-row swiper-wrapper\">\n        \n                        <div class=\"swiper-slide\">\n                    <a class=\"teaser\" href=\"https:\/\/lume.ch\/fr\/installations-daspiration\/accessoires\/convoyeurs-a-vis-sans-fin\/\" target=\"_self\">\n            \n              <div class=\"bild\"><img decoding=\"async\" width=\"400\" height=\"273\" data-src=\"https:\/\/lume.ch\/wp-content\/uploads\/2023\/11\/Foerderschnecke-Freigestellt-400x273.png\" class=\"attachment-medium size-medium lazyload\" alt=\"\" data-srcset=\"https:\/\/lume.ch\/wp-content\/uploads\/2023\/11\/Foerderschnecke-Freigestellt-400x273.png 400w, https:\/\/lume.ch\/wp-content\/uploads\/2023\/11\/Foerderschnecke-Freigestellt.png 600w\" data-sizes=\"(max-width: 400px) 100vw, 400px\" src=\"data:image\/svg+xml;base64,PHN2ZyB3aWR0aD0iMSIgaGVpZ2h0PSIxIiB4bWxucz0iaHR0cDovL3d3dy53My5vcmcvMjAwMC9zdmciPjwvc3ZnPg==\" style=\"--smush-placeholder-width: 400px; --smush-placeholder-aspect-ratio: 400\/273;\" \/><span class=\"overlay\"><\/span><\/div>\n              \n                              <div class=\"kategorie\">Accessoires<\/div>\n              \n              <div class=\"inner\">\n                                                      <h3 class=\"d5\">Convoyeurs \u00e0 vis sans fin<\/h3>\n                                  \n                                  <div class=\"teaser-inhalt\">Transport horizontal et inclin\u00e9 de la poussi\u00e8re<\/div>\n                              <\/div>\n\n                            <div class=\"teaser-cta transition\"><\/div>\n          <\/a>\n                        <\/div>\n      \n                      <div class=\"swiper-slide\">\n                    <a class=\"teaser\" href=\"https:\/\/lume.ch\/fr\/installations-daspiration\/accessoires\/volets-pendulaires\/\" target=\"_self\">\n            \n              <div class=\"bild\"><img decoding=\"async\" width=\"400\" height=\"273\" data-src=\"https:\/\/lume.ch\/wp-content\/uploads\/2023\/11\/Pendelkplappe-e1713948853657-400x273.jpg\" class=\"attachment-medium size-medium lazyload\" alt=\"\" data-srcset=\"https:\/\/lume.ch\/wp-content\/uploads\/2023\/11\/Pendelkplappe-e1713948853657-400x273.jpg 400w, https:\/\/lume.ch\/wp-content\/uploads\/2023\/11\/Pendelkplappe-e1713948853657.jpg 590w\" data-sizes=\"(max-width: 400px) 100vw, 400px\" src=\"data:image\/svg+xml;base64,PHN2ZyB3aWR0aD0iMSIgaGVpZ2h0PSIxIiB4bWxucz0iaHR0cDovL3d3dy53My5vcmcvMjAwMC9zdmciPjwvc3ZnPg==\" style=\"--smush-placeholder-width: 400px; --smush-placeholder-aspect-ratio: 400\/273;\" \/><span class=\"overlay\"><\/span><\/div>\n              \n                              <div class=\"kategorie\">Accessoires<\/div>\n              \n              <div class=\"inner\">\n                                                      <h3 class=\"d5\">Volets pendulaires<\/h3>\n                                  \n                                  <div class=\"teaser-inhalt\">\u00c9vacuation de la poussi\u00e8re<\/div>\n                              <\/div>\n\n                            <div class=\"teaser-cta transition\"><\/div>\n          <\/a>\n                        <\/div>\n      \n                      <div class=\"swiper-slide\">\n                    <a class=\"teaser\" href=\"https:\/\/lume.ch\/fr\/installations-daspiration\/accessoires\/systemes-de-tuyaux\/\" target=\"_self\">\n            \n              <div class=\"bild\"><img decoding=\"async\" width=\"400\" height=\"284\" data-src=\"https:\/\/lume.ch\/wp-content\/uploads\/2023\/11\/Rohrsysteme-e1724849161587-400x284.jpg\" class=\"attachment-medium size-medium lazyload\" alt=\"\" data-srcset=\"https:\/\/lume.ch\/wp-content\/uploads\/2023\/11\/Rohrsysteme-e1724849161587-400x284.jpg 400w, https:\/\/lume.ch\/wp-content\/uploads\/2023\/11\/Rohrsysteme-e1724849161587.jpg 688w\" data-sizes=\"(max-width: 400px) 100vw, 400px\" src=\"data:image\/svg+xml;base64,PHN2ZyB3aWR0aD0iMSIgaGVpZ2h0PSIxIiB4bWxucz0iaHR0cDovL3d3dy53My5vcmcvMjAwMC9zdmciPjwvc3ZnPg==\" style=\"--smush-placeholder-width: 400px; --smush-placeholder-aspect-ratio: 400\/284;\" \/><span class=\"overlay\"><\/span><\/div>\n              \n                              <div class=\"kategorie\">Accessoires<\/div>\n              \n              <div class=\"inner\">\n                                                      <h3 class=\"d5\">Syst\u00e8mes de tuyaux<\/h3>\n                                  \n                                  <div class=\"teaser-inhalt\">Conception et r\u00e9alisation de syst\u00e8mes de tuyauterie complets<\/div>\n                              <\/div>\n\n                            <div class=\"teaser-cta transition\"><\/div>\n          <\/a>\n                        <\/div>\n      \n                      <div class=\"swiper-slide\">\n                    <a class=\"teaser\" href=\"https:\/\/lume.ch\/fr\/installations-daspiration\/pieces-de-rechange-et-accessoires\/surveillance-de-la-poussiere\/\" target=\"_self\">\n            \n              <div class=\"bild\"><img decoding=\"async\" width=\"400\" height=\"286\" data-src=\"https:\/\/lume.ch\/wp-content\/uploads\/2024\/04\/Staubueberwachung-1-400x286.jpg\" class=\"attachment-medium size-medium lazyload\" alt=\"\" data-srcset=\"https:\/\/lume.ch\/wp-content\/uploads\/2024\/04\/Staubueberwachung-1-400x286.jpg 400w, https:\/\/lume.ch\/wp-content\/uploads\/2024\/04\/Staubueberwachung-1.jpg 700w\" data-sizes=\"(max-width: 400px) 100vw, 400px\" src=\"data:image\/svg+xml;base64,PHN2ZyB3aWR0aD0iMSIgaGVpZ2h0PSIxIiB4bWxucz0iaHR0cDovL3d3dy53My5vcmcvMjAwMC9zdmciPjwvc3ZnPg==\" style=\"--smush-placeholder-width: 400px; --smush-placeholder-aspect-ratio: 400\/286;\" \/><span class=\"overlay\"><\/span><\/div>\n              \n                              <div class=\"kategorie\">Accessoires<\/div>\n              \n              <div class=\"inner\">\n                                                      <h3 class=\"d5\">Surveillance de la poussi\u00e8re<\/h3>\n                                  \n                                  <div class=\"teaser-inhalt\">S\u00fbr avec contr\u00f4le de la poussi\u00e8re<\/div>\n                              <\/div>\n\n                            <div class=\"teaser-cta transition\"><\/div>\n          <\/a>\n                        <\/div>\n      \n                      <div class=\"swiper-slide\">\n                    <a class=\"teaser\" href=\"https:\/\/lume.ch\/fr\/installations-daspiration\/pieces-de-rechange-et-accessoires\/ventilateurs\/\" target=\"_self\">\n            \n              <div class=\"bild\"><img decoding=\"async\" width=\"400\" height=\"358\" data-src=\"https:\/\/lume.ch\/wp-content\/uploads\/2023\/11\/Ventilator-400x358.png\" class=\"attachment-medium size-medium lazyload\" alt=\"\" data-srcset=\"https:\/\/lume.ch\/wp-content\/uploads\/2023\/11\/Ventilator-400x358.png 400w, https:\/\/lume.ch\/wp-content\/uploads\/2023\/11\/Ventilator.png 478w\" data-sizes=\"(max-width: 400px) 100vw, 400px\" src=\"data:image\/svg+xml;base64,PHN2ZyB3aWR0aD0iMSIgaGVpZ2h0PSIxIiB4bWxucz0iaHR0cDovL3d3dy53My5vcmcvMjAwMC9zdmciPjwvc3ZnPg==\" style=\"--smush-placeholder-width: 400px; --smush-placeholder-aspect-ratio: 400\/358;\" \/><span class=\"overlay\"><\/span><\/div>\n              \n                              <div class=\"kategorie\">Accessoires<\/div>\n              \n              <div class=\"inner\">\n                                                      <h3 class=\"d5\">Ventilateurs<\/h3>\n                                  \n                                  <div class=\"teaser-inhalt\">Pour un climat de travail agr\u00e9able<\/div>\n                              <\/div>\n\n                            <div class=\"teaser-cta transition\"><\/div>\n          <\/a>\n                        <\/div>\n      \n                      <div class=\"swiper-slide\">\n                    <a class=\"teaser\" href=\"https:\/\/lume.ch\/fr\/installations-daspiration\/pieces-de-rechange-et-accessoires\/ecluse-rotative-pour-cellules\/\" target=\"_self\">\n            \n              <div class=\"bild\"><img decoding=\"async\" width=\"400\" height=\"344\" data-src=\"https:\/\/lume.ch\/wp-content\/uploads\/2023\/11\/Zellenradschleuse-Freigestellt-400x344.png\" class=\"attachment-medium size-medium lazyload\" alt=\"\" data-srcset=\"https:\/\/lume.ch\/wp-content\/uploads\/2023\/11\/Zellenradschleuse-Freigestellt-400x344.png 400w, https:\/\/lume.ch\/wp-content\/uploads\/2023\/11\/Zellenradschleuse-Freigestellt.png 501w\" data-sizes=\"(max-width: 400px) 100vw, 400px\" src=\"data:image\/svg+xml;base64,PHN2ZyB3aWR0aD0iMSIgaGVpZ2h0PSIxIiB4bWxucz0iaHR0cDovL3d3dy53My5vcmcvMjAwMC9zdmciPjwvc3ZnPg==\" style=\"--smush-placeholder-width: 400px; --smush-placeholder-aspect-ratio: 400\/344;\" \/><span class=\"overlay\"><\/span><\/div>\n              \n                              <div class=\"kategorie\">Accessoires<\/div>\n              \n              <div class=\"inner\">\n                                                      <h3 class=\"d5\">\u00c9cluse rotative pour cellules<\/h3>\n                                  \n                                  <div class=\"teaser-inhalt\">\u00c9vacuation continue de la poussi\u00e8re<\/div>\n                              <\/div>\n\n                            <div class=\"teaser-cta transition\"><\/div>\n          <\/a>\n                        <\/div>\n      \n                <\/div><!-- \/.swiper-wrapper -->\n    <div class=\"swiper-pagination\"><\/div>\n    <\/div>\n  <\/div>\n<\/div>\n\n<div  class=\"block block-personen bg-dunkelgrau pt-mittel pb-mittel\">\n    <div class=\"main-container\">\n\n        <h2 class=\"d3\">VOS INTERLOCUTEURS<\/h2>\n    \n    \n\n           \n            <p>Vous avez besoin d&rsquo;un conseil ou vous avez un projet ?<\/p>\n\n<div class=\"person mt-klein mb-50\">\n\n    <div class=\"person-bild\">\n                <div class=\"person-bild-inner\">\n            <img decoding=\"async\" width=\"890\" height=\"660\" data-src=\"https:\/\/lume.ch\/wp-content\/uploads\/2023\/11\/Schweri-Astrid1_Kundendienst_231004_1358-890x660.jpg\" class=\"attachment-person size-person wp-post-image lazyload\" alt=\"LM AG Industriestahlbau Absauganlagen Marcel Zehnder Gregor Staubli Gesch\u00e4ftsleitung\" src=\"data:image\/svg+xml;base64,PHN2ZyB3aWR0aD0iMSIgaGVpZ2h0PSIxIiB4bWxucz0iaHR0cDovL3d3dy53My5vcmcvMjAwMC9zdmciPjwvc3ZnPg==\" style=\"--smush-placeholder-width: 890px; --smush-placeholder-aspect-ratio: 890\/660;\" \/>        <\/div>\n            <\/div>\n\n    <div class=\"person-inhalt\">\n                <h3 class=\"d4 color-orange\">Astrid Schweri<\/h3>\n                \n                  <p class=\"d6 mb-0 base-font-size\"><strong>Apr\u00e8s-vente<\/strong><\/p>\n        \n        \n        <div class=\"links standard-link\">\n                          <p><a href=\"mailto:astrid.schweri@lume.ch\"><span class=\"mail\"><\/span> astrid.schweri@lume.ch<\/a><\/p>\n            \n                          <p><a href=\"tel:+41565520836\"><span class=\"tel\"><\/span> +41 56 552 08 36<\/a><\/p>\n            \n                          <p><a href=\"https:\/\/www.linkedin.com\/in\/astrid-schweri-482432222\/\" target=\"_blank\" rel=\"nofollow noopener\"><span class=\"linkedin\"><\/span> Profil LinkedIn<\/a><\/p>\n                    <\/div>\n    <\/div>\n<\/div>\n\n  \n<div class=\"person mt-klein mb-50\">\n\n    <div class=\"person-bild\">\n                <div class=\"person-bild-inner\">\n            <img decoding=\"async\" width=\"890\" height=\"660\" data-src=\"https:\/\/lume.ch\/wp-content\/uploads\/2023\/11\/Shipman-Roy_F_DSC06646-890x660.png\" class=\"attachment-person size-person wp-post-image lazyload\" alt=\"LM AG Industriestahlbau Absauganlagen\" src=\"data:image\/svg+xml;base64,PHN2ZyB3aWR0aD0iMSIgaGVpZ2h0PSIxIiB4bWxucz0iaHR0cDovL3d3dy53My5vcmcvMjAwMC9zdmciPjwvc3ZnPg==\" style=\"--smush-placeholder-width: 890px; --smush-placeholder-aspect-ratio: 890\/660;\" \/>        <\/div>\n            <\/div>\n\n    <div class=\"person-inhalt\">\n                <h3 class=\"d4 color-orange\">Roy Shipman<\/h3>\n                \n                  <p class=\"d6 mb-0 base-font-size\"><strong>Vente<\/strong><\/p>\n        \n                  <p>Vendeur r\u00e9gional | Chef de projet<\/p>\n        \n        <div class=\"links standard-link\">\n                          <p><a href=\"mailto:roy.shipman@lume.ch\"><span class=\"mail\"><\/span> roy.shipman@lume.ch<\/a><\/p>\n            \n                          <p><a href=\"tel:+41765564096\"><span class=\"tel\"><\/span> +41 76 556 40 96<\/a><\/p>\n            \n                    <\/div>\n    <\/div>\n<\/div>\n\n  \n<div class=\"person mt-klein mb-50\">\n\n    <div class=\"person-bild\">\n                <div class=\"person-bild-inner\">\n            <img decoding=\"async\" width=\"890\" height=\"660\" data-src=\"https:\/\/lume.ch\/wp-content\/uploads\/2025\/04\/Pascal-Buehler-890x660.jpg\" class=\"attachment-person size-person wp-post-image lazyload\" alt=\"LM AG LM AG Industriestahlbau Absauganlagen Pascal B\u00fchler\" src=\"data:image\/svg+xml;base64,PHN2ZyB3aWR0aD0iMSIgaGVpZ2h0PSIxIiB4bWxucz0iaHR0cDovL3d3dy53My5vcmcvMjAwMC9zdmciPjwvc3ZnPg==\" style=\"--smush-placeholder-width: 890px; --smush-placeholder-aspect-ratio: 890\/660;\" \/>        <\/div>\n            <\/div>\n\n    <div class=\"person-inhalt\">\n                <h3 class=\"d4 color-orange\">Pascal B\u00fchler<\/h3>\n                \n                  <p class=\"d6 mb-0 base-font-size\"><strong>Vente<\/strong><\/p>\n        \n                  <p>Vendeur t\u00e9chnique<\/p>\n        \n        <div class=\"links standard-link\">\n                          <p><a href=\"mailto:pascal.buehler@lume.ch\"><span class=\"mail\"><\/span> pascal.buehler@lume.ch<\/a><\/p>\n            \n                          <p><a href=\"tel:+41565520867\"><span class=\"tel\"><\/span> +41 56 552 08 67<\/a><\/p>\n            \n                          <p><a href=\"https:\/\/www.linkedin.com\/in\/pascal-b%C3%BChler-0087b8172\/\" target=\"_blank\" rel=\"nofollow noopener\"><span class=\"linkedin\"><\/span> Profil LinkedIn<\/a><\/p>\n                    <\/div>\n    <\/div>\n<\/div>\n\n  \n            \n    <\/div>\n<\/div>","protected":false},"excerpt":{"rendered":"","protected":false},"author":5,"featured_media":0,"parent":16962,"menu_order":0,"comment_status":"closed","ping_status":"closed","template":"tpl-front-page.php","meta":{"_acf_changed":false,"footnotes":""},"class_list":["post-17146","page","type-page","status-publish","hentry"],"acf":[],"_links":{"self":[{"href":"https:\/\/lume.ch\/fr\/wp-json\/wp\/v2\/pages\/17146","targetHints":{"allow":["GET"]}}],"collection":[{"href":"https:\/\/lume.ch\/fr\/wp-json\/wp\/v2\/pages"}],"about":[{"href":"https:\/\/lume.ch\/fr\/wp-json\/wp\/v2\/types\/page"}],"author":[{"embeddable":true,"href":"https:\/\/lume.ch\/fr\/wp-json\/wp\/v2\/users\/5"}],"replies":[{"embeddable":true,"href":"https:\/\/lume.ch\/fr\/wp-json\/wp\/v2\/comments?post=17146"}],"version-history":[{"count":2,"href":"https:\/\/lume.ch\/fr\/wp-json\/wp\/v2\/pages\/17146\/revisions"}],"predecessor-version":[{"id":17389,"href":"https:\/\/lume.ch\/fr\/wp-json\/wp\/v2\/pages\/17146\/revisions\/17389"}],"up":[{"embeddable":true,"href":"https:\/\/lume.ch\/fr\/wp-json\/wp\/v2\/pages\/16962"}],"wp:attachment":[{"href":"https:\/\/lume.ch\/fr\/wp-json\/wp\/v2\/media?parent=17146"}],"curies":[{"name":"wp","href":"https:\/\/api.w.org\/{rel}","templated":true}]}}