{"id":17094,"date":"2025-12-08T13:56:49","date_gmt":"2025-12-08T12:56:49","guid":{"rendered":"https:\/\/lume.ch\/construction-metallique-industrielle\/secteurs-dactivite\/"},"modified":"2026-03-27T08:48:49","modified_gmt":"2026-03-27T07:48:49","slug":"secteurs-dactivite","status":"publish","type":"page","link":"https:\/\/lume.ch\/fr\/construction-metallique-industrielle\/secteurs-dactivite\/","title":{"rendered":"Secteurs d&rsquo;activit\u00e9"},"content":{"rendered":"\n<div  class=\"block block-lead main-container pb-gross\">\n    <div class=\"content-container lead-font-size\">\n        Les exigences sp\u00e9cifiques appellent des solutions rapides, individuelles et astucieuses. L&rsquo;\u00e9coute active permet d&rsquo;enregistrer les souhaits, les besoins et les exigences des clients. Nos conseils bas\u00e9s sur notre savoir-faire, notre longue exp\u00e9rience et nos affinit\u00e9s avec le secteur aident \u00e0 \u00e9laborer une solution sur mesure tout en respectant les co\u00fbts et le calendrier. Que ce soit pour la construction m\u00e9tallique industrielle ou pour une installation d&rsquo;aspiration et de filtrage.    <\/div>\n<\/div>\n<div id=\"branches\" class=\"block block-teaser bg-dunkelgrau pt-gross pb-gross\">\n    <div class=\"main-container\">\n                <div class=\"content-container\">\n                            <h2 class=\"d3\">Solutions sectorielles<\/h2>\n            \n                            <div class=\"lead pb-mittel\"><p>Les services de L+M sont demand\u00e9s dans de nombreux secteurs, y compris le v\u00f4tre !<\/p>\n<\/div>\n                    <\/div>\n        \n                <div class=\"button-row\">\n                    <a class=\"btn btn-icon btn-arrow\" href=\"https:\/\/lume.ch\/branchen\/energie-umwelt\/\" target=\"_self\">\n                <div class=\"inner\">\n                    <img decoding=\"async\" width=\"100\" height=\"100\" data-src=\"https:\/\/lume.ch\/wp-content\/uploads\/2023\/11\/branche-energie-umwelt.svg\" class=\"attachment-full size-full lazyload\" alt=\"\" src=\"data:image\/svg+xml;base64,PHN2ZyB3aWR0aD0iMSIgaGVpZ2h0PSIxIiB4bWxucz0iaHR0cDovL3d3dy53My5vcmcvMjAwMC9zdmciPjwvc3ZnPg==\" style=\"--smush-placeholder-width: 100px; --smush-placeholder-aspect-ratio: 100\/100;\" \/>\n                                        <span>\u00c9nergie + Environnement<\/span>\n                                    <\/div>\n            <\/a> \n                    <a class=\"btn btn-icon btn-arrow\" href=\"https:\/\/lume.ch\/absauganlagen-filteranlagen\/branchen\/maschinen-und-anlagenbau\/\" target=\"_self\">\n                <div class=\"inner\">\n                    <img decoding=\"async\" width=\"100\" height=\"100\" data-src=\"https:\/\/lume.ch\/wp-content\/uploads\/2023\/11\/branche-maschinen-anlagebau.svg\" class=\"attachment-full size-full lazyload\" alt=\"\" src=\"data:image\/svg+xml;base64,PHN2ZyB3aWR0aD0iMSIgaGVpZ2h0PSIxIiB4bWxucz0iaHR0cDovL3d3dy53My5vcmcvMjAwMC9zdmciPjwvc3ZnPg==\" style=\"--smush-placeholder-width: 100px; --smush-placeholder-aspect-ratio: 100\/100;\" \/>\n                                        <span>Construction de machines et d&rsquo;installations<\/span>\n                                    <\/div>\n            <\/a> \n                    <a class=\"btn btn-icon btn-arrow\" href=\"https:\/\/lume.ch\/absauganlagen-filteranlagen\/branchen\/steine-erden\/\" target=\"_self\">\n                <div class=\"inner\">\n                    <img decoding=\"async\" width=\"100\" height=\"100\" data-src=\"https:\/\/lume.ch\/wp-content\/uploads\/2023\/11\/branche-steine-erden.svg\" class=\"attachment-full size-full lazyload\" alt=\"\" src=\"data:image\/svg+xml;base64,PHN2ZyB3aWR0aD0iMSIgaGVpZ2h0PSIxIiB4bWxucz0iaHR0cDovL3d3dy53My5vcmcvMjAwMC9zdmciPjwvc3ZnPg==\" style=\"--smush-placeholder-width: 100px; --smush-placeholder-aspect-ratio: 100\/100;\" \/>\n                                        <span>Pierres + terre<\/span>\n                                    <\/div>\n            <\/a> \n                <\/div>\n        \n        \n            <\/div>\n<\/div>\n<div  class=\"block block-teaser bg-hellgrau pt-mittel orange-medium\">\n  <div class=\"main-container\">\n    \n        <div class=\"teaser-row\">\n      \n                          <a class=\"teaser\" href=\"https:\/\/lume.ch\/absauganlagen-filteranlagen\/absauganlagen-filteranlagen\/\" target=\"_self\">\n            \n              \n                              <div class=\"uebertitel\">Des solutions intelligentes<\/div>\n              \n              \n              <div class=\"inner\">\n                                                      <h2 class=\"d5\">Installations d&rsquo;aspiration<\/h2>\n                                  \n                                  <div class=\"teaser-inhalt\">Syst\u00e8mes d&rsquo;aspiration et de filtration pour un air propre dans l&rsquo;industrie<\/div>\n                              <\/div>\n\n                            <div class=\"teaser-cta transition\">Installations d&#039;aspiration<\/div>\n          <\/a>\n                  \n                        <a class=\"teaser\" href=\"https:\/\/lume.ch\/industriestahlbau\/\" target=\"_self\">\n            \n              \n                              <div class=\"uebertitel\">Des solutions intelligentes<\/div>\n              \n              \n              <div class=\"inner\">\n                                                      <h2 class=\"d5\">Construction m\u00e9tallique industrielle<\/h2>\n                                  \n                                  <div class=\"teaser-inhalt\">D\u00e9veloppement et fabrication de constructions sp\u00e9ciales<\/div>\n                              <\/div>\n\n                            <div class=\"teaser-cta transition\">Construction m\u00e9tallique industrielle<\/div>\n          <\/a>\n                  \n              <\/div>\n  <\/div>\n<\/div>\n\n<div  class=\"block block-personen bg-dunkelgrau pt-mittel pb-mittel\">\n    <div class=\"main-container\">\n\n        <h2 class=\"d3\">Vos contacts<\/h2>\n    \n    \n\n           \n            <p>Vous avez besoin d&rsquo;un conseil ou vous avez un projet ?<\/p>\n\n<div class=\"person mt-klein mb-50\">\n\n    <div class=\"person-bild\">\n                <div class=\"person-bild-inner\">\n            <img decoding=\"async\" width=\"890\" height=\"660\" data-src=\"https:\/\/lume.ch\/wp-content\/uploads\/2023\/09\/Staubli-Gregor5_DSC06531-890x660.jpg\" class=\"attachment-person size-person wp-post-image lazyload\" alt=\"LM AG Industriestahlbau Absauganlagen Gregor Staubli\" src=\"data:image\/svg+xml;base64,PHN2ZyB3aWR0aD0iMSIgaGVpZ2h0PSIxIiB4bWxucz0iaHR0cDovL3d3dy53My5vcmcvMjAwMC9zdmciPjwvc3ZnPg==\" style=\"--smush-placeholder-width: 890px; --smush-placeholder-aspect-ratio: 890\/660;\" \/>        <\/div>\n            <\/div>\n\n    <div class=\"person-inhalt\">\n                <h3 class=\"d4 color-orange\">Gregor Staubli<\/h3>\n                \n                  <p class=\"d6 mb-0 base-font-size\"><strong>Vente | Direction<\/strong><\/p>\n        \n                  <p>Directeur des ventes | Membre de la direction<\/p>\n        \n        <div class=\"links standard-link\">\n                          <p><a href=\"mailto:gregor.staubli@lume.ch\"><span class=\"mail\"><\/span> gregor.staubli@lume.ch<\/a><\/p>\n            \n                          <p><a href=\"tel:+41763631229\"><span class=\"tel\"><\/span> +41 76 363 12 29<\/a><\/p>\n            \n                          <p><a href=\"https:\/\/www.linkedin.com\/in\/gregor-staubli-12b17052\/\" target=\"_blank\" rel=\"nofollow noopener\"><span class=\"linkedin\"><\/span> Profil LinkedIn<\/a><\/p>\n                    <\/div>\n    <\/div>\n<\/div>\n\n  \n    <\/div>\n<\/div>","protected":false},"excerpt":{"rendered":"","protected":false},"author":1,"featured_media":0,"parent":13940,"menu_order":0,"comment_status":"closed","ping_status":"closed","template":"","meta":{"_acf_changed":false,"footnotes":""},"class_list":["post-17094","page","type-page","status-publish","hentry"],"acf":[],"_links":{"self":[{"href":"https:\/\/lume.ch\/fr\/wp-json\/wp\/v2\/pages\/17094","targetHints":{"allow":["GET"]}}],"collection":[{"href":"https:\/\/lume.ch\/fr\/wp-json\/wp\/v2\/pages"}],"about":[{"href":"https:\/\/lume.ch\/fr\/wp-json\/wp\/v2\/types\/page"}],"author":[{"embeddable":true,"href":"https:\/\/lume.ch\/fr\/wp-json\/wp\/v2\/users\/1"}],"replies":[{"embeddable":true,"href":"https:\/\/lume.ch\/fr\/wp-json\/wp\/v2\/comments?post=17094"}],"version-history":[{"count":2,"href":"https:\/\/lume.ch\/fr\/wp-json\/wp\/v2\/pages\/17094\/revisions"}],"predecessor-version":[{"id":17100,"href":"https:\/\/lume.ch\/fr\/wp-json\/wp\/v2\/pages\/17094\/revisions\/17100"}],"up":[{"embeddable":true,"href":"https:\/\/lume.ch\/fr\/wp-json\/wp\/v2\/pages\/13940"}],"wp:attachment":[{"href":"https:\/\/lume.ch\/fr\/wp-json\/wp\/v2\/media?parent=17094"}],"curies":[{"name":"wp","href":"https:\/\/api.w.org\/{rel}","templated":true}]}}