{"id":16986,"date":"2026-03-17T16:35:47","date_gmt":"2026-03-17T15:35:47","guid":{"rendered":"https:\/\/lume.ch\/installations-daspiration\/pre-separateur\/preseparateur-detincelles\/"},"modified":"2026-04-12T14:26:30","modified_gmt":"2026-04-12T12:26:30","slug":"preseparateur-detincelles","status":"publish","type":"page","link":"https:\/\/lume.ch\/fr\/installations-daspiration\/pre-separateur\/preseparateur-detincelles\/","title":{"rendered":"Pr\u00e9s\u00e9parateur d&rsquo;\u00e9tincelles"},"content":{"rendered":"\n<div  class=\"block block-header  header-text\">\n\n            <div class=\"main-container container-padding-top pb-mittel has-breadcrumb\"> \n          \n            <div class=\"content-container\">\n            \n                \n                                <h1 class=\"d1 color-orange\">Pr\u00e9-s\u00e9parateur d&rsquo;\u00e9tincelles pour une s\u00e9curit\u00e9 maximale<\/h1>\n                 \n                                <div class=\"lead-font-size\"><p>Les pr\u00e9-s\u00e9parateurs d&rsquo;\u00e9tincelles sont utilis\u00e9s, entre autres, dans l&rsquo;usinage des m\u00e9taux pour prot\u00e9ger les installations d&rsquo;aspiration ou de d\u00e9poussi\u00e9rage des \u00e9tincelles incandescentes et, par cons\u00e9quent, des incendies. Procurez-vous la s\u00e9curit\u00e9 d&rsquo;un pr\u00e9-s\u00e9parateur d&rsquo;\u00e9tincelles de L+M AG pour prot\u00e9ger les personnes et les machines. <\/p>\n<\/div>\n                            <\/div>\n        <\/div>\n    <\/div>\n<div  class=\"block block-image bg-weiss pb-mittel hochformat\">\n    <div class=\"main-container\">\n        <div class=\"image-container\">\n            <img decoding=\"async\" width=\"494\" height=\"1024\" data-src=\"https:\/\/lume.ch\/wp-content\/uploads\/2026\/03\/lm-ag-funkenvorabscheider-an-lm-absauganlage.jpg\" class=\"attachment-large size-large lazyload\" alt=\"Le pr\u00e9-s\u00e9parateur d&#039;\u00e9tincelles, qui fait partie int\u00e9grante du syst\u00e8me d&#039;extraction, s\u00e9pare efficacement les \u00e9tincelles avant leur entr\u00e9e dans l&#039;installation.\" data-srcset=\"https:\/\/lume.ch\/wp-content\/uploads\/2026\/03\/lm-ag-funkenvorabscheider-an-lm-absauganlage.jpg 1116w, https:\/\/lume.ch\/wp-content\/uploads\/2026\/03\/lm-ag-funkenvorabscheider-an-lm-absauganlage-193x400.jpg 193w\" data-sizes=\"(max-width: 494px) 100vw, 494px\" src=\"data:image\/svg+xml;base64,PHN2ZyB3aWR0aD0iMSIgaGVpZ2h0PSIxIiB4bWxucz0iaHR0cDovL3d3dy53My5vcmcvMjAwMC9zdmciPjwvc3ZnPg==\" style=\"--smush-placeholder-width: 494px; --smush-placeholder-aspect-ratio: 494\/1024;\" \/>        <\/div>\n    \n                <div class=\"caption small-font-size\">Le pr\u00e9-s\u00e9parateur d&rsquo;\u00e9tincelles, qui fait partie int\u00e9grante du syst\u00e8me d&rsquo;extraction, s\u00e9pare efficacement les \u00e9tincelles avant leur entr\u00e9e dans l&rsquo;installation.<\/div>\n            <\/div>\n<\/div>\n<div  class=\"block block-content bg-weiss pb-mittel\">\n    <div class=\"main-container\">\n        <div class=\"content-container\">\n\n            \n\n    <h2 class=\"d3\">Pr\u00e9s\u00e9parateur d&rsquo;\u00e9tincelles<\/h2>\n\n    <p>Les processus d&rsquo;usinage dans l&rsquo;industrie m\u00e9tallurgique, tels que le meulage, le polissage, le brossage, le tron\u00e7onnage et la d\u00e9coupe au plasma de l&rsquo;acier, produisent des \u00e9tincelles qui peuvent \u00eatre transmises par le syst\u00e8me de tuyauterie \u00e0 l&rsquo;installation d&rsquo;aspiration et y provoquer un incendie. Un pr\u00e9-s\u00e9parateur d&rsquo;\u00e9tincelles permet de rem\u00e9dier \u00e0 cette situation et d&rsquo;\u00e9viter un incendie de filtre. <\/p>\n<div id=\"attachment_16987\" style=\"width: 392px\" class=\"wp-caption alignleft\"><img decoding=\"async\" aria-describedby=\"caption-attachment-16987\" class=\"wp-image-16740 lazyload\" data-src=\"https:\/\/lume.ch\/wp-content\/uploads\/2026\/03\/funkenvorabscheider-mit-wasserlabyrinth.jpg\" alt=\"Pr\u00e9s\u00e9parateur d'\u00e9tincelles avec labyrinthe d'eau, id\u00e9al pour les voies d'air courtes.\" width=\"382\" height=\"508\" data-srcset=\"https:\/\/lume.ch\/wp-content\/uploads\/2026\/03\/funkenvorabscheider-mit-wasserlabyrinth.jpg 464w, https:\/\/lume.ch\/wp-content\/uploads\/2026\/03\/funkenvorabscheider-mit-wasserlabyrinth-301x400.jpg 301w\" data-sizes=\"(max-width: 382px) 100vw, 382px\" src=\"data:image\/svg+xml;base64,PHN2ZyB3aWR0aD0iMSIgaGVpZ2h0PSIxIiB4bWxucz0iaHR0cDovL3d3dy53My5vcmcvMjAwMC9zdmciPjwvc3ZnPg==\" style=\"--smush-placeholder-width: 382px; --smush-placeholder-aspect-ratio: 382\/508;\" \/><p id=\"caption-attachment-16987\" class=\"wp-caption-text\">Pr\u00e9s\u00e9parateur d&rsquo;\u00e9tincelles avec labyrinthe d&rsquo;eau, id\u00e9al pour les voies d&rsquo;air courtes.<\/p><\/div>\n<h2>Un lieu de travail s\u00fbr<\/h2>\n<p>En utilisant un pr\u00e9-d\u00e9poussi\u00e9reur d&rsquo;\u00e9tincelles, vous prot\u00e9gez non seulement vos employ\u00e9s, mais aussi vos installations d&rsquo;aspiration et de filtration et tous les \u00e9quipements de votre entreprise. Gr\u00e2ce \u00e0 notre exp\u00e9rience et \u00e0 notre comp\u00e9tence dans l&rsquo;utilisation des pr\u00e9-filtres \u00e0 \u00e9tincelles, nous trouvons toujours une solution individuelle qui allie performance et fonctionnalit\u00e9. En toute s\u00e9curit\u00e9.  <\/p>\n\n    \n    \n\n        <\/div>\n    <\/div>\n<\/div>\n<div  class=\"block block-personen bg-dunkelgrau pt-mittel pb-mittel\">\n    <div class=\"main-container\">\n\n        <h2 class=\"d3\">Vos contacts<\/h2>\n    \n    \n\n           \n            <p>Vous avez besoin d&rsquo;un conseil ou vous avez un projet ?<\/p>\n\n<div class=\"person mt-klein mb-50\">\n\n    <div class=\"person-bild\">\n                <div class=\"person-bild-inner\">\n            <img decoding=\"async\" width=\"890\" height=\"660\" data-src=\"https:\/\/lume.ch\/wp-content\/uploads\/2023\/09\/Staubli-Gregor5_DSC06531-890x660.jpg\" class=\"attachment-person size-person wp-post-image lazyload\" alt=\"LM AG Industriestahlbau Absauganlagen Gregor Staubli\" src=\"data:image\/svg+xml;base64,PHN2ZyB3aWR0aD0iMSIgaGVpZ2h0PSIxIiB4bWxucz0iaHR0cDovL3d3dy53My5vcmcvMjAwMC9zdmciPjwvc3ZnPg==\" style=\"--smush-placeholder-width: 890px; --smush-placeholder-aspect-ratio: 890\/660;\" \/>        <\/div>\n            <\/div>\n\n    <div class=\"person-inhalt\">\n                <h3 class=\"d4 color-orange\">Gregor Staubli<\/h3>\n                \n                  <p class=\"d6 mb-0 base-font-size\"><strong>Vente | Direction<\/strong><\/p>\n        \n                  <p>Directeur des ventes | Membre de la direction<\/p>\n        \n        <div class=\"links standard-link\">\n                          <p><a href=\"mailto:gregor.staubli@lume.ch\"><span class=\"mail\"><\/span> gregor.staubli@lume.ch<\/a><\/p>\n            \n                          <p><a href=\"tel:+41763631229\"><span class=\"tel\"><\/span> +41 76 363 12 29<\/a><\/p>\n            \n                          <p><a href=\"https:\/\/www.linkedin.com\/in\/gregor-staubli-12b17052\/\" target=\"_blank\" rel=\"nofollow noopener\"><span class=\"linkedin\"><\/span> Profil LinkedIn<\/a><\/p>\n                    <\/div>\n    <\/div>\n<\/div>\n\n  \n<div class=\"person mt-klein mb-50\">\n\n    <div class=\"person-bild\">\n                <div class=\"person-bild-inner\">\n            <img decoding=\"async\" width=\"890\" height=\"660\" data-src=\"https:\/\/lume.ch\/wp-content\/uploads\/2023\/11\/Hany-Marc2_Projektleiter_DSC06547-890x660.jpg\" class=\"attachment-person size-person wp-post-image lazyload\" alt=\"LM AG Industriestahlbau Absauganlagen Marc Hany Projektleiter\" src=\"data:image\/svg+xml;base64,PHN2ZyB3aWR0aD0iMSIgaGVpZ2h0PSIxIiB4bWxucz0iaHR0cDovL3d3dy53My5vcmcvMjAwMC9zdmciPjwvc3ZnPg==\" style=\"--smush-placeholder-width: 890px; --smush-placeholder-aspect-ratio: 890\/660;\" \/>        <\/div>\n            <\/div>\n\n    <div class=\"person-inhalt\">\n                <h3 class=\"d4 color-orange\">Marc Hany<\/h3>\n                \n                  <p class=\"d6 mb-0 base-font-size\"><strong>Chef de projet<\/strong><\/p>\n        \n                  <p>Installations d&rsquo;aspiration<\/p>\n        \n        <div class=\"links standard-link\">\n                          <p><a href=\"mailto:marc.hany@lume.ch\"><span class=\"mail\"><\/span> marc.hany@lume.ch<\/a><\/p>\n            \n                          <p><a href=\"tel:+41562978047\"><span class=\"tel\"><\/span> +41 56 297 80 47<\/a><\/p>\n            \n                          <p><a href=\"https:\/\/www.linkedin.com\/in\/marc-hany-aa8aa81a1\/\" target=\"_blank\" rel=\"nofollow noopener\"><span class=\"linkedin\"><\/span> Profil LinkedIn<\/a><\/p>\n                    <\/div>\n    <\/div>\n<\/div>\n\n  \n<div class=\"person mt-klein mb-50\">\n\n    <div class=\"person-bild\">\n                <div class=\"person-bild-inner\">\n            <img decoding=\"async\" width=\"890\" height=\"660\" data-src=\"https:\/\/lume.ch\/wp-content\/uploads\/2023\/11\/Shipman-Roy_F_DSC06646-890x660.png\" class=\"attachment-person size-person wp-post-image lazyload\" alt=\"LM AG Industriestahlbau Absauganlagen\" src=\"data:image\/svg+xml;base64,PHN2ZyB3aWR0aD0iMSIgaGVpZ2h0PSIxIiB4bWxucz0iaHR0cDovL3d3dy53My5vcmcvMjAwMC9zdmciPjwvc3ZnPg==\" style=\"--smush-placeholder-width: 890px; --smush-placeholder-aspect-ratio: 890\/660;\" \/>        <\/div>\n            <\/div>\n\n    <div class=\"person-inhalt\">\n                <h3 class=\"d4 color-orange\">Roy Shipman<\/h3>\n                \n                  <p class=\"d6 mb-0 base-font-size\"><strong>Vente<\/strong><\/p>\n        \n                  <p>Vendeur r\u00e9gional | Chef de projet<\/p>\n        \n        <div class=\"links standard-link\">\n                          <p><a href=\"mailto:roy.shipman@lume.ch\"><span class=\"mail\"><\/span> roy.shipman@lume.ch<\/a><\/p>\n            \n                          <p><a href=\"tel:+41765564096\"><span class=\"tel\"><\/span> +41 76 556 40 96<\/a><\/p>\n            \n                    <\/div>\n    <\/div>\n<\/div>\n\n  \n<div class=\"person mt-klein mb-50\">\n\n    <div class=\"person-bild\">\n                <div class=\"person-bild-inner\">\n            <img decoding=\"async\" width=\"890\" height=\"660\" data-src=\"https:\/\/lume.ch\/wp-content\/uploads\/2025\/04\/Pascal-Buehler-890x660.jpg\" class=\"attachment-person size-person wp-post-image lazyload\" alt=\"LM AG LM AG Industriestahlbau Absauganlagen Pascal B\u00fchler\" src=\"data:image\/svg+xml;base64,PHN2ZyB3aWR0aD0iMSIgaGVpZ2h0PSIxIiB4bWxucz0iaHR0cDovL3d3dy53My5vcmcvMjAwMC9zdmciPjwvc3ZnPg==\" style=\"--smush-placeholder-width: 890px; --smush-placeholder-aspect-ratio: 890\/660;\" \/>        <\/div>\n            <\/div>\n\n    <div class=\"person-inhalt\">\n                <h3 class=\"d4 color-orange\">Pascal B\u00fchler<\/h3>\n                \n                  <p class=\"d6 mb-0 base-font-size\"><strong>Vente<\/strong><\/p>\n        \n                  <p>Vendeur t\u00e9chnique<\/p>\n        \n        <div class=\"links standard-link\">\n                          <p><a href=\"mailto:pascal.buehler@lume.ch\"><span class=\"mail\"><\/span> pascal.buehler@lume.ch<\/a><\/p>\n            \n                          <p><a href=\"tel:+41565520867\"><span class=\"tel\"><\/span> +41 56 552 08 67<\/a><\/p>\n            \n                          <p><a href=\"https:\/\/www.linkedin.com\/in\/pascal-b%C3%BChler-0087b8172\/\" target=\"_blank\" rel=\"nofollow noopener\"><span class=\"linkedin\"><\/span> Profil LinkedIn<\/a><\/p>\n                    <\/div>\n    <\/div>\n<\/div>\n\n  \n    <\/div>\n<\/div>\n<div  class=\"block block-teaser bg-weiss pt-gross pb-gross white-small\">\n  <div class=\"main-container\">\n    \n        <div class=\"teaser-row\">\n      \n                          <a class=\"teaser\" href=\"https:\/\/lume.ch\/fr\/prestations\/#ingenierie-construction\" target=\"_self\">\n            \n              \n              \n              \n              <div class=\"inner\">\n                                                      <h2 class=\"d5\">Conseil pour des solutions individuelles<\/h2>\n                                  \n                                  <div class=\"teaser-inhalt\">La qualit\u00e9 sur mesure et selon vos besoins.<\/div>\n                              <\/div>\n\n                            <div class=\"teaser-cta transition\">Ing\u00e9nierie + construction<\/div>\n          <\/a>\n                  \n                        <a class=\"teaser\" href=\"https:\/\/lume.ch\/fr\/prestations\/#gestion-de-projet\" target=\"_self\">\n            \n              \n              \n              \n              <div class=\"inner\">\n                                                      <h2 class=\"d5\">Un savoir-faire d&rsquo;\u00e9gal \u00e0 \u00e9gal<\/h2>\n                                  \n                                  <div class=\"teaser-inhalt\">Nous vous accompagnons de A \u00e0 Z. Du d\u00e9veloppement de la solution, de la planification, de la construction jusqu&rsquo;au montage sur place.<\/div>\n                              <\/div>\n\n                            <div class=\"teaser-cta transition\">Gestion de projet<\/div>\n          <\/a>\n                  \n                        <a class=\"teaser\" href=\"https:\/\/lume.ch\/fr\/prestations\/#gestion-de-la-qualite\" target=\"_self\">\n            \n              \n              \n              \n              <div class=\"inner\">\n                                                      <h2 class=\"d5\">Test, mesure + certification<\/h2>\n                                  \n                                  <div class=\"teaser-inhalt\">Nos produits sont fabriqu\u00e9s et purg\u00e9s selon les technologies et les normes les plus r\u00e9centes.<\/div>\n                              <\/div>\n\n                            <div class=\"teaser-cta transition\">  Gestion de la qualit\u00e9<\/div>\n          <\/a>\n                  \n              <\/div>\n  <\/div>\n<\/div>\n","protected":false},"excerpt":{"rendered":"","protected":false},"author":1,"featured_media":0,"parent":16974,"menu_order":0,"comment_status":"closed","ping_status":"closed","template":"tpl-front-page.php","meta":{"_acf_changed":false,"footnotes":""},"class_list":["post-16986","page","type-page","status-publish","hentry"],"acf":[],"_links":{"self":[{"href":"https:\/\/lume.ch\/fr\/wp-json\/wp\/v2\/pages\/16986","targetHints":{"allow":["GET"]}}],"collection":[{"href":"https:\/\/lume.ch\/fr\/wp-json\/wp\/v2\/pages"}],"about":[{"href":"https:\/\/lume.ch\/fr\/wp-json\/wp\/v2\/types\/page"}],"author":[{"embeddable":true,"href":"https:\/\/lume.ch\/fr\/wp-json\/wp\/v2\/users\/1"}],"replies":[{"embeddable":true,"href":"https:\/\/lume.ch\/fr\/wp-json\/wp\/v2\/comments?post=16986"}],"version-history":[{"count":2,"href":"https:\/\/lume.ch\/fr\/wp-json\/wp\/v2\/pages\/16986\/revisions"}],"predecessor-version":[{"id":17426,"href":"https:\/\/lume.ch\/fr\/wp-json\/wp\/v2\/pages\/16986\/revisions\/17426"}],"up":[{"embeddable":true,"href":"https:\/\/lume.ch\/fr\/wp-json\/wp\/v2\/pages\/16974"}],"wp:attachment":[{"href":"https:\/\/lume.ch\/fr\/wp-json\/wp\/v2\/media?parent=16986"}],"curies":[{"name":"wp","href":"https:\/\/api.w.org\/{rel}","templated":true}]}}