{"id":16974,"date":"2025-12-08T13:46:47","date_gmt":"2025-12-08T12:46:47","guid":{"rendered":"https:\/\/lume.ch\/installations-daspiration\/pre-separateur\/"},"modified":"2026-04-12T14:25:06","modified_gmt":"2026-04-12T12:25:06","slug":"pre-separateur","status":"publish","type":"page","link":"https:\/\/lume.ch\/fr\/installations-daspiration\/pre-separateur\/","title":{"rendered":"Pr\u00e9-s\u00e9parateur"},"content":{"rendered":"\n<div  class=\"block block-header  header-text\">\n\n            <div class=\"main-container container-padding-top pb-mittel has-breadcrumb\"> \n          \n            <div class=\"content-container\">\n            \n                \n                                <h1 class=\"d1 color-orange\">Pr\u00e9-s\u00e9parateur &#8211; mieux vaut s\u00e9parer les grosses particules avant<\/h1>\n                 \n                                <div class=\"lead-font-size\"><p>Afin d&rsquo;\u00e9viter que les particules grossi\u00e8res telles que les granul\u00e9s, les peluches \u00e0 fibres longues, les copeaux et les rognures ne p\u00e9n\u00e8trent directement dans le syst\u00e8me d&rsquo;aspiration et afin de m\u00e9nager les cartouches filtrantes, un pr\u00e9-s\u00e9parateur peut \u00eatre install\u00e9 en amont. Il agit comme un pr\u00e9filtre et s\u00e9pare les mat\u00e9riaux grossiers dans un collecteur. Chez L+M AG Absauganlagen, nous concevons et installons des pr\u00e9s\u00e9parateurs.  <\/p>\n<\/div>\n                            <\/div>\n        <\/div>\n    <\/div>\n\n\n<div  class=\"block block-image bg-weiss pb-mittel\">\n    <div class=\"main-container\">\n        <div class=\"image-container\">\n            <img decoding=\"async\" width=\"1024\" height=\"865\" data-src=\"https:\/\/lume.ch\/wp-content\/uploads\/2026\/03\/lm-ag-pre-separateur-cyclone-pre-separateur-ii.jpg\" class=\"attachment-large size-large lazyload\" alt=\"Pr\u00e9-s\u00e9parateurs cycloniques de L+M AG Syst\u00e8mes d&#039;aspiration\" data-srcset=\"https:\/\/lume.ch\/wp-content\/uploads\/2026\/03\/lm-ag-pre-separateur-cyclone-pre-separateur-ii.jpg 3478w, https:\/\/lume.ch\/wp-content\/uploads\/2026\/03\/lm-ag-pre-separateur-cyclone-pre-separateur-ii-400x338.jpg 400w\" data-sizes=\"(max-width: 1024px) 100vw, 1024px\" src=\"data:image\/svg+xml;base64,PHN2ZyB3aWR0aD0iMSIgaGVpZ2h0PSIxIiB4bWxucz0iaHR0cDovL3d3dy53My5vcmcvMjAwMC9zdmciPjwvc3ZnPg==\" style=\"--smush-placeholder-width: 1024px; --smush-placeholder-aspect-ratio: 1024\/865;\" \/>        <\/div>\n    \n                <div class=\"caption small-font-size\">Pr\u00e9-s\u00e9parateurs cycloniques de L+M AG Syst\u00e8mes d&rsquo;aspiration<\/div>\n            <\/div>\n<\/div>\n\n\n<div  class=\"block block-content bg-weiss pb-mittel\">\n    <div class=\"main-container\">\n        <div class=\"content-container\">\n\n            \n\n    <h2 class=\"d3\">Diff\u00e9rents principes de pr\u00e9s\u00e9paration<\/h2>\n\n    <p>Les pr\u00e9s\u00e9parateurs fonctionnent de diff\u00e9rentes mani\u00e8res. Il existe la pr\u00e9s\u00e9paration m\u00e9canique, la pr\u00e9s\u00e9paration par effet cyclonique ou la pr\u00e9s\u00e9paration avec un milieu de contact comme l&rsquo;eau. <\/p>\n<p>Une \u00e9tincelle peut provoquer un incendie de filtre, en particulier lors des processus de meulage, de d\u00e9coupe et de soudage. La s\u00e9curit\u00e9 est garantie par un pr\u00e9filtre appropri\u00e9. <\/p>\n<h3><\/h3>\n<h3>Diff\u00e9rents types de pr\u00e9-s\u00e9parateurs<\/h3>\n<ul>\n<li>Pr\u00e9-s\u00e9parateurs m\u00e9caniques (par exemple, pour les mat\u00e9riaux \u00e0 fibres longues)<\/li>\n<li>Pr\u00e9-s\u00e9parateur sec (par exemple, r\u00e9cup\u00e9ration de poudre s\u00e8che)<\/li>\n<li>Pr\u00e9-s\u00e9parateur d&rsquo;eau (\u00e9vite les \u00e9tincelles)<\/li>\n<li>pr\u00e9-s\u00e9parateur d&rsquo;\u00e9tincelles (emp\u00eache l&rsquo;incendie du filtre)<\/li>\n<\/ul>\n\n    \n    \n\n        <\/div>\n    <\/div>\n<\/div>\n\n\n<div  class=\"block block-image pb-mittel hochformat\">\n    <div class=\"main-container\">\n        <div class=\"image-container\">\n            <img decoding=\"async\" width=\"723\" height=\"1024\" data-src=\"https:\/\/lume.ch\/wp-content\/uploads\/2026\/03\/lm-ag-pre-separateur-mecanique-pre-separateur-pvc-rideau.jpg\" class=\"attachment-large size-large lazyload\" alt=\"Mesure peu co\u00fbteuse avec un pr\u00e9-s\u00e9parateur m\u00e9canique, comme par exemple l&#039;installation d&#039;un rideau en PVC.\" data-srcset=\"https:\/\/lume.ch\/wp-content\/uploads\/2026\/03\/lm-ag-pre-separateur-mecanique-pre-separateur-pvc-rideau.jpg 2878w, https:\/\/lume.ch\/wp-content\/uploads\/2026\/03\/lm-ag-pre-separateur-mecanique-pre-separateur-pvc-rideau-283x400.jpg 283w\" data-sizes=\"(max-width: 723px) 100vw, 723px\" src=\"data:image\/svg+xml;base64,PHN2ZyB3aWR0aD0iMSIgaGVpZ2h0PSIxIiB4bWxucz0iaHR0cDovL3d3dy53My5vcmcvMjAwMC9zdmciPjwvc3ZnPg==\" style=\"--smush-placeholder-width: 723px; --smush-placeholder-aspect-ratio: 723\/1024;\" \/>        <\/div>\n    \n                <div class=\"caption small-font-size\">Mesure peu co\u00fbteuse avec un pr\u00e9-s\u00e9parateur m\u00e9canique, comme par exemple l&rsquo;installation d&rsquo;un rideau en PVC.<\/div>\n            <\/div>\n<\/div>\n\n\n<div  class=\"block block-content bg-weiss pb-mittel\">\n    <div class=\"main-container\">\n        <div class=\"content-container\">\n\n            \n\n    <h2 class=\"d3\">Valeur ajout\u00e9e avec un pr\u00e9-s\u00e9parateur<\/h2>\n\n    <p>L&rsquo;utilisation d&rsquo;un pr\u00e9-s\u00e9parateur combine plusieurs avantages tels que :<\/p>\n<ul>\n<li>S\u00e9paration efficace des poussi\u00e8res avec un taux de s\u00e9paration tr\u00e8s \u00e9lev\u00e9<\/li>\n<li>Maintenir et garantir la performance de l&rsquo;installation d&rsquo;aspiration<\/li>\n<li>Solution adapt\u00e9e \u00e0 la s\u00e9paration des poussi\u00e8res probl\u00e9matiques moyennes et grossi\u00e8res<\/li>\n<li>Combinaison id\u00e9ale avec un syst\u00e8me d&rsquo;aspiration ou de d\u00e9poussi\u00e9rage<\/li>\n<li>Co\u00fbts d&rsquo;exploitation r\u00e9duits gr\u00e2ce \u00e0 la dur\u00e9e de vie accrue du syst\u00e8me de d\u00e9poussi\u00e9rage et \u00e0<br \/>\nCartouches ou manches filtrantes<\/li>\n<\/ul>\n\n    \n    \n\n        <\/div>\n    <\/div>\n<\/div>\n\n\n<div  class=\"block block-personen bg-dunkelgrau pt-mittel pb-mittel\">\n    <div class=\"main-container\">\n\n        <h2 class=\"d3\">Vos contacts<\/h2>\n    \n    \n\n           \n            <p>Vous avez besoin d&rsquo;un conseil ou vous avez un projet ?<\/p>\n\n<div class=\"person mt-klein mb-50\">\n\n    <div class=\"person-bild\">\n                <div class=\"person-bild-inner\">\n            <img decoding=\"async\" width=\"890\" height=\"660\" data-src=\"https:\/\/lume.ch\/wp-content\/uploads\/2023\/09\/Staubli-Gregor5_DSC06531-890x660.jpg\" class=\"attachment-person size-person wp-post-image lazyload\" alt=\"LM AG Industriestahlbau Absauganlagen Gregor Staubli\" src=\"data:image\/svg+xml;base64,PHN2ZyB3aWR0aD0iMSIgaGVpZ2h0PSIxIiB4bWxucz0iaHR0cDovL3d3dy53My5vcmcvMjAwMC9zdmciPjwvc3ZnPg==\" style=\"--smush-placeholder-width: 890px; --smush-placeholder-aspect-ratio: 890\/660;\" \/>        <\/div>\n            <\/div>\n\n    <div class=\"person-inhalt\">\n                <h3 class=\"d4 color-orange\">Gregor Staubli<\/h3>\n                \n                  <p class=\"d6 mb-0 base-font-size\"><strong>Vente | Direction<\/strong><\/p>\n        \n                  <p>Directeur des ventes | Membre de la direction<\/p>\n        \n        <div class=\"links standard-link\">\n                          <p><a href=\"mailto:gregor.staubli@lume.ch\"><span class=\"mail\"><\/span> gregor.staubli@lume.ch<\/a><\/p>\n            \n                          <p><a href=\"tel:+41763631229\"><span class=\"tel\"><\/span> +41 76 363 12 29<\/a><\/p>\n            \n                          <p><a href=\"https:\/\/www.linkedin.com\/in\/gregor-staubli-12b17052\/\" target=\"_blank\" rel=\"nofollow noopener\"><span class=\"linkedin\"><\/span> Profil LinkedIn<\/a><\/p>\n                    <\/div>\n    <\/div>\n<\/div>\n\n  \n<div class=\"person mt-klein mb-50\">\n\n    <div class=\"person-bild\">\n                <div class=\"person-bild-inner\">\n            <img decoding=\"async\" width=\"890\" height=\"660\" data-src=\"https:\/\/lume.ch\/wp-content\/uploads\/2023\/11\/Hany-Marc2_Projektleiter_DSC06547-890x660.jpg\" class=\"attachment-person size-person wp-post-image lazyload\" alt=\"LM AG Industriestahlbau Absauganlagen Marc Hany Projektleiter\" src=\"data:image\/svg+xml;base64,PHN2ZyB3aWR0aD0iMSIgaGVpZ2h0PSIxIiB4bWxucz0iaHR0cDovL3d3dy53My5vcmcvMjAwMC9zdmciPjwvc3ZnPg==\" style=\"--smush-placeholder-width: 890px; --smush-placeholder-aspect-ratio: 890\/660;\" \/>        <\/div>\n            <\/div>\n\n    <div class=\"person-inhalt\">\n                <h3 class=\"d4 color-orange\">Marc Hany<\/h3>\n                \n                  <p class=\"d6 mb-0 base-font-size\"><strong>Chef de projet<\/strong><\/p>\n        \n                  <p>Installations d&rsquo;aspiration<\/p>\n        \n        <div class=\"links standard-link\">\n                          <p><a href=\"mailto:marc.hany@lume.ch\"><span class=\"mail\"><\/span> marc.hany@lume.ch<\/a><\/p>\n            \n                          <p><a href=\"tel:+41562978047\"><span class=\"tel\"><\/span> +41 56 297 80 47<\/a><\/p>\n            \n                          <p><a href=\"https:\/\/www.linkedin.com\/in\/marc-hany-aa8aa81a1\/\" target=\"_blank\" rel=\"nofollow noopener\"><span class=\"linkedin\"><\/span> Profil LinkedIn<\/a><\/p>\n                    <\/div>\n    <\/div>\n<\/div>\n\n  \n<div class=\"person mt-klein mb-50\">\n\n    <div class=\"person-bild\">\n                <div class=\"person-bild-inner\">\n            <img decoding=\"async\" width=\"890\" height=\"660\" data-src=\"https:\/\/lume.ch\/wp-content\/uploads\/2023\/11\/Shipman-Roy_F_DSC06646-890x660.png\" class=\"attachment-person size-person wp-post-image lazyload\" alt=\"LM AG Industriestahlbau Absauganlagen\" src=\"data:image\/svg+xml;base64,PHN2ZyB3aWR0aD0iMSIgaGVpZ2h0PSIxIiB4bWxucz0iaHR0cDovL3d3dy53My5vcmcvMjAwMC9zdmciPjwvc3ZnPg==\" style=\"--smush-placeholder-width: 890px; --smush-placeholder-aspect-ratio: 890\/660;\" \/>        <\/div>\n            <\/div>\n\n    <div class=\"person-inhalt\">\n                <h3 class=\"d4 color-orange\">Roy Shipman<\/h3>\n                \n                  <p class=\"d6 mb-0 base-font-size\"><strong>Vente<\/strong><\/p>\n        \n                  <p>Vendeur r\u00e9gional | Chef de projet<\/p>\n        \n        <div class=\"links standard-link\">\n                          <p><a href=\"mailto:roy.shipman@lume.ch\"><span class=\"mail\"><\/span> roy.shipman@lume.ch<\/a><\/p>\n            \n                          <p><a href=\"tel:+41765564096\"><span class=\"tel\"><\/span> +41 76 556 40 96<\/a><\/p>\n            \n                    <\/div>\n    <\/div>\n<\/div>\n\n  \n<div class=\"person mt-klein mb-50\">\n\n    <div class=\"person-bild\">\n                <div class=\"person-bild-inner\">\n            <img decoding=\"async\" width=\"890\" height=\"660\" data-src=\"https:\/\/lume.ch\/wp-content\/uploads\/2025\/04\/Pascal-Buehler-890x660.jpg\" class=\"attachment-person size-person wp-post-image lazyload\" alt=\"LM AG LM AG Industriestahlbau Absauganlagen Pascal B\u00fchler\" src=\"data:image\/svg+xml;base64,PHN2ZyB3aWR0aD0iMSIgaGVpZ2h0PSIxIiB4bWxucz0iaHR0cDovL3d3dy53My5vcmcvMjAwMC9zdmciPjwvc3ZnPg==\" style=\"--smush-placeholder-width: 890px; --smush-placeholder-aspect-ratio: 890\/660;\" \/>        <\/div>\n            <\/div>\n\n    <div class=\"person-inhalt\">\n                <h3 class=\"d4 color-orange\">Pascal B\u00fchler<\/h3>\n                \n                  <p class=\"d6 mb-0 base-font-size\"><strong>Vente<\/strong><\/p>\n        \n                  <p>Vendeur t\u00e9chnique<\/p>\n        \n        <div class=\"links standard-link\">\n                          <p><a href=\"mailto:pascal.buehler@lume.ch\"><span class=\"mail\"><\/span> pascal.buehler@lume.ch<\/a><\/p>\n            \n                          <p><a href=\"tel:+41565520867\"><span class=\"tel\"><\/span> +41 56 552 08 67<\/a><\/p>\n            \n                          <p><a href=\"https:\/\/www.linkedin.com\/in\/pascal-b%C3%BChler-0087b8172\/\" target=\"_blank\" rel=\"nofollow noopener\"><span class=\"linkedin\"><\/span> Profil LinkedIn<\/a><\/p>\n                    <\/div>\n    <\/div>\n<\/div>\n\n  \n    <\/div>\n<\/div>\n\n\n<div  class=\"block block-teaser bg-weiss pt-gross pb-gross white-small\">\n  <div class=\"main-container\">\n    \n        <div class=\"teaser-row\">\n      \n                          <a class=\"teaser\" href=\"https:\/\/lume.ch\/fr\/prestations\/#ingenierie-construction\" target=\"_self\">\n            \n              \n              \n              \n              <div class=\"inner\">\n                                                      <h2 class=\"d5\">Conseil pour des solutions individuelles<\/h2>\n                                  \n                                  <div class=\"teaser-inhalt\">La qualit\u00e9 sur mesure et selon vos besoins.<\/div>\n                              <\/div>\n\n                            <div class=\"teaser-cta transition\">Ing\u00e9nierie + construction<\/div>\n          <\/a>\n                  \n                        <a class=\"teaser\" href=\"https:\/\/lume.ch\/fr\/prestations\/#gestion-de-projet\" target=\"_self\">\n            \n              \n              \n              \n              <div class=\"inner\">\n                                                      <h2 class=\"d5\">Un savoir-faire d&rsquo;\u00e9gal \u00e0 \u00e9gal<\/h2>\n                                  \n                                  <div class=\"teaser-inhalt\">Nous vous accompagnons de A \u00e0 Z. Du d\u00e9veloppement de la solution, de la planification, de la construction jusqu&rsquo;au montage sur place.<\/div>\n                              <\/div>\n\n                            <div class=\"teaser-cta transition\">Gestion de projet<\/div>\n          <\/a>\n                  \n                        <a class=\"teaser\" href=\"https:\/\/lume.ch\/fr\/prestations\/#gestion-de-la-qualite\" target=\"_self\">\n            \n              \n              \n              \n              <div class=\"inner\">\n                                                      <h2 class=\"d5\">Test, mesure + certification<\/h2>\n                                  \n                                  <div class=\"teaser-inhalt\">Nos produits sont fabriqu\u00e9s et purg\u00e9s selon les technologies et les normes les plus r\u00e9centes.<\/div>\n                              <\/div>\n\n                            <div class=\"teaser-cta transition\">  Gestion de la qualit\u00e9<\/div>\n          <\/a>\n                  \n              <\/div>\n  <\/div>\n<\/div>\n","protected":false},"excerpt":{"rendered":"","protected":false},"author":1,"featured_media":0,"parent":13868,"menu_order":0,"comment_status":"closed","ping_status":"closed","template":"tpl-front-page.php","meta":{"_acf_changed":false,"footnotes":""},"class_list":["post-16974","page","type-page","status-publish","hentry"],"acf":[],"_links":{"self":[{"href":"https:\/\/lume.ch\/fr\/wp-json\/wp\/v2\/pages\/16974","targetHints":{"allow":["GET"]}}],"collection":[{"href":"https:\/\/lume.ch\/fr\/wp-json\/wp\/v2\/pages"}],"about":[{"href":"https:\/\/lume.ch\/fr\/wp-json\/wp\/v2\/types\/page"}],"author":[{"embeddable":true,"href":"https:\/\/lume.ch\/fr\/wp-json\/wp\/v2\/users\/1"}],"replies":[{"embeddable":true,"href":"https:\/\/lume.ch\/fr\/wp-json\/wp\/v2\/comments?post=16974"}],"version-history":[{"count":3,"href":"https:\/\/lume.ch\/fr\/wp-json\/wp\/v2\/pages\/16974\/revisions"}],"predecessor-version":[{"id":17424,"href":"https:\/\/lume.ch\/fr\/wp-json\/wp\/v2\/pages\/16974\/revisions\/17424"}],"up":[{"embeddable":true,"href":"https:\/\/lume.ch\/fr\/wp-json\/wp\/v2\/pages\/13868"}],"wp:attachment":[{"href":"https:\/\/lume.ch\/fr\/wp-json\/wp\/v2\/media?parent=16974"}],"curies":[{"name":"wp","href":"https:\/\/api.w.org\/{rel}","templated":true}]}}