{"id":16970,"date":"2025-12-08T13:46:05","date_gmt":"2025-12-08T12:46:05","guid":{"rendered":"https:\/\/lume.ch\/installations-daspiration\/installation-de-precoating\/"},"modified":"2026-04-12T14:19:57","modified_gmt":"2026-04-12T12:19:57","slug":"installation-de-precoating","status":"publish","type":"page","link":"https:\/\/lume.ch\/fr\/installations-daspiration\/installation-de-precoating\/","title":{"rendered":"Installation de pr\u00e9coating"},"content":{"rendered":"\n<div  class=\"block block-header  header-text\">\n\n            <div class=\"main-container container-padding-top pb-mittel has-breadcrumb\"> \n          \n            <div class=\"content-container\">\n            \n                \n                                <h1 class=\"d1 color-orange\">UN SYST\u00c8ME DE PR\u00c9-COATING POUR UNE PLUS LONGUE DUR\u00c9E DE VIE DES FILTRES<\/h1>\n                 \n                                <div class=\"lead-font-size\"><p>Chez L+M AG Absauganlagen, nous nous y connaissons \u00e9galement en installations de pr\u00e9-enduction. Ils sont utilis\u00e9s pour les applications critiques afin d&rsquo;am\u00e9liorer la dur\u00e9e de vie des \u00e9l\u00e9ments filtrants. <\/p>\n<\/div>\n                            <\/div>\n        <\/div>\n    <\/div>\n<div  class=\"block block-image bg-weiss pb-mittel hochformat\">\n    <div class=\"main-container\">\n        <div class=\"image-container\">\n            <img decoding=\"async\" width=\"433\" height=\"577\" data-src=\"https:\/\/lume.ch\/wp-content\/uploads\/2026\/03\/lm-ag-ersatzteile-und-zubehoer-precoatieranlage-prc-200.png\" class=\"attachment-large size-large lazyload\" alt=\"L+M AG Machine de pr\u00e9coatage PRC-200\" data-srcset=\"https:\/\/lume.ch\/wp-content\/uploads\/2026\/03\/lm-ag-ersatzteile-und-zubehoer-precoatieranlage-prc-200.png 433w, https:\/\/lume.ch\/wp-content\/uploads\/2026\/03\/lm-ag-ersatzteile-und-zubehoer-precoatieranlage-prc-200-300x400.png 300w\" data-sizes=\"(max-width: 433px) 100vw, 433px\" src=\"data:image\/svg+xml;base64,PHN2ZyB3aWR0aD0iMSIgaGVpZ2h0PSIxIiB4bWxucz0iaHR0cDovL3d3dy53My5vcmcvMjAwMC9zdmciPjwvc3ZnPg==\" style=\"--smush-placeholder-width: 433px; --smush-placeholder-aspect-ratio: 433\/577;\" \/>        <\/div>\n    \n                <div class=\"caption small-font-size\">L+M AG Machine de pr\u00e9coatage PRC-200<\/div>\n            <\/div>\n<\/div>\n<div  class=\"block block-content bg-weiss pb-mittel\">\n    <div class=\"main-container\">\n        <div class=\"content-container\">\n\n            \n\n    <h2 class=\"d3\">Installations de pr\u00e9coatage comme protection contre l&rsquo;incendie<\/h2>\n\n    <p>Des additifs sp\u00e9ciaux peuvent \u00eatre utilis\u00e9s pour r\u00e9duire l&rsquo;inflammabilit\u00e9 des poussi\u00e8res combustibles (par exemple, dans la m\u00e9tallurgie) lors de la pr\u00e9-couche.<\/p>\n<h2>Pr\u00e9-coating pour une plus longue dur\u00e9e de vie du filtre<\/h2>\n<p>En particulier lors de l&rsquo;aspiration d&rsquo;\u00e9missions de poussi\u00e8res, telles que les fum\u00e9es de soudure, les r\u00e9sines, les cartouches filtrantes sont tr\u00e8s rapidement satur\u00e9es, c&rsquo;est-\u00e0-dire que le mat\u00e9riau filtrant se bouche en peu de temps.<br \/>\nL&rsquo;installation de pr\u00e9-coating recouvre les cartouches filtrantes d&rsquo;un adjuvant de filtration. Le processus est appel\u00e9 pr\u00e9-coating (le rev\u00eatement est appliqu\u00e9 avant la filtration). <\/p>\n<p>L&rsquo;agent de pr\u00e9-enduction est dos\u00e9 de mani\u00e8re appropri\u00e9e afin d&rsquo;obtenir une couche uniforme pour une protection optimale des cartouches filtrantes.<\/p>\n\n    \n    \n\n        <\/div>\n    <\/div>\n<\/div>\n<div  class=\"block block-image bg-weiss pb-mittel\">\n    <div class=\"main-container\">\n        <div class=\"image-container\">\n            <img decoding=\"async\" width=\"996\" height=\"1024\" data-src=\"https:\/\/lume.ch\/wp-content\/uploads\/2026\/03\/lm-ag-precoatieranlagen-filterhilfsmittel-auf-filterpatronen.jpg\" class=\"attachment-large size-large lazyload\" alt=\"Les cartouches filtrantes sont recouvertes d&#039;un adjuvant de filtration.\" data-srcset=\"https:\/\/lume.ch\/wp-content\/uploads\/2026\/03\/lm-ag-precoatieranlagen-filterhilfsmittel-auf-filterpatronen.jpg 2903w, https:\/\/lume.ch\/wp-content\/uploads\/2026\/03\/lm-ag-precoatieranlagen-filterhilfsmittel-auf-filterpatronen-389x400.jpg 389w\" data-sizes=\"(max-width: 996px) 100vw, 996px\" src=\"data:image\/svg+xml;base64,PHN2ZyB3aWR0aD0iMSIgaGVpZ2h0PSIxIiB4bWxucz0iaHR0cDovL3d3dy53My5vcmcvMjAwMC9zdmciPjwvc3ZnPg==\" style=\"--smush-placeholder-width: 996px; --smush-placeholder-aspect-ratio: 996\/1024;\" \/>        <\/div>\n    \n                <div class=\"caption small-font-size\">Cartouches filtrantes embu\u00e9es avec un adjuvant de filtration<\/div>\n            <\/div>\n<\/div>\n<div  class=\"block block-content bg-weiss pb-mittel\">\n    <div class=\"main-container\">\n        <div class=\"content-container\">\n\n            \n\n    <h2 class=\"d3\">Processus de nettoyage des installations de pr\u00e9-enduction<\/h2>\n\n    <p>Le processus de nettoyage a lieu apr\u00e8s chaque cycle de filtration. Gr\u00e2ce aux impulsions d&rsquo;air comprim\u00e9, les fines poussi\u00e8res tombent dans le bac \u00e0 poussi\u00e8re de l&rsquo;installation. En ajoutant \u00e0 nouveau l&rsquo;agent de pr\u00e9-enduction, une nouvelle couche est form\u00e9e sur le m\u00e9dia filtrant. Pour garantir l&rsquo;efficacit\u00e9 de la filtration, ce processus doit \u00eatre r\u00e9p\u00e9t\u00e9 \u00e0 intervalles r\u00e9guliers, ce qui prolonge consid\u00e9rablement le fonctionnement et la dur\u00e9e de vie des cartouches filtrantes, m\u00eame en pr\u00e9sence de grandes quantit\u00e9s de poussi\u00e8res ou de poussi\u00e8res humides et collantes.   <\/p>\n<h2>Applications de pr\u00e9-enduction<\/h2>\n<p>La pr\u00e9-cotisation des cartouches filtrantes est adapt\u00e9e \u00e0 l&rsquo;aspiration, entre autres, de :<\/p>\n<ul>\n<li>Fum\u00e9es de brasage ou de soudage<\/li>\n<li>Brouillard de peinture<\/li>\n<li>Poussi\u00e8res explosives, notamment la poussi\u00e8re de graphite, la poussi\u00e8re de farine, la poudre de ma\u00efs<\/li>\n<\/ul>\n\n    \n    \n\n        <\/div>\n    <\/div>\n<\/div>\n<div  class=\"block block-image pb-mittel hochformat\">\n    <div class=\"main-container\">\n        <div class=\"image-container\">\n            <img decoding=\"async\" width=\"592\" height=\"1024\" data-src=\"https:\/\/lume.ch\/wp-content\/uploads\/2026\/03\/lm-ag-ersatzteile-und-zubehoer-precoatieranlage-an-absauganlage.jpg\" class=\"attachment-large size-large lazyload\" alt=\"Installation d&#039;aspiration de L+M AG avec installation de pr\u00e9coatage\" data-srcset=\"https:\/\/lume.ch\/wp-content\/uploads\/2026\/03\/lm-ag-ersatzteile-und-zubehoer-precoatieranlage-an-absauganlage.jpg 849w, https:\/\/lume.ch\/wp-content\/uploads\/2026\/03\/lm-ag-ersatzteile-und-zubehoer-precoatieranlage-an-absauganlage-231x400.jpg 231w\" data-sizes=\"(max-width: 592px) 100vw, 592px\" src=\"data:image\/svg+xml;base64,PHN2ZyB3aWR0aD0iMSIgaGVpZ2h0PSIxIiB4bWxucz0iaHR0cDovL3d3dy53My5vcmcvMjAwMC9zdmciPjwvc3ZnPg==\" style=\"--smush-placeholder-width: 592px; --smush-placeholder-aspect-ratio: 592\/1024;\" \/>        <\/div>\n    \n                <div class=\"caption small-font-size\">Installation d&rsquo;aspiration de L+M AG avec installation de pr\u00e9coatage<\/div>\n            <\/div>\n<\/div>\n<div  class=\"block block-personen bg-dunkelgrau pt-mittel pb-mittel\">\n    <div class=\"main-container\">\n\n        <h2 class=\"d3\">Vos contacts<\/h2>\n    \n    \n\n           \n            <p>Vous avez besoin d&rsquo;un conseil ou vous avez un projet ?<\/p>\n\n<div class=\"person mt-klein mb-50\">\n\n    <div class=\"person-bild\">\n                <div class=\"person-bild-inner\">\n            <img decoding=\"async\" width=\"890\" height=\"660\" data-src=\"https:\/\/lume.ch\/wp-content\/uploads\/2023\/09\/Staubli-Gregor5_DSC06531-890x660.jpg\" class=\"attachment-person size-person wp-post-image lazyload\" alt=\"LM AG Industriestahlbau Absauganlagen Gregor Staubli\" src=\"data:image\/svg+xml;base64,PHN2ZyB3aWR0aD0iMSIgaGVpZ2h0PSIxIiB4bWxucz0iaHR0cDovL3d3dy53My5vcmcvMjAwMC9zdmciPjwvc3ZnPg==\" style=\"--smush-placeholder-width: 890px; --smush-placeholder-aspect-ratio: 890\/660;\" \/>        <\/div>\n            <\/div>\n\n    <div class=\"person-inhalt\">\n                <h3 class=\"d4 color-orange\">Gregor Staubli<\/h3>\n                \n                  <p class=\"d6 mb-0 base-font-size\"><strong>Vente | Direction<\/strong><\/p>\n        \n                  <p>Directeur des ventes | Membre de la direction<\/p>\n        \n        <div class=\"links standard-link\">\n                          <p><a href=\"mailto:gregor.staubli@lume.ch\"><span class=\"mail\"><\/span> gregor.staubli@lume.ch<\/a><\/p>\n            \n                          <p><a href=\"tel:+41763631229\"><span class=\"tel\"><\/span> +41 76 363 12 29<\/a><\/p>\n            \n                          <p><a href=\"https:\/\/www.linkedin.com\/in\/gregor-staubli-12b17052\/\" target=\"_blank\" rel=\"nofollow noopener\"><span class=\"linkedin\"><\/span> Profil LinkedIn<\/a><\/p>\n                    <\/div>\n    <\/div>\n<\/div>\n\n  \n<div class=\"person mt-klein mb-50\">\n\n    <div class=\"person-bild\">\n                <div class=\"person-bild-inner\">\n            <img decoding=\"async\" width=\"890\" height=\"660\" data-src=\"https:\/\/lume.ch\/wp-content\/uploads\/2023\/11\/Hany-Marc2_Projektleiter_DSC06547-890x660.jpg\" class=\"attachment-person size-person wp-post-image lazyload\" alt=\"LM AG Industriestahlbau Absauganlagen Marc Hany Projektleiter\" src=\"data:image\/svg+xml;base64,PHN2ZyB3aWR0aD0iMSIgaGVpZ2h0PSIxIiB4bWxucz0iaHR0cDovL3d3dy53My5vcmcvMjAwMC9zdmciPjwvc3ZnPg==\" style=\"--smush-placeholder-width: 890px; --smush-placeholder-aspect-ratio: 890\/660;\" \/>        <\/div>\n            <\/div>\n\n    <div class=\"person-inhalt\">\n                <h3 class=\"d4 color-orange\">Marc Hany<\/h3>\n                \n                  <p class=\"d6 mb-0 base-font-size\"><strong>Chef de projet<\/strong><\/p>\n        \n                  <p>Installations d&rsquo;aspiration<\/p>\n        \n        <div class=\"links standard-link\">\n                          <p><a href=\"mailto:marc.hany@lume.ch\"><span class=\"mail\"><\/span> marc.hany@lume.ch<\/a><\/p>\n            \n                          <p><a href=\"tel:+41562978047\"><span class=\"tel\"><\/span> +41 56 297 80 47<\/a><\/p>\n            \n                          <p><a href=\"https:\/\/www.linkedin.com\/in\/marc-hany-aa8aa81a1\/\" target=\"_blank\" rel=\"nofollow noopener\"><span class=\"linkedin\"><\/span> Profil LinkedIn<\/a><\/p>\n                    <\/div>\n    <\/div>\n<\/div>\n\n  \n<div class=\"person mt-klein mb-50\">\n\n    <div class=\"person-bild\">\n                <div class=\"person-bild-inner\">\n            <img decoding=\"async\" width=\"890\" height=\"660\" data-src=\"https:\/\/lume.ch\/wp-content\/uploads\/2023\/11\/Shipman-Roy_F_DSC06646-890x660.png\" class=\"attachment-person size-person wp-post-image lazyload\" alt=\"LM AG Industriestahlbau Absauganlagen\" src=\"data:image\/svg+xml;base64,PHN2ZyB3aWR0aD0iMSIgaGVpZ2h0PSIxIiB4bWxucz0iaHR0cDovL3d3dy53My5vcmcvMjAwMC9zdmciPjwvc3ZnPg==\" style=\"--smush-placeholder-width: 890px; --smush-placeholder-aspect-ratio: 890\/660;\" \/>        <\/div>\n            <\/div>\n\n    <div class=\"person-inhalt\">\n                <h3 class=\"d4 color-orange\">Roy Shipman<\/h3>\n                \n                  <p class=\"d6 mb-0 base-font-size\"><strong>Vente<\/strong><\/p>\n        \n                  <p>Vendeur r\u00e9gional | Chef de projet<\/p>\n        \n        <div class=\"links standard-link\">\n                          <p><a href=\"mailto:roy.shipman@lume.ch\"><span class=\"mail\"><\/span> roy.shipman@lume.ch<\/a><\/p>\n            \n                          <p><a href=\"tel:+41765564096\"><span class=\"tel\"><\/span> +41 76 556 40 96<\/a><\/p>\n            \n                    <\/div>\n    <\/div>\n<\/div>\n\n  \n<div class=\"person mt-klein mb-50\">\n\n    <div class=\"person-bild\">\n                <div class=\"person-bild-inner\">\n            <img decoding=\"async\" width=\"890\" height=\"660\" data-src=\"https:\/\/lume.ch\/wp-content\/uploads\/2025\/04\/Pascal-Buehler-890x660.jpg\" class=\"attachment-person size-person wp-post-image lazyload\" alt=\"LM AG LM AG Industriestahlbau Absauganlagen Pascal B\u00fchler\" src=\"data:image\/svg+xml;base64,PHN2ZyB3aWR0aD0iMSIgaGVpZ2h0PSIxIiB4bWxucz0iaHR0cDovL3d3dy53My5vcmcvMjAwMC9zdmciPjwvc3ZnPg==\" style=\"--smush-placeholder-width: 890px; --smush-placeholder-aspect-ratio: 890\/660;\" \/>        <\/div>\n            <\/div>\n\n    <div class=\"person-inhalt\">\n                <h3 class=\"d4 color-orange\">Pascal B\u00fchler<\/h3>\n                \n                  <p class=\"d6 mb-0 base-font-size\"><strong>Vente<\/strong><\/p>\n        \n                  <p>Vendeur t\u00e9chnique<\/p>\n        \n        <div class=\"links standard-link\">\n                          <p><a href=\"mailto:pascal.buehler@lume.ch\"><span class=\"mail\"><\/span> pascal.buehler@lume.ch<\/a><\/p>\n            \n                          <p><a href=\"tel:+41565520867\"><span class=\"tel\"><\/span> +41 56 552 08 67<\/a><\/p>\n            \n                          <p><a href=\"https:\/\/www.linkedin.com\/in\/pascal-b%C3%BChler-0087b8172\/\" target=\"_blank\" rel=\"nofollow noopener\"><span class=\"linkedin\"><\/span> Profil LinkedIn<\/a><\/p>\n                    <\/div>\n    <\/div>\n<\/div>\n\n  \n    <\/div>\n<\/div>\n<div  class=\"block block-teaser bg-weiss pt-gross pb-gross white-small\">\n  <div class=\"main-container\">\n    \n        <div class=\"teaser-row\">\n      \n                          <a class=\"teaser\" href=\"https:\/\/lume.ch\/fr\/prestations\/#ingenierie-construction\" target=\"_self\">\n            \n              \n              \n              \n              <div class=\"inner\">\n                                                      <h2 class=\"d5\">Conseil pour des solutions individuelles<\/h2>\n                                  \n                                  <div class=\"teaser-inhalt\">La qualit\u00e9 sur mesure et selon vos besoins.<\/div>\n                              <\/div>\n\n                            <div class=\"teaser-cta transition\">Ing\u00e9nierie + construction<\/div>\n          <\/a>\n                  \n                        <a class=\"teaser\" href=\"https:\/\/lume.ch\/fr\/prestations\/#gestion-de-projet\" target=\"_self\">\n            \n              \n              \n              \n              <div class=\"inner\">\n                                                      <h2 class=\"d5\">Un savoir-faire d&rsquo;\u00e9gal \u00e0 \u00e9gal<\/h2>\n                                  \n                                  <div class=\"teaser-inhalt\">Nous vous accompagnons de A \u00e0 Z. Du d\u00e9veloppement de la solution, de la planification, de la construction jusqu&rsquo;au montage sur place.<\/div>\n                              <\/div>\n\n                            <div class=\"teaser-cta transition\">Gestion de projet<\/div>\n          <\/a>\n                  \n                        <a class=\"teaser\" href=\"https:\/\/lume.ch\/fr\/prestations\/#gestion-de-la-qualite\" target=\"_self\">\n            \n              \n              \n              \n              <div class=\"inner\">\n                                                      <h2 class=\"d5\">Test, mesure + certification<\/h2>\n                                  \n                                  <div class=\"teaser-inhalt\">Nos produits sont fabriqu\u00e9s et purg\u00e9s selon les technologies et les normes les plus r\u00e9centes.<\/div>\n                              <\/div>\n\n                            <div class=\"teaser-cta transition\">  Gestion de la qualit\u00e9<\/div>\n          <\/a>\n                  \n              <\/div>\n  <\/div>\n<\/div>\n","protected":false},"excerpt":{"rendered":"","protected":false},"author":1,"featured_media":0,"parent":13868,"menu_order":0,"comment_status":"closed","ping_status":"closed","template":"tpl-front-page.php","meta":{"_acf_changed":false,"footnotes":""},"class_list":["post-16970","page","type-page","status-publish","hentry"],"acf":[],"_links":{"self":[{"href":"https:\/\/lume.ch\/fr\/wp-json\/wp\/v2\/pages\/16970","targetHints":{"allow":["GET"]}}],"collection":[{"href":"https:\/\/lume.ch\/fr\/wp-json\/wp\/v2\/pages"}],"about":[{"href":"https:\/\/lume.ch\/fr\/wp-json\/wp\/v2\/types\/page"}],"author":[{"embeddable":true,"href":"https:\/\/lume.ch\/fr\/wp-json\/wp\/v2\/users\/1"}],"replies":[{"embeddable":true,"href":"https:\/\/lume.ch\/fr\/wp-json\/wp\/v2\/comments?post=16970"}],"version-history":[{"count":2,"href":"https:\/\/lume.ch\/fr\/wp-json\/wp\/v2\/pages\/16970\/revisions"}],"predecessor-version":[{"id":17421,"href":"https:\/\/lume.ch\/fr\/wp-json\/wp\/v2\/pages\/16970\/revisions\/17421"}],"up":[{"embeddable":true,"href":"https:\/\/lume.ch\/fr\/wp-json\/wp\/v2\/pages\/13868"}],"wp:attachment":[{"href":"https:\/\/lume.ch\/fr\/wp-json\/wp\/v2\/media?parent=16970"}],"curies":[{"name":"wp","href":"https:\/\/api.w.org\/{rel}","templated":true}]}}