{"id":16958,"date":"2025-12-08T11:56:08","date_gmt":"2025-12-08T10:56:08","guid":{"rendered":"https:\/\/lume.ch\/installations-daspiration\/durabilite\/efficacite-energetique\/"},"modified":"2026-04-12T10:56:12","modified_gmt":"2026-04-12T08:56:12","slug":"efficacite-energetique","status":"publish","type":"page","link":"https:\/\/lume.ch\/fr\/installations-daspiration\/durabilite\/efficacite-energetique\/","title":{"rendered":"Efficacit\u00e9 \u00e9nerg\u00e9tique"},"content":{"rendered":"\n<div  class=\"block block-header  header-text\">\n\n            <div class=\"main-container container-padding-top pb-mittel has-breadcrumb\"> \n          \n            <div class=\"content-container\">\n            \n                \n                                <h1 class=\"d1 color-orange\">EFFICACIT\u00c9 \u00c9NERG\u00c9TIQUE DES SYST\u00c8MES D&rsquo;ASPIRATION ET DE FILTRATION<\/h1>\n                 \n                                <div class=\"lead-font-size\"><p>D\u00e8s la planification et la conception d&rsquo;une nouvelle installation d&rsquo;aspiration et de d\u00e9poussi\u00e9rage de L+M AG Absauganlagen, une meilleure efficacit\u00e9 \u00e9nerg\u00e9tique est atteinte gr\u00e2ce \u00e0 l&rsquo;utilisation de composants individuels innovants. En effet, des co\u00fbts d&rsquo;exploitation et d&rsquo;entretien bas sont plus importants que jamais d&rsquo;un point de vue \u00e9conomique. <\/p>\n<\/div>\n                            <\/div>\n        <\/div>\n    <\/div>\n\n\n<div  class=\"block block-image bg-weiss pb-mittel hochformat\">\n    <div class=\"main-container\">\n        <div class=\"image-container\">\n            <img decoding=\"async\" width=\"682\" height=\"1024\" data-src=\"https:\/\/lume.ch\/wp-content\/uploads\/2026\/03\/lm-ag-energieeffizienz-absauganlage-variocell.jpg\" class=\"attachment-large size-large lazyload\" alt=\"Syst\u00e8me d&#039;aspiration L+M optimis\u00e9 pour les pertes de charge, VarioCell derni\u00e8re g\u00e9n\u00e9ration\" data-srcset=\"https:\/\/lume.ch\/wp-content\/uploads\/2026\/03\/lm-ag-energieeffizienz-absauganlage-variocell.jpg 1152w, https:\/\/lume.ch\/wp-content\/uploads\/2026\/03\/lm-ag-energieeffizienz-absauganlage-variocell-267x400.jpg 267w\" data-sizes=\"(max-width: 682px) 100vw, 682px\" src=\"data:image\/svg+xml;base64,PHN2ZyB3aWR0aD0iMSIgaGVpZ2h0PSIxIiB4bWxucz0iaHR0cDovL3d3dy53My5vcmcvMjAwMC9zdmciPjwvc3ZnPg==\" style=\"--smush-placeholder-width: 682px; --smush-placeholder-aspect-ratio: 682\/1024;\" \/>        <\/div>\n    \n                <div class=\"caption small-font-size\">Syst\u00e8me d&rsquo;aspiration L+M optimis\u00e9 pour les pertes de charge : VarioCell de derni\u00e8re g\u00e9n\u00e9ration.<\/div>\n            <\/div>\n<\/div>\n\n\n<div  class=\"block block-content bg-weiss pb-mittel\">\n    <div class=\"main-container\">\n        <div class=\"content-container\">\n\n            \n\n    <h2 class=\"d3\">EFFICACIT\u00c9 \u00c9NERG\u00c9TIQUE ET R\u00c9DUCTION DES CO\u00dbTS<\/h2>\n\n    <p>La pratique montre que de nombreuses installations d&rsquo;aspiration et de filtration ne r\u00e9pondent pas aux exigences en mati\u00e8re d&rsquo;efficacit\u00e9 \u00e9nerg\u00e9tique et de performance d&rsquo;aspiration. Et surtout, les installations d&rsquo;aspiration et de d\u00e9poussi\u00e9rage de construction ancienne augmentent inutilement les co\u00fbts \u00e9nerg\u00e9tiques.Les installations d&rsquo;aspiration de L+M AG sont \u00e9quip\u00e9es des composants technologiques les plus r\u00e9cents et contribuent ainsi \u00e0 minimiser les co\u00fbts d&rsquo;\u00e9lectricit\u00e9.<\/p>\n<h3>Les syst\u00e8mes d&rsquo;aspiration L+M sont \u00e9nerg\u00e9tiquement performants :<\/h3>\n<ul>\n<li>Conception de l&rsquo;installation optimis\u00e9e en termes de perte de pression<\/li>\n<li>Variateur de fr\u00e9quence avec contr\u00f4le automatique de la d\u00e9pression<\/li>\n<li>Ventilateurs puissants pour une puissance d&rsquo;aspiration maximale<\/li>\n<li>Derni\u00e8re technologie de moteur, IE3 \u00e0 IE4 \u00e0 haut rendement<\/li>\n<li>Conduite optimale des tuyaux pour une faible perte de pression<\/li>\n<li>Cartouches et manches filtrantes d&rsquo;origine \u00e0 haute efficacit\u00e9 de filtration<\/li>\n<li>Commandes avec d\u00e9colmatage \u00e0 pression diff\u00e9rentielle<\/li>\n<\/ul>\n\n    \n    \n\n        <\/div>\n    <\/div>\n<\/div>\n\n\n<div  class=\"block block-content bg-weiss pb-mittel\">\n    <div class=\"main-container\">\n        <div class=\"content-container\">\n\n            \n\n\n    <h3>Fonctionnement du d\u00e9colmatage des s\u00e9parateurs \u00e0 sec<\/h3>\n<p>Pour le d\u00e9poussi\u00e9rage dans les installations d&rsquo;aspiration et de d\u00e9poussi\u00e9rage, le g\u00e2teau de poussi\u00e8re est \u00e0 nouveau d\u00e9tach\u00e9 par de br\u00e8ves impulsions d&rsquo;air comprim\u00e9, c&rsquo;est-\u00e0-dire par r\u00e9trolavage avec de l&rsquo;air. La couche de poussi\u00e8re tombe dans un bac de r\u00e9cup\u00e9ration qui est r\u00e9guli\u00e8rement vid\u00e9, par exemple dans un big-bag, un conteneur, un tonneau ou une vis sans fin. <\/p>\n\n    \n    \n\n        <\/div>\n    <\/div>\n<\/div>\n\n\n<div  class=\"block block-image bg-weiss pb-mittel\">\n    <div class=\"main-container\">\n        <div class=\"image-container\">\n            <img decoding=\"async\" width=\"1024\" height=\"334\" data-src=\"https:\/\/lume.ch\/wp-content\/uploads\/2026\/03\/lm-ag-efficacite-energetique-nettoyage-des-systemes-daspiration.jpg\" class=\"attachment-large size-large lazyload\" alt=\"Efficacit\u00e9 \u00e9nerg\u00e9tique nettoyage des syst\u00e8mes d&#039;aspiration\" data-srcset=\"https:\/\/lume.ch\/wp-content\/uploads\/2026\/03\/lm-ag-efficacite-energetique-nettoyage-des-systemes-daspiration.jpg 2129w, https:\/\/lume.ch\/wp-content\/uploads\/2026\/03\/lm-ag-efficacite-energetique-nettoyage-des-systemes-daspiration-400x131.jpg 400w\" data-sizes=\"(max-width: 1024px) 100vw, 1024px\" src=\"data:image\/svg+xml;base64,PHN2ZyB3aWR0aD0iMSIgaGVpZ2h0PSIxIiB4bWxucz0iaHR0cDovL3d3dy53My5vcmcvMjAwMC9zdmciPjwvc3ZnPg==\" style=\"--smush-placeholder-width: 1024px; --smush-placeholder-aspect-ratio: 1024\/334;\" \/>        <\/div>\n    \n            <\/div>\n<\/div>\n\n\n<div  class=\"block block-content bg-weiss pb-mittel\">\n    <div class=\"main-container\">\n        <div class=\"content-container\">\n\n            \n\n\n    <h3>Une tuyauterie bien pens\u00e9e<\/h3>\n<p>Tout comme chaque installation d&rsquo;aspiration et de filtration est unique, la tuyauterie de chaque projet est \u00e9galement unique et diff\u00e9rente. Il doit \u00eatre adapt\u00e9 \u00e0 l&rsquo;espace disponible et con\u00e7u de mani\u00e8re \u00e0 r\u00e9duire au maximum la perte de charge. <\/p>\n\n    \n    \n\n        <\/div>\n    <\/div>\n<\/div>\n\n\n<div  class=\"block block-bild-slider pb-mittel\">\n    <div class=\"main-container pos-rel\">\n\n        <div class=\"swiper-gallery pos-rel\">\n        <div class=\"swiper-wrapper\">\n                        <div class=\"swiper-slide standard-link\">\n                <a href=\"https:\/\/lume.ch\/wp-content\/uploads\/2026\/03\/lm-ag-energieeffizienz-absauganlage-ventilator-nebenstehend-rohrsystem.jpg\" data-featherlight=\"image\">\n                     <img decoding=\"async\" data-src=\"https:\/\/lume.ch\/wp-content\/uploads\/2026\/03\/lm-ag-energieeffizienz-absauganlage-ventilator-nebenstehend-rohrsystem.jpg\" alt=\"Conduite pour syst\u00e8me d&#039;aspiration avec ventilateur adjacent\" src=\"data:image\/svg+xml;base64,PHN2ZyB3aWR0aD0iMSIgaGVpZ2h0PSIxIiB4bWxucz0iaHR0cDovL3d3dy53My5vcmcvMjAwMC9zdmciPjwvc3ZnPg==\" class=\"lazyload\" style=\"--smush-placeholder-width: 3574px; --smush-placeholder-aspect-ratio: 3574\/2815;\" \/>\n                <\/a>\n                <p class=\"wp-caption-text small-font-size\">Tuyauterie pour syst\u00e8me d&#039;aspiration avec ventilateur adjacent (bo\u00eete d&#039;aspirateur)<\/p>\n            <\/div>\n                        <div class=\"swiper-slide standard-link\">\n                <a href=\"https:\/\/lume.ch\/wp-content\/uploads\/2026\/03\/lm-ag-energieeffizienz-geringer-platz-rohrsystem.jpg\" data-featherlight=\"image\">\n                     <img decoding=\"async\" data-src=\"https:\/\/lume.ch\/wp-content\/uploads\/2026\/03\/lm-ag-energieeffizienz-geringer-platz-rohrsystem.jpg\" alt=\"Acheminement de la tuyauterie dans des espaces restreints\" src=\"data:image\/svg+xml;base64,PHN2ZyB3aWR0aD0iMSIgaGVpZ2h0PSIxIiB4bWxucz0iaHR0cDovL3d3dy53My5vcmcvMjAwMC9zdmciPjwvc3ZnPg==\" class=\"lazyload\" style=\"--smush-placeholder-width: 3024px; --smush-placeholder-aspect-ratio: 3024\/2530;\" \/>\n                <\/a>\n                <p class=\"wp-caption-text small-font-size\">Acheminement de la tuyauterie dans des espaces restreints<\/p>\n            <\/div>\n                        <div class=\"swiper-slide standard-link\">\n                <a href=\"https:\/\/lume.ch\/wp-content\/uploads\/2026\/03\/lm-ag-energieeffizienz-rohrsystem-mit-injektorbox-staubsaugerbox.jpg\" data-featherlight=\"image\">\n                     <img decoding=\"async\" data-src=\"https:\/\/lume.ch\/wp-content\/uploads\/2026\/03\/lm-ag-energieeffizienz-rohrsystem-mit-injektorbox-staubsaugerbox.jpg\" alt=\"Tuyauterie avec bo\u00eete d&#039;injection\" src=\"data:image\/svg+xml;base64,PHN2ZyB3aWR0aD0iMSIgaGVpZ2h0PSIxIiB4bWxucz0iaHR0cDovL3d3dy53My5vcmcvMjAwMC9zdmciPjwvc3ZnPg==\" class=\"lazyload\" style=\"--smush-placeholder-width: 4000px; --smush-placeholder-aspect-ratio: 4000\/2955;\" \/>\n                <\/a>\n                <p class=\"wp-caption-text small-font-size\">Tuyauterie avec bo\u00eete d&#039;injection <\/p>\n            <\/div>\n                    <\/div>\n        <div class=\"swiper-pagination\"><\/div>\n    <\/div>\n    \n    <\/div>\n<\/div>\n\n\n<div  class=\"block block-personen bg-dunkelgrau pt-mittel pb-mittel\">\n    <div class=\"main-container\">\n\n        <h2 class=\"d3\">Vos contacts<\/h2>\n    \n    \n\n           \n            <p>Vous avez besoin d&rsquo;un conseil ou vous avez un projet ?<\/p>\n\n<div class=\"person mt-klein mb-50\">\n\n    <div class=\"person-bild\">\n                <div class=\"person-bild-inner\">\n            <img decoding=\"async\" width=\"890\" height=\"660\" data-src=\"https:\/\/lume.ch\/wp-content\/uploads\/2023\/09\/Staubli-Gregor5_DSC06531-890x660.jpg\" class=\"attachment-person size-person wp-post-image lazyload\" alt=\"LM AG Industriestahlbau Absauganlagen Gregor Staubli\" src=\"data:image\/svg+xml;base64,PHN2ZyB3aWR0aD0iMSIgaGVpZ2h0PSIxIiB4bWxucz0iaHR0cDovL3d3dy53My5vcmcvMjAwMC9zdmciPjwvc3ZnPg==\" style=\"--smush-placeholder-width: 890px; --smush-placeholder-aspect-ratio: 890\/660;\" \/>        <\/div>\n            <\/div>\n\n    <div class=\"person-inhalt\">\n                <h3 class=\"d4 color-orange\">Gregor Staubli<\/h3>\n                \n                  <p class=\"d6 mb-0 base-font-size\"><strong>Vente | Direction<\/strong><\/p>\n        \n                  <p>Directeur des ventes | Membre de la direction<\/p>\n        \n        <div class=\"links standard-link\">\n                          <p><a href=\"mailto:gregor.staubli@lume.ch\"><span class=\"mail\"><\/span> gregor.staubli@lume.ch<\/a><\/p>\n            \n                          <p><a href=\"tel:+41763631229\"><span class=\"tel\"><\/span> +41 76 363 12 29<\/a><\/p>\n            \n                          <p><a href=\"https:\/\/www.linkedin.com\/in\/gregor-staubli-12b17052\/\" target=\"_blank\" rel=\"nofollow noopener\"><span class=\"linkedin\"><\/span> Profil LinkedIn<\/a><\/p>\n                    <\/div>\n    <\/div>\n<\/div>\n\n  \n<div class=\"person mt-klein mb-50\">\n\n    <div class=\"person-bild\">\n                <div class=\"person-bild-inner\">\n            <img decoding=\"async\" width=\"890\" height=\"660\" data-src=\"https:\/\/lume.ch\/wp-content\/uploads\/2023\/11\/Hany-Marc2_Projektleiter_DSC06547-890x660.jpg\" class=\"attachment-person size-person wp-post-image lazyload\" alt=\"LM AG Industriestahlbau Absauganlagen Marc Hany Projektleiter\" src=\"data:image\/svg+xml;base64,PHN2ZyB3aWR0aD0iMSIgaGVpZ2h0PSIxIiB4bWxucz0iaHR0cDovL3d3dy53My5vcmcvMjAwMC9zdmciPjwvc3ZnPg==\" style=\"--smush-placeholder-width: 890px; --smush-placeholder-aspect-ratio: 890\/660;\" \/>        <\/div>\n            <\/div>\n\n    <div class=\"person-inhalt\">\n                <h3 class=\"d4 color-orange\">Marc Hany<\/h3>\n                \n                  <p class=\"d6 mb-0 base-font-size\"><strong>Chef de projet<\/strong><\/p>\n        \n                  <p>Installations d&rsquo;aspiration<\/p>\n        \n        <div class=\"links standard-link\">\n                          <p><a href=\"mailto:marc.hany@lume.ch\"><span class=\"mail\"><\/span> marc.hany@lume.ch<\/a><\/p>\n            \n                          <p><a href=\"tel:+41562978047\"><span class=\"tel\"><\/span> +41 56 297 80 47<\/a><\/p>\n            \n                          <p><a href=\"https:\/\/www.linkedin.com\/in\/marc-hany-aa8aa81a1\/\" target=\"_blank\" rel=\"nofollow noopener\"><span class=\"linkedin\"><\/span> Profil LinkedIn<\/a><\/p>\n                    <\/div>\n    <\/div>\n<\/div>\n\n  \n<div class=\"person mt-klein mb-50\">\n\n    <div class=\"person-bild\">\n                <div class=\"person-bild-inner\">\n            <img decoding=\"async\" width=\"890\" height=\"660\" data-src=\"https:\/\/lume.ch\/wp-content\/uploads\/2023\/11\/Shipman-Roy_F_DSC06646-890x660.png\" class=\"attachment-person size-person wp-post-image lazyload\" alt=\"LM AG Industriestahlbau Absauganlagen\" src=\"data:image\/svg+xml;base64,PHN2ZyB3aWR0aD0iMSIgaGVpZ2h0PSIxIiB4bWxucz0iaHR0cDovL3d3dy53My5vcmcvMjAwMC9zdmciPjwvc3ZnPg==\" style=\"--smush-placeholder-width: 890px; --smush-placeholder-aspect-ratio: 890\/660;\" \/>        <\/div>\n            <\/div>\n\n    <div class=\"person-inhalt\">\n                <h3 class=\"d4 color-orange\">Roy Shipman<\/h3>\n                \n                  <p class=\"d6 mb-0 base-font-size\"><strong>Vente<\/strong><\/p>\n        \n                  <p>Vendeur r\u00e9gional | Chef de projet<\/p>\n        \n        <div class=\"links standard-link\">\n                          <p><a href=\"mailto:roy.shipman@lume.ch\"><span class=\"mail\"><\/span> roy.shipman@lume.ch<\/a><\/p>\n            \n                          <p><a href=\"tel:+41765564096\"><span class=\"tel\"><\/span> +41 76 556 40 96<\/a><\/p>\n            \n                    <\/div>\n    <\/div>\n<\/div>\n\n  \n<div class=\"person mt-klein mb-50\">\n\n    <div class=\"person-bild\">\n                <div class=\"person-bild-inner\">\n            <img decoding=\"async\" width=\"890\" height=\"660\" data-src=\"https:\/\/lume.ch\/wp-content\/uploads\/2025\/04\/Pascal-Buehler-890x660.jpg\" class=\"attachment-person size-person wp-post-image lazyload\" alt=\"LM AG LM AG Industriestahlbau Absauganlagen Pascal B\u00fchler\" src=\"data:image\/svg+xml;base64,PHN2ZyB3aWR0aD0iMSIgaGVpZ2h0PSIxIiB4bWxucz0iaHR0cDovL3d3dy53My5vcmcvMjAwMC9zdmciPjwvc3ZnPg==\" style=\"--smush-placeholder-width: 890px; --smush-placeholder-aspect-ratio: 890\/660;\" \/>        <\/div>\n            <\/div>\n\n    <div class=\"person-inhalt\">\n                <h3 class=\"d4 color-orange\">Pascal B\u00fchler<\/h3>\n                \n                  <p class=\"d6 mb-0 base-font-size\"><strong>Vente<\/strong><\/p>\n        \n                  <p>Vendeur t\u00e9chnique<\/p>\n        \n        <div class=\"links standard-link\">\n                          <p><a href=\"mailto:pascal.buehler@lume.ch\"><span class=\"mail\"><\/span> pascal.buehler@lume.ch<\/a><\/p>\n            \n                          <p><a href=\"tel:+41565520867\"><span class=\"tel\"><\/span> +41 56 552 08 67<\/a><\/p>\n            \n                          <p><a href=\"https:\/\/www.linkedin.com\/in\/pascal-b%C3%BChler-0087b8172\/\" target=\"_blank\" rel=\"nofollow noopener\"><span class=\"linkedin\"><\/span> Profil LinkedIn<\/a><\/p>\n                    <\/div>\n    <\/div>\n<\/div>\n\n  \n    <\/div>\n<\/div>\n\n\n<div  class=\"block block-teaser bg-weiss pt-gross pb-gross white-small\">\n  <div class=\"main-container\">\n    \n        <div class=\"teaser-row\">\n      \n                          <a class=\"teaser\" href=\"https:\/\/lume.ch\/fr\/prestations\/#ingenierie-construction\" target=\"_self\">\n            \n              \n              \n              \n              <div class=\"inner\">\n                                                      <h2 class=\"d5\">Conseil pour des solutions individuelles<\/h2>\n                                  \n                                  <div class=\"teaser-inhalt\">La qualit\u00e9 sur mesure et selon vos besoins.<\/div>\n                              <\/div>\n\n                            <div class=\"teaser-cta transition\">Ing\u00e9nierie + construction<\/div>\n          <\/a>\n                  \n                        <a class=\"teaser\" href=\"https:\/\/lume.ch\/fr\/prestations\/#gestion-de-projet\" target=\"_self\">\n            \n              \n              \n              \n              <div class=\"inner\">\n                                                      <h2 class=\"d5\">Un savoir-faire d&rsquo;\u00e9gal \u00e0 \u00e9gal<\/h2>\n                                  \n                                  <div class=\"teaser-inhalt\">Nous vous accompagnons de A \u00e0 Z. Du d\u00e9veloppement de la solution, de la planification, de la construction jusqu&rsquo;au montage sur place.<\/div>\n                              <\/div>\n\n                            <div class=\"teaser-cta transition\">Gestion de projet<\/div>\n          <\/a>\n                  \n                        <a class=\"teaser\" href=\"https:\/\/lume.ch\/fr\/prestations\/#gestion-de-la-qualite\" target=\"_self\">\n            \n              \n              \n              \n              <div class=\"inner\">\n                                                      <h2 class=\"d5\">Test, mesure + certification<\/h2>\n                                  \n                                  <div class=\"teaser-inhalt\">Nos produits sont fabriqu\u00e9s et purg\u00e9s selon les technologies et les normes les plus r\u00e9centes.<\/div>\n                              <\/div>\n\n                            <div class=\"teaser-cta transition\">  Gestion de la qualit\u00e9<\/div>\n          <\/a>\n                  \n              <\/div>\n  <\/div>\n<\/div>\n","protected":false},"excerpt":{"rendered":"","protected":false},"author":1,"featured_media":0,"parent":16956,"menu_order":0,"comment_status":"closed","ping_status":"closed","template":"tpl-front-page.php","meta":{"_acf_changed":false,"footnotes":""},"class_list":["post-16958","page","type-page","status-publish","hentry"],"acf":[],"_links":{"self":[{"href":"https:\/\/lume.ch\/fr\/wp-json\/wp\/v2\/pages\/16958","targetHints":{"allow":["GET"]}}],"collection":[{"href":"https:\/\/lume.ch\/fr\/wp-json\/wp\/v2\/pages"}],"about":[{"href":"https:\/\/lume.ch\/fr\/wp-json\/wp\/v2\/types\/page"}],"author":[{"embeddable":true,"href":"https:\/\/lume.ch\/fr\/wp-json\/wp\/v2\/users\/1"}],"replies":[{"embeddable":true,"href":"https:\/\/lume.ch\/fr\/wp-json\/wp\/v2\/comments?post=16958"}],"version-history":[{"count":5,"href":"https:\/\/lume.ch\/fr\/wp-json\/wp\/v2\/pages\/16958\/revisions"}],"predecessor-version":[{"id":17371,"href":"https:\/\/lume.ch\/fr\/wp-json\/wp\/v2\/pages\/16958\/revisions\/17371"}],"up":[{"embeddable":true,"href":"https:\/\/lume.ch\/fr\/wp-json\/wp\/v2\/pages\/16956"}],"wp:attachment":[{"href":"https:\/\/lume.ch\/fr\/wp-json\/wp\/v2\/media?parent=16958"}],"curies":[{"name":"wp","href":"https:\/\/api.w.org\/{rel}","templated":true}]}}