{"id":16956,"date":"2025-12-08T11:54:35","date_gmt":"2025-12-08T10:54:35","guid":{"rendered":"https:\/\/lume.ch\/installations-daspiration\/durabilite\/"},"modified":"2026-04-12T10:59:07","modified_gmt":"2026-04-12T08:59:07","slug":"durabilite","status":"publish","type":"page","link":"https:\/\/lume.ch\/fr\/installations-daspiration\/durabilite\/","title":{"rendered":"Durabilit\u00e9"},"content":{"rendered":"\n<div  class=\"block block-header  header-text\">\n\n            <div class=\"main-container container-padding-top pb-mittel has-breadcrumb\"> \n          \n            <div class=\"content-container\">\n            \n                                <div class=\"d5 color-anthrazit uebertitel\">Installations d&rsquo;aspiration<\/div>\n                \n                                <h1 class=\"d1 color-orange\">NOUS VIVONS LE D\u00c9VELOPPEMENT DURABLE  <\/h1>\n                 \n                                <div class=\"lead-font-size\"><p>Chez L+M AG, nous accordons une grande importance \u00e0 la durabilit\u00e9 dans la fabrication d&rsquo;installations d&rsquo;aspiration, d&rsquo;installations de filtration et d&rsquo;appareils de filtration pour la technique de d\u00e9poussi\u00e9rage industrielle. En tant que \ufb01rme de tradition suisse renomm\u00e9e, nous proposons, dans le domaine de la construction industrielle en acier, des machines, des installations et des appareils, des solutions intelligentes et individuelles \u00e0 valeur ajout\u00e9e qui pr\u00e9servent l&rsquo;homme, la machine et l&rsquo;environnement ; aujourd&rsquo;hui, demain et \u00e0 l&rsquo;avenir. <\/p>\n<\/div>\n                            <\/div>\n        <\/div>\n    <\/div>\n\n\n<div  class=\"block block-image bg-weiss pb-mittel\">\n    <div class=\"main-container\">\n        <div class=\"image-container\">\n            <img decoding=\"async\" width=\"1024\" height=\"674\" data-src=\"https:\/\/lume.ch\/wp-content\/uploads\/2026\/02\/lm-ag-nachhaltigkeit-in-der-indutrie-absauganlagen.jpg\" class=\"attachment-large size-large lazyload\" alt=\"D\u00e9veloppement durable dans l&#039;industrie des syst\u00e8mes d&#039;aspiration\" data-srcset=\"https:\/\/lume.ch\/wp-content\/uploads\/2026\/02\/lm-ag-nachhaltigkeit-in-der-indutrie-absauganlagen.jpg 4000w, https:\/\/lume.ch\/wp-content\/uploads\/2026\/02\/lm-ag-nachhaltigkeit-in-der-indutrie-absauganlagen-400x263.jpg 400w\" data-sizes=\"(max-width: 1024px) 100vw, 1024px\" src=\"data:image\/svg+xml;base64,PHN2ZyB3aWR0aD0iMSIgaGVpZ2h0PSIxIiB4bWxucz0iaHR0cDovL3d3dy53My5vcmcvMjAwMC9zdmciPjwvc3ZnPg==\" style=\"--smush-placeholder-width: 1024px; --smush-placeholder-aspect-ratio: 1024\/674;\" \/>        <\/div>\n    \n            <\/div>\n<\/div>\n\n\n<div  class=\"block block-content bg-weiss pb-mittel\">\n    <div class=\"main-container\">\n        <div class=\"content-container\">\n\n            \n\n    <h2 class=\"d3\">Durabilit\u00e9 et gestion environnementale des syst\u00e8mes d&rsquo;aspiration industriels<\/h2>\n\n    <p>En tant qu&rsquo;<a href=\"\/wp-content\/uploads\/2023\/12\/101981_de_11187.pdf\" target=\"_blank\" rel=\"noopener\">entreprise certifi\u00e9e ISO 14001<\/a>, nous nous engageons en faveur de l&rsquo;environnement et du d\u00e9veloppement durable et nous nous engageons \u00e0 \u00e9valuer en permanence les processus. Nous nous engageons \u00e0 utiliser un syst\u00e8me de gestion de l&rsquo;environnement reconnu afin de contr\u00f4ler et d&rsquo;identifier les possibilit\u00e9s d&rsquo;am\u00e9lioration. <\/p>\n<p><strong>Pour nous, le d\u00e9veloppement durable n&rsquo;est pas un projet ponctuel, mais un \u00e9l\u00e9ment \u00e0 long terme de notre strat\u00e9gie d&rsquo;entreprise.<\/strong><\/p>\n<p>Les syst\u00e8mes d&rsquo;extraction sont des installations tr\u00e8s complexes d&rsquo;un point de vue physique. Leur durabilit\u00e9 est assur\u00e9e lorsqu&rsquo;elles sont con\u00e7ues en tenant compte du processus et des conditions g\u00e9n\u00e9rales et qu&rsquo;elles sont exploit\u00e9es de mani\u00e8re efficace et efficiente. <\/p>\n<p><img decoding=\"async\" class=\"alignleft wp-image-16590\" src=\"https:\/\/lume.ch\/wp-content\/uploads\/2026\/03\/9001_14001_gm_de.avif\" alt=\"\" width=\"176\" height=\"176\" srcset=\"https:\/\/lume.ch\/wp-content\/uploads\/2026\/03\/9001_14001_gm_de.avif 794w, https:\/\/lume.ch\/wp-content\/uploads\/2026\/03\/9001_14001_gm_de-400x400.avif 400w, https:\/\/lume.ch\/wp-content\/uploads\/2026\/03\/9001_14001_gm_de-150x150.avif 150w\" sizes=\"(max-width: 176px) 100vw, 176px\" \/><\/p>\n<p><strong>En ce qui concerne le th\u00e8me de la durabilit\u00e9 en mati\u00e8re de techniques de d\u00e9poussi\u00e9rage industriel avec des installations d&rsquo;aspiration, des installations de filtrage et des appareils de filtrage, il convient de consid\u00e9rer certains aspects :<\/strong><\/p>\n<ul>\n<li>Efficacit\u00e9 \u00e9nerg\u00e9tique, entre autres avec des composants d&rsquo;installations \u00e9nerg\u00e9tiques<\/li>\n<li>Technique de filtration (s\u00e9parateur sec\/huile\/\u00e9mulsion\/humide)<\/li>\n<li>Mat\u00e9riel de filtration (cartouches filtrantes, manches filtrantes, cassettes filtrantes)<\/li>\n<li>Durabilit\u00e9<\/li>\n<li>Ordonnance sur la qualit\u00e9 de l&rsquo;air<\/li>\n<li>Recyclage de l&rsquo;air<\/li>\n<li>Pi\u00e8ces de rechange d&rsquo;origine<\/li>\n<li>R\u00e9cup\u00e9ration de chaleur<\/li>\n<\/ul>\n<h2>SOLUTIONS COMPL\u00c8TES D&rsquo;EXPERTS<\/h2>\n<p>Gr\u00e2ce \u00e0 notre cha\u00eene de cr\u00e9ation de valeur compl\u00e8te, commen\u00e7ant par un conseil professionnel, notre propre ing\u00e9nierie, la production, les essais, la logistique et un service apr\u00e8s-vente fiable, nous sommes votre interlocuteur comp\u00e9tent pour des installations de d\u00e9poussi\u00e9rage et de filtration individuelles et adapt\u00e9es aux besoins dans le monde entier.<\/p>\n\n    \n    \n\n        <\/div>\n    <\/div>\n<\/div>\n\n\n<div  class=\"block block-image bg-weiss pb-mittel\">\n    <div class=\"main-container\">\n        <div class=\"image-container\">\n            <img decoding=\"async\" width=\"1024\" height=\"481\" data-src=\"https:\/\/lume.ch\/wp-content\/uploads\/2026\/03\/chaine-de-valeur-de-lm.jpg\" class=\"attachment-large size-large lazyload\" alt=\"Un accompagnement optimal par L+M AG tout au long du processus de projet.\" data-srcset=\"https:\/\/lume.ch\/wp-content\/uploads\/2026\/03\/chaine-de-valeur-de-lm.jpg 14072w, https:\/\/lume.ch\/wp-content\/uploads\/2026\/03\/chaine-de-valeur-de-lm-400x188.jpg 400w\" data-sizes=\"(max-width: 1024px) 100vw, 1024px\" src=\"data:image\/svg+xml;base64,PHN2ZyB3aWR0aD0iMSIgaGVpZ2h0PSIxIiB4bWxucz0iaHR0cDovL3d3dy53My5vcmcvMjAwMC9zdmciPjwvc3ZnPg==\" style=\"--smush-placeholder-width: 1024px; --smush-placeholder-aspect-ratio: 1024\/481;\" \/>        <\/div>\n    \n                <div class=\"caption small-font-size\">Un accompagnement optimal par L+M AG tout au long du processus de projet.<\/div>\n            <\/div>\n<\/div>\n\n\n<div  class=\"block block-content bg-weiss pb-mittel\">\n    <div class=\"main-container\">\n        <div class=\"content-container\">\n\n            \n\n    <h2 class=\"d3\">UN INVESTISSEMENT RENTABLE<\/h2>\n\n    <p>Depuis plus de 50 ans, L+M AG propose des solutions d&rsquo;aspiration sur mesure pour l&rsquo;industrie<br \/>\net le commerce. Travailler avec L+M AG, c&rsquo;est opter pour des syst\u00e8mes d&rsquo;aspiration et de filtration innovants et durables de tr\u00e8s haut niveau &#8211; pour un air propre dans l&rsquo;industrie, une production efficace et des employ\u00e9s en bonne sant\u00e9. <\/p>\n\n    \n    \n\n        <\/div>\n    <\/div>\n<\/div>\n\n\n<div  class=\"block block-personen bg-dunkelgrau pt-mittel pb-mittel\">\n    <div class=\"main-container\">\n\n        <h2 class=\"d3\">Vos contacts<\/h2>\n    \n    \n\n           \n            <p>Vous avez besoin d&rsquo;un conseil ou vous avez un projet ?<\/p>\n\n<div class=\"person mt-klein mb-50\">\n\n    <div class=\"person-bild\">\n                <div class=\"person-bild-inner\">\n            <img decoding=\"async\" width=\"890\" height=\"660\" data-src=\"https:\/\/lume.ch\/wp-content\/uploads\/2023\/09\/Staubli-Gregor5_DSC06531-890x660.jpg\" class=\"attachment-person size-person wp-post-image lazyload\" alt=\"LM AG Industriestahlbau Absauganlagen Gregor Staubli\" src=\"data:image\/svg+xml;base64,PHN2ZyB3aWR0aD0iMSIgaGVpZ2h0PSIxIiB4bWxucz0iaHR0cDovL3d3dy53My5vcmcvMjAwMC9zdmciPjwvc3ZnPg==\" style=\"--smush-placeholder-width: 890px; --smush-placeholder-aspect-ratio: 890\/660;\" \/>        <\/div>\n            <\/div>\n\n    <div class=\"person-inhalt\">\n                <h3 class=\"d4 color-orange\">Gregor Staubli<\/h3>\n                \n                  <p class=\"d6 mb-0 base-font-size\"><strong>Vente | Direction<\/strong><\/p>\n        \n                  <p>Directeur des ventes | Membre de la direction<\/p>\n        \n        <div class=\"links standard-link\">\n                          <p><a href=\"mailto:gregor.staubli@lume.ch\"><span class=\"mail\"><\/span> gregor.staubli@lume.ch<\/a><\/p>\n            \n                          <p><a href=\"tel:+41763631229\"><span class=\"tel\"><\/span> +41 76 363 12 29<\/a><\/p>\n            \n                          <p><a href=\"https:\/\/www.linkedin.com\/in\/gregor-staubli-12b17052\/\" target=\"_blank\" rel=\"nofollow noopener\"><span class=\"linkedin\"><\/span> Profil LinkedIn<\/a><\/p>\n                    <\/div>\n    <\/div>\n<\/div>\n\n  \n<div class=\"person mt-klein mb-50\">\n\n    <div class=\"person-bild\">\n                <div class=\"person-bild-inner\">\n            <img decoding=\"async\" width=\"890\" height=\"660\" data-src=\"https:\/\/lume.ch\/wp-content\/uploads\/2023\/11\/Hany-Marc2_Projektleiter_DSC06547-890x660.jpg\" class=\"attachment-person size-person wp-post-image lazyload\" alt=\"LM AG Industriestahlbau Absauganlagen Marc Hany Projektleiter\" src=\"data:image\/svg+xml;base64,PHN2ZyB3aWR0aD0iMSIgaGVpZ2h0PSIxIiB4bWxucz0iaHR0cDovL3d3dy53My5vcmcvMjAwMC9zdmciPjwvc3ZnPg==\" style=\"--smush-placeholder-width: 890px; --smush-placeholder-aspect-ratio: 890\/660;\" \/>        <\/div>\n            <\/div>\n\n    <div class=\"person-inhalt\">\n                <h3 class=\"d4 color-orange\">Marc Hany<\/h3>\n                \n                  <p class=\"d6 mb-0 base-font-size\"><strong>Chef de projet<\/strong><\/p>\n        \n                  <p>Installations d&rsquo;aspiration<\/p>\n        \n        <div class=\"links standard-link\">\n                          <p><a href=\"mailto:marc.hany@lume.ch\"><span class=\"mail\"><\/span> marc.hany@lume.ch<\/a><\/p>\n            \n                          <p><a href=\"tel:+41562978047\"><span class=\"tel\"><\/span> +41 56 297 80 47<\/a><\/p>\n            \n                          <p><a href=\"https:\/\/www.linkedin.com\/in\/marc-hany-aa8aa81a1\/\" target=\"_blank\" rel=\"nofollow noopener\"><span class=\"linkedin\"><\/span> Profil LinkedIn<\/a><\/p>\n                    <\/div>\n    <\/div>\n<\/div>\n\n  \n<div class=\"person mt-klein mb-50\">\n\n    <div class=\"person-bild\">\n                <div class=\"person-bild-inner\">\n            <img decoding=\"async\" width=\"890\" height=\"660\" data-src=\"https:\/\/lume.ch\/wp-content\/uploads\/2023\/11\/Shipman-Roy_F_DSC06646-890x660.png\" class=\"attachment-person size-person wp-post-image lazyload\" alt=\"LM AG Industriestahlbau Absauganlagen\" src=\"data:image\/svg+xml;base64,PHN2ZyB3aWR0aD0iMSIgaGVpZ2h0PSIxIiB4bWxucz0iaHR0cDovL3d3dy53My5vcmcvMjAwMC9zdmciPjwvc3ZnPg==\" style=\"--smush-placeholder-width: 890px; --smush-placeholder-aspect-ratio: 890\/660;\" \/>        <\/div>\n            <\/div>\n\n    <div class=\"person-inhalt\">\n                <h3 class=\"d4 color-orange\">Roy Shipman<\/h3>\n                \n                  <p class=\"d6 mb-0 base-font-size\"><strong>Vente<\/strong><\/p>\n        \n                  <p>Vendeur r\u00e9gional | Chef de projet<\/p>\n        \n        <div class=\"links standard-link\">\n                          <p><a href=\"mailto:roy.shipman@lume.ch\"><span class=\"mail\"><\/span> roy.shipman@lume.ch<\/a><\/p>\n            \n                          <p><a href=\"tel:+41765564096\"><span class=\"tel\"><\/span> +41 76 556 40 96<\/a><\/p>\n            \n                    <\/div>\n    <\/div>\n<\/div>\n\n  \n<div class=\"person mt-klein mb-50\">\n\n    <div class=\"person-bild\">\n                <div class=\"person-bild-inner\">\n            <img decoding=\"async\" width=\"890\" height=\"660\" data-src=\"https:\/\/lume.ch\/wp-content\/uploads\/2025\/04\/Pascal-Buehler-890x660.jpg\" class=\"attachment-person size-person wp-post-image lazyload\" alt=\"LM AG LM AG Industriestahlbau Absauganlagen Pascal B\u00fchler\" src=\"data:image\/svg+xml;base64,PHN2ZyB3aWR0aD0iMSIgaGVpZ2h0PSIxIiB4bWxucz0iaHR0cDovL3d3dy53My5vcmcvMjAwMC9zdmciPjwvc3ZnPg==\" style=\"--smush-placeholder-width: 890px; --smush-placeholder-aspect-ratio: 890\/660;\" \/>        <\/div>\n            <\/div>\n\n    <div class=\"person-inhalt\">\n                <h3 class=\"d4 color-orange\">Pascal B\u00fchler<\/h3>\n                \n                  <p class=\"d6 mb-0 base-font-size\"><strong>Vente<\/strong><\/p>\n        \n                  <p>Vendeur t\u00e9chnique<\/p>\n        \n        <div class=\"links standard-link\">\n                          <p><a href=\"mailto:pascal.buehler@lume.ch\"><span class=\"mail\"><\/span> pascal.buehler@lume.ch<\/a><\/p>\n            \n                          <p><a href=\"tel:+41565520867\"><span class=\"tel\"><\/span> +41 56 552 08 67<\/a><\/p>\n            \n                          <p><a href=\"https:\/\/www.linkedin.com\/in\/pascal-b%C3%BChler-0087b8172\/\" target=\"_blank\" rel=\"nofollow noopener\"><span class=\"linkedin\"><\/span> Profil LinkedIn<\/a><\/p>\n                    <\/div>\n    <\/div>\n<\/div>\n\n  \n    <\/div>\n<\/div>\n\n\n<div  class=\"block block-teaser bg-weiss pt-gross pb-gross white-small\">\n  <div class=\"main-container\">\n    \n        <div class=\"teaser-row\">\n      \n                          <a class=\"teaser\" href=\"https:\/\/lume.ch\/fr\/prestations\/#ingenierie-construction\" target=\"_self\">\n            \n              \n              \n              \n              <div class=\"inner\">\n                                                      <h2 class=\"d5\">Conseil pour des solutions individuelles<\/h2>\n                                  \n                                  <div class=\"teaser-inhalt\">La qualit\u00e9 sur mesure et selon vos besoins.<\/div>\n                              <\/div>\n\n                            <div class=\"teaser-cta transition\">Ing\u00e9nierie + construction<\/div>\n          <\/a>\n                  \n                        <a class=\"teaser\" href=\"https:\/\/lume.ch\/fr\/prestations\/#gestion-de-projet\" target=\"_self\">\n            \n              \n              \n              \n              <div class=\"inner\">\n                                                      <h2 class=\"d5\">Un savoir-faire d&rsquo;\u00e9gal \u00e0 \u00e9gal<\/h2>\n                                  \n                                  <div class=\"teaser-inhalt\">Nous vous accompagnons de A \u00e0 Z. Du d\u00e9veloppement de la solution, de la planification, de la construction jusqu&rsquo;au montage sur place.<\/div>\n                              <\/div>\n\n                            <div class=\"teaser-cta transition\">Gestion de projet<\/div>\n          <\/a>\n                  \n                        <a class=\"teaser\" href=\"https:\/\/lume.ch\/fr\/prestations\/#ingenierie-construction\" target=\"_self\">\n            \n              \n              \n              \n              <div class=\"inner\">\n                                                      <h2 class=\"d5\">Test, mesure + certification<\/h2>\n                                  \n                                  <div class=\"teaser-inhalt\">Nos produits sont fabriqu\u00e9s et purg\u00e9s selon les technologies et les normes les plus r\u00e9centes.<\/div>\n                              <\/div>\n\n                            <div class=\"teaser-cta transition\">  Gestion de la qualit\u00e9<\/div>\n          <\/a>\n                  \n              <\/div>\n  <\/div>\n<\/div>\n","protected":false},"excerpt":{"rendered":"","protected":false},"author":1,"featured_media":0,"parent":13868,"menu_order":0,"comment_status":"closed","ping_status":"closed","template":"tpl-front-page.php","meta":{"_acf_changed":false,"footnotes":""},"class_list":["post-16956","page","type-page","status-publish","hentry"],"acf":[],"_links":{"self":[{"href":"https:\/\/lume.ch\/fr\/wp-json\/wp\/v2\/pages\/16956","targetHints":{"allow":["GET"]}}],"collection":[{"href":"https:\/\/lume.ch\/fr\/wp-json\/wp\/v2\/pages"}],"about":[{"href":"https:\/\/lume.ch\/fr\/wp-json\/wp\/v2\/types\/page"}],"author":[{"embeddable":true,"href":"https:\/\/lume.ch\/fr\/wp-json\/wp\/v2\/users\/1"}],"replies":[{"embeddable":true,"href":"https:\/\/lume.ch\/fr\/wp-json\/wp\/v2\/comments?post=16956"}],"version-history":[{"count":6,"href":"https:\/\/lume.ch\/fr\/wp-json\/wp\/v2\/pages\/16956\/revisions"}],"predecessor-version":[{"id":17376,"href":"https:\/\/lume.ch\/fr\/wp-json\/wp\/v2\/pages\/16956\/revisions\/17376"}],"up":[{"embeddable":true,"href":"https:\/\/lume.ch\/fr\/wp-json\/wp\/v2\/pages\/13868"}],"wp:attachment":[{"href":"https:\/\/lume.ch\/fr\/wp-json\/wp\/v2\/media?parent=16956"}],"curies":[{"name":"wp","href":"https:\/\/api.w.org\/{rel}","templated":true}]}}