{"id":16937,"date":"2025-12-08T12:56:49","date_gmt":"2025-12-08T11:56:49","guid":{"rendered":"https:\/\/lume.ch\/installations-daspiration\/aspiration-de-hall-push-pull\/"},"modified":"2026-04-12T10:51:40","modified_gmt":"2026-04-12T08:51:40","slug":"aspiration-de-hall-push-pull","status":"publish","type":"page","link":"https:\/\/lume.ch\/fr\/installations-daspiration\/aspiration-de-hall-push-pull\/","title":{"rendered":"Aspiration de hall (push-pull)"},"content":{"rendered":"\n<div  class=\"block block-header  header-text\">\n\n            <div class=\"main-container container-padding-top pb-mittel has-breadcrumb\"> \n          \n            <div class=\"content-container\">\n            \n                \n                                <h1 class=\"d1 color-orange\">Aspiration de halls avec des installations d&rsquo;aspiration et de d\u00e9poussi\u00e9rage du fabricant suisse<\/h1>\n                 \n                                <div class=\"lead-font-size\"><p>Les installations d&rsquo;aspiration et de filtration de L+M AG sont indispensables pour l&rsquo;aspiration des halls. De l&rsquo;\u00e9laboration du concept \u00e0 la mise en service et au service apr\u00e8s-vente des installations d&rsquo;aspiration, en passant par la conception a\u00e9raulique, l&rsquo;installation des conduites et le raccordement des installations d&rsquo;aspiration, nous proposons une solution compl\u00e8te pour un air frais dans les halls. <\/p>\n<\/div>\n                            <\/div>\n        <\/div>\n    <\/div>\n<div  class=\"block block-image bg-weiss pb-mittel\">\n    <div class=\"main-container\">\n        <div class=\"image-container\">\n            <img decoding=\"async\" width=\"1024\" height=\"400\" data-src=\"https:\/\/lume.ch\/wp-content\/uploads\/2026\/02\/lm-ag-hallenabsaugung-push-pull.jpg\" class=\"attachment-large size-large lazyload\" alt=\"L+M AG Aspiration de halls-Push-Pull et syst\u00e8me d&#039;aspiration\" data-srcset=\"https:\/\/lume.ch\/wp-content\/uploads\/2026\/02\/lm-ag-hallenabsaugung-push-pull.jpg 5712w, https:\/\/lume.ch\/wp-content\/uploads\/2026\/02\/lm-ag-hallenabsaugung-push-pull-400x156.jpg 400w\" data-sizes=\"(max-width: 1024px) 100vw, 1024px\" src=\"data:image\/svg+xml;base64,PHN2ZyB3aWR0aD0iMSIgaGVpZ2h0PSIxIiB4bWxucz0iaHR0cDovL3d3dy53My5vcmcvMjAwMC9zdmciPjwvc3ZnPg==\" style=\"--smush-placeholder-width: 1024px; --smush-placeholder-aspect-ratio: 1024\/400;\" \/>        <\/div>\n    \n                <div class=\"caption small-font-size\">Aspiration de halls-Push-Pull et syst\u00e8me d&rsquo;aspiration<\/div>\n            <\/div>\n<\/div>\n<div  class=\"block block-content bg-weiss pb-mittel\">\n    <div class=\"main-container\">\n        <div class=\"content-container\">\n\n            \n\n    <h2 class=\"d3\">POURQUOI UNE ASPIRATION EN SALLE ?<\/h2>\n\n    <p>Un syst\u00e8me d&rsquo;aspiration ou de ventilation de hall aspire l&rsquo;air pollu\u00e9 du hall, comme par exemple les poussi\u00e8res fines, les fum\u00e9es de soudure ou de brasage ou les brouillards d&rsquo;huile. Selon les besoins, l&rsquo;air filtr\u00e9 est r\u00e9introduit dans le hall. <\/p>\n<p>Pour \u00e9viter les pertes de chaleur, un syst\u00e8me de r\u00e9cup\u00e9ration de chaleur est mis en place dans le cadre de l&rsquo;aspiration du hall. Cela permet de garantir \u00e0 tout moment un climat int\u00e9rieur agr\u00e9able pour les employ\u00e9s. L&rsquo;air frais et agr\u00e9able est disponible en \u00e9t\u00e9 et chaud en hiver.  <\/p>\n\n    \n    \n\n        <\/div>\n    <\/div>\n<\/div>\n<div  class=\"block block-image bg-weiss pb-mittel\">\n    <div class=\"main-container\">\n        <div class=\"image-container\">\n            <img decoding=\"async\" width=\"1024\" height=\"879\" data-src=\"https:\/\/lume.ch\/wp-content\/uploads\/2026\/02\/lm-ag-hallenabsaugung-engineering.png\" class=\"attachment-large size-large lazyload\" alt=\"Ing\u00e9nierie de l&#039;aspiration des halls\" data-srcset=\"https:\/\/lume.ch\/wp-content\/uploads\/2026\/02\/lm-ag-hallenabsaugung-engineering.png 2955w, https:\/\/lume.ch\/wp-content\/uploads\/2026\/02\/lm-ag-hallenabsaugung-engineering-400x343.png 400w\" data-sizes=\"(max-width: 1024px) 100vw, 1024px\" src=\"data:image\/svg+xml;base64,PHN2ZyB3aWR0aD0iMSIgaGVpZ2h0PSIxIiB4bWxucz0iaHR0cDovL3d3dy53My5vcmcvMjAwMC9zdmciPjwvc3ZnPg==\" style=\"--smush-placeholder-width: 1024px; --smush-placeholder-aspect-ratio: 1024\/879;\" \/>        <\/div>\n    \n                <div class=\"caption small-font-size\">Ing\u00e9nierie d&rsquo;aspiration de hall<\/div>\n            <\/div>\n<\/div>\n<div  class=\"block block-content bg-weiss pb-mittel\">\n    <div class=\"main-container\">\n        <div class=\"content-container\">\n\n            \n\n    <h2 class=\"d3\">COMPOSANTS DE L&rsquo;ASPIRATION DES HALLS<\/h2>\n\n    \n    <div class=\"columns-2-count\">\n        <div class=\"column\">\n            <p><strong>CAPTURE DE LA POUSSI\u00c8RE<\/strong><\/p>\n<ul>\n<li>Bras d&rsquo;aspiration<\/li>\n<li>Hottes, tables, panneaux, cabines et parois d&rsquo;aspiration<\/li>\n<li>Grille d&rsquo;aspiration<\/li>\n<li>Raccords machines<\/li>\n<li>Canal d&rsquo;aspiration \u00e0 fentes<\/li>\n<\/ul>\n\n                    <\/div>\n\n        <div class=\"column\">\n            <p><strong>PR\u00c9-S\u00c9PARATION DES POUSSI\u00c8RES<\/strong><\/p>\n<ul>\n<li>Pr\u00e9s\u00e9parateur d&rsquo;\u00e9tincelles<\/li>\n<li>S\u00e9parateur d&rsquo;impact<\/li>\n<li>S\u00e9parateur par gravit\u00e9<\/li>\n<li>S\u00e9parateur d&rsquo;eau<\/li>\n<li>Cyclone<\/li>\n<\/ul>\n\n                    <\/div>\n    <\/div>\n    \n\n        <\/div>\n    <\/div>\n<\/div>\n<div  class=\"block block-content pb-mittel\">\n    <div class=\"main-container\">\n        <div class=\"content-container\">\n\n            \n\n\n    \n    <div class=\"columns-2-count\">\n        <div class=\"column\">\n            <p><strong>FILTRER LES POUSSI\u00c8RES<\/strong><\/p>\n<ul>\n<li>Aspiration des postes de travail<\/li>\n<li>Installations d&rsquo;aspiration<\/li>\n<li>Installations de d\u00e9poussi\u00e9rage<\/li>\n<li>Syst\u00e8mes de filtration<\/li>\n<li>Appareils de filtration<\/li>\n<\/ul>\n\n                    <\/div>\n\n        <div class=\"column\">\n            <p><strong>STRUCTURE MODULAIRE<\/strong><\/p>\n<ul>\n<li>Module d&rsquo;extraction d&rsquo;air<\/li>\n<li>Module de nettoyage<\/li>\n<li>Module de sortie<\/li>\n<li>Module de filtrage<\/li>\n<li>Module de compression (Blower Skid)<\/li>\n<\/ul>\n\n                    <\/div>\n    <\/div>\n    \n\n        <\/div>\n    <\/div>\n<\/div>\n<div  class=\"block block-content bg-weiss pb-mittel\">\n    <div class=\"main-container\">\n        <div class=\"content-container\">\n\n            \n\n\n    \n    <div class=\"columns-2-count\">\n        <div class=\"column\">\n            <p><strong>\u00c9VACUATION DE LA POUSSI\u00c8RE<\/strong><\/p>\n<ul>\n<li>BigBag<\/li>\n<li>Conteneur<\/li>\n<li>Vis sans fin<\/li>\n<li>Baquets<\/li>\n<li>Volet pendulaire<\/li>\n<li>Presses<\/li>\n<li>Tonne<\/li>\n<li>\u00c9cluse rotative<\/li>\n<\/ul>\n\n                    <\/div>\n\n        <div class=\"column\">\n            <p><strong>AIR \u00c9VACU\u00c9 \/ AIR RECYCL\u00c9<\/strong><\/p>\n<ul>\n<li>Silencieux \u00e0 coulisse<\/li>\n<li>Concept de ventilation \u00e9t\u00e9 \/ hiver<\/li>\n<li>Gaine textile<\/li>\n<li>Sortie de source<\/li>\n<li>R\u00e9cup\u00e9ration de chaleur (WRG)<\/li>\n<\/ul>\n\n                    <\/div>\n    <\/div>\n    \n\n        <\/div>\n    <\/div>\n<\/div>\n<div  class=\"block block-bild-slider bilder-hochformat bg-weiss pb-mittel\">\n    <div class=\"main-container pos-rel\">\n\n        <div class=\"swiper-gallery pos-rel\">\n        <div class=\"swiper-wrapper\">\n                        <div class=\"swiper-slide standard-link\">\n                <a href=\"https:\/\/lume.ch\/wp-content\/uploads\/2026\/03\/lm-ag-hallenabsaugung-absauganlage-variocell.jpg\" data-featherlight=\"image\">\n                     <img decoding=\"async\" data-src=\"https:\/\/lume.ch\/wp-content\/uploads\/2026\/03\/lm-ag-hallenabsaugung-absauganlage-variocell.jpg\" alt=\"L+M-AG - Syst\u00e8me d&#039;aspiration en salle - Installation d&#039;aspiration - VarioCell\" src=\"data:image\/svg+xml;base64,PHN2ZyB3aWR0aD0iMSIgaGVpZ2h0PSIxIiB4bWxucz0iaHR0cDovL3d3dy53My5vcmcvMjAwMC9zdmciPjwvc3ZnPg==\" class=\"lazyload\" style=\"--smush-placeholder-width: 2000px; --smush-placeholder-aspect-ratio: 2000\/3450;\" \/>\n                <\/a>\n                <p class=\"wp-caption-text small-font-size\">L+M-AG &#8211; Syst\u00e8me d&#039;aspiration en salle &#8211; Installation d&#039;aspiration &#8211; VarioCell<\/p>\n            <\/div>\n                        <div class=\"swiper-slide standard-link\">\n                <a href=\"https:\/\/lume.ch\/wp-content\/uploads\/2026\/03\/lm-ag-hallenabsaugung-rohrleitung-arbeitsplatzabsaugung.jpg\" data-featherlight=\"image\">\n                     <img decoding=\"async\" data-src=\"https:\/\/lume.ch\/wp-content\/uploads\/2026\/03\/lm-ag-hallenabsaugung-rohrleitung-arbeitsplatzabsaugung.jpg\" alt=\"L+M AG Aspiration en atelier : Aspiration par conduits au poste de travail\" src=\"data:image\/svg+xml;base64,PHN2ZyB3aWR0aD0iMSIgaGVpZ2h0PSIxIiB4bWxucz0iaHR0cDovL3d3dy53My5vcmcvMjAwMC9zdmciPjwvc3ZnPg==\" class=\"lazyload\" style=\"--smush-placeholder-width: 2000px; --smush-placeholder-aspect-ratio: 2000\/3450;\" \/>\n                <\/a>\n                <p class=\"wp-caption-text small-font-size\">L+M-AG aspiration en atelier-tuyauterie-aspiration au poste de travail<\/p>\n            <\/div>\n                        <div class=\"swiper-slide standard-link\">\n                <a href=\"https:\/\/lume.ch\/wp-content\/uploads\/2026\/03\/lm-ag-hallenabsaugung-arbeitsplatzabsaugung-absaugarm.jpg\" data-featherlight=\"image\">\n                     <img decoding=\"async\" data-src=\"https:\/\/lume.ch\/wp-content\/uploads\/2026\/03\/lm-ag-hallenabsaugung-arbeitsplatzabsaugung-absaugarm.jpg\" alt=\"Syst\u00e8me d&#039;aspiration en hall - Conduites - Aspiration au poste de travail avec bras d&#039;aspiration\" src=\"data:image\/svg+xml;base64,PHN2ZyB3aWR0aD0iMSIgaGVpZ2h0PSIxIiB4bWxucz0iaHR0cDovL3d3dy53My5vcmcvMjAwMC9zdmciPjwvc3ZnPg==\" class=\"lazyload\" style=\"--smush-placeholder-width: 2000px; --smush-placeholder-aspect-ratio: 2000\/3450;\" \/>\n                <\/a>\n                <p class=\"wp-caption-text small-font-size\">Syst\u00e8me d&#039;aspiration en hall &#8211; Conduites &#8211; Aspiration au poste de travail avec bras d&#039;aspiration<\/p>\n            <\/div>\n                    <\/div>\n        <div class=\"swiper-pagination\"><\/div>\n    <\/div>\n    \n    <\/div>\n<\/div>\n<div  class=\"block block-content bg-weiss pb-mittel\">\n    <div class=\"main-container\">\n        <div class=\"content-container\">\n\n            \n\n    <h2 class=\"d3\">Aspirations de halls &#8211; planification et r\u00e9alisation par L+M AG<\/h2>\n\n    <p><span style=\"font-weight: 400;\">Les installations d&rsquo;aspiration et de d\u00e9poussi\u00e9rage de L+M AG sont utilis\u00e9es avec succ\u00e8s pour l&rsquo;aspiration de halls. Profitez de notre exp\u00e9rience de plusieurs d\u00e9cennies dans la technique d&rsquo;aspiration. Nous concevons votre syst\u00e8me d&rsquo;aspiration en fonction de vos processus de travail et de vos exigences. Pour un air sain dans le hall de production et pour la protection de vos collaborateurs.   <\/span><\/p>\n\n    \n    \n\n        <\/div>\n    <\/div>\n<\/div>\n<div  class=\"block block-personen bg-dunkelgrau pt-mittel pb-mittel\">\n    <div class=\"main-container\">\n\n        <h2 class=\"d3\">Vos contacts<\/h2>\n    \n    \n\n           \n            <p>Vous avez besoin d&rsquo;un conseil ou vous avez un projet ?<\/p>\n\n<div class=\"person mt-klein mb-50\">\n\n    <div class=\"person-bild\">\n                <div class=\"person-bild-inner\">\n            <img decoding=\"async\" width=\"890\" height=\"660\" data-src=\"https:\/\/lume.ch\/wp-content\/uploads\/2023\/09\/Staubli-Gregor5_DSC06531-890x660.jpg\" class=\"attachment-person size-person wp-post-image lazyload\" alt=\"LM AG Industriestahlbau Absauganlagen Gregor Staubli\" src=\"data:image\/svg+xml;base64,PHN2ZyB3aWR0aD0iMSIgaGVpZ2h0PSIxIiB4bWxucz0iaHR0cDovL3d3dy53My5vcmcvMjAwMC9zdmciPjwvc3ZnPg==\" style=\"--smush-placeholder-width: 890px; --smush-placeholder-aspect-ratio: 890\/660;\" \/>        <\/div>\n            <\/div>\n\n    <div class=\"person-inhalt\">\n                <h3 class=\"d4 color-orange\">Gregor Staubli<\/h3>\n                \n                  <p class=\"d6 mb-0 base-font-size\"><strong>Vente | Direction<\/strong><\/p>\n        \n                  <p>Directeur des ventes | Membre de la direction<\/p>\n        \n        <div class=\"links standard-link\">\n                          <p><a href=\"mailto:gregor.staubli@lume.ch\"><span class=\"mail\"><\/span> gregor.staubli@lume.ch<\/a><\/p>\n            \n                          <p><a href=\"tel:+41763631229\"><span class=\"tel\"><\/span> +41 76 363 12 29<\/a><\/p>\n            \n                          <p><a href=\"https:\/\/www.linkedin.com\/in\/gregor-staubli-12b17052\/\" target=\"_blank\" rel=\"nofollow noopener\"><span class=\"linkedin\"><\/span> Profil LinkedIn<\/a><\/p>\n                    <\/div>\n    <\/div>\n<\/div>\n\n  \n<div class=\"person mt-klein mb-50\">\n\n    <div class=\"person-bild\">\n                <div class=\"person-bild-inner\">\n            <img decoding=\"async\" width=\"890\" height=\"660\" data-src=\"https:\/\/lume.ch\/wp-content\/uploads\/2023\/11\/Hany-Marc2_Projektleiter_DSC06547-890x660.jpg\" class=\"attachment-person size-person wp-post-image lazyload\" alt=\"LM AG Industriestahlbau Absauganlagen Marc Hany Projektleiter\" src=\"data:image\/svg+xml;base64,PHN2ZyB3aWR0aD0iMSIgaGVpZ2h0PSIxIiB4bWxucz0iaHR0cDovL3d3dy53My5vcmcvMjAwMC9zdmciPjwvc3ZnPg==\" style=\"--smush-placeholder-width: 890px; --smush-placeholder-aspect-ratio: 890\/660;\" \/>        <\/div>\n            <\/div>\n\n    <div class=\"person-inhalt\">\n                <h3 class=\"d4 color-orange\">Marc Hany<\/h3>\n                \n                  <p class=\"d6 mb-0 base-font-size\"><strong>Chef de projet<\/strong><\/p>\n        \n                  <p>Installations d&rsquo;aspiration<\/p>\n        \n        <div class=\"links standard-link\">\n                          <p><a href=\"mailto:marc.hany@lume.ch\"><span class=\"mail\"><\/span> marc.hany@lume.ch<\/a><\/p>\n            \n                          <p><a href=\"tel:+41562978047\"><span class=\"tel\"><\/span> +41 56 297 80 47<\/a><\/p>\n            \n                          <p><a href=\"https:\/\/www.linkedin.com\/in\/marc-hany-aa8aa81a1\/\" target=\"_blank\" rel=\"nofollow noopener\"><span class=\"linkedin\"><\/span> Profil LinkedIn<\/a><\/p>\n                    <\/div>\n    <\/div>\n<\/div>\n\n  \n<div class=\"person mt-klein mb-50\">\n\n    <div class=\"person-bild\">\n                <div class=\"person-bild-inner\">\n            <img decoding=\"async\" width=\"890\" height=\"660\" data-src=\"https:\/\/lume.ch\/wp-content\/uploads\/2023\/11\/Shipman-Roy_F_DSC06646-890x660.png\" class=\"attachment-person size-person wp-post-image lazyload\" alt=\"LM AG Industriestahlbau Absauganlagen\" src=\"data:image\/svg+xml;base64,PHN2ZyB3aWR0aD0iMSIgaGVpZ2h0PSIxIiB4bWxucz0iaHR0cDovL3d3dy53My5vcmcvMjAwMC9zdmciPjwvc3ZnPg==\" style=\"--smush-placeholder-width: 890px; --smush-placeholder-aspect-ratio: 890\/660;\" \/>        <\/div>\n            <\/div>\n\n    <div class=\"person-inhalt\">\n                <h3 class=\"d4 color-orange\">Roy Shipman<\/h3>\n                \n                  <p class=\"d6 mb-0 base-font-size\"><strong>Vente<\/strong><\/p>\n        \n                  <p>Vendeur r\u00e9gional | Chef de projet<\/p>\n        \n        <div class=\"links standard-link\">\n                          <p><a href=\"mailto:roy.shipman@lume.ch\"><span class=\"mail\"><\/span> roy.shipman@lume.ch<\/a><\/p>\n            \n                          <p><a href=\"tel:+41765564096\"><span class=\"tel\"><\/span> +41 76 556 40 96<\/a><\/p>\n            \n                    <\/div>\n    <\/div>\n<\/div>\n\n  \n<div class=\"person mt-klein mb-50\">\n\n    <div class=\"person-bild\">\n                <div class=\"person-bild-inner\">\n            <img decoding=\"async\" width=\"890\" height=\"660\" data-src=\"https:\/\/lume.ch\/wp-content\/uploads\/2025\/04\/Pascal-Buehler-890x660.jpg\" class=\"attachment-person size-person wp-post-image lazyload\" alt=\"LM AG LM AG Industriestahlbau Absauganlagen Pascal B\u00fchler\" src=\"data:image\/svg+xml;base64,PHN2ZyB3aWR0aD0iMSIgaGVpZ2h0PSIxIiB4bWxucz0iaHR0cDovL3d3dy53My5vcmcvMjAwMC9zdmciPjwvc3ZnPg==\" style=\"--smush-placeholder-width: 890px; --smush-placeholder-aspect-ratio: 890\/660;\" \/>        <\/div>\n            <\/div>\n\n    <div class=\"person-inhalt\">\n                <h3 class=\"d4 color-orange\">Pascal B\u00fchler<\/h3>\n                \n                  <p class=\"d6 mb-0 base-font-size\"><strong>Vente<\/strong><\/p>\n        \n                  <p>Vendeur t\u00e9chnique<\/p>\n        \n        <div class=\"links standard-link\">\n                          <p><a href=\"mailto:pascal.buehler@lume.ch\"><span class=\"mail\"><\/span> pascal.buehler@lume.ch<\/a><\/p>\n            \n                          <p><a href=\"tel:+41565520867\"><span class=\"tel\"><\/span> +41 56 552 08 67<\/a><\/p>\n            \n                          <p><a href=\"https:\/\/www.linkedin.com\/in\/pascal-b%C3%BChler-0087b8172\/\" target=\"_blank\" rel=\"nofollow noopener\"><span class=\"linkedin\"><\/span> Profil LinkedIn<\/a><\/p>\n                    <\/div>\n    <\/div>\n<\/div>\n\n  \n    <\/div>\n<\/div>\n<div  class=\"block block-teaser bg-weiss pt-gross pb-gross white-small\">\n  <div class=\"main-container\">\n    \n        <div class=\"teaser-row\">\n      \n                          <a class=\"teaser\" href=\"https:\/\/lume.ch\/fr\/prestations\/#ingenierie-construction\" target=\"_self\">\n            \n              \n              \n              \n              <div class=\"inner\">\n                                                      <h2 class=\"d5\">Conseil pour des solutions individuelles<\/h2>\n                                  \n                                  <div class=\"teaser-inhalt\">La qualit\u00e9 sur mesure et selon vos besoins.<\/div>\n                              <\/div>\n\n                            <div class=\"teaser-cta transition\">Ing\u00e9nierie + construction<\/div>\n          <\/a>\n                  \n                        <a class=\"teaser\" href=\"https:\/\/lume.ch\/fr\/prestations\/#gestion-de-projet\" target=\"_self\">\n            \n              \n              \n              \n              <div class=\"inner\">\n                                                      <h2 class=\"d5\">Un savoir-faire d&rsquo;\u00e9gal \u00e0 \u00e9gal<\/h2>\n                                  \n                                  <div class=\"teaser-inhalt\">Nous vous accompagnons de A \u00e0 Z. Du d\u00e9veloppement de la solution, de la planification, de la construction jusqu&rsquo;au montage sur place.<\/div>\n                              <\/div>\n\n                            <div class=\"teaser-cta transition\">Gestion de projet<\/div>\n          <\/a>\n                  \n                        <a class=\"teaser\" href=\"https:\/\/lume.ch\/fr\/prestations\/#ingenierie-construction\" target=\"_self\">\n            \n              \n              \n              \n              <div class=\"inner\">\n                                                      <h2 class=\"d5\">Test, mesure + certification<\/h2>\n                                  \n                                  <div class=\"teaser-inhalt\">Nos produits sont fabriqu\u00e9s et purg\u00e9s selon les technologies et les normes les plus r\u00e9centes.<\/div>\n                              <\/div>\n\n                            <div class=\"teaser-cta transition\">  Gestion de la qualit\u00e9<\/div>\n          <\/a>\n                  \n              <\/div>\n  <\/div>\n<\/div>\n","protected":false},"excerpt":{"rendered":"","protected":false},"author":1,"featured_media":0,"parent":13868,"menu_order":0,"comment_status":"closed","ping_status":"closed","template":"tpl-front-page.php","meta":{"_acf_changed":false,"footnotes":""},"class_list":["post-16937","page","type-page","status-publish","hentry"],"acf":[],"_links":{"self":[{"href":"https:\/\/lume.ch\/fr\/wp-json\/wp\/v2\/pages\/16937","targetHints":{"allow":["GET"]}}],"collection":[{"href":"https:\/\/lume.ch\/fr\/wp-json\/wp\/v2\/pages"}],"about":[{"href":"https:\/\/lume.ch\/fr\/wp-json\/wp\/v2\/types\/page"}],"author":[{"embeddable":true,"href":"https:\/\/lume.ch\/fr\/wp-json\/wp\/v2\/users\/1"}],"replies":[{"embeddable":true,"href":"https:\/\/lume.ch\/fr\/wp-json\/wp\/v2\/comments?post=16937"}],"version-history":[{"count":3,"href":"https:\/\/lume.ch\/fr\/wp-json\/wp\/v2\/pages\/16937\/revisions"}],"predecessor-version":[{"id":17368,"href":"https:\/\/lume.ch\/fr\/wp-json\/wp\/v2\/pages\/16937\/revisions\/17368"}],"up":[{"embeddable":true,"href":"https:\/\/lume.ch\/fr\/wp-json\/wp\/v2\/pages\/13868"}],"wp:attachment":[{"href":"https:\/\/lume.ch\/fr\/wp-json\/wp\/v2\/media?parent=16937"}],"curies":[{"name":"wp","href":"https:\/\/api.w.org\/{rel}","templated":true}]}}