{"id":16925,"date":"2025-12-08T13:41:39","date_gmt":"2025-12-08T12:41:39","guid":{"rendered":"https:\/\/lume.ch\/installations-daspiration\/atex\/"},"modified":"2026-04-12T14:17:09","modified_gmt":"2026-04-12T12:17:09","slug":"atex","status":"publish","type":"page","link":"https:\/\/lume.ch\/fr\/installations-daspiration\/atex\/","title":{"rendered":"ATEX"},"content":{"rendered":"\n<div  class=\"block block-header  header-text\">\n\n            <div class=\"main-container container-padding-top pb-mittel has-breadcrumb\"> \n          \n            <div class=\"content-container\">\n            \n                \n                                <h1 class=\"d1 color-orange\">ATEX<\/h1>\n                 \n                                <div class=\"lead-font-size\"><p>Chez L+M AG, les installations d&rsquo;aspiration et de filtration sont con\u00e7ues conform\u00e9ment \u00e0 la norme ATEX. Les ATEX (Atmosph\u00e8res Explosibles) sont des directives europ\u00e9ennes qui r\u00e9gissent l&rsquo;utilisation d&rsquo;installations dans le secteur industriel avec des poussi\u00e8res, des gaz ou des vapeurs inflammables \u00e0 des fins de protection contre les incendies et les explosions. <\/p>\n<\/div>\n                            <\/div>\n        <\/div>\n    <\/div>\n\n\n<div  class=\"block block-image bg-weiss pb-mittel\">\n    <div class=\"main-container\">\n        <div class=\"image-container\">\n            <img decoding=\"async\" width=\"1024\" height=\"656\" data-src=\"https:\/\/lume.ch\/wp-content\/uploads\/2026\/03\/lm-ag-brandschutz-und-explosionsschutz-atex-logo-ii-1024\u00d7656.jpg\" class=\"attachment-large size-large lazyload\" alt=\"ATEX Symbol\" data-srcset=\"https:\/\/lume.ch\/wp-content\/uploads\/2026\/03\/lm-ag-brandschutz-und-explosionsschutz-atex-logo-ii-1024\u00d7656.jpg 1024w, https:\/\/lume.ch\/wp-content\/uploads\/2026\/03\/lm-ag-brandschutz-und-explosionsschutz-atex-logo-ii-1024\u00d7656-400x256.jpg 400w\" data-sizes=\"(max-width: 1024px) 100vw, 1024px\" src=\"data:image\/svg+xml;base64,PHN2ZyB3aWR0aD0iMSIgaGVpZ2h0PSIxIiB4bWxucz0iaHR0cDovL3d3dy53My5vcmcvMjAwMC9zdmciPjwvc3ZnPg==\" style=\"--smush-placeholder-width: 1024px; --smush-placeholder-aspect-ratio: 1024\/656;\" \/>        <\/div>\n    \n            <\/div>\n<\/div>\n\n\n<div  class=\"block block-content bg-weiss pb-mittel\">\n    <div class=\"main-container\">\n        <div class=\"content-container\">\n\n            \n\n    <h2 class=\"d3\">POUSSI\u00c8RES COMBUSTIBLES<\/h2>\n\n    <p>De nombreux processus industriels produisent des poussi\u00e8res, des gaz ou des vapeurs inflammables lors du traitement et de la transformation. D\u00e8s qu&rsquo;elles sont capt\u00e9es par une installation d&rsquo;aspiration ou de d\u00e9poussi\u00e9rage, les poussi\u00e8res fines en particulier peuvent s&rsquo;enflammer en forte concentration et provoquer une explosion. Les poussi\u00e8res de m\u00e9tal, de plastique, de bois ou de produits alimentaires en sont des exemples.  <\/p>\n<h2>DIRECTIVES ATEX<\/h2>\n<p>Les directives pertinentes se distinguent en :<\/p>\n<ul>\n<li><strong>Directive produits ATEX (2014\/34\/UE) :<\/strong><br \/>\nElle r\u00e9git les exigences applicables aux installations et aux syst\u00e8mes de protection utilis\u00e9s dans les zones \u00e0 risque d&rsquo;explosion.<\/li>\n<li><strong>Directive d&rsquo;exploitation ATEX (1999\/92\/CE) :<\/strong><br \/>\nElle d\u00e9finit les obligations des exploitants, par exemple le zonage et l&rsquo;\u00e9valuation des risques.<\/li>\n<\/ul>\n<p>Ces directives contiennent les exigences fondamentales en mati\u00e8re de sant\u00e9 et de s\u00e9curit\u00e9 qui doivent \u00eatre respect\u00e9es par le fabricant et prouv\u00e9es par l&rsquo;exploitant au moyen de proc\u00e9dures d&rsquo;\u00e9valuation de la conformit\u00e9 appropri\u00e9es.<\/p>\n<p>Les locaux d&rsquo;exploitation doivent \u00eatre class\u00e9s en zones en fonction de la probabilit\u00e9 et de la dur\u00e9e d&rsquo;apparition d&rsquo;une atmosph\u00e8re explosive, selon le syst\u00e8me suivant :<\/p>\n<h3>Classification dans une cat\u00e9gorie d&rsquo;\u00e9quipement selon la directive ATEX 20114\/34\/UE<\/h3>\n<p>&nbsp;<\/p>\n<p><img decoding=\"async\" data-src=\"https:\/\/lume.ch\/wp-content\/uploads\/2026\/03\/lm-groupe-dappareils-ii-fr.jpg\" alt=\"lm-groupe dappareils-II-fr\" width=\"2127\" height=\"1060\" class=\"alignleft size-full wp-image-17015 lazyload\" data-srcset=\"https:\/\/lume.ch\/wp-content\/uploads\/2026\/03\/lm-groupe-dappareils-ii-fr.jpg 2127w, https:\/\/lume.ch\/wp-content\/uploads\/2026\/03\/lm-groupe-dappareils-ii-fr-400x199.jpg 400w\" data-sizes=\"(max-width: 2127px) 100vw, 2127px\" src=\"data:image\/svg+xml;base64,PHN2ZyB3aWR0aD0iMSIgaGVpZ2h0PSIxIiB4bWxucz0iaHR0cDovL3d3dy53My5vcmcvMjAwMC9zdmciPjwvc3ZnPg==\" style=\"--smush-placeholder-width: 2127px; --smush-placeholder-aspect-ratio: 2127\/1060;\" \/><\/p>\n\n    \n    \n\n        <\/div>\n    <\/div>\n<\/div>\n\n\n<div  class=\"block block-content bg-weiss pb-mittel\">\n    <div class=\"main-container\">\n        <div class=\"content-container\">\n\n            \n\n    <h2 class=\"d3\">Impressions d&rsquo;une explosion de poussi\u00e8re<\/h2>\n\n    <div style=\"width: 1920px;\" class=\"wp-video\"><video class=\"wp-video-shortcode\" id=\"video-16925-1\" width=\"1920\" height=\"1080\" preload=\"metadata\" controls=\"controls\"><source type=\"video\/mp4\" src=\"https:\/\/lume.ch\/wp-content\/uploads\/2026\/03\/atex-video-explosion-in-druckkessel.m4v?_=1\" \/><a href=\"https:\/\/lume.ch\/wp-content\/uploads\/2026\/03\/atex-video-explosion-in-druckkessel.m4v\">https:\/\/lume.ch\/wp-content\/uploads\/2026\/03\/atex-video-explosion-in-druckkessel.m4v<\/a><\/video><\/div>\n\n    \n    \n\n        <\/div>\n    <\/div>\n<\/div>\n\n\n<div  class=\"block block-content bg-weiss pt-mittel pb-mittel\">\n    <div class=\"main-container\">\n        <div class=\"content-container\">\n\n            \n\n    <h2 class=\"d3\">SYST\u00c8MES D&rsquo;ASPIRATION ET DE FILTRATION CONFORMES \u00c0 LA NORME ATEX<\/h2>\n\n    <h3>Existe-t-il une zone \u00e0 risque d&rsquo;explosion ?<\/h3>\n<p>Une analyse des poussi\u00e8res du processus de traitement et de transformation d&rsquo;un mat\u00e9riau, les zones ATEX applicables jusqu&rsquo;aux conditions spatiales permettent de d\u00e9terminer l&rsquo;utilisation de l&rsquo;installation d&rsquo;aspiration et de filtrage appropri\u00e9e.<\/p>\n<p>Chez L+M AG Absauganlagen, nous trouvons la solution optimale pour votre entreprise. S\u00fbre, efficace et adapt\u00e9e \u00e0 vos besoins. <\/p>\n\n    \n    \n\n        <\/div>\n    <\/div>\n<\/div>\n\n\n<div  class=\"block block-image bg-weiss pb-mittel hochformat\">\n    <div class=\"main-container\">\n        <div class=\"image-container\">\n            <img decoding=\"async\" width=\"660\" height=\"1024\" data-src=\"https:\/\/lume.ch\/wp-content\/uploads\/2026\/03\/lm-ag-absauganlage-explosionsschutz-co2-atex-konforme-bauweise.jpg\" class=\"attachment-large size-large lazyload\" alt=\"L+M AG Syst\u00e8me d&#039;aspiration conforme \u00e0 la norme ATEX\" data-srcset=\"https:\/\/lume.ch\/wp-content\/uploads\/2026\/03\/lm-ag-absauganlage-explosionsschutz-co2-atex-konforme-bauweise.jpg 1728w, https:\/\/lume.ch\/wp-content\/uploads\/2026\/03\/lm-ag-absauganlage-explosionsschutz-co2-atex-konforme-bauweise-258x400.jpg 258w\" data-sizes=\"(max-width: 660px) 100vw, 660px\" src=\"data:image\/svg+xml;base64,PHN2ZyB3aWR0aD0iMSIgaGVpZ2h0PSIxIiB4bWxucz0iaHR0cDovL3d3dy53My5vcmcvMjAwMC9zdmciPjwvc3ZnPg==\" style=\"--smush-placeholder-width: 660px; --smush-placeholder-aspect-ratio: 660\/1024;\" \/>        <\/div>\n    \n                <div class=\"caption small-font-size\">Syst\u00e8me d&rsquo;aspiration conforme \u00e0 la norme ATEX<\/div>\n            <\/div>\n<\/div>\n\n\n<div  class=\"block block-content bg-weiss pb-mittel\">\n    <div class=\"main-container\">\n        <div class=\"content-container\">\n\n            \n\n\n    <p>Dans de nombreux cas pratiques, il est impossible ou impraticable, pour diverses raisons, de concevoir tous les \u00e9l\u00e9ments de l&rsquo;installation de mani\u00e8re suffisamment massive pour r\u00e9sister \u00e0 la pression maximale d&rsquo;explosion allant jusqu&rsquo;\u00e0 10 bars &#8211; sans ou avec d\u00e9formation.<\/p>\n<p>Pour \u00e9viter la d\u00e9chirure des parties de l&rsquo;installation en cas d&rsquo;explosion, il faut prendre des mesures constructives suppl\u00e9mentaires qui limitent la pression d&rsquo;explosion maximale \u00e0 la pression d&rsquo;explosion r\u00e9duite maximale supportable par l&rsquo;installation. De telles mesures sont la suppression de l&rsquo;explosion ou la d\u00e9charge de la pression d&rsquo;explosion. <\/p>\n<h2>SUPPRESSION DES EXPLOSIONS<\/h2>\n<p>La suppression de l&rsquo;explosion est un proc\u00e9d\u00e9 par lequel la combustion d&rsquo;une atmosph\u00e8re explosive dans un volume ferm\u00e9 ou essentiellement ferm\u00e9 est d\u00e9tect\u00e9e et interrompue dans la phase initiale par l&rsquo;ajout d&rsquo;un agent d&rsquo;extinction appropri\u00e9, par exemple une poudre d&rsquo;extinction, afin d&#8217;emp\u00eacher une mont\u00e9e en pression dangereuse.<\/p>\n\n    \n    \n\n        <\/div>\n    <\/div>\n<\/div>\n\n\n<div  class=\"block block-content bg-weiss pb-mittel\">\n    <div class=\"main-container\">\n        <div class=\"content-container\">\n\n            \n\n    <h2 class=\"d3\">D\u00c9CHARGE DE PRESSION D&rsquo;EXPLOSION<\/h2>\n\n    <p>La d\u00e9charge de la pression d&rsquo;explosion a pour but d&#8217;emp\u00eacher l&rsquo;accumulation d&rsquo;une pression d&rsquo;explosion \u00e9lev\u00e9e inadmissible \u00e0 l&rsquo;int\u00e9rieur de r\u00e9cipients, comme par exemple dans une installation d&rsquo;aspiration, en lib\u00e9rant \u00e0 temps des ouvertures d\u00e9finies.<\/p>\n<h3>Disques de rupture<\/h3>\n<p>L+M AG utilise par exemple des disques de rupture pour r\u00e9duire la pression dans les syst\u00e8mes d&rsquo;aspiration et de filtration<br \/>\nLes disques de rupture sont des dispositifs de s\u00e9curit\u00e9 avec des points de rupture d\u00e9finis qui r\u00e9agissent \u00e0 la pression correspondante et sont utilis\u00e9s pour r\u00e9duire la pression.<\/p>\n<p><img decoding=\"async\" class=\"alignnone wp-image-16322 size-medium lazyload\" data-src=\"https:\/\/lume.ch\/wp-content\/uploads\/2026\/03\/LM-AG-Brandschutz-und-Explosionsschutz-ATEX-Berstscheibe-e1772715035468-400x323.png\" alt=\"\" width=\"400\" height=\"323\" src=\"data:image\/svg+xml;base64,PHN2ZyB3aWR0aD0iMSIgaGVpZ2h0PSIxIiB4bWxucz0iaHR0cDovL3d3dy53My5vcmcvMjAwMC9zdmciPjwvc3ZnPg==\" style=\"--smush-placeholder-width: 400px; --smush-placeholder-aspect-ratio: 400\/323;\"><\/p>\n<h3>D\u00e9charge de la pression d&rsquo;explosion sans flamme<\/h3>\n<p>La d\u00e9charge de pression d&rsquo;explosion sans flamme vous offre la solution la plus s\u00fbre et la plus \u00e9conomique dans les espaces int\u00e9rieurs de production et permet, dans les espaces ferm\u00e9s, une d\u00e9charge de pression d&rsquo;explosion sans propagation de flamme ni de poussi\u00e8re.<\/p>\n<p><img decoding=\"async\" class=\"alignnone wp-image-16325 size-medium lazyload\" data-src=\"https:\/\/lume.ch\/wp-content\/uploads\/2026\/03\/LM-AG-Brandschutz-und-Explosionsschutz-ATEX-Flammenlose-Explosionsdruckentlastung-e1772715223753-268x400.png\" alt=\"\" width=\"268\" height=\"400\" src=\"data:image\/svg+xml;base64,PHN2ZyB3aWR0aD0iMSIgaGVpZ2h0PSIxIiB4bWxucz0iaHR0cDovL3d3dy53My5vcmcvMjAwMC9zdmciPjwvc3ZnPg==\" style=\"--smush-placeholder-width: 268px; --smush-placeholder-aspect-ratio: 268\/400;\"><\/p>\n<h3>Clapet anti-retour<\/h3>\n<p>Le clapet anti-retour se bloque efficacement en cas d&rsquo;explosion de poussi\u00e8res dans les parties de l&rsquo;installation situ\u00e9es en amont et en aval (syst\u00e8mes de filtration, s\u00e9parateurs cycloniques, etc.).<br \/>\nIl est utilis\u00e9 dans les lignes d&rsquo;alimentation et d&rsquo;\u00e9vacuation d&rsquo;une installation de filtration pour prot\u00e9ger les parties adjacentes de l&rsquo;installation contre une explosion. En cas d&rsquo;explosion, le clapet se ferme, reste verrouill\u00e9 et emp\u00eache le passage des flammes. <\/p>\n<p><img decoding=\"async\" class=\"alignnone wp-image-16318 size-medium lazyload\" data-src=\"https:\/\/lume.ch\/wp-content\/uploads\/2026\/03\/LM-AG-Brandschutz-und-Explosionsschutz-ATEX-Rueckschlagklappe-e1772715292349-400x330.png\" alt=\"\" width=\"400\" height=\"330\" src=\"data:image\/svg+xml;base64,PHN2ZyB3aWR0aD0iMSIgaGVpZ2h0PSIxIiB4bWxucz0iaHR0cDovL3d3dy53My5vcmcvMjAwMC9zdmciPjwvc3ZnPg==\" style=\"--smush-placeholder-width: 400px; --smush-placeholder-aspect-ratio: 400\/330;\"><\/p>\n\n    \n    \n\n        <\/div>\n    <\/div>\n<\/div>\n\n\n<div  class=\"block block-content bg-weiss pb-mittel\">\n    <div class=\"main-container\">\n        <div class=\"content-container\">\n\n            \n\n    <h2 class=\"d3\">SECTEURS CONCERN\u00c9S PAR L&rsquo;ATEX<\/h2>\n\n    \n    <div class=\"columns-2-count\">\n        <div class=\"column\">\n            <ul>\n<li>Peintures + vernis<\/li>\n<li>Aliments pour animaux<\/li>\n<li>Transformation du bois<\/li>\n<li>Plastique<\/li>\n<li>Alimentation et boissons<\/li>\n<\/ul>\n\n                    <\/div>\n\n        <div class=\"column\">\n            <ul>\n<li>Technique m\u00e9dicale<\/li>\n<li>Industrie m\u00e9tallurgique<\/li>\n<li>Pharmacie + chimie<\/li>\n<li>Traitement des textiles<\/li>\n<li>Environnement + \u00e9nergie<\/li>\n<\/ul>\n\n                    <\/div>\n    <\/div>\n    \n\n        <\/div>\n    <\/div>\n<\/div>\n\n\n<div  class=\"block block-personen bg-dunkelgrau pt-mittel pb-mittel\">\n    <div class=\"main-container\">\n\n        <h2 class=\"d3\">Vos contacts<\/h2>\n    \n    \n\n           \n            <p>Vous avez besoin d&rsquo;un conseil ou vous avez un projet ?<\/p>\n\n<div class=\"person mt-klein mb-50\">\n\n    <div class=\"person-bild\">\n                <div class=\"person-bild-inner\">\n            <img decoding=\"async\" width=\"890\" height=\"660\" data-src=\"https:\/\/lume.ch\/wp-content\/uploads\/2023\/09\/Staubli-Gregor5_DSC06531-890x660.jpg\" class=\"attachment-person size-person wp-post-image lazyload\" alt=\"LM AG Industriestahlbau Absauganlagen Gregor Staubli\" src=\"data:image\/svg+xml;base64,PHN2ZyB3aWR0aD0iMSIgaGVpZ2h0PSIxIiB4bWxucz0iaHR0cDovL3d3dy53My5vcmcvMjAwMC9zdmciPjwvc3ZnPg==\" style=\"--smush-placeholder-width: 890px; --smush-placeholder-aspect-ratio: 890\/660;\" \/>        <\/div>\n            <\/div>\n\n    <div class=\"person-inhalt\">\n                <h3 class=\"d4 color-orange\">Gregor Staubli<\/h3>\n                \n                  <p class=\"d6 mb-0 base-font-size\"><strong>Vente | Direction<\/strong><\/p>\n        \n                  <p>Directeur des ventes | Membre de la direction<\/p>\n        \n        <div class=\"links standard-link\">\n                          <p><a href=\"mailto:gregor.staubli@lume.ch\"><span class=\"mail\"><\/span> gregor.staubli@lume.ch<\/a><\/p>\n            \n                          <p><a href=\"tel:+41763631229\"><span class=\"tel\"><\/span> +41 76 363 12 29<\/a><\/p>\n            \n                          <p><a href=\"https:\/\/www.linkedin.com\/in\/gregor-staubli-12b17052\/\" target=\"_blank\" rel=\"nofollow noopener\"><span class=\"linkedin\"><\/span> Profil LinkedIn<\/a><\/p>\n                    <\/div>\n    <\/div>\n<\/div>\n\n  \n<div class=\"person mt-klein mb-50\">\n\n    <div class=\"person-bild\">\n                <div class=\"person-bild-inner\">\n            <img decoding=\"async\" width=\"890\" height=\"660\" data-src=\"https:\/\/lume.ch\/wp-content\/uploads\/2023\/11\/Hany-Marc2_Projektleiter_DSC06547-890x660.jpg\" class=\"attachment-person size-person wp-post-image lazyload\" alt=\"LM AG Industriestahlbau Absauganlagen Marc Hany Projektleiter\" src=\"data:image\/svg+xml;base64,PHN2ZyB3aWR0aD0iMSIgaGVpZ2h0PSIxIiB4bWxucz0iaHR0cDovL3d3dy53My5vcmcvMjAwMC9zdmciPjwvc3ZnPg==\" style=\"--smush-placeholder-width: 890px; --smush-placeholder-aspect-ratio: 890\/660;\" \/>        <\/div>\n            <\/div>\n\n    <div class=\"person-inhalt\">\n                <h3 class=\"d4 color-orange\">Marc Hany<\/h3>\n                \n                  <p class=\"d6 mb-0 base-font-size\"><strong>Chef de projet<\/strong><\/p>\n        \n                  <p>Installations d&rsquo;aspiration<\/p>\n        \n        <div class=\"links standard-link\">\n                          <p><a href=\"mailto:marc.hany@lume.ch\"><span class=\"mail\"><\/span> marc.hany@lume.ch<\/a><\/p>\n            \n                          <p><a href=\"tel:+41562978047\"><span class=\"tel\"><\/span> +41 56 297 80 47<\/a><\/p>\n            \n                          <p><a href=\"https:\/\/www.linkedin.com\/in\/marc-hany-aa8aa81a1\/\" target=\"_blank\" rel=\"nofollow noopener\"><span class=\"linkedin\"><\/span> Profil LinkedIn<\/a><\/p>\n                    <\/div>\n    <\/div>\n<\/div>\n\n  \n<div class=\"person mt-klein mb-50\">\n\n    <div class=\"person-bild\">\n                <div class=\"person-bild-inner\">\n            <img decoding=\"async\" width=\"890\" height=\"660\" data-src=\"https:\/\/lume.ch\/wp-content\/uploads\/2023\/11\/Shipman-Roy_F_DSC06646-890x660.png\" class=\"attachment-person size-person wp-post-image lazyload\" alt=\"LM AG Industriestahlbau Absauganlagen\" src=\"data:image\/svg+xml;base64,PHN2ZyB3aWR0aD0iMSIgaGVpZ2h0PSIxIiB4bWxucz0iaHR0cDovL3d3dy53My5vcmcvMjAwMC9zdmciPjwvc3ZnPg==\" style=\"--smush-placeholder-width: 890px; --smush-placeholder-aspect-ratio: 890\/660;\" \/>        <\/div>\n            <\/div>\n\n    <div class=\"person-inhalt\">\n                <h3 class=\"d4 color-orange\">Roy Shipman<\/h3>\n                \n                  <p class=\"d6 mb-0 base-font-size\"><strong>Vente<\/strong><\/p>\n        \n                  <p>Vendeur r\u00e9gional | Chef de projet<\/p>\n        \n        <div class=\"links standard-link\">\n                          <p><a href=\"mailto:roy.shipman@lume.ch\"><span class=\"mail\"><\/span> roy.shipman@lume.ch<\/a><\/p>\n            \n                          <p><a href=\"tel:+41765564096\"><span class=\"tel\"><\/span> +41 76 556 40 96<\/a><\/p>\n            \n                    <\/div>\n    <\/div>\n<\/div>\n\n  \n<div class=\"person mt-klein mb-50\">\n\n    <div class=\"person-bild\">\n                <div class=\"person-bild-inner\">\n            <img decoding=\"async\" width=\"890\" height=\"660\" data-src=\"https:\/\/lume.ch\/wp-content\/uploads\/2025\/04\/Pascal-Buehler-890x660.jpg\" class=\"attachment-person size-person wp-post-image lazyload\" alt=\"LM AG LM AG Industriestahlbau Absauganlagen Pascal B\u00fchler\" src=\"data:image\/svg+xml;base64,PHN2ZyB3aWR0aD0iMSIgaGVpZ2h0PSIxIiB4bWxucz0iaHR0cDovL3d3dy53My5vcmcvMjAwMC9zdmciPjwvc3ZnPg==\" style=\"--smush-placeholder-width: 890px; --smush-placeholder-aspect-ratio: 890\/660;\" \/>        <\/div>\n            <\/div>\n\n    <div class=\"person-inhalt\">\n                <h3 class=\"d4 color-orange\">Pascal B\u00fchler<\/h3>\n                \n                  <p class=\"d6 mb-0 base-font-size\"><strong>Vente<\/strong><\/p>\n        \n                  <p>Vendeur t\u00e9chnique<\/p>\n        \n        <div class=\"links standard-link\">\n                          <p><a href=\"mailto:pascal.buehler@lume.ch\"><span class=\"mail\"><\/span> pascal.buehler@lume.ch<\/a><\/p>\n            \n                          <p><a href=\"tel:+41565520867\"><span class=\"tel\"><\/span> +41 56 552 08 67<\/a><\/p>\n            \n                          <p><a href=\"https:\/\/www.linkedin.com\/in\/pascal-b%C3%BChler-0087b8172\/\" target=\"_blank\" rel=\"nofollow noopener\"><span class=\"linkedin\"><\/span> Profil LinkedIn<\/a><\/p>\n                    <\/div>\n    <\/div>\n<\/div>\n\n  \n    <\/div>\n<\/div>\n\n\n<div  class=\"block block-teaser bg-weiss pt-gross pb-gross white-small\">\n  <div class=\"main-container\">\n    \n        <div class=\"teaser-row\">\n      \n                          <a class=\"teaser\" href=\"https:\/\/lume.ch\/fr\/prestations\/#ingenierie-construction\" target=\"_self\">\n            \n              \n              \n              \n              <div class=\"inner\">\n                                                      <h2 class=\"d5\">Conseil pour des solutions individuelles<\/h2>\n                                  \n                                  <div class=\"teaser-inhalt\">La qualit\u00e9 sur mesure et selon vos besoins.<\/div>\n                              <\/div>\n\n                            <div class=\"teaser-cta transition\">Ing\u00e9nierie + construction<\/div>\n          <\/a>\n                  \n                        <a class=\"teaser\" href=\"https:\/\/lume.ch\/fr\/prestations\/#gestion-de-projet\" target=\"_self\">\n            \n              \n              \n              \n              <div class=\"inner\">\n                                                      <h2 class=\"d5\">Un savoir-faire d&rsquo;\u00e9gal \u00e0 \u00e9gal<\/h2>\n                                  \n                                  <div class=\"teaser-inhalt\">Nous vous accompagnons de A \u00e0 Z. Du d\u00e9veloppement de la solution, de la planification, de la construction jusqu&rsquo;au montage sur place.<\/div>\n                              <\/div>\n\n                            <div class=\"teaser-cta transition\">Gestion de projet<\/div>\n          <\/a>\n                  \n                        <a class=\"teaser\" href=\"https:\/\/lume.ch\/fr\/prestations\/#gestion-de-la-qualite\" target=\"_self\">\n            \n              \n              \n              \n              <div class=\"inner\">\n                                                      <h2 class=\"d5\">Test, mesure + certification<\/h2>\n                                  \n                                  <div class=\"teaser-inhalt\">Nos produits sont fabriqu\u00e9s et purg\u00e9s selon les technologies et les normes les plus r\u00e9centes.<\/div>\n                              <\/div>\n\n                            <div class=\"teaser-cta transition\">  Gestion de la qualit\u00e9<\/div>\n          <\/a>\n                  \n              <\/div>\n  <\/div>\n<\/div>\n","protected":false},"excerpt":{"rendered":"","protected":false},"author":1,"featured_media":0,"parent":13868,"menu_order":0,"comment_status":"closed","ping_status":"closed","template":"tpl-front-page.php","meta":{"_acf_changed":false,"footnotes":""},"class_list":["post-16925","page","type-page","status-publish","hentry"],"acf":[],"_links":{"self":[{"href":"https:\/\/lume.ch\/fr\/wp-json\/wp\/v2\/pages\/16925","targetHints":{"allow":["GET"]}}],"collection":[{"href":"https:\/\/lume.ch\/fr\/wp-json\/wp\/v2\/pages"}],"about":[{"href":"https:\/\/lume.ch\/fr\/wp-json\/wp\/v2\/types\/page"}],"author":[{"embeddable":true,"href":"https:\/\/lume.ch\/fr\/wp-json\/wp\/v2\/users\/1"}],"replies":[{"embeddable":true,"href":"https:\/\/lume.ch\/fr\/wp-json\/wp\/v2\/comments?post=16925"}],"version-history":[{"count":8,"href":"https:\/\/lume.ch\/fr\/wp-json\/wp\/v2\/pages\/16925\/revisions"}],"predecessor-version":[{"id":17418,"href":"https:\/\/lume.ch\/fr\/wp-json\/wp\/v2\/pages\/16925\/revisions\/17418"}],"up":[{"embeddable":true,"href":"https:\/\/lume.ch\/fr\/wp-json\/wp\/v2\/pages\/13868"}],"wp:attachment":[{"href":"https:\/\/lume.ch\/fr\/wp-json\/wp\/v2\/media?parent=16925"}],"curies":[{"name":"wp","href":"https:\/\/api.w.org\/{rel}","templated":true}]}}