{"id":16921,"date":"2025-12-08T11:53:49","date_gmt":"2025-12-08T10:53:49","guid":{"rendered":"https:\/\/lume.ch\/installations-daspiration\/analyse-de-la-poussiere\/"},"modified":"2026-04-12T11:02:25","modified_gmt":"2026-04-12T09:02:25","slug":"analyse-de-la-poussiere","status":"publish","type":"page","link":"https:\/\/lume.ch\/fr\/installations-daspiration\/service-des-installations-daspiration\/analyse-de-la-poussiere\/","title":{"rendered":"Analyse de la poussi\u00e8re"},"content":{"rendered":"\n<div  class=\"block block-header  header-text\">\n\n            <div class=\"main-container container-padding-top pb-mittel has-breadcrumb\"> \n          \n            <div class=\"content-container\">\n            \n                \n                                <h1 class=\"d1 color-orange\">Analyse des poussi\u00e8res dans le cadre de la solution d&rsquo;aspiration<\/h1>\n                 \n                                <div class=\"lead-font-size\"><p>La poussi\u00e8re est-elle grossi\u00e8re, fine, collante, humide ou m\u00eame nocive ? Une analyse de la poussi\u00e8re permet d&rsquo;y voir plus clair et sert chez L+M AG \u00e0 concevoir l&rsquo;installation d&rsquo;aspiration et de filtrage adapt\u00e9e \u00e0 la technique de d\u00e9poussi\u00e9rage industriel. <\/p>\n<\/div>\n                            <\/div>\n        <\/div>\n    <\/div>\n\n\n<div  class=\"block block-image bg-weiss pb-mittel\">\n    <div class=\"main-container\">\n        <div class=\"image-container\">\n            <img decoding=\"async\" width=\"1024\" height=\"510\" data-src=\"https:\/\/lume.ch\/wp-content\/uploads\/2026\/02\/lm-ag-staubanalysen-staubprobe-austrag-cnc-maschine.jpg\" class=\"attachment-large size-large lazyload\" alt=\"\u00c9chantillon de poussi\u00e8re Machine CNC d&#039;extraction\" data-srcset=\"https:\/\/lume.ch\/wp-content\/uploads\/2026\/02\/lm-ag-staubanalysen-staubprobe-austrag-cnc-maschine.jpg 3378w, https:\/\/lume.ch\/wp-content\/uploads\/2026\/02\/lm-ag-staubanalysen-staubprobe-austrag-cnc-maschine-400x199.jpg 400w\" data-sizes=\"(max-width: 1024px) 100vw, 1024px\" src=\"data:image\/svg+xml;base64,PHN2ZyB3aWR0aD0iMSIgaGVpZ2h0PSIxIiB4bWxucz0iaHR0cDovL3d3dy53My5vcmcvMjAwMC9zdmciPjwvc3ZnPg==\" style=\"--smush-placeholder-width: 1024px; --smush-placeholder-aspect-ratio: 1024\/510;\" \/>        <\/div>\n    \n                <div class=\"caption small-font-size\">Machine CNC d&rsquo;extraction d&rsquo;\u00e9chantillons de poussi\u00e8re  <\/div>\n            <\/div>\n<\/div>\n\n\n<div  class=\"block block-content bg-weiss pb-mittel\">\n    <div class=\"main-container\">\n        <div class=\"content-container\">\n\n            \n\n    <h2 class=\"d3\">POURQUOI UNE ANALYSE DE LA POUSSI\u00c8RE ?<\/h2>\n\n    <p>L+M AG con\u00e7oit et fabrique dans le monde entier des syst\u00e8mes d&rsquo;aspiration et de filtration bas\u00e9s sur des analyses m\u00e9ticuleuses de la poussi\u00e8re g\u00e9n\u00e9r\u00e9e par un processus de production. Les analyses de poussi\u00e8re fournissent des informations sur la nature, la composition, les propri\u00e9t\u00e9s et la taille des particules de poussi\u00e8re et sur leurs effets sur un produit, sur la qualit\u00e9 de l&rsquo;air dans l&rsquo;environnement de travail, sur ses collaborateurs et sur l&rsquo;environnement. <\/p>\n<p><strong>La base d&rsquo;une conception professionnelle de toute installation d&rsquo;aspiration et de filtration commence par une analyse professionnelle des poussi\u00e8res apr\u00e8s pr\u00e9l\u00e8vement d&rsquo;un \u00e9chantillon de poussi\u00e8res sur le lieu de production.<\/strong><\/p>\n\n    \n    \n\n        <\/div>\n    <\/div>\n<\/div>\n\n\n<div  class=\"block block-content bg-weiss pb-mittel\">\n    <div class=\"main-container\">\n        <div class=\"content-container\">\n\n            \n\n    <h2 class=\"d3\">DE MULTIPLES TYPES DE POUSSI\u00c8RES<\/h2>\n\n    <p>Les poussi\u00e8res sont aussi diff\u00e9rentes les unes des autres que leurs propri\u00e9t\u00e9s. Les poussi\u00e8res peuvent \u00eatre grossi\u00e8res, fines, s\u00e8ches, humides, collantes, charg\u00e9es d&rsquo;\u00e9lectricit\u00e9 statique ou m\u00eame toxiques et ont une influence consid\u00e9rable sur notre sant\u00e9. <\/p>\n<p>Les poussi\u00e8res de m\u00e9taux et de leurs compos\u00e9s et alliages, tels que le chrome ou l&rsquo;aluminium, sont pr\u00e9cis\u00e9ment reconnues comme nocives pour la sant\u00e9.<\/p>\n\n    \n    \n\n        <\/div>\n    <\/div>\n<\/div>\n\n\n<div  class=\"block block-content bg-weiss pb-klein\">\n    <div class=\"main-container\">\n        <div class=\"content-container\">\n\n            \n\n    <h2 class=\"d3\">TAILLE DES PARTICULES DE POUSSI\u00c8RE FINE<\/h2>\n\n    <p>Outre la composition chimique, c&rsquo;est surtout la taille des particules qui est importante pour l&rsquo;\u00e9valuation des poussi\u00e8res fines du point de vue de la sant\u00e9. La taille des particules est d\u00e9terminante pour savoir si une particule de poussi\u00e8re peut \u00eatre inhal\u00e9e et o\u00f9 elle se d\u00e9pose dans l&rsquo;appareil respiratoire. <\/p>\n<p><strong>Ces poussi\u00e8res sont class\u00e9es dans les cat\u00e9gories suivantes en fonction du diam\u00e8tre des particules :<\/strong><\/p>\n<ul>\n<li>particules fines inhalables PM10 : inf\u00e9rieures \u00e0 10 \u03bcm<\/li>\n<li>poussi\u00e8res fines respirables PM2,5 : inf\u00e9rieures \u00e0 2,5 \u03bcm<\/li>\n<li>particules fines alv\u00e9olaires PM1 : inf\u00e9rieures \u00e0 1 \u03bcm<\/li>\n<li>particules ultrafines UP : inf\u00e9rieures \u00e0 0,1 \u03bcm<\/li>\n<\/ul>\n<p>Le graphique ci-dessous illustre ces relations.<\/p>\n<p><img decoding=\"async\" data-src=\"https:\/\/lume.ch\/wp-content\/uploads\/2026\/03\/lm-analyses-de-poussieres-taille-des-particules-effets-sur-la-sante.jpg\" alt=\"Analyses de poussi\u00e8res taille des particules effets sur la sant\u00e9\" width=\"1034\" height=\"852\" class=\"alignleft size-full wp-image-17013 lazyload\" data-srcset=\"https:\/\/lume.ch\/wp-content\/uploads\/2026\/03\/lm-analyses-de-poussieres-taille-des-particules-effets-sur-la-sante.jpg 1034w, https:\/\/lume.ch\/wp-content\/uploads\/2026\/03\/lm-analyses-de-poussieres-taille-des-particules-effets-sur-la-sante-400x330.jpg 400w\" data-sizes=\"(max-width: 1034px) 100vw, 1034px\" src=\"data:image\/svg+xml;base64,PHN2ZyB3aWR0aD0iMSIgaGVpZ2h0PSIxIiB4bWxucz0iaHR0cDovL3d3dy53My5vcmcvMjAwMC9zdmciPjwvc3ZnPg==\" style=\"--smush-placeholder-width: 1034px; --smush-placeholder-aspect-ratio: 1034\/852;\" \/><\/p>\n\n    \n    \n\n        <\/div>\n    <\/div>\n<\/div>\n\n\n<div  class=\"block block-content bg-weiss pb-mittel\">\n    <div class=\"main-container\">\n        <div class=\"content-container\">\n\n            \n\n\n    <h3>Risques sanitaires li\u00e9s aux particules fines : taille des particules et d\u00e9p\u00f4t dans les voies respiratoires<\/h3>\n<p>Les particules d&rsquo;une taille maximale de 10 \u03bcm (PM10) sont d\u00e9pos\u00e9es \u00e0 environ 50 % dans la trach\u00e9e et les bronches. Plus la taille des particules diminue, plus la proportion qui atteint les alv\u00e9oles &#8211; les alv\u00e9oles pulmonaires &#8211; augmente. Des \u00e9tudes indiquent que des particules de 1 \u03bcm et des particules ultrafines inf\u00e9rieures \u00e0 0,1 \u03bcm (100 nm) traversent d\u00e9j\u00e0 la paroi des alv\u00e9oles et passent ainsi dans le sang. Les particules d&rsquo;une taille inf\u00e9rieure ou \u00e9gale \u00e0 1 \u03bcm sont absorb\u00e9es par les globules rouges.   <\/p>\n<p>Un taux \u00e9lev\u00e9 d&rsquo;a\u00e9rosols dans l&rsquo;air que nous respirons peut avoir des effets n\u00e9fastes sur la sant\u00e9 et entra\u00eener des bronchites, des maladies cardiovasculaires et des allergies.<\/p>\n<p><a href=\"https:\/\/www.lfu.bayern.de\/index.htm\" target=\"_blank\" rel=\"noopener nofollow\"><em>Source : LfU \/ UMEG<\/em><\/a><\/p>\n\n    \n    \n\n        <\/div>\n    <\/div>\n<\/div>\n\n\n<div  class=\"block block-content bg-weiss pb-mittel\">\n    <div class=\"main-container\">\n        <div class=\"content-container\">\n\n            \n\n    <h2 class=\"d3\">QUE SIGNIFIE LA VALEUR MAK ?  <\/h2>\n\n    <p>La VME est la concentration moyenne maximale admissible d&rsquo;un agent sous forme de gaz, de vapeur ou de poussi\u00e8re dans l&rsquo;air qui, selon les connaissances actuelles, ne met g\u00e9n\u00e9ralement pas la sant\u00e9 en danger en cas d&rsquo;exposition pendant une dur\u00e9e de travail de 8 heures par jour et de 42 heures par semaine, m\u00eame sur de longues p\u00e9riodes.<\/p>\n<p>Afin d&rsquo;\u00e9viter toute atteinte \u00e0 la sant\u00e9, la Suva fixe des valeurs VME, concentration maximale sur le lieu de travail, et d\u00e9finit une valeur VME (concentration maximale sur le lieu de travail) pour diverses poussi\u00e8res. Ces valeurs VME varient en fonction des risques que pr\u00e9sentent les poussi\u00e8res pour la sant\u00e9. <\/p>\n\n    \n    \n\n        <\/div>\n    <\/div>\n<\/div>\n\n\n<div  class=\"block block-content bg-weiss pb-mittel\">\n    <div class=\"main-container\">\n        <div class=\"content-container\">\n\n            \n\n    <h2 class=\"d3\">FAZIT<\/h2>\n\n    <p><strong>Les poussi\u00e8res sont probl\u00e9matiques pour les personnes, les produits et les machines. Une analyse pr\u00e9alable des poussi\u00e8res est plus que recommand\u00e9e et constitue un \u00e9l\u00e9ment important pour une solution d&rsquo;aspiration r\u00e9ussie et adapt\u00e9e au processus industriel.   <\/strong><\/p>\n<p><strong>Nous mettons volontiers notre exp\u00e9rience, notre savoir-faire et notre expertise \u00e0 votre service.<\/strong><\/p>\n\n    \n    \n\n        <\/div>\n    <\/div>\n<\/div>\n\n\n<div  class=\"block block-personen bg-dunkelgrau pt-mittel pb-mittel\">\n    <div class=\"main-container\">\n\n        <h2 class=\"d3\">Vos contacts<\/h2>\n    \n    \n\n           \n            <p>Vous avez besoin d&rsquo;un conseil ou vous avez un projet ?<\/p>\n\n<div class=\"person mt-klein mb-50\">\n\n    <div class=\"person-bild\">\n                <div class=\"person-bild-inner\">\n            <img decoding=\"async\" width=\"890\" height=\"660\" data-src=\"https:\/\/lume.ch\/wp-content\/uploads\/2023\/09\/Staubli-Gregor5_DSC06531-890x660.jpg\" class=\"attachment-person size-person wp-post-image lazyload\" alt=\"LM AG Industriestahlbau Absauganlagen Gregor Staubli\" src=\"data:image\/svg+xml;base64,PHN2ZyB3aWR0aD0iMSIgaGVpZ2h0PSIxIiB4bWxucz0iaHR0cDovL3d3dy53My5vcmcvMjAwMC9zdmciPjwvc3ZnPg==\" style=\"--smush-placeholder-width: 890px; --smush-placeholder-aspect-ratio: 890\/660;\" \/>        <\/div>\n            <\/div>\n\n    <div class=\"person-inhalt\">\n                <h3 class=\"d4 color-orange\">Gregor Staubli<\/h3>\n                \n                  <p class=\"d6 mb-0 base-font-size\"><strong>Vente | Direction<\/strong><\/p>\n        \n                  <p>Directeur des ventes | Membre de la direction<\/p>\n        \n        <div class=\"links standard-link\">\n                          <p><a href=\"mailto:gregor.staubli@lume.ch\"><span class=\"mail\"><\/span> gregor.staubli@lume.ch<\/a><\/p>\n            \n                          <p><a href=\"tel:+41763631229\"><span class=\"tel\"><\/span> +41 76 363 12 29<\/a><\/p>\n            \n                          <p><a href=\"https:\/\/www.linkedin.com\/in\/gregor-staubli-12b17052\/\" target=\"_blank\" rel=\"nofollow noopener\"><span class=\"linkedin\"><\/span> Profil LinkedIn<\/a><\/p>\n                    <\/div>\n    <\/div>\n<\/div>\n\n  \n<div class=\"person mt-klein mb-50\">\n\n    <div class=\"person-bild\">\n                <div class=\"person-bild-inner\">\n            <img decoding=\"async\" width=\"890\" height=\"660\" data-src=\"https:\/\/lume.ch\/wp-content\/uploads\/2023\/11\/Hany-Marc2_Projektleiter_DSC06547-890x660.jpg\" class=\"attachment-person size-person wp-post-image lazyload\" alt=\"LM AG Industriestahlbau Absauganlagen Marc Hany Projektleiter\" src=\"data:image\/svg+xml;base64,PHN2ZyB3aWR0aD0iMSIgaGVpZ2h0PSIxIiB4bWxucz0iaHR0cDovL3d3dy53My5vcmcvMjAwMC9zdmciPjwvc3ZnPg==\" style=\"--smush-placeholder-width: 890px; --smush-placeholder-aspect-ratio: 890\/660;\" \/>        <\/div>\n            <\/div>\n\n    <div class=\"person-inhalt\">\n                <h3 class=\"d4 color-orange\">Marc Hany<\/h3>\n                \n                  <p class=\"d6 mb-0 base-font-size\"><strong>Chef de projet<\/strong><\/p>\n        \n                  <p>Installations d&rsquo;aspiration<\/p>\n        \n        <div class=\"links standard-link\">\n                          <p><a href=\"mailto:marc.hany@lume.ch\"><span class=\"mail\"><\/span> marc.hany@lume.ch<\/a><\/p>\n            \n                          <p><a href=\"tel:+41562978047\"><span class=\"tel\"><\/span> +41 56 297 80 47<\/a><\/p>\n            \n                          <p><a href=\"https:\/\/www.linkedin.com\/in\/marc-hany-aa8aa81a1\/\" target=\"_blank\" rel=\"nofollow noopener\"><span class=\"linkedin\"><\/span> Profil LinkedIn<\/a><\/p>\n                    <\/div>\n    <\/div>\n<\/div>\n\n  \n<div class=\"person mt-klein mb-50\">\n\n    <div class=\"person-bild\">\n                <div class=\"person-bild-inner\">\n            <img decoding=\"async\" width=\"890\" height=\"660\" data-src=\"https:\/\/lume.ch\/wp-content\/uploads\/2023\/11\/Shipman-Roy_F_DSC06646-890x660.png\" class=\"attachment-person size-person wp-post-image lazyload\" alt=\"LM AG Industriestahlbau Absauganlagen\" src=\"data:image\/svg+xml;base64,PHN2ZyB3aWR0aD0iMSIgaGVpZ2h0PSIxIiB4bWxucz0iaHR0cDovL3d3dy53My5vcmcvMjAwMC9zdmciPjwvc3ZnPg==\" style=\"--smush-placeholder-width: 890px; --smush-placeholder-aspect-ratio: 890\/660;\" \/>        <\/div>\n            <\/div>\n\n    <div class=\"person-inhalt\">\n                <h3 class=\"d4 color-orange\">Roy Shipman<\/h3>\n                \n                  <p class=\"d6 mb-0 base-font-size\"><strong>Vente<\/strong><\/p>\n        \n                  <p>Vendeur r\u00e9gional | Chef de projet<\/p>\n        \n        <div class=\"links standard-link\">\n                          <p><a href=\"mailto:roy.shipman@lume.ch\"><span class=\"mail\"><\/span> roy.shipman@lume.ch<\/a><\/p>\n            \n                          <p><a href=\"tel:+41765564096\"><span class=\"tel\"><\/span> +41 76 556 40 96<\/a><\/p>\n            \n                    <\/div>\n    <\/div>\n<\/div>\n\n  \n<div class=\"person mt-klein mb-50\">\n\n    <div class=\"person-bild\">\n                <div class=\"person-bild-inner\">\n            <img decoding=\"async\" width=\"890\" height=\"660\" data-src=\"https:\/\/lume.ch\/wp-content\/uploads\/2025\/04\/Pascal-Buehler-890x660.jpg\" class=\"attachment-person size-person wp-post-image lazyload\" alt=\"LM AG LM AG Industriestahlbau Absauganlagen Pascal B\u00fchler\" src=\"data:image\/svg+xml;base64,PHN2ZyB3aWR0aD0iMSIgaGVpZ2h0PSIxIiB4bWxucz0iaHR0cDovL3d3dy53My5vcmcvMjAwMC9zdmciPjwvc3ZnPg==\" style=\"--smush-placeholder-width: 890px; --smush-placeholder-aspect-ratio: 890\/660;\" \/>        <\/div>\n            <\/div>\n\n    <div class=\"person-inhalt\">\n                <h3 class=\"d4 color-orange\">Pascal B\u00fchler<\/h3>\n                \n                  <p class=\"d6 mb-0 base-font-size\"><strong>Vente<\/strong><\/p>\n        \n                  <p>Vendeur t\u00e9chnique<\/p>\n        \n        <div class=\"links standard-link\">\n                          <p><a href=\"mailto:pascal.buehler@lume.ch\"><span class=\"mail\"><\/span> pascal.buehler@lume.ch<\/a><\/p>\n            \n                          <p><a href=\"tel:+41565520867\"><span class=\"tel\"><\/span> +41 56 552 08 67<\/a><\/p>\n            \n                          <p><a href=\"https:\/\/www.linkedin.com\/in\/pascal-b%C3%BChler-0087b8172\/\" target=\"_blank\" rel=\"nofollow noopener\"><span class=\"linkedin\"><\/span> Profil LinkedIn<\/a><\/p>\n                    <\/div>\n    <\/div>\n<\/div>\n\n  \n    <\/div>\n<\/div>\n\n\n<div  class=\"block block-teaser bg-weiss pt-gross pb-gross white-small\">\n  <div class=\"main-container\">\n    \n        <div class=\"teaser-row\">\n      \n                          <a class=\"teaser\" href=\"https:\/\/lume.ch\/fr\/prestations\/#ingenierie-construction\" target=\"_self\">\n            \n              \n              \n              \n              <div class=\"inner\">\n                                                      <h2 class=\"d5\">Conseil pour des solutions individuelles<\/h2>\n                                  \n                                  <div class=\"teaser-inhalt\">La qualit\u00e9 sur mesure et selon vos besoins.<\/div>\n                              <\/div>\n\n                            <div class=\"teaser-cta transition\">Ing\u00e9nierie + construction<\/div>\n          <\/a>\n                  \n                        <a class=\"teaser\" href=\"https:\/\/lume.ch\/fr\/prestations\/#gestion-de-projet\" target=\"_self\">\n            \n              \n              \n              \n              <div class=\"inner\">\n                                                      <h2 class=\"d5\">Un savoir-faire d&rsquo;\u00e9gal \u00e0 \u00e9gal<\/h2>\n                                  \n                                  <div class=\"teaser-inhalt\">Nous vous accompagnons de A \u00e0 Z. Du d\u00e9veloppement de la solution, de la planification, de la construction jusqu&rsquo;au montage sur place.<\/div>\n                              <\/div>\n\n                            <div class=\"teaser-cta transition\">Gestion de projet<\/div>\n          <\/a>\n                  \n                        <a class=\"teaser\" href=\"https:\/\/lume.ch\/fr\/prestations\/#ingenierie-construction\" target=\"_self\">\n            \n              \n              \n              \n              <div class=\"inner\">\n                                                      <h2 class=\"d5\">Test, mesure + certification<\/h2>\n                                  \n                                  <div class=\"teaser-inhalt\">Nos produits sont fabriqu\u00e9s et purg\u00e9s selon les technologies et les normes les plus r\u00e9centes.<\/div>\n                              <\/div>\n\n                            <div class=\"teaser-cta transition\">  Gestion de la qualit\u00e9<\/div>\n          <\/a>\n                  \n              <\/div>\n  <\/div>\n<\/div>\n","protected":false},"excerpt":{"rendered":"","protected":false},"author":1,"featured_media":0,"parent":16844,"menu_order":0,"comment_status":"closed","ping_status":"closed","template":"tpl-front-page.php","meta":{"_acf_changed":false,"footnotes":""},"class_list":["post-16921","page","type-page","status-publish","hentry"],"acf":[],"_links":{"self":[{"href":"https:\/\/lume.ch\/fr\/wp-json\/wp\/v2\/pages\/16921","targetHints":{"allow":["GET"]}}],"collection":[{"href":"https:\/\/lume.ch\/fr\/wp-json\/wp\/v2\/pages"}],"about":[{"href":"https:\/\/lume.ch\/fr\/wp-json\/wp\/v2\/types\/page"}],"author":[{"embeddable":true,"href":"https:\/\/lume.ch\/fr\/wp-json\/wp\/v2\/users\/1"}],"replies":[{"embeddable":true,"href":"https:\/\/lume.ch\/fr\/wp-json\/wp\/v2\/comments?post=16921"}],"version-history":[{"count":6,"href":"https:\/\/lume.ch\/fr\/wp-json\/wp\/v2\/pages\/16921\/revisions"}],"predecessor-version":[{"id":17379,"href":"https:\/\/lume.ch\/fr\/wp-json\/wp\/v2\/pages\/16921\/revisions\/17379"}],"up":[{"embeddable":true,"href":"https:\/\/lume.ch\/fr\/wp-json\/wp\/v2\/pages\/16844"}],"wp:attachment":[{"href":"https:\/\/lume.ch\/fr\/wp-json\/wp\/v2\/media?parent=16921"}],"curies":[{"name":"wp","href":"https:\/\/api.w.org\/{rel}","templated":true}]}}