{"id":16915,"date":"2025-12-08T13:40:22","date_gmt":"2025-12-08T12:40:22","guid":{"rendered":"https:\/\/lume.ch\/installations-daspiration\/protection-contre-les-explosions\/systeme-de-detection-dincendie\/"},"modified":"2026-04-12T14:10:59","modified_gmt":"2026-04-12T12:10:59","slug":"systeme-de-detection-dincendie","status":"publish","type":"page","link":"https:\/\/lume.ch\/fr\/installations-daspiration\/protection-contre-les-explosions\/systeme-de-detection-dincendie\/","title":{"rendered":"Syst\u00e8me de d\u00e9tection d&rsquo;incendie"},"content":{"rendered":"\n<div  class=\"block block-header  header-text\">\n\n            <div class=\"main-container container-padding-top pb-mittel has-breadcrumb\"> \n          \n            <div class=\"content-container\">\n            \n                \n                                <h1 class=\"d1 color-orange\">Syst\u00e8mes de d\u00e9tection d&rsquo;incendie pour les installations d&rsquo;aspiration et de d\u00e9poussi\u00e9rage<\/h1>\n                 \n                                <div class=\"lead-font-size\"><p>Notre service de vente de L+M AG pour les installations d&rsquo;aspiration int\u00e8gre d\u00e8s le premier entretien de conseil le th\u00e8me de la s\u00e9curit\u00e9 des syst\u00e8mes de d\u00e9tection d&rsquo;incendie en ce qui concerne la protection contre l&rsquo;incendie, en tenant compte et en respectant les lois, normes et r\u00e9glementations en vigueur.  <\/p>\n<\/div>\n                            <\/div>\n        <\/div>\n    <\/div>\n<div  class=\"block block-image bg-weiss pb-mittel hochformat\">\n    <div class=\"main-container\">\n        <div class=\"image-container\">\n            <img decoding=\"async\" width=\"1024\" height=\"801\" data-src=\"https:\/\/lume.ch\/wp-content\/uploads\/2026\/02\/lm-ag-brandschutz-aktive-systeme-kohlendioxid-an-absauganlage-1.jpg\" class=\"attachment-large size-large lazyload\" alt=\"Dioxyde de carbone sur un syst\u00e8me d&#039;aspiration\" data-srcset=\"https:\/\/lume.ch\/wp-content\/uploads\/2026\/02\/lm-ag-brandschutz-aktive-systeme-kohlendioxid-an-absauganlage-1.jpg 2084w, https:\/\/lume.ch\/wp-content\/uploads\/2026\/02\/lm-ag-brandschutz-aktive-systeme-kohlendioxid-an-absauganlage-1-400x313.jpg 400w\" data-sizes=\"(max-width: 1024px) 100vw, 1024px\" src=\"data:image\/svg+xml;base64,PHN2ZyB3aWR0aD0iMSIgaGVpZ2h0PSIxIiB4bWxucz0iaHR0cDovL3d3dy53My5vcmcvMjAwMC9zdmciPjwvc3ZnPg==\" style=\"--smush-placeholder-width: 1024px; --smush-placeholder-aspect-ratio: 1024\/801;\" \/>        <\/div>\n    \n                <div class=\"caption small-font-size\">Protection active contre l&rsquo;incendie au moyen de dioxyde de carbone CO2<\/div>\n            <\/div>\n<\/div>\n<div  class=\"block block-content bg-weiss pb-mittel\">\n    <div class=\"main-container\">\n        <div class=\"content-container\">\n\n            \n\n    <h2 class=\"d3\">EXISTE-T-IL DES SOURCES D&rsquo;INCENDIE ?<\/h2>\n\n    <p>Lors d&rsquo;un entretien avec le client, nous \u00e9valuons chez L+M AG les sources d&rsquo;incendie possibles afin d&rsquo;exclure autant que possible le risque d&rsquo;incendie par un captage de poussi\u00e8res appropri\u00e9.<\/p>\n<p>Si cela n&rsquo;est pas possible ou ne r\u00e9pond pas \u00e0 des exigences de s\u00e9curit\u00e9 \u00e9lev\u00e9es, les variantes suivantes sont disponibles :<\/p>\n<ul>\n<li>Syst\u00e8mes de pr\u00e9-s\u00e9paration m\u00e9canique qui \u00e9liminent efficacement les sources d&rsquo;inflammation telles que les \u00e9tincelles ou les particules chaudes du flux d&rsquo;air aspir\u00e9 avant le d\u00e9poussi\u00e9reur.<\/li>\n<li>des pare-\u00e9tincelles qui d\u00e9tectent les particules \u00e0 haute \u00e9nergie dans la canalisation et les \u00e9teignent \u00e0 cet endroit.<\/li>\n<\/ul>\n<h2>PROTECTION CONTRE L&rsquo;INCENDIE EN CAS DE POUSSI\u00c8RES FINES<\/h2>\n<p>Cependant, cela n&rsquo;est pas toujours possible pour les poussi\u00e8res particuli\u00e8rement fines ou pour certains processus.<\/p>\n<h3>Syst\u00e8mes passifs de d\u00e9tection d&rsquo;incendie<\/h3>\n<p>La solution la plus simple consiste \u00e0 utiliser des syst\u00e8mes de d\u00e9tection d&rsquo;incendie dits passifs, tels qu&rsquo;un raccordement d&rsquo;extinction \u00e0 sec, c&rsquo;est-\u00e0-dire une canalisation s\u00e8che dans le b\u00e2timent qui, en cas d&rsquo;incendie, est aliment\u00e9e en eau d&rsquo;extinction par les pompiers via des raccordements ext\u00e9rieurs.<\/p>\n<p>Un panneau d&rsquo;incendie correspondant indique l&#8217;emplacement de la prise d&rsquo;extinction \u00e0 sec :<\/p>\n<p><img decoding=\"async\" class=\"alignnone size-medium wp-image-16148 lazyload\" data-src=\"https:\/\/lume.ch\/wp-content\/uploads\/2026\/02\/lm-ag-brandmeldesysteme-passive-systeme-brandschutzschild-trockenloeschanschluss-267x400.png\" alt=\"\" width=\"267\" height=\"400\" data-srcset=\"https:\/\/lume.ch\/wp-content\/uploads\/2026\/02\/lm-ag-brandmeldesysteme-passive-systeme-brandschutzschild-trockenloeschanschluss-267x400.png 267w, https:\/\/lume.ch\/wp-content\/uploads\/2026\/02\/lm-ag-brandmeldesysteme-passive-systeme-brandschutzschild-trockenloeschanschluss.png 570w\" data-sizes=\"(max-width: 267px) 100vw, 267px\" src=\"data:image\/svg+xml;base64,PHN2ZyB3aWR0aD0iMSIgaGVpZ2h0PSIxIiB4bWxucz0iaHR0cDovL3d3dy53My5vcmcvMjAwMC9zdmciPjwvc3ZnPg==\" style=\"--smush-placeholder-width: 267px; --smush-placeholder-aspect-ratio: 267\/400;\" \/><\/p>\n\n    \n    \n\n        <\/div>\n    <\/div>\n<\/div>\n<div  class=\"block block-content bg-weiss pb-mittel\">\n    <div class=\"main-container\">\n        <div class=\"content-container\">\n\n            \n\n\n    <h3>Syst\u00e8mes actifs de d\u00e9tection d&rsquo;incendie<\/h3>\n<p>Ou bien des syst\u00e8mes actifs de d\u00e9tection d&rsquo;incendie sont install\u00e9s et d\u00e9clench\u00e9s automatiquement par des sondes adapt\u00e9es &#8211; comme des capteurs infrarouges et de temp\u00e9rature ou des d\u00e9tecteurs de fum\u00e9e.<\/p>\n<p>Selon le processus, de l&rsquo;eau, des agents gazeux tels que l&rsquo;argon, le dioxyde de carbone CO2, l&rsquo;azote, la mousse ou la poudre sont utilis\u00e9s pour \u00e9teindre un incendie dans l&rsquo;installation d&rsquo;aspiration, de d\u00e9poussi\u00e9rage ou de filtrage.<\/p>\n\n    \n    \n\n        <\/div>\n    <\/div>\n<\/div>\n<div  class=\"block block-bild-slider bg-weiss pb-mittel\">\n    <div class=\"main-container pos-rel\">\n\n        <div class=\"swiper-gallery pos-rel\">\n        <div class=\"swiper-wrapper\">\n                        <div class=\"swiper-slide standard-link\">\n                <a href=\"https:\/\/lume.ch\/wp-content\/uploads\/2026\/02\/lm-ag-brandschutz-ative-systeme-funkrauchmelder-mit-temperatursensor-1.jpg\" data-featherlight=\"image\">\n                     <img decoding=\"async\" data-src=\"https:\/\/lume.ch\/wp-content\/uploads\/2026\/02\/lm-ag-brandschutz-ative-systeme-funkrauchmelder-mit-temperatursensor-1.jpg\" alt=\"D\u00e9tecteur de fum\u00e9e\" src=\"data:image\/svg+xml;base64,PHN2ZyB3aWR0aD0iMSIgaGVpZ2h0PSIxIiB4bWxucz0iaHR0cDovL3d3dy53My5vcmcvMjAwMC9zdmciPjwvc3ZnPg==\" class=\"lazyload\" style=\"--smush-placeholder-width: 559px; --smush-placeholder-aspect-ratio: 559\/474;\" \/>\n                <\/a>\n                <p class=\"wp-caption-text small-font-size\"><\/p>\n            <\/div>\n                        <div class=\"swiper-slide standard-link\">\n                <a href=\"https:\/\/lume.ch\/wp-content\/uploads\/2026\/02\/lm-ag-brandschutz-aktive-systeme-infrarot-und-temperatursensor-1.jpg\" data-featherlight=\"image\">\n                     <img decoding=\"async\" data-src=\"https:\/\/lume.ch\/wp-content\/uploads\/2026\/02\/lm-ag-brandschutz-aktive-systeme-infrarot-und-temperatursensor-1.jpg\" alt=\"Capteur infrarouge et de temp\u00e9rature\" src=\"data:image\/svg+xml;base64,PHN2ZyB3aWR0aD0iMSIgaGVpZ2h0PSIxIiB4bWxucz0iaHR0cDovL3d3dy53My5vcmcvMjAwMC9zdmciPjwvc3ZnPg==\" class=\"lazyload\" style=\"--smush-placeholder-width: 1500px; --smush-placeholder-aspect-ratio: 1500\/1500;\" \/>\n                <\/a>\n                <p class=\"wp-caption-text small-font-size\"><\/p>\n            <\/div>\n                        <div class=\"swiper-slide standard-link\">\n                <a href=\"https:\/\/lume.ch\/wp-content\/uploads\/2026\/02\/lm-ag-brandschutz-aktive-systeme-kohlendioxid-1.jpg\" data-featherlight=\"image\">\n                     <img decoding=\"async\" data-src=\"https:\/\/lume.ch\/wp-content\/uploads\/2026\/02\/lm-ag-brandschutz-aktive-systeme-kohlendioxid-1.jpg\" alt=\"Dioxyde de carbone CO2\" src=\"data:image\/svg+xml;base64,PHN2ZyB3aWR0aD0iMSIgaGVpZ2h0PSIxIiB4bWxucz0iaHR0cDovL3d3dy53My5vcmcvMjAwMC9zdmciPjwvc3ZnPg==\" class=\"lazyload\" style=\"--smush-placeholder-width: 550px; --smush-placeholder-aspect-ratio: 550\/550;\" \/>\n                <\/a>\n                <p class=\"wp-caption-text small-font-size\"><\/p>\n            <\/div>\n                        <div class=\"swiper-slide standard-link\">\n                <a href=\"https:\/\/lume.ch\/wp-content\/uploads\/2026\/02\/lm-ag-brandschutz-aktive-systeme-loeschpulver-feuerloescher-1.jpg\" data-featherlight=\"image\">\n                     <img decoding=\"async\" data-src=\"https:\/\/lume.ch\/wp-content\/uploads\/2026\/02\/lm-ag-brandschutz-aktive-systeme-loeschpulver-feuerloescher-1.jpg\" alt=\"Poudre d&#039;extinction ou poudre pour feux de braises\" src=\"data:image\/svg+xml;base64,PHN2ZyB3aWR0aD0iMSIgaGVpZ2h0PSIxIiB4bWxucz0iaHR0cDovL3d3dy53My5vcmcvMjAwMC9zdmciPjwvc3ZnPg==\" class=\"lazyload\" style=\"--smush-placeholder-width: 1049px; --smush-placeholder-aspect-ratio: 1049\/1049;\" \/>\n                <\/a>\n                <p class=\"wp-caption-text small-font-size\">Poudre d&#039;extinction ou poudre pour feu de braises, en particulier poudre ABC ou poudre pour feu de m\u00e9taux<\/p>\n            <\/div>\n                    <\/div>\n        <div class=\"swiper-pagination\"><\/div>\n    <\/div>\n    \n    <\/div>\n<\/div>\n<div  class=\"block block-content bg-weiss pb-mittel\">\n    <div class=\"main-container\">\n        <div class=\"content-container\">\n\n            \n\n    <h2 class=\"d3\">PRENDRE EN COMPTE LES SYST\u00c8MES DE D\u00c9TECTION D&rsquo;INCENDIE DANS LE PROJET<\/h2>\n\n    <ul>\n<li>Lors de l&rsquo;acquisition d&rsquo;une nouvelle installation d&rsquo;aspiration et de filtration, il convient d&rsquo;\u00e9laborer un concept de protection incendie global, y compris des syst\u00e8mes de d\u00e9tection d&rsquo;incendie adapt\u00e9s.<\/li>\n<li>Des syst\u00e8mes de d\u00e9tection d&rsquo;incendie innovants permettent de lutter contre l&rsquo;incendie le plus t\u00f4t possible afin d&rsquo;\u00e9viter les dommages mat\u00e9riels et corporels.<\/li>\n<li>La d\u00e9tection pr\u00e9coce des incendies permet de gagner du temps afin de prendre des mesures correctives le plus rapidement possible.<\/li>\n<\/ul>\n\n    \n    \n\n        <\/div>\n    <\/div>\n<\/div>\n<div  class=\"block block-personen bg-dunkelgrau pt-mittel pb-mittel\">\n    <div class=\"main-container\">\n\n        <h2 class=\"d3\">Vos contacts<\/h2>\n    \n    \n\n           \n            <p>Vous avez besoin d&rsquo;un conseil ou vous avez un projet ?<\/p>\n\n<div class=\"person mt-klein mb-50\">\n\n    <div class=\"person-bild\">\n                <div class=\"person-bild-inner\">\n            <img decoding=\"async\" width=\"890\" height=\"660\" data-src=\"https:\/\/lume.ch\/wp-content\/uploads\/2023\/09\/Staubli-Gregor5_DSC06531-890x660.jpg\" class=\"attachment-person size-person wp-post-image lazyload\" alt=\"LM AG Industriestahlbau Absauganlagen Gregor Staubli\" src=\"data:image\/svg+xml;base64,PHN2ZyB3aWR0aD0iMSIgaGVpZ2h0PSIxIiB4bWxucz0iaHR0cDovL3d3dy53My5vcmcvMjAwMC9zdmciPjwvc3ZnPg==\" style=\"--smush-placeholder-width: 890px; --smush-placeholder-aspect-ratio: 890\/660;\" \/>        <\/div>\n            <\/div>\n\n    <div class=\"person-inhalt\">\n                <h3 class=\"d4 color-orange\">Gregor Staubli<\/h3>\n                \n                  <p class=\"d6 mb-0 base-font-size\"><strong>Vente | Direction<\/strong><\/p>\n        \n                  <p>Directeur des ventes | Membre de la direction<\/p>\n        \n        <div class=\"links standard-link\">\n                          <p><a href=\"mailto:gregor.staubli@lume.ch\"><span class=\"mail\"><\/span> gregor.staubli@lume.ch<\/a><\/p>\n            \n                          <p><a href=\"tel:+41763631229\"><span class=\"tel\"><\/span> +41 76 363 12 29<\/a><\/p>\n            \n                          <p><a href=\"https:\/\/www.linkedin.com\/in\/gregor-staubli-12b17052\/\" target=\"_blank\" rel=\"nofollow noopener\"><span class=\"linkedin\"><\/span> Profil LinkedIn<\/a><\/p>\n                    <\/div>\n    <\/div>\n<\/div>\n\n  \n<div class=\"person mt-klein mb-50\">\n\n    <div class=\"person-bild\">\n                <div class=\"person-bild-inner\">\n            <img decoding=\"async\" width=\"890\" height=\"660\" data-src=\"https:\/\/lume.ch\/wp-content\/uploads\/2023\/11\/Hany-Marc2_Projektleiter_DSC06547-890x660.jpg\" class=\"attachment-person size-person wp-post-image lazyload\" alt=\"LM AG Industriestahlbau Absauganlagen Marc Hany Projektleiter\" src=\"data:image\/svg+xml;base64,PHN2ZyB3aWR0aD0iMSIgaGVpZ2h0PSIxIiB4bWxucz0iaHR0cDovL3d3dy53My5vcmcvMjAwMC9zdmciPjwvc3ZnPg==\" style=\"--smush-placeholder-width: 890px; --smush-placeholder-aspect-ratio: 890\/660;\" \/>        <\/div>\n            <\/div>\n\n    <div class=\"person-inhalt\">\n                <h3 class=\"d4 color-orange\">Marc Hany<\/h3>\n                \n                  <p class=\"d6 mb-0 base-font-size\"><strong>Chef de projet<\/strong><\/p>\n        \n                  <p>Installations d&rsquo;aspiration<\/p>\n        \n        <div class=\"links standard-link\">\n                          <p><a href=\"mailto:marc.hany@lume.ch\"><span class=\"mail\"><\/span> marc.hany@lume.ch<\/a><\/p>\n            \n                          <p><a href=\"tel:+41562978047\"><span class=\"tel\"><\/span> +41 56 297 80 47<\/a><\/p>\n            \n                          <p><a href=\"https:\/\/www.linkedin.com\/in\/marc-hany-aa8aa81a1\/\" target=\"_blank\" rel=\"nofollow noopener\"><span class=\"linkedin\"><\/span> Profil LinkedIn<\/a><\/p>\n                    <\/div>\n    <\/div>\n<\/div>\n\n  \n<div class=\"person mt-klein mb-50\">\n\n    <div class=\"person-bild\">\n                <div class=\"person-bild-inner\">\n            <img decoding=\"async\" width=\"890\" height=\"660\" data-src=\"https:\/\/lume.ch\/wp-content\/uploads\/2023\/11\/Shipman-Roy_F_DSC06646-890x660.png\" class=\"attachment-person size-person wp-post-image lazyload\" alt=\"LM AG Industriestahlbau Absauganlagen\" src=\"data:image\/svg+xml;base64,PHN2ZyB3aWR0aD0iMSIgaGVpZ2h0PSIxIiB4bWxucz0iaHR0cDovL3d3dy53My5vcmcvMjAwMC9zdmciPjwvc3ZnPg==\" style=\"--smush-placeholder-width: 890px; --smush-placeholder-aspect-ratio: 890\/660;\" \/>        <\/div>\n            <\/div>\n\n    <div class=\"person-inhalt\">\n                <h3 class=\"d4 color-orange\">Roy Shipman<\/h3>\n                \n                  <p class=\"d6 mb-0 base-font-size\"><strong>Vente<\/strong><\/p>\n        \n                  <p>Vendeur r\u00e9gional | Chef de projet<\/p>\n        \n        <div class=\"links standard-link\">\n                          <p><a href=\"mailto:roy.shipman@lume.ch\"><span class=\"mail\"><\/span> roy.shipman@lume.ch<\/a><\/p>\n            \n                          <p><a href=\"tel:+41765564096\"><span class=\"tel\"><\/span> +41 76 556 40 96<\/a><\/p>\n            \n                    <\/div>\n    <\/div>\n<\/div>\n\n  \n<div class=\"person mt-klein mb-50\">\n\n    <div class=\"person-bild\">\n                <div class=\"person-bild-inner\">\n            <img decoding=\"async\" width=\"890\" height=\"660\" data-src=\"https:\/\/lume.ch\/wp-content\/uploads\/2025\/04\/Pascal-Buehler-890x660.jpg\" class=\"attachment-person size-person wp-post-image lazyload\" alt=\"LM AG LM AG Industriestahlbau Absauganlagen Pascal B\u00fchler\" src=\"data:image\/svg+xml;base64,PHN2ZyB3aWR0aD0iMSIgaGVpZ2h0PSIxIiB4bWxucz0iaHR0cDovL3d3dy53My5vcmcvMjAwMC9zdmciPjwvc3ZnPg==\" style=\"--smush-placeholder-width: 890px; --smush-placeholder-aspect-ratio: 890\/660;\" \/>        <\/div>\n            <\/div>\n\n    <div class=\"person-inhalt\">\n                <h3 class=\"d4 color-orange\">Pascal B\u00fchler<\/h3>\n                \n                  <p class=\"d6 mb-0 base-font-size\"><strong>Vente<\/strong><\/p>\n        \n                  <p>Vendeur t\u00e9chnique<\/p>\n        \n        <div class=\"links standard-link\">\n                          <p><a href=\"mailto:pascal.buehler@lume.ch\"><span class=\"mail\"><\/span> pascal.buehler@lume.ch<\/a><\/p>\n            \n                          <p><a href=\"tel:+41565520867\"><span class=\"tel\"><\/span> +41 56 552 08 67<\/a><\/p>\n            \n                          <p><a href=\"https:\/\/www.linkedin.com\/in\/pascal-b%C3%BChler-0087b8172\/\" target=\"_blank\" rel=\"nofollow noopener\"><span class=\"linkedin\"><\/span> Profil LinkedIn<\/a><\/p>\n                    <\/div>\n    <\/div>\n<\/div>\n\n  \n    <\/div>\n<\/div>\n<div  class=\"block block-teaser bg-weiss pt-gross pb-gross white-small\">\n  <div class=\"main-container\">\n    \n        <div class=\"teaser-row\">\n      \n                          <a class=\"teaser\" href=\"https:\/\/lume.ch\/fr\/prestations\/#ingenierie-construction\" target=\"_self\">\n            \n              \n              \n              \n              <div class=\"inner\">\n                                                      <h2 class=\"d5\">Conseil pour des solutions individuelles<\/h2>\n                                  \n                                  <div class=\"teaser-inhalt\">La qualit\u00e9 sur mesure et selon vos besoins.<\/div>\n                              <\/div>\n\n                            <div class=\"teaser-cta transition\">Ing\u00e9nierie + construction<\/div>\n          <\/a>\n                  \n                        <a class=\"teaser\" href=\"https:\/\/lume.ch\/fr\/prestations\/#gestion-de-projet\" target=\"_self\">\n            \n              \n              \n              \n              <div class=\"inner\">\n                                                      <h2 class=\"d5\">Un savoir-faire d&rsquo;\u00e9gal \u00e0 \u00e9gal<\/h2>\n                                  \n                                  <div class=\"teaser-inhalt\">Nous vous accompagnons de A \u00e0 Z. Du d\u00e9veloppement de la solution, de la planification, de la construction jusqu&rsquo;au montage sur place.<\/div>\n                              <\/div>\n\n                            <div class=\"teaser-cta transition\">Gestion de projet<\/div>\n          <\/a>\n                  \n                        <a class=\"teaser\" href=\"https:\/\/lume.ch\/fr\/prestations\/#gestion-de-la-qualite\" target=\"_self\">\n            \n              \n              \n              \n              <div class=\"inner\">\n                                                      <h2 class=\"d5\">Test, mesure + certification<\/h2>\n                                  \n                                  <div class=\"teaser-inhalt\">Nos produits sont fabriqu\u00e9s et purg\u00e9s selon les technologies et les normes les plus r\u00e9centes.<\/div>\n                              <\/div>\n\n                            <div class=\"teaser-cta transition\">  Gestion de la qualit\u00e9<\/div>\n          <\/a>\n                  \n              <\/div>\n  <\/div>\n<\/div>\n","protected":false},"excerpt":{"rendered":"","protected":false},"author":1,"featured_media":0,"parent":13890,"menu_order":0,"comment_status":"closed","ping_status":"closed","template":"tpl-front-page.php","meta":{"_acf_changed":false,"footnotes":""},"class_list":["post-16915","page","type-page","status-publish","hentry"],"acf":[],"_links":{"self":[{"href":"https:\/\/lume.ch\/fr\/wp-json\/wp\/v2\/pages\/16915","targetHints":{"allow":["GET"]}}],"collection":[{"href":"https:\/\/lume.ch\/fr\/wp-json\/wp\/v2\/pages"}],"about":[{"href":"https:\/\/lume.ch\/fr\/wp-json\/wp\/v2\/types\/page"}],"author":[{"embeddable":true,"href":"https:\/\/lume.ch\/fr\/wp-json\/wp\/v2\/users\/1"}],"replies":[{"embeddable":true,"href":"https:\/\/lume.ch\/fr\/wp-json\/wp\/v2\/comments?post=16915"}],"version-history":[{"count":2,"href":"https:\/\/lume.ch\/fr\/wp-json\/wp\/v2\/pages\/16915\/revisions"}],"predecessor-version":[{"id":17410,"href":"https:\/\/lume.ch\/fr\/wp-json\/wp\/v2\/pages\/16915\/revisions\/17410"}],"up":[{"embeddable":true,"href":"https:\/\/lume.ch\/fr\/wp-json\/wp\/v2\/pages\/13890"}],"wp:attachment":[{"href":"https:\/\/lume.ch\/fr\/wp-json\/wp\/v2\/media?parent=16915"}],"curies":[{"name":"wp","href":"https:\/\/api.w.org\/{rel}","templated":true}]}}