{"id":16844,"date":"2025-12-08T11:45:43","date_gmt":"2025-12-08T10:45:43","guid":{"rendered":"https:\/\/lume.ch\/?page_id=16844"},"modified":"2026-04-08T14:52:55","modified_gmt":"2026-04-08T12:52:55","slug":"service-des-installations-daspiration","status":"publish","type":"page","link":"https:\/\/lume.ch\/fr\/installations-daspiration\/service-des-installations-daspiration\/","title":{"rendered":"Service des installations d&rsquo;aspiration"},"content":{"rendered":"\n<div  class=\"block block-header  header-text\">\n\n            <div class=\"main-container container-padding-top pb-mittel has-breadcrumb\"> \n          \n            <div class=\"content-container\">\n            \n                                <div class=\"d5 color-anthrazit uebertitel\">Service des installations d&rsquo;aspiration<\/div>\n                \n                                <h1 class=\"d1 color-orange\">Service complet pour les installations d&rsquo;aspiration<\/h1>\n                 \n                                <div class=\"lead-font-size\"><p>Une inspection r\u00e9guli\u00e8re, une maintenance comme un service professionnel des installations d&rsquo;aspiration industrielles, des installations de d\u00e9poussi\u00e9rage et des appareils de filtration prolongent consid\u00e9rablement leur dur\u00e9e de vie et \u00e9vitent des arr\u00eats de production f\u00e2cheux et des r\u00e9parations co\u00fbteuses.<\/p>\n<p>Le service apr\u00e8s-vente de L+M AG, orient\u00e9 vers le client, vous assiste rapidement et de mani\u00e8re compliqu\u00e9e avec une large offre de services pour les installations d&rsquo;aspiration et de filtration.<\/p>\n<\/div>\n                            <\/div>\n        <\/div>\n    <\/div>\n<div  class=\"block block-image bg-weiss pb-mittel\">\n    <div class=\"main-container\">\n        <div class=\"image-container\">\n            <img decoding=\"async\" width=\"1024\" height=\"576\" data-src=\"https:\/\/lume.ch\/wp-content\/uploads\/2023\/11\/Serviceauto.jpg\" class=\"attachment-large size-large lazyload\" alt=\"L+M AG Absauganlagen Inspektion Service\" data-srcset=\"https:\/\/lume.ch\/wp-content\/uploads\/2023\/11\/Serviceauto.jpg 2330w, https:\/\/lume.ch\/wp-content\/uploads\/2023\/11\/Serviceauto-400x225.jpg 400w\" data-sizes=\"(max-width: 1024px) 100vw, 1024px\" src=\"data:image\/svg+xml;base64,PHN2ZyB3aWR0aD0iMSIgaGVpZ2h0PSIxIiB4bWxucz0iaHR0cDovL3d3dy53My5vcmcvMjAwMC9zdmciPjwvc3ZnPg==\" style=\"--smush-placeholder-width: 1024px; --smush-placeholder-aspect-ratio: 1024\/576;\" \/>        <\/div>\n    \n            <\/div>\n<\/div>\n<div  class=\"block block-content bg-weiss pb-mittel\">\n    <div class=\"main-container\">\n        <div class=\"content-container\">\n\n            \n\n    <h2 class=\"d3\">Pr\u00eat pour l&rsquo;inspection, l&rsquo;entretien, le service et plus encore<\/h2>\n\n    <div class=\"accordion-toggle\">\n<div class=\"acc-geschlossen base-font-size\">\n<p>Un entretien r\u00e9gulier et un service p\u00e9riodique de votre installation d&rsquo;aspiration, de d\u00e9poussi\u00e9rage ou de votre appareil de filtration sont indispensables. Prot\u00e9gez vos collaborateurs des \u00e9missions de poussi\u00e8res dangereuses pour leur sant\u00e9 et assurez la qualit\u00e9 de vos produits. <\/p>\n<p>Notre service apr\u00e8s-vente s&rsquo;occupe de chaque installation d&rsquo;aspiration, de filtration et de d\u00e9poussi\u00e9rage, de mani\u00e8re rapide, professionnelle et pr\u00e9cise.<\/p>\n<\/div>\n<p>\u00c0 long terme, vous \u00e9conomisez des frais d&rsquo;exploitation et vous avez la garantie de respecter les r\u00e9glementations, comme entre autres l&rsquo;ordonnance sur les substances dangereuses (GefStoffV) et l&rsquo;assurance accidents l\u00e9gale (GUV).<\/p>\n<p><img decoding=\"async\" class=\"alignnone size-medium wp-image-15809 lazyload\" data-src=\"https:\/\/lume.ch\/wp-content\/uploads\/2026\/01\/lm-ag-after-sales-service-servicevertraege-servicetechniker-an-filtersteuerung-287x400.jpg\" alt=\"L+M AG Service apr\u00e8s-vente Contrats de maintenance Technicien de maintenance sur commande de filtrage\" width=\"287\" height=\"400\" src=\"data:image\/svg+xml;base64,PHN2ZyB3aWR0aD0iMSIgaGVpZ2h0PSIxIiB4bWxucz0iaHR0cDovL3d3dy53My5vcmcvMjAwMC9zdmciPjwvc3ZnPg==\" style=\"--smush-placeholder-width: 287px; --smush-placeholder-aspect-ratio: 287\/400;\"><\/p>\n<h3>Un service apr\u00e8s-vente de qualit\u00e9<\/h3>\n<div class=\"acc-geschlossen base-font-size\">\n<p>Chez L+M AG, nous entendons par service professionnel une r\u00e9action rapide et une ex\u00e9cution professionnelle de tous les travaux par notre service apr\u00e8s-vente. Le besoin du client est ici central. <\/p>\n<h3>Organis\u00e9 pour le service des installations d&rsquo;aspiration<\/h3>\n<p>Nous vous contacterons \u00e0 temps pour une inspection de votre syst\u00e8me d&rsquo;aspiration. Tous les composants sont contr\u00f4l\u00e9s selon un protocole pr\u00e9d\u00e9fini. Notre service s&rsquo;ach\u00e8ve par des mesures de l&rsquo;air, un protocole de l&rsquo;installation et un rapport de travail, et reste compr\u00e9hensible \u00e0 tout moment.  <\/p>\n<p>Nous attirons votre attention sur les r\u00e9parations et les optimisations de l&rsquo;installation de d\u00e9poussi\u00e9rage et, si n\u00e9cessaire, nous fournissons toutes les pi\u00e8ces de rechange telles que les cartouches filtrantes et les accessoires.<\/p>\n<p>Dans le cas d&rsquo;une nouvelle acquisition, qu&rsquo;il s&rsquo;agisse d&rsquo;un syst\u00e8me d&rsquo;aspiration personnalis\u00e9 ou standard, notre \u00e9quipe exp\u00e9riment\u00e9e Vente vous conseillera sur la solution la plus adapt\u00e9e.<\/p>\n<h3><strong>Service apr\u00e8s-vente \u00e0 valeur ajout\u00e9e<\/strong><\/h3>\n<\/div>\n<\/div>\n<div class=\"accordion-content\">\n<div class=\"accordion-content-inner base-font-size\">\n<ul>\n<li>Fonctionnement \u00e9conomique de votre syst\u00e8me d&rsquo;aspiration<\/li>\n<li>Am\u00e9lioration de la qualit\u00e9 des produits<\/li>\n<li>Respect de la l\u00e9gislation et des normes<\/li>\n<li>Protection de la sant\u00e9 des employ\u00e9s<\/li>\n<li>Documents de preuve pour le contr\u00f4le, entre autres SUVA<\/li>\n<li>Garantie des pi\u00e8ces de rechange et accessoires d&rsquo;origine pour le service apr\u00e8s-vente, l&rsquo;entretien, les r\u00e9parations<\/li>\n<\/ul>\n<p>Demandez un devis d\u00e8s aujourd&rsquo;hui \u00e0 : <a href=\"mailto:info@lume.ch\">info@lume.ch<\/a><\/p>\n<\/div>\n<\/div>\n\n    \n    \n\n        <\/div>\n    <\/div>\n<\/div>\n<div  class=\"block block-bild-slider pb-mittel\">\n    <div class=\"main-container pos-rel\">\n\n        <div class=\"swiper-gallery pos-rel\">\n        <div class=\"swiper-wrapper\">\n                        <div class=\"swiper-slide standard-link\">\n                <a href=\"https:\/\/lume.ch\/wp-content\/uploads\/2025\/12\/lm-ag-extraction-systems-after-sales-service-deployment.jpg\" data-featherlight=\"image\">\n                     <img decoding=\"async\" data-src=\"https:\/\/lume.ch\/wp-content\/uploads\/2025\/12\/lm-ag-extraction-systems-after-sales-service-deployment.jpg\" alt=\"L+M AG Absauganlagen \" src=\"data:image\/svg+xml;base64,PHN2ZyB3aWR0aD0iMSIgaGVpZ2h0PSIxIiB4bWxucz0iaHR0cDovL3d3dy53My5vcmcvMjAwMC9zdmciPjwvc3ZnPg==\" class=\"lazyload\" style=\"--smush-placeholder-width: 3185px; --smush-placeholder-aspect-ratio: 3185\/1631;\" \/>\n                <\/a>\n                <p class=\"wp-caption-text small-font-size\"><\/p>\n            <\/div>\n                        <div class=\"swiper-slide standard-link\">\n                <a href=\"https:\/\/lume.ch\/wp-content\/uploads\/2026\/03\/lm-ag-extraction-systems-inspection-and-service-vignette.jpg\" data-featherlight=\"image\">\n                     <img decoding=\"async\" data-src=\"https:\/\/lume.ch\/wp-content\/uploads\/2026\/03\/lm-ag-extraction-systems-inspection-and-service-vignette.jpg\" alt=\"L+M AG Syst\u00e8mes d&#039;aspiration \u2013 Vignette d&#039;inspection et d&#039;entretien\" src=\"data:image\/svg+xml;base64,PHN2ZyB3aWR0aD0iMSIgaGVpZ2h0PSIxIiB4bWxucz0iaHR0cDovL3d3dy53My5vcmcvMjAwMC9zdmciPjwvc3ZnPg==\" class=\"lazyload\" style=\"--smush-placeholder-width: 3366px; --smush-placeholder-aspect-ratio: 3366\/2082;\" \/>\n                <\/a>\n                <p class=\"wp-caption-text small-font-size\"><\/p>\n            <\/div>\n                        <div class=\"swiper-slide standard-link\">\n                <a href=\"https:\/\/lume.ch\/wp-content\/uploads\/2025\/12\/lm-ag-extraction-systems-filter-chamber.jpg\" data-featherlight=\"image\">\n                     <img decoding=\"async\" data-src=\"https:\/\/lume.ch\/wp-content\/uploads\/2025\/12\/lm-ag-extraction-systems-filter-chamber.jpg\" alt=\"L+M AG Absauganlagen Filterkammer\" src=\"data:image\/svg+xml;base64,PHN2ZyB3aWR0aD0iMSIgaGVpZ2h0PSIxIiB4bWxucz0iaHR0cDovL3d3dy53My5vcmcvMjAwMC9zdmciPjwvc3ZnPg==\" class=\"lazyload\" style=\"--smush-placeholder-width: 3241px; --smush-placeholder-aspect-ratio: 3241\/2084;\" \/>\n                <\/a>\n                <p class=\"wp-caption-text small-font-size\"><\/p>\n            <\/div>\n                        <div class=\"swiper-slide standard-link\">\n                <a href=\"https:\/\/lume.ch\/wp-content\/uploads\/2025\/12\/lm-ag-absauganlagen-steuerungskasten.jpg\" data-featherlight=\"image\">\n                     <img decoding=\"async\" data-src=\"https:\/\/lume.ch\/wp-content\/uploads\/2025\/12\/lm-ag-absauganlagen-steuerungskasten.jpg\" alt=\"L+M AG Absauganlagen Steuerungskasten\" src=\"data:image\/svg+xml;base64,PHN2ZyB3aWR0aD0iMSIgaGVpZ2h0PSIxIiB4bWxucz0iaHR0cDovL3d3dy53My5vcmcvMjAwMC9zdmciPjwvc3ZnPg==\" class=\"lazyload\" style=\"--smush-placeholder-width: 3114px; --smush-placeholder-aspect-ratio: 3114\/2076;\" \/>\n                <\/a>\n                <p class=\"wp-caption-text small-font-size\"><\/p>\n            <\/div>\n                        <div class=\"swiper-slide standard-link\">\n                <a href=\"https:\/\/lume.ch\/wp-content\/uploads\/2026\/01\/LM-AG-Absauganlagen-Service-Rohrleitungssystem-reinigen-1-e1767691067347.jpg\" data-featherlight=\"image\">\n                     <img decoding=\"async\" data-src=\"https:\/\/lume.ch\/wp-content\/uploads\/2026\/01\/LM-AG-Absauganlagen-Service-Rohrleitungssystem-reinigen-1-e1767691067347.jpg\" alt=\"LM-AG-Absauganlagen-Service-Rohrleitungssystem-reinigen\" src=\"data:image\/svg+xml;base64,PHN2ZyB3aWR0aD0iMSIgaGVpZ2h0PSIxIiB4bWxucz0iaHR0cDovL3d3dy53My5vcmcvMjAwMC9zdmciPjwvc3ZnPg==\" class=\"lazyload\" style=\"--smush-placeholder-width: 3024px; --smush-placeholder-aspect-ratio: 3024\/2392;\" \/>\n                <\/a>\n                <p class=\"wp-caption-text small-font-size\"><\/p>\n            <\/div>\n                    <\/div>\n        <div class=\"swiper-pagination\"><\/div>\n    <\/div>\n    \n    <\/div>\n<\/div>\n<div  class=\"block block-personen bg-dunkelgrau pt-mittel pb-mittel\">\n    <div class=\"main-container\">\n\n        <h2 class=\"d3\">Vos contacts<\/h2>\n    \n    \n\n           \n            <p>Vous avez besoin d&rsquo;une inspection, d&rsquo;un entretien ou d&rsquo;une r\u00e9paration ?<\/p>\n\n<div class=\"person mt-klein mb-50\">\n\n    <div class=\"person-bild\">\n                <div class=\"person-bild-inner\">\n            <img decoding=\"async\" width=\"890\" height=\"660\" data-src=\"https:\/\/lume.ch\/wp-content\/uploads\/2023\/11\/Schweri-Astrid1_Kundendienst_231004_1358-890x660.jpg\" class=\"attachment-person size-person wp-post-image lazyload\" alt=\"LM AG Industriestahlbau Absauganlagen Marcel Zehnder Gregor Staubli Gesch\u00e4ftsleitung\" src=\"data:image\/svg+xml;base64,PHN2ZyB3aWR0aD0iMSIgaGVpZ2h0PSIxIiB4bWxucz0iaHR0cDovL3d3dy53My5vcmcvMjAwMC9zdmciPjwvc3ZnPg==\" style=\"--smush-placeholder-width: 890px; --smush-placeholder-aspect-ratio: 890\/660;\" \/>        <\/div>\n            <\/div>\n\n    <div class=\"person-inhalt\">\n                <h3 class=\"d4 color-orange\">Astrid Schweri<\/h3>\n                \n                  <p class=\"d6 mb-0 base-font-size\"><strong>Apr\u00e8s-vente<\/strong><\/p>\n        \n        \n        <div class=\"links standard-link\">\n                          <p><a href=\"mailto:astrid.schweri@lume.ch\"><span class=\"mail\"><\/span> astrid.schweri@lume.ch<\/a><\/p>\n            \n                          <p><a href=\"tel:+41565520836\"><span class=\"tel\"><\/span> +41 56 552 08 36<\/a><\/p>\n            \n                          <p><a href=\"https:\/\/www.linkedin.com\/in\/astrid-schweri-482432222\/\" target=\"_blank\" rel=\"nofollow noopener\"><span class=\"linkedin\"><\/span> Profil LinkedIn<\/a><\/p>\n                    <\/div>\n    <\/div>\n<\/div>\n\n  \n<div class=\"person mt-klein mb-50\">\n\n    <div class=\"person-bild\">\n                <div class=\"person-bild-inner\">\n            <img decoding=\"async\" width=\"890\" height=\"660\" data-src=\"https:\/\/lume.ch\/wp-content\/uploads\/2024\/11\/Roland-Erdin-890x660.jpg\" class=\"attachment-person size-person wp-post-image lazyload\" alt=\"LM AG Industriestahlbau Absauganlagen Roland Erdin\" src=\"data:image\/svg+xml;base64,PHN2ZyB3aWR0aD0iMSIgaGVpZ2h0PSIxIiB4bWxucz0iaHR0cDovL3d3dy53My5vcmcvMjAwMC9zdmciPjwvc3ZnPg==\" style=\"--smush-placeholder-width: 890px; --smush-placeholder-aspect-ratio: 890\/660;\" \/>        <\/div>\n            <\/div>\n\n    <div class=\"person-inhalt\">\n                <h3 class=\"d4 color-orange\">Roland Erdin<\/h3>\n                \n                  <p class=\"d6 mb-0 base-font-size\"><strong>Chef de projet technique<\/strong><\/p>\n        \n                  <p>Installations d&rsquo;aspiration<\/p>\n        \n        <div class=\"links standard-link\">\n                          <p><a href=\"mailto:roland.erdin@lume.ch\"><span class=\"mail\"><\/span> roland.erdin@lume.ch<\/a><\/p>\n            \n                          <p><a href=\"tel:+41565520862\"><span class=\"tel\"><\/span> +41 56 552 08 62<\/a><\/p>\n            \n                    <\/div>\n    <\/div>\n<\/div>\n\n  \n    <\/div>\n<\/div>","protected":false},"excerpt":{"rendered":"","protected":false},"author":1,"featured_media":0,"parent":13868,"menu_order":0,"comment_status":"closed","ping_status":"closed","template":"tpl-front-page.php","meta":{"_acf_changed":false,"footnotes":""},"class_list":["post-16844","page","type-page","status-publish","hentry"],"acf":[],"_links":{"self":[{"href":"https:\/\/lume.ch\/fr\/wp-json\/wp\/v2\/pages\/16844","targetHints":{"allow":["GET"]}}],"collection":[{"href":"https:\/\/lume.ch\/fr\/wp-json\/wp\/v2\/pages"}],"about":[{"href":"https:\/\/lume.ch\/fr\/wp-json\/wp\/v2\/types\/page"}],"author":[{"embeddable":true,"href":"https:\/\/lume.ch\/fr\/wp-json\/wp\/v2\/users\/1"}],"replies":[{"embeddable":true,"href":"https:\/\/lume.ch\/fr\/wp-json\/wp\/v2\/comments?post=16844"}],"version-history":[{"count":8,"href":"https:\/\/lume.ch\/fr\/wp-json\/wp\/v2\/pages\/16844\/revisions"}],"predecessor-version":[{"id":17258,"href":"https:\/\/lume.ch\/fr\/wp-json\/wp\/v2\/pages\/16844\/revisions\/17258"}],"up":[{"embeddable":true,"href":"https:\/\/lume.ch\/fr\/wp-json\/wp\/v2\/pages\/13868"}],"wp:attachment":[{"href":"https:\/\/lume.ch\/fr\/wp-json\/wp\/v2\/media?parent=16844"}],"curies":[{"name":"wp","href":"https:\/\/api.w.org\/{rel}","templated":true}]}}