{"id":16046,"date":"2026-01-26T19:49:14","date_gmt":"2026-01-26T18:49:14","guid":{"rendered":"https:\/\/lume.ch\/?page_id=16046"},"modified":"2026-02-25T15:53:47","modified_gmt":"2026-02-25T14:53:47","slug":"appareil-de-filtration-powercell-nouveaute","status":"publish","type":"page","link":"https:\/\/lume.ch\/fr\/installations-daspiration\/installations-daspiration-et-de-filtration\/appareil-de-filtration-powercell-nouveaute\/","title":{"rendered":"Appareil de filtration PowerCell &#8211; Nouveaut\u00e9 !"},"content":{"rendered":"\n<div  class=\"block block-header pb-mittel header-text\">\n\n            <div class=\"main-container container-padding-top pb-mittel has-breadcrumb\"> \n          \n            <div class=\"content-container\">\n            \n                                <div class=\"d5 color-anthrazit uebertitel\">Syst\u00e8mes d&rsquo;aspiration et appareils de filtration<\/div>\n                \n                                <h1 class=\"d1 color-orange\">Appareil de filtration PowerCell<\/h1>\n                 \n                                <div class=\"lead-font-size\"><p>Avec le nouveau d\u00e9veloppement de l&rsquo;appareil de filtration PowerCell, L+M AG pose de nouveaux jalons en mati\u00e8re de technique d&rsquo;aspiration sur le march\u00e9 suisse. Ce concentr\u00e9 de puissance aspire efficacement les fum\u00e9es, les gaz et les poussi\u00e8res tout en fonctionnant de mani\u00e8re si silencieuse qu&rsquo;il est \u00e0 peine audible. Informez-vous maintenant !  <\/p>\n<\/div>\n                            <\/div>\n        <\/div>\n    <\/div>\n\n\n<div  class=\"block block-image bg-weiss pb-mittel hochformat\">\n    <div class=\"main-container\">\n        <div class=\"image-container\">\n            <img decoding=\"async\" width=\"667\" height=\"1000\" data-src=\"https:\/\/lume.ch\/wp-content\/uploads\/2026\/01\/powercell-filtergeraet.png\" class=\"attachment-large size-large lazyload\" alt=\"PowerCell Filterger\u00e4t\" src=\"data:image\/svg+xml;base64,PHN2ZyB3aWR0aD0iMSIgaGVpZ2h0PSIxIiB4bWxucz0iaHR0cDovL3d3dy53My5vcmcvMjAwMC9zdmciPjwvc3ZnPg==\" style=\"--smush-placeholder-width: 667px; --smush-placeholder-aspect-ratio: 667\/1000;\" \/>        <\/div>\n    \n                <div class=\"caption small-font-size\">Appareil de filtration PowerCell<\/div>\n            <\/div>\n<\/div>\n\n\n<div  class=\"block block-content bg-weiss pb-mittel\">\n    <div class=\"main-container\">\n        <div class=\"content-container\">\n\n            \n\n    <h2 class=\"d3\">Votre valeur ajout\u00e9e avec PowerCell<\/h2>\n\n        <p><img decoding=\"async\" class=\"alignnone  wp-image-16034 lazyload\" data-src=\"https:\/\/lume.ch\/wp-content\/uploads\/2026\/01\/lm-ag-extraction-systems-filter-systems-filter-unit-powercell-components-1-400x130.jpg\" alt=\"LM-AG-Absauganlagen-Filteranlagen-Filtergeraet-PowerCell-Komponenten-1\" width=\"775\" height=\"252\" data-srcset=\"https:\/\/lume.ch\/wp-content\/uploads\/2026\/01\/lm-ag-extraction-systems-filter-systems-filter-unit-powercell-components-1-400x130.jpg 400w, https:\/\/lume.ch\/wp-content\/uploads\/2026\/01\/lm-ag-extraction-systems-filter-systems-filter-unit-powercell-components-1.jpg 1636w\" data-sizes=\"(max-width: 775px) 100vw, 775px\" src=\"data:image\/svg+xml;base64,PHN2ZyB3aWR0aD0iMSIgaGVpZ2h0PSIxIiB4bWxucz0iaHR0cDovL3d3dy53My5vcmcvMjAwMC9zdmciPjwvc3ZnPg==\" style=\"--smush-placeholder-width: 775px; --smush-placeholder-aspect-ratio: 775\/252;\" \/><\/p>\n    \n    <div class=\"columns-2-count\">\n        <div class=\"column\">\n            <ul>\n<li><span style=\"font-weight: 400;\">Appareil de filtration efficace avec une pression totale \u00e9lev\u00e9e PA max. pour une performance puissante <\/span><\/li>\n<li>Trois variantes de mod\u00e8les disponibles : Basic, Pro et Ultimate disponibles en diff\u00e9rents d\u00e9bits d&rsquo;air<\/li>\n<li>Ventilateur puissant avec moteur EC avec adaptation automatique de la puissance pour une consommation \u00e9lectrique minimale<\/li>\n<\/ul>\n\n                    <\/div>\n\n        <div class=\"column\">\n            <ul>\n<li><span style=\"font-weight: 400;\">\u00c9cran tactile couleur pour une utilisation intuitive et une lisibilit\u00e9 optimale<\/span><\/li>\n<li>Contr\u00f4le externe via une interface et int\u00e9grable dans des syst\u00e8mes automatis\u00e9s, y compris FB <\/li>\n<li>Cartouches filtrantes \u00e0 longue dur\u00e9e de vie, faibles co\u00fbts d&rsquo;entretien<\/li>\n<\/ul>\n\n                    <\/div>\n    <\/div>\n    \n\n        <\/div>\n    <\/div>\n<\/div>\n\n\n<div  class=\"block block-content bg-weiss pb-mittel\">\n    <div class=\"main-container\">\n        <div class=\"content-container\">\n\n            \n\n    <h2 class=\"d3\">Domaines d&rsquo;application PowerCell<\/h2>\n\n    <ul>\n<li style=\"font-weight: 400;\" aria-level=\"1\"><span style=\"font-weight: 400;\">Convient \u00e0 toutes les industries et \u00e0 diff\u00e9rentes applications<\/span><\/li>\n<li aria-level=\"1\">Pour une aspiration puissante et efficace des fum\u00e9es, gaz, poussi\u00e8res grossi\u00e8res et fines<\/li>\n<li style=\"font-weight: 400;\" aria-level=\"1\"><span style=\"font-weight: 400;\">Con\u00e7u comme un syst\u00e8me d&rsquo;aspiration pour un seul poste de travail, utilisation fixe ou mobile sur roulettes industrielles<\/span><\/li>\n<li aria-level=\"1\">Id\u00e9al pour les espaces restreints<\/li>\n<\/ul>\n\n    \n    \n\n        <\/div>\n    <\/div>\n<\/div>\n\n\n<div  class=\"block block-content bg-weiss pb-mittel\">\n    <div class=\"main-container\">\n        <div class=\"content-container\">\n\n            \n\n    <h2 class=\"d3\">Options PowerCell<\/h2>\n\n    <ul>\n<li>Contr\u00f4le de niveau pour une s\u00e9curit\u00e9 maximale (en option)<\/li>\n<li aria-level=\"1\">H13 Filtre \u00e0 particules en suspension pour une puret\u00e9 absolue de l&rsquo;air (en option)<\/li>\n<li><span style=\"font-weight: 400;\">Roulettes industrielles robustes pour une mobilit\u00e9 maximale (en option)<\/span><\/li>\n<\/ul>\n\n    \n            <div class=\"button-group\">\n               <\/div>\n    \n\n        <\/div>\n    <\/div>\n<\/div>\n\n\n<div  class=\"block block-content bg-weiss pb-mittel\">\n    <div class=\"main-container\">\n        <div class=\"content-container\">\n\n            \n\n    <h2 class=\"d3\">Caract\u00e9ristiques techniques PowerCell<\/h2>\n\n    \n<table id=\"tablepress-11\" class=\"tablepress tablepress-id-11\">\n<thead>\n<tr class=\"row-1\">\n\t<th class=\"column-1\">Type<\/th><th class=\"column-2\">Basic<\/th><th class=\"column-3\">Pro<\/th><th class=\"column-4\">Ultimate<\/th>\n<\/tr>\n<\/thead>\n<tbody class=\"row-striping row-hover\">\n<tr class=\"row-2\">\n\t<td class=\"column-1\">Syst\u00e8me de filtration<\/td><td class=\"column-2\">Cartouches<\/td><td class=\"column-3\">Cartouches<\/td><td class=\"column-4\">Cartouches<\/td>\n<\/tr>\n<tr class=\"row-3\">\n\t<td class=\"column-1\">Nettoyage<\/td><td class=\"column-2\">Pneumatique<\/td><td class=\"column-3\">Pneumatique<\/td><td class=\"column-4\">Pneumatique<\/td>\n<\/tr>\n<tr class=\"row-4\">\n\t<td class=\"column-1\">Mat\u00e9riau filtrant<\/td><td class=\"column-2\">Non-tiss\u00e9 polyester antist.<\/td><td class=\"column-3\">Non-tiss\u00e9 polyester antist.<\/td><td class=\"column-4\">Non-tiss\u00e9 polyester antist.<\/td>\n<\/tr>\n<tr class=\"row-5\">\n\t<td class=\"column-1\">D\u00e9bit d&rsquo;air max. m3\/h<\/td><td class=\"column-2\">700<\/td><td class=\"column-3\">370<\/td><td class=\"column-4\">740<\/td>\n<\/tr>\n<tr class=\"row-6\">\n\t<td class=\"column-1\">Pression totale max. Pa<\/td><td class=\"column-2\">5&rsquo;800<\/td><td class=\"column-3\">16&rsquo;400<\/td><td class=\"column-4\">16&rsquo;400<\/td>\n<\/tr>\n<tr class=\"row-7\">\n\t<td class=\"column-1\">Point de fonctionnement<\/td><td class=\"column-2\">500 m\u00b3\/h @ 4&rsquo;000 Pa<\/td><td class=\"column-3\">250 m\u00b3\/h @ 7&rsquo;200 Pa<\/td><td class=\"column-4\">500 m\u00b3\/h @ 6&rsquo;800 Pa<\/td>\n<\/tr>\n<tr class=\"row-8\">\n\t<td class=\"column-1\">Puissance du moteur EC kW<\/td><td class=\"column-2\">1,4<\/td><td class=\"column-3\">1,8<\/td><td class=\"column-4\">3,6<\/td>\n<\/tr>\n<tr class=\"row-9\">\n\t<td class=\"column-1\">Surface filtrante m2<\/td><td class=\"column-2\">8,4<\/td><td class=\"column-3\">8,4<\/td><td class=\"column-4\">8,4<\/td>\n<\/tr>\n<tr class=\"row-10\">\n\t<td class=\"column-1\">Nombre de filtres \u00e0 cartouche<\/td><td class=\"column-2\">4<\/td><td class=\"column-3\">4<\/td><td class=\"column-4\">4<\/td>\n<\/tr>\n<tr class=\"row-11\">\n\t<td class=\"column-1\">Niveau de pression acoustique dB (A)<\/td><td class=\"column-2\"><68<\/td><td class=\"column-3\"><68<\/td><td class=\"column-4\"><68<\/td>\n<\/tr>\n<tr class=\"row-12\">\n\t<td class=\"column-1\">R\u00e9servoir \u00e0 poussi\u00e8re l (litres)<\/td><td class=\"column-2\">25<\/td><td class=\"column-3\">25<\/td><td class=\"column-4\">25<\/td>\n<\/tr>\n<tr class=\"row-13\">\n\t<td class=\"column-1\">Poids kg (avec options)<\/td><td class=\"column-2\">180 (max. 195)<\/td><td class=\"column-3\">180 (max. 195)<\/td><td class=\"column-4\">180 (max. 195)<\/td>\n<\/tr>\n<\/tbody>\n<\/table>\n<!-- #tablepress-11 from cache -->\n\n    \n            <div class=\"button-group\">\n                   <a class=\"btn btn-outline btn-ext\" href=\"https:\/\/lume.ch\/wp-content\/uploads\/2026\/02\/Nouveaute-Appareil-de-filtration-PowerCell_brochure-produit.pdf\" target=\"_blank\">Flyer &#8211; Appareil de filtration PowerCell<\/a>\n                <\/div>\n    \n\n        <\/div>\n    <\/div>\n<\/div>\n\n\n<div id=\"personnes \u00e0 contacter\" class=\"block block-personen bg-dunkelgrau pt-gross pb-gross\">\n    <div class=\"main-container\">\n\n        <h2 class=\"d3\">Vos contacts<\/h2>\n    \n    \n\n           \n            <p>Vous avez besoin d&rsquo;un conseil ou vous avez un projet ?<\/p>\n\n<div class=\"person mt-klein mb-50\">\n\n    <div class=\"person-bild\">\n                <div class=\"person-bild-inner\">\n            <img decoding=\"async\" width=\"890\" height=\"660\" data-src=\"https:\/\/lume.ch\/wp-content\/uploads\/2023\/09\/Staubli-Gregor5_DSC06531-890x660.jpg\" class=\"attachment-person size-person wp-post-image lazyload\" alt=\"LM AG Industriestahlbau Absauganlagen Gregor Staubli\" src=\"data:image\/svg+xml;base64,PHN2ZyB3aWR0aD0iMSIgaGVpZ2h0PSIxIiB4bWxucz0iaHR0cDovL3d3dy53My5vcmcvMjAwMC9zdmciPjwvc3ZnPg==\" style=\"--smush-placeholder-width: 890px; --smush-placeholder-aspect-ratio: 890\/660;\" \/>        <\/div>\n            <\/div>\n\n    <div class=\"person-inhalt\">\n                <h3 class=\"d4 color-orange\">Gregor Staubli<\/h3>\n                \n                  <p class=\"d6 mb-0 base-font-size\"><strong>Vente | Direction<\/strong><\/p>\n        \n                  <p>Directeur des ventes | Membre de la direction<\/p>\n        \n        <div class=\"links standard-link\">\n                          <p><a href=\"mailto:gregor.staubli@lume.ch\"><span class=\"mail\"><\/span> gregor.staubli@lume.ch<\/a><\/p>\n            \n                          <p><a href=\"tel:+41763631229\"><span class=\"tel\"><\/span> +41 76 363 12 29<\/a><\/p>\n            \n                          <p><a href=\"https:\/\/www.linkedin.com\/in\/gregor-staubli-12b17052\/\" target=\"_blank\" rel=\"nofollow noopener\"><span class=\"linkedin\"><\/span> Profil LinkedIn<\/a><\/p>\n                    <\/div>\n    <\/div>\n<\/div>\n\n  \n<div class=\"person mt-klein mb-50\">\n\n    <div class=\"person-bild\">\n                <div class=\"person-bild-inner\">\n            <img decoding=\"async\" width=\"890\" height=\"660\" data-src=\"https:\/\/lume.ch\/wp-content\/uploads\/2023\/11\/Shipman-Roy_F_DSC06646-890x660.png\" class=\"attachment-person size-person wp-post-image lazyload\" alt=\"LM AG Industriestahlbau Absauganlagen\" src=\"data:image\/svg+xml;base64,PHN2ZyB3aWR0aD0iMSIgaGVpZ2h0PSIxIiB4bWxucz0iaHR0cDovL3d3dy53My5vcmcvMjAwMC9zdmciPjwvc3ZnPg==\" style=\"--smush-placeholder-width: 890px; --smush-placeholder-aspect-ratio: 890\/660;\" \/>        <\/div>\n            <\/div>\n\n    <div class=\"person-inhalt\">\n                <h3 class=\"d4 color-orange\">Roy Shipman<\/h3>\n                \n                  <p class=\"d6 mb-0 base-font-size\"><strong>Vente<\/strong><\/p>\n        \n                  <p>Vendeur r\u00e9gional | Chef de projet<\/p>\n        \n        <div class=\"links standard-link\">\n                          <p><a href=\"mailto:roy.shipman@lume.ch\"><span class=\"mail\"><\/span> roy.shipman@lume.ch<\/a><\/p>\n            \n                          <p><a href=\"tel:+41765564096\"><span class=\"tel\"><\/span> +41 76 556 40 96<\/a><\/p>\n            \n                    <\/div>\n    <\/div>\n<\/div>\n\n  \n<div class=\"person mt-klein mb-50\">\n\n    <div class=\"person-bild\">\n                <div class=\"person-bild-inner\">\n            <img decoding=\"async\" width=\"890\" height=\"660\" data-src=\"https:\/\/lume.ch\/wp-content\/uploads\/2025\/04\/Pascal-Buehler-890x660.jpg\" class=\"attachment-person size-person wp-post-image lazyload\" alt=\"LM AG LM AG Industriestahlbau Absauganlagen Pascal B\u00fchler\" src=\"data:image\/svg+xml;base64,PHN2ZyB3aWR0aD0iMSIgaGVpZ2h0PSIxIiB4bWxucz0iaHR0cDovL3d3dy53My5vcmcvMjAwMC9zdmciPjwvc3ZnPg==\" style=\"--smush-placeholder-width: 890px; --smush-placeholder-aspect-ratio: 890\/660;\" \/>        <\/div>\n            <\/div>\n\n    <div class=\"person-inhalt\">\n                <h3 class=\"d4 color-orange\">Pascal B\u00fchler<\/h3>\n                \n                  <p class=\"d6 mb-0 base-font-size\"><strong>Vente<\/strong><\/p>\n        \n                  <p>Vendeur t\u00e9chnique<\/p>\n        \n        <div class=\"links standard-link\">\n                          <p><a href=\"mailto:pascal.buehler@lume.ch\"><span class=\"mail\"><\/span> pascal.buehler@lume.ch<\/a><\/p>\n            \n                          <p><a href=\"tel:+41565520867\"><span class=\"tel\"><\/span> +41 56 552 08 67<\/a><\/p>\n            \n                          <p><a href=\"https:\/\/www.linkedin.com\/in\/pascal-b%C3%BChler-0087b8172\/\" target=\"_blank\" rel=\"nofollow noopener\"><span class=\"linkedin\"><\/span> Profil LinkedIn<\/a><\/p>\n                    <\/div>\n    <\/div>\n<\/div>\n\n  \n    <\/div>\n<\/div>","protected":false},"excerpt":{"rendered":"","protected":false},"author":2,"featured_media":0,"parent":13870,"menu_order":0,"comment_status":"closed","ping_status":"closed","template":"tpl-front-page.php","meta":{"_acf_changed":false,"footnotes":""},"class_list":["post-16046","page","type-page","status-publish","hentry"],"acf":[],"_links":{"self":[{"href":"https:\/\/lume.ch\/fr\/wp-json\/wp\/v2\/pages\/16046","targetHints":{"allow":["GET"]}}],"collection":[{"href":"https:\/\/lume.ch\/fr\/wp-json\/wp\/v2\/pages"}],"about":[{"href":"https:\/\/lume.ch\/fr\/wp-json\/wp\/v2\/types\/page"}],"author":[{"embeddable":true,"href":"https:\/\/lume.ch\/fr\/wp-json\/wp\/v2\/users\/2"}],"replies":[{"embeddable":true,"href":"https:\/\/lume.ch\/fr\/wp-json\/wp\/v2\/comments?post=16046"}],"version-history":[{"count":7,"href":"https:\/\/lume.ch\/fr\/wp-json\/wp\/v2\/pages\/16046\/revisions"}],"predecessor-version":[{"id":16208,"href":"https:\/\/lume.ch\/fr\/wp-json\/wp\/v2\/pages\/16046\/revisions\/16208"}],"up":[{"embeddable":true,"href":"https:\/\/lume.ch\/fr\/wp-json\/wp\/v2\/pages\/13870"}],"wp:attachment":[{"href":"https:\/\/lume.ch\/fr\/wp-json\/wp\/v2\/media?parent=16046"}],"curies":[{"name":"wp","href":"https:\/\/api.w.org\/{rel}","templated":true}]}}