{"id":15086,"date":"2025-08-15T10:19:09","date_gmt":"2025-08-15T08:19:09","guid":{"rendered":"https:\/\/lume.ch\/?page_id=15086"},"modified":"2025-08-15T10:34:32","modified_gmt":"2025-08-15T08:34:32","slug":"ingenieur-detudes-es-h-f-100","status":"publish","type":"page","link":"https:\/\/lume.ch\/fr\/ingenieur-detudes-es-h-f-100\/","title":{"rendered":"Ing\u00e9nieur d&rsquo;\u00e9tudes ES (h\/f) 100"},"content":{"rendered":"\n<div  class=\"block block-header pb-mittel header-quote\">\n\n        <div class=\"image\">\n        <div class=\"img\"><img decoding=\"async\" width=\"2260\" height=\"1000\" data-src=\"https:\/\/lume.ch\/wp-content\/uploads\/2023\/11\/LM-Gebaeude-1-2260x1000.png?theia_smart_thumbnails_file_version=2\" class=\"attachment-header-small size-header-small lazyload\" alt=\"\" src=\"data:image\/svg+xml;base64,PHN2ZyB3aWR0aD0iMSIgaGVpZ2h0PSIxIiB4bWxucz0iaHR0cDovL3d3dy53My5vcmcvMjAwMC9zdmciPjwvc3ZnPg==\" style=\"--smush-placeholder-width: 2260px; --smush-placeholder-aspect-ratio: 2260\/1000;\" \/><\/div>\n        <div class=\"main-container pos-rel\">\n             <svg width=\"51\" height=\"48\" viewBox=\"0 0 51 48\" fill=\"none\" xmlns=\"http:\/\/www.w3.org\/2000\/svg\">\n<path d=\"M27.6992 0.800781L28.5556 1.31715L29.4699 -0.199219H27.6992V0.800781ZM13.4609 24.4141L13.4564 25.4141L14.0241 25.4166L14.3173 24.9304L13.4609 24.4141ZM0.453125 24.3555H-0.546875V25.351L0.44862 25.3555L0.453125 24.3555ZM0.453125 23.5938L-0.358489 23.0096L-0.546875 23.2713V23.5938H0.453125ZM16.8594 0.800781V-0.199219H16.3471L16.0478 0.216587L16.8594 0.800781ZM13.4609 23.8867L14.3179 23.3713L14.0249 22.8842L13.4564 22.8867L13.4609 23.8867ZM27.6992 47.5586V48.5586H29.4677L28.5561 47.0432L27.6992 47.5586ZM16.8594 47.5586L16.0471 48.1418L16.3463 48.5586H16.8594V47.5586ZM0.453125 24.707H-0.546875V25.0288L-0.359199 25.2902L0.453125 24.707ZM0.453125 23.9453L0.44862 22.9453L-0.546875 22.9498V23.9453H0.453125ZM50.375 0.800781L51.2314 1.31715L52.1457 -0.199219H50.375V0.800781ZM36.1367 24.4141L36.1322 25.4141L36.6999 25.4166L36.9931 24.9304L36.1367 24.4141ZM23.1289 24.3555H22.1289V25.351L23.1244 25.3555L23.1289 24.3555ZM23.1289 23.5938L22.3173 23.0096L22.1289 23.2713V23.5938H23.1289ZM39.5352 0.800781V-0.199219H39.0228L38.7235 0.216587L39.5352 0.800781ZM36.1367 23.8867L36.9936 23.3713L36.7007 22.8842L36.1322 22.8867L36.1367 23.8867ZM50.375 47.5586V48.5586H52.1434L51.2319 47.0432L50.375 47.5586ZM39.5352 47.5586L38.7228 48.1418L39.0221 48.5586H39.5352V47.5586ZM23.1289 24.707H22.1289V25.0288L22.3166 25.2902L23.1289 24.707ZM23.1289 23.9453L23.1244 22.9453L22.1289 22.9498V23.9453H23.1289ZM26.8429 0.284412L12.6046 23.8977L14.3173 24.9304L28.5556 1.31715L26.8429 0.284412ZM13.4654 23.4141L0.45763 23.3555L0.44862 25.3555L13.4564 25.4141L13.4654 23.4141ZM1.45312 24.3555V23.5938H-0.546875V24.3555H1.45312ZM1.26474 24.1779L17.671 1.38498L16.0478 0.216587L-0.358489 23.0096L1.26474 24.1779ZM16.8594 1.80078H27.6992V-0.199219H16.8594V1.80078ZM12.604 24.4021L26.8423 48.074L28.5561 47.0432L14.3179 23.3713L12.604 24.4021ZM27.6992 46.5586H16.8594V48.5586H27.6992V46.5586ZM17.6717 46.9754L1.26545 24.1238L-0.359199 25.2902L16.0471 48.1418L17.6717 46.9754ZM1.45312 24.707V23.9453H-0.546875V24.707H1.45312ZM0.45763 24.9453L13.4654 24.8867L13.4564 22.8867L0.44862 22.9453L0.45763 24.9453ZM49.5186 0.284412L35.2804 23.8977L36.9931 24.9304L51.2314 1.31715L49.5186 0.284412ZM36.1412 23.4141L23.1334 23.3555L23.1244 25.3555L36.1322 25.4141L36.1412 23.4141ZM24.1289 24.3555V23.5938H22.1289V24.3555H24.1289ZM23.9405 24.1779L40.3468 1.38498L38.7235 0.216587L22.3173 23.0096L23.9405 24.1779ZM39.5352 1.80078H50.375V-0.199219H39.5352V1.80078ZM35.2798 24.4021L49.5181 48.074L51.2319 47.0432L36.9936 23.3713L35.2798 24.4021ZM50.375 46.5586H39.5352V48.5586H50.375V46.5586ZM40.3475 46.9754L23.9412 24.1238L22.3166 25.2902L38.7228 48.1418L40.3475 46.9754ZM24.1289 24.707V23.9453H22.1289V24.707H24.1289ZM23.1334 24.9453L36.1412 24.8867L36.1322 22.8867L23.1244 22.9453L23.1334 24.9453Z\" fill=\"#FE800F\"\/>\n<\/svg>\n            <h1 class=\"d1 color-orange\">Ensemble vers des solutions intelligentes<\/h1>\n        <\/div>\n    <\/div>\n\n            <div class=\"main-container pt-mittel pb-mittel\">\n            <div class=\"content-container\">\n                <div class=\"lead-font-size\"><p>Cr\u00e9er plut\u00f4t que g\u00e9rer &#8211; rejoignez notre \u00e9quipe d&rsquo;ing\u00e9nierie innovante !<\/p>\n<\/div>\n            <\/div>\n        <\/div>\n    \n\n    <\/div>\n<div  class=\"block block-content bg-weiss pb-mittel\">\n    <div class=\"main-container\">\n        <div class=\"content-container\">\n\n            \n\n\n    <p><strong>L+M AG &#8211; agile, loyale, entreprenante et innovante depuis plus de 50 ans !<\/strong><\/p>\n<p>Nos objectifs principaux : une client\u00e8le satisfaite, des solutions sur mesure et une ing\u00e9nierie de tr\u00e8s haut niveau.<\/p>\n<p>Pour renforcer notre \u00e9quipe, nous recherchons, de suite ou \u00e0 convenir, une personne comp\u00e9tente et pleine d&rsquo;initiative en tant que<\/p>\n\n    \n    \n\n        <\/div>\n    <\/div>\n<\/div>\n<div  class=\"block block-content bg-weiss pb-mittel\">\n    <div class=\"main-container\">\n        <div class=\"content-container\">\n\n            \n\n    <h2 class=\"d3\">Ing\u00e9nieur d&rsquo;\u00e9tudes ES (h\/f) 100<\/h2>\n\n    <p><strong>Vos t\u00e2ches<\/strong><\/p>\n<ul>\n<li>Construction de machines, d&rsquo;appareils et de structures m\u00e9talliques en 3D<\/li>\n<li>Cr\u00e9ation de dessins techniques et de listes de pi\u00e8ces<\/li>\n<li>\u00c9laboration de solutions bas\u00e9es sur les id\u00e9es des clients ou sur des sp\u00e9cifications concr\u00e8tes<\/li>\n<li>Participer activement aux discussions avec les clients<\/li>\n<li>Maintenance et gestion des donn\u00e9es CAO dans PDM<\/li>\n<li>Assistance technique de l&rsquo;atelier<\/li>\n<li>D\u00e9veloppement de solutions conformes aux LMR, y compris les manuels d&rsquo;utilisation <\/li>\n<\/ul>\n<p>&nbsp;<\/p>\n<p><strong>Votre profil<\/strong><\/p>\n<ul>\n<li>Apprentissage de constructeur achev\u00e9, id\u00e9alement TS\/HF sp\u00e9cialisation en construction m\u00e9canique<\/li>\n<li>Exp\u00e9rience dans la conception de structures soud\u00e9es, la construction de machines sp\u00e9ciales et d&rsquo;appareils<\/li>\n<li>Travailler de mani\u00e8re autonome et cibl\u00e9e sur des projets exigeants<\/li>\n<li>Tr\u00e8s bonne connaissance de la CAO, de pr\u00e9f\u00e9rence Inventor, HiCAD ou Revit<\/li>\n<li>Bonne ma\u00eetrise de l&rsquo;allemand parl\u00e9 et \u00e9crit, l&rsquo;anglais est un atout<\/li>\n<li>Connaissance du traitement des nuages de points ou de l&rsquo;a\u00e9rologie<\/li>\n<\/ul>\n<p>&nbsp;<\/p>\n<p><strong>Nous proposons<\/strong><\/p>\n<ul>\n<li>Projets tr\u00e8s vari\u00e9s &#8211; aucune mission ne ressemble \u00e0 une autre<\/li>\n<li>Hi\u00e9rarchie horizontale et prise de d\u00e9cision rapide<\/li>\n<li>Une large participation : de l&rsquo;offre \u00e0 la livraison, vous \u00eates l\u00e0.<\/li>\n<li>Possibilit\u00e9s de formation interne et externe<\/li>\n<li>De l&rsquo;espace pour de nouvelles id\u00e9es et de nouveaux d\u00e9veloppements qui font avancer notre entreprise &#8211; et la possibilit\u00e9 de les mettre en \u0153uvre.<\/li>\n<li>Une ambiance de travail coll\u00e9giale et valorisante dans une entreprise g\u00e9r\u00e9e de mani\u00e8re dynamique<\/li>\n<\/ul>\n<p>&nbsp;<\/p>\n<p><strong>Int\u00e9ress\u00e9(e) ?<\/strong><\/p>\n<p>Nous attendons avec impatience votre candidature par e-mail \u00e0 :<\/p>\n<p>M. Christoph H\u00e4fliger, <a href=\"mailto:christoph.haefliger@lume.ch\" target=\"_blank\" rel=\"noopener\">christoph.haefliger@lume.ch<\/a><\/p>\n\n    \n            <div class=\"button-group\">\n                   <a class=\"btn btn-outline btn-ext\" href=\"https:\/\/lume.ch\/wp-content\/uploads\/2025\/08\/Konstrukteur-HF-LM-AG.pdf\" target=\"_blank\">Ouvrir l&#039;annonce d&#039;emploi au format PDF<\/a>\n                <\/div>\n    \n\n        <\/div>\n    <\/div>\n<\/div>\n<div  class=\"block block-personen bg-weiss pb-mittel\">\n    <div class=\"main-container\">\n\n        <h2 class=\"d3\">VOTRE CONTACT<\/h2>\n    \n    \n\n           \n            <p>Nous vous attendons avec impatience !<\/p>\n\n<div class=\"person mt-klein mb-50\">\n\n    <div class=\"person-bild\">\n                <div class=\"person-bild-inner\">\n            <img decoding=\"async\" width=\"890\" height=\"660\" data-src=\"https:\/\/lume.ch\/wp-content\/uploads\/2023\/11\/Haefliger-Christoph1_Engineering_DSC06497-890x660.jpg\" class=\"attachment-person size-person wp-post-image lazyload\" alt=\"LM AG Industriestahlbau Absauganlagen Christoph H\u00e4fliger\" src=\"data:image\/svg+xml;base64,PHN2ZyB3aWR0aD0iMSIgaGVpZ2h0PSIxIiB4bWxucz0iaHR0cDovL3d3dy53My5vcmcvMjAwMC9zdmciPjwvc3ZnPg==\" style=\"--smush-placeholder-width: 890px; --smush-placeholder-aspect-ratio: 890\/660;\" \/>        <\/div>\n            <\/div>\n\n    <div class=\"person-inhalt\">\n                <h3 class=\"d4 color-orange\">Christoph H\u00e4fliger<\/h3>\n                \n                  <p class=\"d6 mb-0 base-font-size\"><strong>Ing\u00e9nierie<\/strong><\/p>\n        \n                  <p>Directeur<\/p>\n        \n        <div class=\"links standard-link\">\n                          <p><a href=\"mailto:christoph.haefliger@lume.ch\"><span class=\"mail\"><\/span> christoph.haefliger@lume.ch<\/a><\/p>\n            \n                          <p><a href=\"tel:+41562978042\"><span class=\"tel\"><\/span> +41 56 297 80 42<\/a><\/p>\n            \n                          <p><a href=\"https:\/\/www.linkedin.com\/in\/christoph-h%C3%A4fliger-270a10292\/\" target=\"_blank\" rel=\"nofollow noopener\"><span class=\"linkedin\"><\/span> Profil LinkedIn<\/a><\/p>\n                    <\/div>\n    <\/div>\n<\/div>\n\n  \n    <\/div>\n<\/div>","protected":false},"excerpt":{"rendered":"","protected":false},"author":4,"featured_media":0,"parent":0,"menu_order":0,"comment_status":"closed","ping_status":"closed","template":"tpl-front-page.php","meta":{"_acf_changed":false,"footnotes":""},"class_list":["post-15086","page","type-page","status-publish","hentry"],"acf":[],"_links":{"self":[{"href":"https:\/\/lume.ch\/fr\/wp-json\/wp\/v2\/pages\/15086","targetHints":{"allow":["GET"]}}],"collection":[{"href":"https:\/\/lume.ch\/fr\/wp-json\/wp\/v2\/pages"}],"about":[{"href":"https:\/\/lume.ch\/fr\/wp-json\/wp\/v2\/types\/page"}],"author":[{"embeddable":true,"href":"https:\/\/lume.ch\/fr\/wp-json\/wp\/v2\/users\/4"}],"replies":[{"embeddable":true,"href":"https:\/\/lume.ch\/fr\/wp-json\/wp\/v2\/comments?post=15086"}],"version-history":[{"count":1,"href":"https:\/\/lume.ch\/fr\/wp-json\/wp\/v2\/pages\/15086\/revisions"}],"predecessor-version":[{"id":15090,"href":"https:\/\/lume.ch\/fr\/wp-json\/wp\/v2\/pages\/15086\/revisions\/15090"}],"wp:attachment":[{"href":"https:\/\/lume.ch\/fr\/wp-json\/wp\/v2\/media?parent=15086"}],"curies":[{"name":"wp","href":"https:\/\/api.w.org\/{rel}","templated":true}]}}