{"id":13978,"date":"2023-11-19T16:56:09","date_gmt":"2023-11-19T15:56:09","guid":{"rendered":"https:\/\/lume.ch\/?page_id=13978"},"modified":"2024-08-26T07:46:10","modified_gmt":"2024-08-26T05:46:10","slug":"a-propos-de-nous","status":"publish","type":"page","link":"https:\/\/lume.ch\/fr\/a-propos-de-nous\/","title":{"rendered":"\u00c0 propos de nous"},"content":{"rendered":"\n<div  class=\"block block-header pb-mittel header-bild\">\n\n        <div class=\"image\">\n        <img decoding=\"async\" width=\"2880\" height=\"1560\" data-src=\"https:\/\/lume.ch\/wp-content\/uploads\/2023\/12\/231106-LM-Industriestahlbau-Highres-2880x1560.jpg?theia_smart_thumbnails_file_version=2\" class=\"attachment-header size-header lazyload\" alt=\"\" data-srcset=\"https:\/\/lume.ch\/wp-content\/uploads\/2023\/12\/231106-LM-Industriestahlbau-Highres-2880x1560.jpg?theia_smart_thumbnails_file_version=2 2880w, https:\/\/lume.ch\/wp-content\/uploads\/2023\/12\/231106-LM-Industriestahlbau-Highres-400x217.jpg?theia_smart_thumbnails_file_version=2 400w\" data-sizes=\"(max-width: 2880px) 100vw, 2880px\" src=\"data:image\/svg+xml;base64,PHN2ZyB3aWR0aD0iMSIgaGVpZ2h0PSIxIiB4bWxucz0iaHR0cDovL3d3dy53My5vcmcvMjAwMC9zdmciPjwvc3ZnPg==\" style=\"--smush-placeholder-width: 2880px; --smush-placeholder-aspect-ratio: 2880\/1560;\" \/>\n        <div class=\"intro-element\">\n            <div class=\"main-container\">\n                <div class=\"inner\">\n                    <h1 class=\"d1 color-orange\">\u00c0 propos de L+M AG<\/h1>\n\n                                        <div class=\"lead-font-size\"><p>L+M AG est une entreprise suisse traditionnelle sp\u00e9cialis\u00e9e dans le d\u00e9veloppement, la fabrication et la livraison de machines, d&rsquo;installations, d&rsquo;appareils, de structures porteuses en acier et de constructions sp\u00e9ciales.<br \/>\nNous nous effor\u00e7ons d&rsquo;offrir \u00e0 nos clients des solutions intelligentes de la plus haute qualit\u00e9 et un service durable.<br \/>\nParall\u00e8lement, notre entreprise reste proche de ses clients, de ses collaborateurs et de ses partenaires et attache une grande importance \u00e0 l&rsquo;\u00e9quit\u00e9.<br \/>\nL+M AG fait partie de BIH BOLLER Industrie Holding AG, qui comprend au total cinq soci\u00e9t\u00e9s en Europe.     <\/p>\n<\/div>\n                                    <\/div>\n            <\/div>\n        <\/div>\n    <\/div>\n        \n    <\/div>\n\n\n<div  class=\"block block-content bg-weiss pb-mittel\">\n    <div class=\"main-container\">\n        <div class=\"content-container\">\n\n            \n\n    <h2 class=\"d3\">Guidelines<\/h2>\n\n    <h3><span style=\"font-weight: 400;\">Notre mission<\/span><\/h3>\n<p>  En tant que \ufb01rme de tradition suisse renomm\u00e9e, nous proposons <a href=\"https:\/\/lume.ch\/loesungen\/\" target=\"_blank\" rel=\"noopener\">des solutions<\/a> intelligentes et personnalis\u00e9es \u00e0 valeur ajout\u00e9e durable dans le domaine <a href=\"https:\/\/lume.ch\/industriestahlbau\/\" target=\"_blank\" rel=\"noopener\">de l&rsquo;acier industriel<\/a>, de la <a href=\"https:\/\/lume.ch\/absauganlagen-filteranlagen\/\" target=\"_blank\" rel=\"noopener\">construction de machines, d&rsquo;installations et d&rsquo;appareils<\/a>. Nous mettons l&rsquo;accent sur la r\u00e9flexion ax\u00e9e sur le client.  <\/p>\n<h3><span style=\"font-weight: 400;\">Ce qui nous distingue<\/span><\/h3>\n<p><span style=\"font-weight: 400;\">Nous sommes intelligents et cr\u00e9ons des solutions intelligentes pour r\u00e9ussir.  <\/span><span style=\"font-weight: 400;\">Gr\u00e2ce \u00e0 notre approche ing\u00e9nieuse, nous proposons <a href=\"https:\/\/lume.ch\/loesungen\/\" target=\"_blank\" rel=\"noopener\">des solutions<\/a> innovantes et intelligentes qui r\u00e9pondent efficacement aux d\u00e9fis de nos clients.<br \/>\nNotre expertise nous permet de d\u00e9velopper des approches cr\u00e9atives et de proposer des solutions sur mesure. <\/span><\/p>\n<h3><span style=\"font-weight: 400;\">Nous sommes justes<\/span><\/h3>\n<p><span style=\"font-weight: 400;\">Nous mettons l&rsquo;accent sur l&rsquo;<a href=\"https:\/\/lume.ch\/ueber-uns\/\" target=\"_blank\" rel=\"noopener\">\u00e9quit\u00e9<\/a> afin de garantir que les int\u00e9r\u00eats et les besoins de nos clients et de nos collaborateurs soient toujours pris en compte.<br \/>\nNos pratiques commerciales transparentes et notre approche \u00e9thique garantissent un partenariat de confiance. <\/span><\/p>\n<h3><span style=\"font-weight: 400;\">Nous sommes proches<\/span><\/h3>\n<p><span style=\"font-weight: 400;\">Notre force r\u00e9side dans des partenariats proches et accessibles.<br \/>\nAu sein de l <a href=\"https:\/\/lume.ch\/kontakt-und-ansprechpartner\/\" target=\"_blank\" rel=\"noopener\">&lsquo;\u00e9quipe<\/a> et pour nos clients, nous accordons une grande importance \u00e0 la communication ouverte et cr\u00e9ons une atmosph\u00e8re de confiance.<br \/>\nAvec empathie et compr\u00e9hension, nous nous effor\u00e7ons en permanence de fournir des conseils personnalis\u00e9s qui r\u00e9pondent aux besoins individuels.  <\/span><\/p>\n<h3><span style=\"font-weight: 400;\">Nous sommes organis\u00e9s<\/span><\/h3>\n<p>  Une m\u00e9thode de travail structur\u00e9e et organis\u00e9e est essentielle pour travailler de mani\u00e8re efficace et efficiente.<br \/>\nDes t\u00e2ches et des responsabilit\u00e9s clairement d\u00e9finies au sein de l&rsquo;entreprise permettent \u00e0 chaque collaborateur de conna\u00eetre son r\u00f4le et de se concentrer sur ses t\u00e2ches.<br \/>\nNous fournissons ainsi les meilleures prestations \u00e0 nos clients et r\u00e9pondons \u00e0 leurs attentes.<br \/>\nNous restons agiles afin de pouvoir nous adapter rapidement aux nouvelles tendances du march\u00e9.<br \/>\nAujourd&rsquo;hui, demain et \u00e0 l&rsquo;avenir.    <\/p>\n\n    \n    \n\n        <\/div>\n    <\/div>\n<\/div>\n\n\n<div  class=\"block block-content bg-weiss pb-mittel\">\n    <div class=\"main-container\">\n        <div class=\"content-container\">\n\n            \n\n\n    <h3>Aper\u00e7u de la production de TecKon s.r.o.<\/h3>\n<div style=\"width: 1920px;\" class=\"wp-video\"><video class=\"wp-video-shortcode\" id=\"video-13978-1\" width=\"1920\" height=\"1080\" preload=\"metadata\" controls=\"controls\"><source type=\"video\/mp4\" src=\"https:\/\/lume.ch\/wp-content\/uploads\/2023\/12\/Teckon-video-web.mp4?_=1\" \/><a href=\"https:\/\/lume.ch\/wp-content\/uploads\/2023\/12\/Teckon-video-web.mp4\">https:\/\/lume.ch\/wp-content\/uploads\/2023\/12\/Teckon-video-web.mp4<\/a><\/video><\/div>\n\n    \n            <div class=\"button-group\">\n                   <a class=\"btn btn-outline btn-ext\" href=\"https:\/\/lume.ch\/wp-content\/uploads\/2024\/01\/Organigramm-LM-AG_web.pdf\" target=\"_blank\">Notre organigramme<\/a>\n                    <a class=\"btn btn-outline btn-ext\" href=\"https:\/\/lume.ch\/wp-content\/uploads\/2023\/11\/Leitbild_Q501_102.pdf\" target=\"_blank\">Notre charte<\/a>\n                    <a class=\"btn btn-outline btn-ext\" href=\"https:\/\/lume.ch\/wp-content\/uploads\/2023\/11\/Allgem.-Geschaeftsbedingungen.pdf\" target=\"_blank\">Conditions g\u00e9n\u00e9rales\nConditions g\u00e9n\u00e9rales de vente <\/a>\n                    <a class=\"btn btn-outline btn-ext\" href=\"https:\/\/dynovo.ch\/Unternehmen\/\" target=\"_blank\" rel=\"nofollow noopener\">DYNOVO Suisse &#8211; Partenaire pour la s\u00e9curit\u00e9 des salles blanches<\/a>\n                <\/div>\n    \n\n        <\/div>\n    <\/div>\n<\/div>\n\n\n<div  class=\"block block-teaser bg-weiss pb-mittel white-small\">\n  <div class=\"main-container\">\n    \n        <div class=\"teaser-row\">\n      \n                          <a class=\"teaser\" href=\"https:\/\/lume.ch\/fr\/entreprise\/faits-historique\/\" target=\"_self\">\n            \n              \n              \n              \n              <div class=\"inner\">\n                                                      <h2 class=\"d5\">Faits + Historique<\/h2>\n                                  \n                                  <div class=\"teaser-inhalt\">Le parcours de L+M AG.<br \/>\r\nPass\u00e9, pr\u00e9sent et avenir. <\/div>\n                              <\/div>\n\n                            <div class=\"teaser-cta transition\">Faits + Historique<\/div>\n          <\/a>\n                  \n                        <a class=\"teaser\" href=\"https:\/\/lume.ch\/fr\/?page_id=13859\" target=\"_self\">\n            \n              \n              \n              \n              <div class=\"inner\">\n                                                      <h2 class=\"d5\">Travailler chez L+M<\/h2>\n                                  \n                                  <div class=\"teaser-inhalt\">Vous \u00eates sur le point de rejoindre la famille L+M ?<br \/>\r\nConsultez les offres d&#8217;emploi. <\/div>\n                              <\/div>\n\n                            <div class=\"teaser-cta transition\">Emplois<\/div>\n          <\/a>\n                  \n                        <a class=\"teaser\" href=\"https:\/\/lume.ch\/fr\/references\/\" target=\"_self\">\n            \n              \n              \n              \n              <div class=\"inner\">\n                                                      <h2 class=\"d5\">Des mises en \u0153uvre r\u00e9ussies<\/h2>\n                                  \n                                  <div class=\"teaser-inhalt\">Des clients enthousiastes sont les meilleures r\u00e9f\u00e9rences. Nos success stories.<\/div>\n                              <\/div>\n\n                            <div class=\"teaser-cta transition\">R\u00e9f\u00e9rences_Aper\u00e7u<\/div>\n          <\/a>\n                  \n              <\/div>\n  <\/div>\n<\/div>\n","protected":false},"excerpt":{"rendered":"","protected":false},"author":2,"featured_media":0,"parent":0,"menu_order":0,"comment_status":"closed","ping_status":"closed","template":"tpl-front-page.php","meta":{"_acf_changed":false,"footnotes":""},"class_list":["post-13978","page","type-page","status-publish","hentry"],"acf":[],"_links":{"self":[{"href":"https:\/\/lume.ch\/fr\/wp-json\/wp\/v2\/pages\/13978","targetHints":{"allow":["GET"]}}],"collection":[{"href":"https:\/\/lume.ch\/fr\/wp-json\/wp\/v2\/pages"}],"about":[{"href":"https:\/\/lume.ch\/fr\/wp-json\/wp\/v2\/types\/page"}],"author":[{"embeddable":true,"href":"https:\/\/lume.ch\/fr\/wp-json\/wp\/v2\/users\/2"}],"replies":[{"embeddable":true,"href":"https:\/\/lume.ch\/fr\/wp-json\/wp\/v2\/comments?post=13978"}],"version-history":[{"count":2,"href":"https:\/\/lume.ch\/fr\/wp-json\/wp\/v2\/pages\/13978\/revisions"}],"predecessor-version":[{"id":14141,"href":"https:\/\/lume.ch\/fr\/wp-json\/wp\/v2\/pages\/13978\/revisions\/14141"}],"wp:attachment":[{"href":"https:\/\/lume.ch\/fr\/wp-json\/wp\/v2\/media?parent=13978"}],"curies":[{"name":"wp","href":"https:\/\/api.w.org\/{rel}","templated":true}]}}