{"id":13960,"date":"2024-04-18T15:00:35","date_gmt":"2024-04-18T13:00:35","guid":{"rendered":"https:\/\/lume.ch\/?page_id=13960"},"modified":"2025-01-28T11:40:46","modified_gmt":"2025-01-28T10:40:46","slug":"machines-speciales-et-materiel-dexploitation","status":"publish","type":"page","link":"https:\/\/lume.ch\/fr\/construction-metallique-industrielle\/machines-speciales-et-materiel-dexploitation\/","title":{"rendered":"Machines sp\u00e9ciales et mat\u00e9riel d&rsquo;exploitation"},"content":{"rendered":"\n<div  class=\"block block-header  header-text\">\n\n            <div class=\"main-container container-padding-top pb-mittel has-breadcrumb\"> \n          \n            <div class=\"content-container\">\n            \n                                <div class=\"d5 color-anthrazit uebertitel\">Construction m\u00e9tallique industrielle<\/div>\n                \n                                <h1 class=\"d1 color-orange\">Machines sp\u00e9ciales et mat\u00e9riel d&rsquo;exploitation<\/h1>\n                 \n                                <div class=\"lead-font-size\"><p>Tout d&rsquo;une seule source !<br \/>\nConstruction professionnelle de machines sp\u00e9ciales selon les besoins du client pour des outils de travail s\u00fbrs et ergonomiques. <\/p>\n<\/div>\n                            <\/div>\n        <\/div>\n    <\/div>\n\n\n<div  class=\"block block-image bg-weiss pb-mittel\">\n    <div class=\"main-container\">\n        <div class=\"image-container\">\n            <img decoding=\"async\" width=\"1024\" height=\"683\" data-src=\"https:\/\/lume.ch\/wp-content\/uploads\/2023\/12\/DSC06555-1024x683.jpg\" class=\"attachment-large size-large lazyload\" alt=\"\" data-srcset=\"https:\/\/lume.ch\/wp-content\/uploads\/2023\/12\/DSC06555-1024x683.jpg 1024w, https:\/\/lume.ch\/wp-content\/uploads\/2023\/12\/DSC06555-400x267.jpg 400w, https:\/\/lume.ch\/wp-content\/uploads\/2023\/12\/DSC06555-768x512.jpg 768w, https:\/\/lume.ch\/wp-content\/uploads\/2023\/12\/DSC06555-1536x1024.jpg 1536w, https:\/\/lume.ch\/wp-content\/uploads\/2023\/12\/DSC06555-2048x1365.jpg 2048w\" data-sizes=\"(max-width: 1024px) 100vw, 1024px\" src=\"data:image\/svg+xml;base64,PHN2ZyB3aWR0aD0iMSIgaGVpZ2h0PSIxIiB4bWxucz0iaHR0cDovL3d3dy53My5vcmcvMjAwMC9zdmciPjwvc3ZnPg==\" style=\"--smush-placeholder-width: 1024px; --smush-placeholder-aspect-ratio: 1024\/683;\" \/>        <\/div>\n    \n                <div class=\"caption small-font-size\">\u00c9cluse \u00e0 ballast<\/div>\n            <\/div>\n<\/div>\n\n\n<div  class=\"block block-content bg-weiss pb-mittel\">\n    <div class=\"main-container\">\n        <div class=\"content-container\">\n\n            \n\n    <h2 class=\"d3\">Construction de machines sp\u00e9ciales personnalis\u00e9es<\/h2>\n\n    <p><span style=\"font-weight: 400;\"><a href=\"https:\/\/lume.ch\/fr\/\" target=\"_blank\" rel=\"noopener\">L+M AG<\/a> est une entreprise dynamique sp\u00e9cialis\u00e9e dans la conception et la fabrication de <a href=\"https:\/\/lume.ch\/loesungen\/\" target=\"_blank\" rel=\"noopener\">solutions innovantes<\/a> qui r\u00e9pondent aux exigences les plus strictes en mati\u00e8re de qualit\u00e9, d&rsquo;efficacit\u00e9 et de s\u00e9curit\u00e9.<\/span><\/p>\n<p><span style=\"font-weight: 400;\">Nous nous appuyons sur des strat\u00e9gies d&rsquo;approvisionnement intelligentes pour vous proposer des composants de haute qualit\u00e9 \u00e0 des prix comp\u00e9titifs.<br \/>\nNotre \u00e9troite collaboration avec des fournisseurs de longue date nous aide \u00e0 cr\u00e9er <a href=\"https:\/\/lume.ch\/industriestahlbau\/\" target=\"_blank\" rel=\"noopener\">des solutions<\/a> exceptionnelles pour vous. <\/span><\/p>\n<p><span style=\"font-weight: 400;\">Profitez de notre approche astucieuse et intelligente de chaque projet.<br \/>\nNous comprenons l&rsquo;importance de lignes de communication claires et d&rsquo;une <a href=\"https:\/\/lume.ch\/kompetenzen-service\/\" target=\"_blank\" rel=\"noopener\">gestion de projet<\/a> efficace afin de garantir que vos exigences soient satisfaites dans les d\u00e9lais et dans le respect du budget.<br \/>\nLa satisfaction du client est notre objectif principal. <\/span><\/p>\n<p><span style=\"font-weight: 400;\">Notre <a href=\"https:\/\/lume.ch\/kontakt-und-ansprechpartner\/\" target=\"_blank\" rel=\"noopener\">\u00e9quipe d&rsquo;ing\u00e9nierie<\/a> cr\u00e9e des solutions r\u00e9pondant aux normes techniques les plus \u00e9lev\u00e9es. <\/span><span style=\"font-weight: 400;\"> Nos machines sp\u00e9ciales sont conformes \u00e0 la norme CE et sont fabriqu\u00e9es dans le respect de <a href=\"https:\/\/lume.ch\/kompetenzen-service\/\" target=\"_blank\" rel=\"noopener\">normes de qualit\u00e9<\/a> strictes.<br \/>\nDe la conception \u00e0 l&rsquo;inspection finale chez le client, nous sommes un partenaire fiable \u00e0 vos c\u00f4t\u00e9s et vous aidons \u00e0 atteindre vos objectifs. <\/span><\/p>\n<p><span style=\"font-weight: 400;\"><a href=\"https:\/\/lume.ch\/kontakt-und-ansprechpartner\/\" target=\"_blank\" rel=\"noopener\">N&rsquo;h\u00e9sitez pas \u00e0 nous contacter<\/a>! Nous serons ravis de r\u00e9pondre \u00e0 vos besoins en mati\u00e8re de construction de machines sp\u00e9ciales.<\/span><\/p>\n\n    \n    \n\n        <\/div>\n    <\/div>\n<\/div>\n\n\n<div  class=\"block block-referenz-slider bg-weiss pb-mittel\">\n    <div class=\"main-container pos-rel\">\n\n         \n\n        \n    <\/div>\n<\/div>\n\n\n<div  class=\"block block-image bg-weiss pb-mittel\">\n    <div class=\"main-container\">\n        <div class=\"image-container\">\n            <img decoding=\"async\" width=\"1024\" height=\"579\" data-src=\"https:\/\/lume.ch\/wp-content\/uploads\/2023\/12\/Montagewagen-1.jpg\" class=\"attachment-large size-large lazyload\" alt=\"\" data-srcset=\"https:\/\/lume.ch\/wp-content\/uploads\/2023\/12\/Montagewagen-1.jpg 1081w, https:\/\/lume.ch\/wp-content\/uploads\/2023\/12\/Montagewagen-1-400x226.jpg 400w\" data-sizes=\"(max-width: 1024px) 100vw, 1024px\" src=\"data:image\/svg+xml;base64,PHN2ZyB3aWR0aD0iMSIgaGVpZ2h0PSIxIiB4bWxucz0iaHR0cDovL3d3dy53My5vcmcvMjAwMC9zdmciPjwvc3ZnPg==\" style=\"--smush-placeholder-width: 1024px; --smush-placeholder-aspect-ratio: 1024\/579;\" \/>        <\/div>\n    \n                <div class=\"caption small-font-size\">Bogie de transport, de montage et de rotation<\/div>\n            <\/div>\n<\/div>\n\n\n<div  class=\"block block-content bg-weiss pb-mittel\">\n    <div class=\"main-container\">\n        <div class=\"content-container\">\n\n            \n\n    <h2 class=\"d3\">Outils d&rsquo;exploitation ergonomiques et certifi\u00e9s CE<\/h2>\n\n    <p><span style=\"font-weight: 400;\">Vous recherchez des \u00e9quipements d&rsquo;aide \u00e0 l&rsquo;exploitation fiables, capables non seulement de supporter les charges les plus lourdes, mais aussi de simplifier les applications complexes ? <a href=\"https:\/\/lume.ch\/fr\/\" target=\"_blank\" rel=\"noopener\">Chez L+M AG<\/a>, nous sommes fiers de proposer <a href=\"https:\/\/lume.ch\/loesungen\/industriestahlbauremigen\/\" target=\"_blank\" rel=\"noopener\">des solutions de haute qualit\u00e9<\/a> qui r\u00e9pondent aux souhaits et aux besoins des clients en mati\u00e8re de s\u00e9curit\u00e9, d&rsquo;ergonomie et de productivit\u00e9.<\/span><\/p>\n<p><span style=\"font-weight: 400;\">Nos \u00e9quipements d&rsquo;aide \u00e0 l&rsquo;exploitation ergonomiques sont sp\u00e9cialement con\u00e7us pour accomplir les t\u00e2ches les plus complexes.<br \/>\nLevage de charges lourdes, applications exigeantes dans votre entreprise ? <a href=\"https:\/\/lume.ch\/loesungen\/industriestahlbauremigen\/\" target=\"_blank\" rel=\"noopener\">Les produits<\/a> de L+M AG rendent votre travail plus facile et plus efficace. <\/span><\/p>\n<p><span style=\"font-weight: 400;\"><strong>Votre s\u00e9curit\u00e9 nous tient \u00e0 c\u0153ur <\/strong>Nos \u00e9quipements d&rsquo;aide \u00e0 l&rsquo;exploitation sont certifi\u00e9s CE et r\u00e9pondent aux normes les plus strictes de l&rsquo;industrie, garantissant une s\u00e9curit\u00e9 maximale \u00e0 tout moment.<\/span><strong>Augmentez votre productivit\u00e9 <\/strong> <span style=\"font-weight: 400;\">Nos outils d&rsquo;exploitation augmentent votre productivit\u00e9 !<br \/>\nGr\u00e2ce \u00e0 notre technologie fiable, vous pouvez optimiser vos processus de travail et gagner du temps tout en am\u00e9liorant la qualit\u00e9 de votre travail. <\/span><\/p>\n<p><strong>L+M est votre partenaire pour des solutions parfaitement adapt\u00e9es <\/strong><span style=\"font-weight: 400;\">Nous comprenons que chaque entreprise est unique.<br \/>\nC&rsquo;est pourquoi nous proposons des solutions sur mesure.<br \/>\nDites-nous ce dont vous avez besoin et nous d\u00e9velopperons l&rsquo;outil d&rsquo;exploitation parfait pour vous. <\/span><\/p>\n<p><strong>Pourquoi choisir L+M AG ?<\/strong><\/p>\n<ul>\n<li><span style=\"font-weight: 400;\">Ergonomique et efficace<\/span><\/li>\n<li><span style=\"font-weight: 400;\">Certifi\u00e9 CE<\/span><\/li>\n<li><span style=\"font-weight: 400;\">Solutions sur mesure<\/span><\/li>\n<li><span style=\"font-weight: 400;\">Augmentation de la s\u00e9curit\u00e9 et de la productivit\u00e9<\/span><\/li>\n<\/ul>\n\n    \n    \n\n        <\/div>\n    <\/div>\n<\/div>\n\n\n<div  class=\"block block-referenz-slider bg-weiss pb-mittel\">\n    <div class=\"main-container pos-rel\">\n\n         \n\n        \n    <\/div>\n<\/div>\n\n\n<div  class=\"block block-bild-slider bg-weiss pb-mittel\">\n    <div class=\"main-container pos-rel\">\n\n        <div class=\"swiper-gallery pos-rel\">\n        <div class=\"swiper-wrapper\">\n                        <div class=\"swiper-slide standard-link\">\n                <a href=\"https:\/\/lume.ch\/wp-content\/uploads\/2024\/04\/Retriever-Mini-Pusher.jpg\" data-featherlight=\"image\">\n                     <img decoding=\"async\" data-src=\"https:\/\/lume.ch\/wp-content\/uploads\/2024\/04\/Retriever-Mini-Pusher.jpg\" alt=\"\" src=\"data:image\/svg+xml;base64,PHN2ZyB3aWR0aD0iMSIgaGVpZ2h0PSIxIiB4bWxucz0iaHR0cDovL3d3dy53My5vcmcvMjAwMC9zdmciPjwvc3ZnPg==\" class=\"lazyload\" style=\"--smush-placeholder-width: 4624px; --smush-placeholder-aspect-ratio: 4624\/3468;\" \/>\n                <\/a>\n                <p class=\"wp-caption-text small-font-size\">Retriever Mini Pusher<\/p>\n            <\/div>\n                        <div class=\"swiper-slide standard-link\">\n                <a href=\"https:\/\/lume.ch\/wp-content\/uploads\/2024\/04\/Messvorrichtung-2.jpg\" data-featherlight=\"image\">\n                     <img decoding=\"async\" data-src=\"https:\/\/lume.ch\/wp-content\/uploads\/2024\/04\/Messvorrichtung-2.jpg\" alt=\"\" src=\"data:image\/svg+xml;base64,PHN2ZyB3aWR0aD0iMSIgaGVpZ2h0PSIxIiB4bWxucz0iaHR0cDovL3d3dy53My5vcmcvMjAwMC9zdmciPjwvc3ZnPg==\" class=\"lazyload\" style=\"--smush-placeholder-width: 1200px; --smush-placeholder-aspect-ratio: 1200\/1600;\" \/>\n                <\/a>\n                <p class=\"wp-caption-text small-font-size\">Messvorrichtung<\/p>\n            <\/div>\n                        <div class=\"swiper-slide standard-link\">\n                <a href=\"https:\/\/lume.ch\/wp-content\/uploads\/2024\/04\/Messvorrichtung-1.jpg\" data-featherlight=\"image\">\n                     <img decoding=\"async\" data-src=\"https:\/\/lume.ch\/wp-content\/uploads\/2024\/04\/Messvorrichtung-1.jpg\" alt=\"\" src=\"data:image\/svg+xml;base64,PHN2ZyB3aWR0aD0iMSIgaGVpZ2h0PSIxIiB4bWxucz0iaHR0cDovL3d3dy53My5vcmcvMjAwMC9zdmciPjwvc3ZnPg==\" class=\"lazyload\" style=\"--smush-placeholder-width: 1200px; --smush-placeholder-aspect-ratio: 1200\/1600;\" \/>\n                <\/a>\n                <p class=\"wp-caption-text small-font-size\">Messvorrichtung<\/p>\n            <\/div>\n                        <div class=\"swiper-slide standard-link\">\n                <a href=\"https:\/\/lume.ch\/wp-content\/uploads\/2024\/04\/Montagehilfsmittel-Traverse-e1713445040678.jpg\" data-featherlight=\"image\">\n                     <img decoding=\"async\" data-src=\"https:\/\/lume.ch\/wp-content\/uploads\/2024\/04\/Montagehilfsmittel-Traverse-e1713445040678.jpg\" alt=\"\" src=\"data:image\/svg+xml;base64,PHN2ZyB3aWR0aD0iMSIgaGVpZ2h0PSIxIiB4bWxucz0iaHR0cDovL3d3dy53My5vcmcvMjAwMC9zdmciPjwvc3ZnPg==\" class=\"lazyload\" style=\"--smush-placeholder-width: 551px; --smush-placeholder-aspect-ratio: 551\/480;\" \/>\n                <\/a>\n                <p class=\"wp-caption-text small-font-size\">Montagehilfsmittel &amp; Traverse<\/p>\n            <\/div>\n                    <\/div>\n        <div class=\"swiper-pagination\"><\/div>\n    <\/div>\n    \n    <\/div>\n<\/div>\n\n\n<div  class=\"block block-personen bg-dunkelgrau pt-mittel pb-mittel\">\n    <div class=\"main-container\">\n\n        <h2 class=\"d3\">Vos contacts<\/h2>\n    \n    \n\n           \n            <p>Vous avez besoin d&rsquo;un conseil ou vous avez un projet ?<\/p>\n\n<div class=\"person mt-klein mb-50\">\n\n    <div class=\"person-bild\">\n                <div class=\"person-bild-inner\">\n            <img decoding=\"async\" width=\"890\" height=\"660\" data-src=\"https:\/\/lume.ch\/wp-content\/uploads\/2023\/09\/Staubli-Gregor5_DSC06531-890x660.jpg\" class=\"attachment-person size-person wp-post-image lazyload\" alt=\"LM AG Industriestahlbau Absauganlagen Gregor Staubli\" src=\"data:image\/svg+xml;base64,PHN2ZyB3aWR0aD0iMSIgaGVpZ2h0PSIxIiB4bWxucz0iaHR0cDovL3d3dy53My5vcmcvMjAwMC9zdmciPjwvc3ZnPg==\" style=\"--smush-placeholder-width: 890px; --smush-placeholder-aspect-ratio: 890\/660;\" \/>        <\/div>\n            <\/div>\n\n    <div class=\"person-inhalt\">\n                <h3 class=\"d4 color-orange\">Gregor Staubli<\/h3>\n                \n                  <p class=\"d6 mb-0 base-font-size\"><strong>Vente | Direction<\/strong><\/p>\n        \n                  <p>Directeur des ventes | Membre de la direction<\/p>\n        \n        <div class=\"links standard-link\">\n                          <p><a href=\"mailto:gregor.staubli@lume.ch\"><span class=\"mail\"><\/span> gregor.staubli@lume.ch<\/a><\/p>\n            \n                          <p><a href=\"tel:+41763631229\"><span class=\"tel\"><\/span> +41 76 363 12 29<\/a><\/p>\n            \n                          <p><a href=\"https:\/\/www.linkedin.com\/in\/gregor-staubli-12b17052\/\" target=\"_blank\" rel=\"nofollow noopener\"><span class=\"linkedin\"><\/span> Profil LinkedIn<\/a><\/p>\n                    <\/div>\n    <\/div>\n<\/div>\n\n  \n<div class=\"person mt-klein mb-50\">\n\n    <div class=\"person-bild\">\n                <div class=\"person-bild-inner\">\n            <img decoding=\"async\" width=\"890\" height=\"660\" data-src=\"https:\/\/lume.ch\/wp-content\/uploads\/2023\/11\/Zehnder-Marcel1_GL_231004_0853-890x660.jpg\" class=\"attachment-person size-person wp-post-image lazyload\" alt=\"LM AG Industriestahlbau Absauganlagen Fabian Glittmann Projektleiter\" src=\"data:image\/svg+xml;base64,PHN2ZyB3aWR0aD0iMSIgaGVpZ2h0PSIxIiB4bWxucz0iaHR0cDovL3d3dy53My5vcmcvMjAwMC9zdmciPjwvc3ZnPg==\" style=\"--smush-placeholder-width: 890px; --smush-placeholder-aspect-ratio: 890\/660;\" \/>        <\/div>\n            <\/div>\n\n    <div class=\"person-inhalt\">\n                <h3 class=\"d4 color-orange\">Marcel Zehnder<\/h3>\n                \n                  <p class=\"d6 mb-0 base-font-size\"><strong>Vente | Direction<\/strong><\/p>\n        \n                  <p>Projets sp\u00e9ciaux | CEO<\/p>\n        \n        <div class=\"links standard-link\">\n                          <p><a href=\"mailto:marcel.zehnder@lume.ch\"><span class=\"mail\"><\/span> marcel.zehnder@lume.ch<\/a><\/p>\n            \n                          <p><a href=\"tel:+41786465866\"><span class=\"tel\"><\/span> +41 78 646 58 66<\/a><\/p>\n            \n                          <p><a href=\"https:\/\/www.linkedin.com\/in\/zehnder-marcel-256166bb\/\" target=\"_blank\" rel=\"nofollow noopener\"><span class=\"linkedin\"><\/span> Profil LinkedIn<\/a><\/p>\n                    <\/div>\n    <\/div>\n<\/div>\n\n  \n    <\/div>\n<\/div>\n\n\n<div  class=\"block block-teaser bg-weiss pt-gross pb-gross white-small\">\n  <div class=\"main-container\">\n    \n        <div class=\"teaser-row\">\n      \n                          <a class=\"teaser\" href=\"https:\/\/lume.ch\/fr\/?page_id=13862#acc-1\" target=\"_self\">\n            \n              \n              \n              \n              <div class=\"inner\">\n                                                      <h2 class=\"d5\">Conseil pour des solutions individuelles<\/h2>\n                                  \n                                  <div class=\"teaser-inhalt\">La qualit\u00e9 sur mesure et selon vos besoins.<\/div>\n                              <\/div>\n\n                            <div class=\"teaser-cta transition\">Ing\u00e9nierie + construction<\/div>\n          <\/a>\n                  \n                        <a class=\"teaser\" href=\"https:\/\/lume.ch\/fr\/?page_id=13862#acc-2\" target=\"_self\">\n            \n              \n              \n              \n              <div class=\"inner\">\n                                                      <h2 class=\"d5\">Un savoir-faire d&rsquo;\u00e9gal \u00e0 \u00e9gal<\/h2>\n                                  \n                                  <div class=\"teaser-inhalt\">Nous vous accompagnons de A \u00e0 Z. Du d\u00e9veloppement de la solution, de la planification, de la construction jusqu&rsquo;au montage sur place.<\/div>\n                              <\/div>\n\n                            <div class=\"teaser-cta transition\">Gestion de projet<\/div>\n          <\/a>\n                  \n                        <a class=\"teaser\" href=\"https:\/\/lume.ch\/fr\/?page_id=13862#acc-10\" target=\"_self\">\n            \n              \n              \n              \n              <div class=\"inner\">\n                                                      <h2 class=\"d5\">Test, mesure + certification<\/h2>\n                                  \n                                  <div class=\"teaser-inhalt\">Nos produits sont fabriqu\u00e9s et purg\u00e9s selon les technologies et les normes les plus r\u00e9centes.<\/div>\n                              <\/div>\n\n                            <div class=\"teaser-cta transition\">  Gestion de la qualit\u00e9<\/div>\n          <\/a>\n                  \n              <\/div>\n  <\/div>\n<\/div>\n","protected":false},"excerpt":{"rendered":"","protected":false},"author":2,"featured_media":0,"parent":13940,"menu_order":0,"comment_status":"closed","ping_status":"closed","template":"tpl-front-page.php","meta":{"_acf_changed":false,"footnotes":""},"class_list":["post-13960","page","type-page","status-publish","hentry"],"acf":[],"_links":{"self":[{"href":"https:\/\/lume.ch\/fr\/wp-json\/wp\/v2\/pages\/13960","targetHints":{"allow":["GET"]}}],"collection":[{"href":"https:\/\/lume.ch\/fr\/wp-json\/wp\/v2\/pages"}],"about":[{"href":"https:\/\/lume.ch\/fr\/wp-json\/wp\/v2\/types\/page"}],"author":[{"embeddable":true,"href":"https:\/\/lume.ch\/fr\/wp-json\/wp\/v2\/users\/2"}],"replies":[{"embeddable":true,"href":"https:\/\/lume.ch\/fr\/wp-json\/wp\/v2\/comments?post=13960"}],"version-history":[{"count":4,"href":"https:\/\/lume.ch\/fr\/wp-json\/wp\/v2\/pages\/13960\/revisions"}],"predecessor-version":[{"id":14032,"href":"https:\/\/lume.ch\/fr\/wp-json\/wp\/v2\/pages\/13960\/revisions\/14032"}],"up":[{"embeddable":true,"href":"https:\/\/lume.ch\/fr\/wp-json\/wp\/v2\/pages\/13940"}],"wp:attachment":[{"href":"https:\/\/lume.ch\/fr\/wp-json\/wp\/v2\/media?parent=13960"}],"curies":[{"name":"wp","href":"https:\/\/api.w.org\/{rel}","templated":true}]}}