{"id":13958,"date":"2023-11-16T13:57:25","date_gmt":"2023-11-16T12:57:25","guid":{"rendered":"https:\/\/lume.ch\/?page_id=13958"},"modified":"2025-01-28T11:40:03","modified_gmt":"2025-01-28T10:40:03","slug":"construction-modulaire-ventilation-industrielle","status":"publish","type":"page","link":"https:\/\/lume.ch\/fr\/construction-metallique-industrielle\/construction-modulaire-ventilation-industrielle\/","title":{"rendered":"Construction modulaire + ventilation industrielle"},"content":{"rendered":"\n<div  class=\"block block-header  header-text\">\n\n            <div class=\"main-container container-padding-top pb-mittel has-breadcrumb\"> \n          \n            <div class=\"content-container\">\n            \n                                <div class=\"d5 color-anthrazit uebertitel\">Construction m\u00e9tallique industrielle<\/div>\n                \n                                <h1 class=\"d1 color-orange\">Construction modulaire + ventilation industrielle<\/h1>\n                 \n                                <div class=\"lead-font-size\"><p>Nous nous effor\u00e7ons de trouver la combinaison parfaite entre modularit\u00e9, flexibilit\u00e9 et efficacit\u00e9 maximale.<br \/>\nNotre longue exp\u00e9rience dans le secteur de l&rsquo;\u00e9nergie, notre engagement dans des projets innovants font de nous le premier choix pour la ventilation personnalis\u00e9e de votre installation.<br \/>\nVoici quelques raisons pour lesquelles vous devriez r\u00e9aliser votre prochain projet avec nous :  <\/p>\n<\/div>\n                            <\/div>\n        <\/div>\n    <\/div>\n\n<div  class=\"block block-accordion box bg-weiss pb-mittel\">\n  <div class=\"main-container pos-rel\">\n    \n          <div class=\"accordion box\">\n        \n          <div class=\"acc-box bild has-content\">\n            <div id=\"acc-1\" class=\"accordion-item\">\n              <div class=\"accordion-toggle\">\n                \n                <h2 class=\"d5 mb-15 accordion-titel\">Modularit\u00e9 pour r\u00e9pondre aux besoins individuels<\/h2>\n\n                              <\/div>\n\n                              <div class=\"accordion-content\">\n                  <div class=\"accordion-content-inner base-font-size\">\n                    \n                                              <div class=\"pb-mittel\">\n                          <p><span style=\"font-weight: 400\">Notre approche est bas\u00e9e sur la ventilation industrielle modulaire. Cela signifie que nous comprenons vos besoins sp\u00e9cifiques et que nous d\u00e9veloppons des solutions qui s&rsquo;adaptent parfaitement \u00e0 votre machine ou \u00e0 votre installation.<br \/>\nNotre syst\u00e8me modulaire vous permet d&rsquo;adapter et d&rsquo;\u00e9tendre le refroidissement et la ventilation selon vos besoins, sans avoir \u00e0 r\u00e9installer l&rsquo;ensemble du syst\u00e8me. <\/span><\/p>\n                        <\/div>\n                      \n                      \n                                      <\/div>\n                <\/div>\n                <span class=\"accordion-icon accordion-toggle\"><span class=\"icon-up\"><\/span><span class=\"icon-down\"><\/span><\/span>\n\n                          <\/div>\n\n            <div class=\"image-container\"><img decoding=\"async\" width=\"539\" height=\"378\" data-src=\"https:\/\/lume.ch\/wp-content\/uploads\/2023\/12\/Blowerskid_2-539x378.jpg\" class=\"attachment-accordion size-accordion lazyload\" alt=\"\" src=\"data:image\/svg+xml;base64,PHN2ZyB3aWR0aD0iMSIgaGVpZ2h0PSIxIiB4bWxucz0iaHR0cDovL3d3dy53My5vcmcvMjAwMC9zdmciPjwvc3ZnPg==\" style=\"--smush-placeholder-width: 539px; --smush-placeholder-aspect-ratio: 539\/378;\" \/><\/div>\n          <\/div>\n        \n          <div class=\"acc-box bild has-content\">\n            <div id=\"acc-2\" class=\"accordion-item\">\n              <div class=\"accordion-toggle\">\n                \n                <h2 class=\"d5 mb-15 accordion-titel\">Flexibilit\u00e9 pour chaque d\u00e9fi<\/h2>\n\n                              <\/div>\n\n                              <div class=\"accordion-content\">\n                  <div class=\"accordion-content-inner base-font-size\">\n                    \n                                              <div class=\"pb-mittel\">\n                          <p><span style=\"font-weight: 400\">Qu&rsquo;il s&rsquo;agisse de refroidir des machines \u00e0 haut rendement ou de ventiler des installations industrielles, nos solutions flexibles s&rsquo;adaptent \u00e0 tous les sc\u00e9narios.<br \/>\nNous proposons une large gamme d&rsquo;options pour vous assurer que vos machines et \u00e9quipements restent toujours \u00e0 la temp\u00e9rature de fonctionnement optimale. <\/span><\/p>\n                        <\/div>\n                      \n                      \n                                      <\/div>\n                <\/div>\n                <span class=\"accordion-icon accordion-toggle\"><span class=\"icon-up\"><\/span><span class=\"icon-down\"><\/span><\/span>\n\n                          <\/div>\n\n            <div class=\"image-container\"><img decoding=\"async\" width=\"539\" height=\"378\" data-src=\"https:\/\/lume.ch\/wp-content\/uploads\/2023\/12\/Genoskid-539x378.jpg\" class=\"attachment-accordion size-accordion lazyload\" alt=\"\" src=\"data:image\/svg+xml;base64,PHN2ZyB3aWR0aD0iMSIgaGVpZ2h0PSIxIiB4bWxucz0iaHR0cDovL3d3dy53My5vcmcvMjAwMC9zdmciPjwvc3ZnPg==\" style=\"--smush-placeholder-width: 539px; --smush-placeholder-aspect-ratio: 539\/378;\" \/><\/div>\n          <\/div>\n        \n          <div class=\"acc-box bild has-content\">\n            <div id=\"acc-3\" class=\"accordion-item\">\n              <div class=\"accordion-toggle\">\n                \n                <h2 class=\"d5 mb-15 accordion-titel\">Un rendement maximal pour une performance maximale<\/h2>\n\n                              <\/div>\n\n                              <div class=\"accordion-content\">\n                  <div class=\"accordion-content-inner base-font-size\">\n                    \n                                              <div class=\"pb-mittel\">\n                          <p><span style=\"font-weight: 400\">Chez L+M AG, nous utilisons des technologies innovantes pour maximiser l&rsquo;efficacit\u00e9 de nos syst\u00e8mes de ventilation industrielle.<br \/>\nCela signifie non seulement un meilleur refroidissement et une meilleure ventilation pour vos machines, mais aussi une r\u00e9duction de vos co\u00fbts \u00e9nerg\u00e9tiques.<br \/>\nNous veillons \u00e0 ce que vos machines fonctionnent efficacement et de mani\u00e8re fiable.  <\/span><\/p>\n                        <\/div>\n                      \n                      \n                                      <\/div>\n                <\/div>\n                <span class=\"accordion-icon accordion-toggle\"><span class=\"icon-up\"><\/span><span class=\"icon-down\"><\/span><\/span>\n\n                          <\/div>\n\n            <div class=\"image-container\"><img decoding=\"async\" width=\"539\" height=\"378\" data-src=\"https:\/\/lume.ch\/wp-content\/uploads\/2023\/12\/Blowerskid-539x378.jpg\" class=\"attachment-accordion size-accordion lazyload\" alt=\"\" src=\"data:image\/svg+xml;base64,PHN2ZyB3aWR0aD0iMSIgaGVpZ2h0PSIxIiB4bWxucz0iaHR0cDovL3d3dy53My5vcmcvMjAwMC9zdmciPjwvc3ZnPg==\" style=\"--smush-placeholder-width: 539px; --smush-placeholder-aspect-ratio: 539\/378;\" \/><\/div>\n          <\/div>\n        \n          <div class=\"acc-box bild has-content\">\n            <div id=\"acc-4\" class=\"accordion-item\">\n              <div class=\"accordion-toggle\">\n                \n                <h2 class=\"d5 mb-15 accordion-titel\">Exp\u00e9rience dans le secteur de l&rsquo;\u00e9nergie<\/h2>\n\n                              <\/div>\n\n                              <div class=\"accordion-content\">\n                  <div class=\"accordion-content-inner base-font-size\">\n                    \n                                              <div class=\"pb-mittel\">\n                          <p><span style=\"font-weight: 400\">Forts de notre longue exp\u00e9rience dans le secteur de l&rsquo;\u00e9nergie, nous comprenons les besoins et les d\u00e9fis sp\u00e9cifiques auxquels les entreprises sont confront\u00e9es.<br \/>\nNotre expertise nous permet de d\u00e9velopper des solutions qui sont non seulement efficaces, mais aussi \u00e0 l&rsquo;\u00e9preuve du temps. <\/span><\/p>\n                        <\/div>\n                      \n                      \n                                      <\/div>\n                <\/div>\n                <span class=\"accordion-icon accordion-toggle\"><span class=\"icon-up\"><\/span><span class=\"icon-down\"><\/span><\/span>\n\n                          <\/div>\n\n            <div class=\"image-container\"><img decoding=\"async\" width=\"539\" height=\"378\" data-src=\"https:\/\/lume.ch\/wp-content\/uploads\/2023\/12\/A2001629-DSC03348-539x378.jpg\" class=\"attachment-accordion size-accordion lazyload\" alt=\"\" src=\"data:image\/svg+xml;base64,PHN2ZyB3aWR0aD0iMSIgaGVpZ2h0PSIxIiB4bWxucz0iaHR0cDovL3d3dy53My5vcmcvMjAwMC9zdmciPjwvc3ZnPg==\" style=\"--smush-placeholder-width: 539px; --smush-placeholder-aspect-ratio: 539\/378;\" \/><\/div>\n          <\/div>\n        \n          <div class=\"acc-box bild has-content\">\n            <div id=\"acc-5\" class=\"accordion-item\">\n              <div class=\"accordion-toggle\">\n                \n                <h2 class=\"d5 mb-15 accordion-titel\">Prise en charge globale du d\u00e9but du projet jusqu&rsquo;au service apr\u00e8s-vente<\/h2>\n\n                              <\/div>\n\n                              <div class=\"accordion-content\">\n                  <div class=\"accordion-content-inner base-font-size\">\n                    \n                                              <div class=\"pb-mittel\">\n                          <p>Chez L+M AG, nous accompagnons votre projet de la planification \u00e0 la r\u00e9alisation et au-del\u00e0.<br \/>\nNotre \u00e9quipe d\u00e9di\u00e9e est \u00e0 vos c\u00f4t\u00e9s non seulement pendant le projet, mais aussi pour le service apr\u00e8s-vente.<br \/>\nNous sommes fiers d&rsquo;\u00e9tablir des partenariats \u00e0 long terme et de veiller \u00e0 ce que vos syst\u00e8mes de ventilation industrielle fonctionnent toujours de mani\u00e8re optimale.  <\/p>\n                        <\/div>\n                      \n                      \n                                      <\/div>\n                <\/div>\n                <span class=\"accordion-icon accordion-toggle\"><span class=\"icon-up\"><\/span><span class=\"icon-down\"><\/span><\/span>\n\n                          <\/div>\n\n            <div class=\"image-container\"><img decoding=\"async\" width=\"539\" height=\"378\" data-src=\"https:\/\/lume.ch\/wp-content\/uploads\/2023\/12\/Blowerskid_Transport-539x378.jpg\" class=\"attachment-accordion size-accordion lazyload\" alt=\"\" src=\"data:image\/svg+xml;base64,PHN2ZyB3aWR0aD0iMSIgaGVpZ2h0PSIxIiB4bWxucz0iaHR0cDovL3d3dy53My5vcmcvMjAwMC9zdmciPjwvc3ZnPg==\" style=\"--smush-placeholder-width: 539px; --smush-placeholder-aspect-ratio: 539\/378;\" \/><\/div>\n          <\/div>\n              <\/div>\n      <\/div>\n<\/div>\n\n<div  class=\"block block-content bg-weiss pb-mittel\">\n    <div class=\"main-container\">\n        <div class=\"content-container\">\n\n            \n\n\n    <p><span style=\"font-weight: 400;\">Contactez-nous d\u00e8s aujourd&rsquo;hui pour en savoir plus sur nos solutions modulaires, flexibles et efficaces dans le domaine du refroidissement et de la ventilation des machines et des installations industrielles.<br \/>\nNous sommes impatients de vous aider \u00e0 trouver la solution parfaite pour vous, tout en \u00e9conomisant de l&rsquo;\u00e9nergie et en r\u00e9duisant vos co\u00fbts ! <\/span><\/p>\n\n    \n    \n\n        <\/div>\n    <\/div>\n<\/div>\n<div  class=\"block block-referenz-slider bg-weiss pt-klein pb-mittel\">\n    <div class=\"main-container pos-rel\">\n\n                <div class=\"content-container\">\n                            <h2 class=\"d3\">Des mises en \u0153uvre r\u00e9ussies<\/h2>\n            \n                    <\/div>\n         \n\n                <div class=\"swiper-referenz pos-rel\">\n            <div class=\"swiper-wrapper\">\n                                \n                <div class=\"swiper-slide\">\n                    \n<div class=\"block-teaser bild-text standard-link\">\n    <a class=\"teaser\" href=\"https:\/\/lume.ch\/fr\/reference\/ventilation-industrielle-application-gaz-chauds-et-haute-pression\/\">\n                <div class=\"bild\">\n            <img decoding=\"async\" width=\"691\" height=\"495\" data-src=\"https:\/\/lume.ch\/wp-content\/uploads\/2023\/12\/Industrie-Ventilation-Heissgas-und-Hochdruckanwendung-.jpg\" class=\"attachment-large size-large wp-post-image lazyload\" alt=\"\" data-srcset=\"https:\/\/lume.ch\/wp-content\/uploads\/2023\/12\/Industrie-Ventilation-Heissgas-und-Hochdruckanwendung-.jpg 691w, https:\/\/lume.ch\/wp-content\/uploads\/2023\/12\/Industrie-Ventilation-Heissgas-und-Hochdruckanwendung--400x287.jpg 400w\" data-sizes=\"(max-width: 691px) 100vw, 691px\" src=\"data:image\/svg+xml;base64,PHN2ZyB3aWR0aD0iMSIgaGVpZ2h0PSIxIiB4bWxucz0iaHR0cDovL3d3dy53My5vcmcvMjAwMC9zdmciPjwvc3ZnPg==\" style=\"--smush-placeholder-width: 691px; --smush-placeholder-aspect-ratio: 691\/495;\" \/>            <span class=\"overlay\"><\/span>\n        <\/div>\n        \n\n        <div class=\"kategorie\">Construction m\u00e9tallique industrielle<\/div>         \n        <div class=\"uebertitel mt-20\">\u00c9nergie + Environnement&nbsp;<\/div>\n        \n        <div class=\"inner\">\n            <h2 class=\"d5\">Ventilation industrielle Application gaz chauds et haute pression<\/h2>\n\n            <div class=\"teaser-inhalt\">Assurez une circulation de l&rsquo;air et une s\u00e9curit\u00e9 optimales dans les environnements industriels gr\u00e2ce \u00e0 notre technologie de ventilation \u00e9prouv\u00e9e.&nbsp;<\/div>\n        <\/div>\n\n        <div class=\"teaser-cta transition\">Vers la description du projet<\/div>\n    <\/a> \n<\/div>\n\n                <\/div>\n\n                \n                <div class=\"swiper-slide\">\n                    \n<div class=\"block-teaser bild-text standard-link\">\n    <a class=\"teaser\" href=\"https:\/\/lume.ch\/fr\/reference\/ventilation-industrielle-application-haute-pression-reglable\/\">\n                <div class=\"bild\">\n            <img decoding=\"async\" width=\"700\" height=\"766\" data-src=\"https:\/\/lume.ch\/wp-content\/uploads\/2023\/12\/Industrie-Ventilation-Hochdruckanwendung-regulierbar-2.jpg\" class=\"attachment-large size-large wp-post-image lazyload\" alt=\"\" data-srcset=\"https:\/\/lume.ch\/wp-content\/uploads\/2023\/12\/Industrie-Ventilation-Hochdruckanwendung-regulierbar-2.jpg 700w, https:\/\/lume.ch\/wp-content\/uploads\/2023\/12\/Industrie-Ventilation-Hochdruckanwendung-regulierbar-2-366x400.jpg?theia_smart_thumbnails_file_version=2 366w\" data-sizes=\"(max-width: 700px) 100vw, 700px\" src=\"data:image\/svg+xml;base64,PHN2ZyB3aWR0aD0iMSIgaGVpZ2h0PSIxIiB4bWxucz0iaHR0cDovL3d3dy53My5vcmcvMjAwMC9zdmciPjwvc3ZnPg==\" style=\"--smush-placeholder-width: 700px; --smush-placeholder-aspect-ratio: 700\/766;\" \/>            <span class=\"overlay\"><\/span>\n        <\/div>\n        \n\n        <div class=\"kategorie\">Construction m\u00e9tallique industrielle<\/div>         \n        <div class=\"uebertitel mt-20\">\u00c9nergie + Environnement&nbsp;<\/div>\n        \n        <div class=\"inner\">\n            <h2 class=\"d5\">Ventilation industrielle ; application haute pression, r\u00e9glable<\/h2>\n\n            <div class=\"teaser-inhalt\">Notre dispositif de rotation pr\u00e9cis rend le montage des convertisseurs de puissance tr\u00e8s facile.  &nbsp;<\/div>\n        <\/div>\n\n        <div class=\"teaser-cta transition\">Vers la description du projet<\/div>\n    <\/a> \n<\/div>\n\n                <\/div>\n\n                \n                <div class=\"swiper-slide\">\n                    \n<div class=\"block-teaser bild-text standard-link\">\n    <a class=\"teaser\" href=\"https:\/\/lume.ch\/fr\/reference\/ventilateur-principal\/\">\n                <div class=\"bild\">\n            <img decoding=\"async\" width=\"788\" height=\"1024\" data-src=\"https:\/\/lume.ch\/wp-content\/uploads\/2023\/12\/Hauptventilator-2.jpg\" class=\"attachment-large size-large wp-post-image lazyload\" alt=\"\" data-srcset=\"https:\/\/lume.ch\/wp-content\/uploads\/2023\/12\/Hauptventilator-2.jpg 1032w, https:\/\/lume.ch\/wp-content\/uploads\/2023\/12\/Hauptventilator-2-308x400.jpg 308w\" data-sizes=\"(max-width: 788px) 100vw, 788px\" src=\"data:image\/svg+xml;base64,PHN2ZyB3aWR0aD0iMSIgaGVpZ2h0PSIxIiB4bWxucz0iaHR0cDovL3d3dy53My5vcmcvMjAwMC9zdmciPjwvc3ZnPg==\" style=\"--smush-placeholder-width: 788px; --smush-placeholder-aspect-ratio: 788\/1024;\" \/>            <span class=\"overlay\"><\/span>\n        <\/div>\n        \n\n        <div class=\"kategorie\">Construction m\u00e9tallique industrielle<\/div>         \n        <div class=\"uebertitel mt-20\">\u00c9nergie + Environnement&nbsp;<\/div>\n        \n        <div class=\"inner\">\n            <h2 class=\"d5\">Ventilateur principal<\/h2>\n\n            <div class=\"teaser-inhalt\">Le refroidissement du bobinage du g\u00e9n\u00e9rateur par une roue de ventilateur frett\u00e9e sur l&rsquo;arbre principal.  &nbsp;<\/div>\n        <\/div>\n\n        <div class=\"teaser-cta transition\">Vers la description du projet<\/div>\n    <\/a> \n<\/div>\n\n                <\/div>\n\n                            <\/div>\n            <div class=\"swiper-pagination\"><\/div>\n            <div class=\"swiper-navigation\">\n                <div class=\"swiper-button-prev\"><\/div>\n                <div class=\"swiper-button-next\"><\/div>\n            <\/div>\n        <\/div>\n    \n    <\/div>\n<\/div>\n<div  class=\"block block-personen bg-dunkelgrau pt-klein pb-mittel\">\n    <div class=\"main-container\">\n\n        <h2 class=\"d3\">Vos contacts<\/h2>\n    \n    \n\n           \n            <p>Vous avez besoin d&rsquo;un conseil ou vous avez un projet ?<\/p>\n\n<div class=\"person mt-klein mb-50\">\n\n    <div class=\"person-bild\">\n                <div class=\"person-bild-inner\">\n            <img decoding=\"async\" width=\"890\" height=\"660\" data-src=\"https:\/\/lume.ch\/wp-content\/uploads\/2023\/09\/Staubli-Gregor5_DSC06531-890x660.jpg\" class=\"attachment-person size-person wp-post-image lazyload\" alt=\"LM AG Industriestahlbau Absauganlagen Gregor Staubli\" src=\"data:image\/svg+xml;base64,PHN2ZyB3aWR0aD0iMSIgaGVpZ2h0PSIxIiB4bWxucz0iaHR0cDovL3d3dy53My5vcmcvMjAwMC9zdmciPjwvc3ZnPg==\" style=\"--smush-placeholder-width: 890px; --smush-placeholder-aspect-ratio: 890\/660;\" \/>        <\/div>\n            <\/div>\n\n    <div class=\"person-inhalt\">\n                <h3 class=\"d4 color-orange\">Gregor Staubli<\/h3>\n                \n                  <p class=\"d6 mb-0 base-font-size\"><strong>Vente | Direction<\/strong><\/p>\n        \n                  <p>Directeur des ventes | Membre de la direction<\/p>\n        \n        <div class=\"links standard-link\">\n                          <p><a href=\"mailto:gregor.staubli@lume.ch\"><span class=\"mail\"><\/span> gregor.staubli@lume.ch<\/a><\/p>\n            \n                          <p><a href=\"tel:+41763631229\"><span class=\"tel\"><\/span> +41 76 363 12 29<\/a><\/p>\n            \n                          <p><a href=\"https:\/\/www.linkedin.com\/in\/gregor-staubli-12b17052\/\" target=\"_blank\" rel=\"nofollow noopener\"><span class=\"linkedin\"><\/span> Profil LinkedIn<\/a><\/p>\n                    <\/div>\n    <\/div>\n<\/div>\n\n  \n<div class=\"person mt-klein mb-50\">\n\n    <div class=\"person-bild\">\n                <div class=\"person-bild-inner\">\n            <img decoding=\"async\" width=\"890\" height=\"660\" data-src=\"https:\/\/lume.ch\/wp-content\/uploads\/2023\/11\/Zehnder-Marcel1_GL_231004_0853-890x660.jpg\" class=\"attachment-person size-person wp-post-image lazyload\" alt=\"LM AG Industriestahlbau Absauganlagen Fabian Glittmann Projektleiter\" src=\"data:image\/svg+xml;base64,PHN2ZyB3aWR0aD0iMSIgaGVpZ2h0PSIxIiB4bWxucz0iaHR0cDovL3d3dy53My5vcmcvMjAwMC9zdmciPjwvc3ZnPg==\" style=\"--smush-placeholder-width: 890px; --smush-placeholder-aspect-ratio: 890\/660;\" \/>        <\/div>\n            <\/div>\n\n    <div class=\"person-inhalt\">\n                <h3 class=\"d4 color-orange\">Marcel Zehnder<\/h3>\n                \n                  <p class=\"d6 mb-0 base-font-size\"><strong>Vente | Direction<\/strong><\/p>\n        \n                  <p>Projets sp\u00e9ciaux | CEO<\/p>\n        \n        <div class=\"links standard-link\">\n                          <p><a href=\"mailto:marcel.zehnder@lume.ch\"><span class=\"mail\"><\/span> marcel.zehnder@lume.ch<\/a><\/p>\n            \n                          <p><a href=\"tel:+41786465866\"><span class=\"tel\"><\/span> +41 78 646 58 66<\/a><\/p>\n            \n                          <p><a href=\"https:\/\/www.linkedin.com\/in\/zehnder-marcel-256166bb\/\" target=\"_blank\" rel=\"nofollow noopener\"><span class=\"linkedin\"><\/span> Profil LinkedIn<\/a><\/p>\n                    <\/div>\n    <\/div>\n<\/div>\n\n  \n    <\/div>\n<\/div>\n<div  class=\"block block-teaser bg-weiss pt-mittel pb-mittel white-small\">\n  <div class=\"main-container\">\n    \n        <div class=\"teaser-row\">\n      \n                          <a class=\"teaser\" href=\"https:\/\/lume.ch\/fr\/?page_id=13862#acc-1\" target=\"_self\">\n            \n              \n              \n              \n              <div class=\"inner\">\n                                                      <h2 class=\"d5\">Conseil pour des solutions individuelles<\/h2>\n                                  \n                                  <div class=\"teaser-inhalt\">La qualit\u00e9 sur mesure et selon vos besoins.<\/div>\n                              <\/div>\n\n                            <div class=\"teaser-cta transition\">Ing\u00e9nierie + construction<\/div>\n          <\/a>\n                  \n                        <a class=\"teaser\" href=\"https:\/\/lume.ch\/fr\/?page_id=13862#acc-2\" target=\"_self\">\n            \n              \n              \n              \n              <div class=\"inner\">\n                                                      <h2 class=\"d5\">Un savoir-faire d&rsquo;\u00e9gal \u00e0 \u00e9gal<\/h2>\n                                  \n                                  <div class=\"teaser-inhalt\">Nous vous accompagnons de A \u00e0 Z. Du d\u00e9veloppement de la solution, de la planification, de la construction jusqu&rsquo;au montage sur place.<\/div>\n                              <\/div>\n\n                            <div class=\"teaser-cta transition\">Gestion de projet<\/div>\n          <\/a>\n                  \n                        <a class=\"teaser\" href=\"https:\/\/lume.ch\/fr\/?page_id=13862#acc-10\" target=\"_self\">\n            \n              \n              \n              \n              <div class=\"inner\">\n                                                      <h2 class=\"d5\">Test, mesure + certification<\/h2>\n                                  \n                                  <div class=\"teaser-inhalt\">Nos produits sont fabriqu\u00e9s et purg\u00e9s selon les technologies et les normes les plus r\u00e9centes.<\/div>\n                              <\/div>\n\n                            <div class=\"teaser-cta transition\">Gestion de la qualit\u00e9<\/div>\n          <\/a>\n                  \n              <\/div>\n  <\/div>\n<\/div>\n","protected":false},"excerpt":{"rendered":"","protected":false},"author":4,"featured_media":0,"parent":13940,"menu_order":0,"comment_status":"closed","ping_status":"closed","template":"tpl-front-page.php","meta":{"_acf_changed":false,"footnotes":""},"class_list":["post-13958","page","type-page","status-publish","hentry"],"acf":[],"_links":{"self":[{"href":"https:\/\/lume.ch\/fr\/wp-json\/wp\/v2\/pages\/13958","targetHints":{"allow":["GET"]}}],"collection":[{"href":"https:\/\/lume.ch\/fr\/wp-json\/wp\/v2\/pages"}],"about":[{"href":"https:\/\/lume.ch\/fr\/wp-json\/wp\/v2\/types\/page"}],"author":[{"embeddable":true,"href":"https:\/\/lume.ch\/fr\/wp-json\/wp\/v2\/users\/4"}],"replies":[{"embeddable":true,"href":"https:\/\/lume.ch\/fr\/wp-json\/wp\/v2\/comments?post=13958"}],"version-history":[{"count":1,"href":"https:\/\/lume.ch\/fr\/wp-json\/wp\/v2\/pages\/13958\/revisions"}],"predecessor-version":[{"id":13959,"href":"https:\/\/lume.ch\/fr\/wp-json\/wp\/v2\/pages\/13958\/revisions\/13959"}],"up":[{"embeddable":true,"href":"https:\/\/lume.ch\/fr\/wp-json\/wp\/v2\/pages\/13940"}],"wp:attachment":[{"href":"https:\/\/lume.ch\/fr\/wp-json\/wp\/v2\/media?parent=13958"}],"curies":[{"name":"wp","href":"https:\/\/api.w.org\/{rel}","templated":true}]}}