{"id":13956,"date":"2023-11-16T13:20:36","date_gmt":"2023-11-16T12:20:36","guid":{"rendered":"https:\/\/lume.ch\/?page_id=13956"},"modified":"2025-01-07T15:14:13","modified_gmt":"2025-01-07T14:14:13","slug":"filtre-metallique","status":"publish","type":"page","link":"https:\/\/lume.ch\/fr\/construction-metallique-industrielle\/filtre-metallique\/","title":{"rendered":"Filtre m\u00e9tallique de L+M AG"},"content":{"rendered":"\n<div  class=\"block block-header  header-text\">\n\n            <div class=\"main-container container-padding-top pb-mittel has-breadcrumb\"> \n          \n            <div class=\"content-container\">\n            \n                                <div class=\"d5 color-anthrazit uebertitel\">Construction m\u00e9tallique industrielle<\/div>\n                \n                                <h1 class=\"d1 color-orange\">Filtre m\u00e9tallique<\/h1>\n                 \n                                <div class=\"lead-font-size\"><p>Le filtre m\u00e9tallique de L+M AG est la r\u00e9ponse \u00e0 vos multiples exigences dans le domaine ferroviaire et de la construction m\u00e9canique. Pourquoi choisir les filtres m\u00e9talliques ?<\/p>\n<\/div>\n                            <\/div>\n        <\/div>\n    <\/div>\n\n\n<div  class=\"block block-image bg-weiss pb-mittel\">\n    <div class=\"main-container\">\n        <div class=\"image-container\">\n            <img decoding=\"async\" width=\"934\" height=\"692\" data-src=\"https:\/\/lume.ch\/wp-content\/uploads\/2023\/12\/Wave-Metallfilter.png\" class=\"attachment-large size-large lazyload\" alt=\"\" data-srcset=\"https:\/\/lume.ch\/wp-content\/uploads\/2023\/12\/Wave-Metallfilter.png 934w, https:\/\/lume.ch\/wp-content\/uploads\/2023\/12\/Wave-Metallfilter-400x296.png 400w, https:\/\/lume.ch\/wp-content\/uploads\/2023\/12\/Wave-Metallfilter-890x660.png 890w\" data-sizes=\"(max-width: 934px) 100vw, 934px\" src=\"data:image\/svg+xml;base64,PHN2ZyB3aWR0aD0iMSIgaGVpZ2h0PSIxIiB4bWxucz0iaHR0cDovL3d3dy53My5vcmcvMjAwMC9zdmciPjwvc3ZnPg==\" style=\"--smush-placeholder-width: 934px; --smush-placeholder-aspect-ratio: 934\/692;\" \/>        <\/div>\n    \n                <div class=\"caption small-font-size\">Le filtre m\u00e9tallique de L+M AG<\/div>\n            <\/div>\n<\/div>\n\n\n<div  class=\"block block-content bg-weiss pb-mittel\">\n    <div class=\"main-container\">\n        <div class=\"content-container\">\n\n            \n\n    <h2 class=\"d3\">Voici quelques raisons convaincantes :<\/h2>\n\n    \n    \n    \n\n        <\/div>\n    <\/div>\n<\/div>\n\n\n\n<div  class=\"block block-accordion box bg-weiss pb-mittel\">\n  <div class=\"main-container pos-rel\">\n    \n          <div class=\"accordion box\">\n        \n          <div class=\"acc-box has-content\">\n            <div id=\"acc-1\" class=\"accordion-item\">\n              <div class=\"accordion-toggle\">\n                \n                <h2 class=\"d5 mb-15 accordion-titel\">Applications polyvalentes<\/h2>\n\n                              <\/div>\n\n                              <div class=\"accordion-content\">\n                  <div class=\"accordion-content-inner base-font-size\">\n                    \n                                              <div class=\"pb-mittel\">\n                          <p><span style=\"font-weight: 400\">Notre filtre m\u00e9tallique est polyvalent et s&rsquo;adapte facilement \u00e0 diff\u00e9rentes applications dans le secteur ferroviaire et l&rsquo;ing\u00e9nierie.<br \/>\nQue vous ayez besoin de solutions de filtration pour des trains, des tramways ou des machines industrielles, le filtre m\u00e9tallique de L+M AG est le choix id\u00e9al. <\/span><\/p>\n                        <\/div>\n                      \n                      \n                                      <\/div>\n                <\/div>\n                <span class=\"accordion-icon accordion-toggle\"><span class=\"icon-up\"><\/span><span class=\"icon-down\"><\/span><\/span>\n\n                          <\/div>\n\n            \n          <\/div>\n        \n          <div class=\"acc-box bild has-content\">\n            <div id=\"acc-2\" class=\"accordion-item\">\n              <div class=\"accordion-toggle\">\n                \n                <h2 class=\"d5 mb-15 accordion-titel\">Efficacit\u00e9 de la s\u00e9paration<\/h2>\n\n                              <\/div>\n\n                              <div class=\"accordion-content\">\n                  <div class=\"accordion-content-inner base-font-size\">\n                    \n                                              <div class=\"pb-mittel\">\n                          <p><span style=\"font-weight: 400\">Gr\u00e2ce \u00e0 sa classe de filtre G3, notre filtre m\u00e9tallique offre un niveau de filtration efficace.<br \/>\nLes particules nocives sont filtr\u00e9es de mani\u00e8re fiable afin de maximiser les performances et la dur\u00e9e de vie de vos machines. <\/span><\/p>\n                        <\/div>\n                      \n                      \n                                      <\/div>\n                <\/div>\n                <span class=\"accordion-icon accordion-toggle\"><span class=\"icon-up\"><\/span><span class=\"icon-down\"><\/span><\/span>\n\n                          <\/div>\n\n            <div class=\"image-container\"><img decoding=\"async\" width=\"539\" height=\"378\" data-src=\"https:\/\/lume.ch\/wp-content\/uploads\/2024\/06\/Wave_Wasserabscheidung-539x378.jpg\" class=\"attachment-accordion size-accordion lazyload\" alt=\"\" src=\"data:image\/svg+xml;base64,PHN2ZyB3aWR0aD0iMSIgaGVpZ2h0PSIxIiB4bWxucz0iaHR0cDovL3d3dy53My5vcmcvMjAwMC9zdmciPjwvc3ZnPg==\" style=\"--smush-placeholder-width: 539px; --smush-placeholder-aspect-ratio: 539\/378;\" \/><\/div>\n          <\/div>\n        \n          <div class=\"acc-box bild has-content\">\n            <div id=\"acc-3\" class=\"accordion-item\">\n              <div class=\"accordion-toggle\">\n                \n                <h2 class=\"d5 mb-15 accordion-titel\">Flexible et personnalisable<\/h2>\n\n                              <\/div>\n\n                              <div class=\"accordion-content\">\n                  <div class=\"accordion-content-inner base-font-size\">\n                    \n                                              <div class=\"pb-mittel\">\n                          <p><span style=\"font-weight: 400\">Notre filtre m\u00e9tallique est extr\u00eamement flexible et adaptable.<br \/>\nIl s&rsquo;int\u00e8gre facilement dans les syst\u00e8mes les plus divers, ce qui facilite son installation et sa maintenance.<br \/>\nCette flexibilit\u00e9 permet non seulement de gagner du temps, mais aussi de r\u00e9duire les co\u00fbts. <\/span><\/p>\n                        <\/div>\n                      \n                      \n                                      <\/div>\n                <\/div>\n                <span class=\"accordion-icon accordion-toggle\"><span class=\"icon-up\"><\/span><span class=\"icon-down\"><\/span><\/span>\n\n                          <\/div>\n\n            <div class=\"image-container\"><img decoding=\"async\" width=\"539\" height=\"378\" data-src=\"https:\/\/lume.ch\/wp-content\/uploads\/2023\/12\/Metallfilter-539x378.jpg\" class=\"attachment-accordion size-accordion lazyload\" alt=\"\" src=\"data:image\/svg+xml;base64,PHN2ZyB3aWR0aD0iMSIgaGVpZ2h0PSIxIiB4bWxucz0iaHR0cDovL3d3dy53My5vcmcvMjAwMC9zdmciPjwvc3ZnPg==\" style=\"--smush-placeholder-width: 539px; --smush-placeholder-aspect-ratio: 539\/378;\" \/><\/div>\n          <\/div>\n        \n          <div class=\"acc-box has-content\">\n            <div id=\"acc-4\" class=\"accordion-item\">\n              <div class=\"accordion-toggle\">\n                \n                <h2 class=\"d5 mb-15 accordion-titel\">Performant<\/h2>\n\n                              <\/div>\n\n                              <div class=\"accordion-content\">\n                  <div class=\"accordion-content-inner base-font-size\">\n                    \n                                              <div class=\"pb-mittel\">\n                          <p><span style=\"font-weight: 400\">Le filtre m\u00e9tallique de L+M AG est con\u00e7u pour fonctionner dans des conditions exigeantes.<br \/>\nIl garantit des performances \u00e9lev\u00e9es et constantes, minimise les temps d&rsquo;arr\u00eat et am\u00e9liore la fiabilit\u00e9 de vos machines. <\/span><\/p>\n                        <\/div>\n                      \n                      \n                                      <\/div>\n                <\/div>\n                <span class=\"accordion-icon accordion-toggle\"><span class=\"icon-up\"><\/span><span class=\"icon-down\"><\/span><\/span>\n\n                          <\/div>\n\n            \n          <\/div>\n              <\/div>\n      <\/div>\n<\/div>\n\n\n\n<div  class=\"block block-content bg-weiss pb-mittel\">\n    <div class=\"main-container\">\n        <div class=\"content-container\">\n\n            \n\n\n    <p><span style=\"font-weight: 400;\">D\u00e9couvrez l&rsquo;avenir de la filtration avec le filtre m\u00e9talliques de L+M AG.<br \/>\nNotre technologie vous permet de vous concentrer sur votre c\u0153ur de m\u00e9tier, tandis que nous vous fournissons des solutions de filtration propres et efficaces. <\/span><\/p>\n\n    \n    \n\n        <\/div>\n    <\/div>\n<\/div>\n\n\n<div  class=\"block block-personen bg-dunkelgrau pt-mittel pb-mittel\">\n    <div class=\"main-container\">\n\n        <h2 class=\"d3\">Vos contacts<\/h2>\n    \n    \n\n           \n            <p>Vous avez besoin d&rsquo;un conseil ou vous avez un projet ?<\/p>\n\n<div class=\"person mt-klein mb-50\">\n\n    <div class=\"person-bild\">\n                <div class=\"person-bild-inner\">\n            <img decoding=\"async\" width=\"890\" height=\"660\" data-src=\"https:\/\/lume.ch\/wp-content\/uploads\/2023\/09\/Staubli-Gregor5_DSC06531-890x660.jpg\" class=\"attachment-person size-person wp-post-image lazyload\" alt=\"LM AG Industriestahlbau Absauganlagen Gregor Staubli\" src=\"data:image\/svg+xml;base64,PHN2ZyB3aWR0aD0iMSIgaGVpZ2h0PSIxIiB4bWxucz0iaHR0cDovL3d3dy53My5vcmcvMjAwMC9zdmciPjwvc3ZnPg==\" style=\"--smush-placeholder-width: 890px; --smush-placeholder-aspect-ratio: 890\/660;\" \/>        <\/div>\n            <\/div>\n\n    <div class=\"person-inhalt\">\n                <h3 class=\"d4 color-orange\">Gregor Staubli<\/h3>\n                \n                  <p class=\"d6 mb-0 base-font-size\"><strong>Vente | Direction<\/strong><\/p>\n        \n                  <p>Directeur des ventes | Membre de la direction<\/p>\n        \n        <div class=\"links standard-link\">\n                          <p><a href=\"mailto:gregor.staubli@lume.ch\"><span class=\"mail\"><\/span> gregor.staubli@lume.ch<\/a><\/p>\n            \n                          <p><a href=\"tel:+41763631229\"><span class=\"tel\"><\/span> +41 76 363 12 29<\/a><\/p>\n            \n                          <p><a href=\"https:\/\/www.linkedin.com\/in\/gregor-staubli-12b17052\/\" target=\"_blank\" rel=\"nofollow noopener\"><span class=\"linkedin\"><\/span> Profil LinkedIn<\/a><\/p>\n                    <\/div>\n    <\/div>\n<\/div>\n\n  \n<div class=\"person mt-klein mb-50\">\n\n    <div class=\"person-bild\">\n                <div class=\"person-bild-inner\">\n            <img decoding=\"async\" width=\"890\" height=\"660\" data-src=\"https:\/\/lume.ch\/wp-content\/uploads\/2023\/11\/Zehnder-Marcel1_GL_231004_0853-890x660.jpg\" class=\"attachment-person size-person wp-post-image lazyload\" alt=\"LM AG Industriestahlbau Absauganlagen Fabian Glittmann Projektleiter\" src=\"data:image\/svg+xml;base64,PHN2ZyB3aWR0aD0iMSIgaGVpZ2h0PSIxIiB4bWxucz0iaHR0cDovL3d3dy53My5vcmcvMjAwMC9zdmciPjwvc3ZnPg==\" style=\"--smush-placeholder-width: 890px; --smush-placeholder-aspect-ratio: 890\/660;\" \/>        <\/div>\n            <\/div>\n\n    <div class=\"person-inhalt\">\n                <h3 class=\"d4 color-orange\">Marcel Zehnder<\/h3>\n                \n                  <p class=\"d6 mb-0 base-font-size\"><strong>Vente | Direction<\/strong><\/p>\n        \n                  <p>Projets sp\u00e9ciaux | CEO<\/p>\n        \n        <div class=\"links standard-link\">\n                          <p><a href=\"mailto:marcel.zehnder@lume.ch\"><span class=\"mail\"><\/span> marcel.zehnder@lume.ch<\/a><\/p>\n            \n                          <p><a href=\"tel:+41786465866\"><span class=\"tel\"><\/span> +41 78 646 58 66<\/a><\/p>\n            \n                          <p><a href=\"https:\/\/www.linkedin.com\/in\/zehnder-marcel-256166bb\/\" target=\"_blank\" rel=\"nofollow noopener\"><span class=\"linkedin\"><\/span> Profil LinkedIn<\/a><\/p>\n                    <\/div>\n    <\/div>\n<\/div>\n\n  \n    <\/div>\n<\/div>\n\n\n<div  class=\"block block-teaser bg-weiss pt-mittel pb-mittel white-small\">\n  <div class=\"main-container\">\n    \n        <div class=\"teaser-row\">\n      \n                          <a class=\"teaser\" href=\"https:\/\/lume.ch\/fr\/?page_id=13862#acc-1\" target=\"_self\">\n            \n              \n              \n              \n              <div class=\"inner\">\n                                                      <h2 class=\"d5\">Conseil pour des solutions individuelles<\/h2>\n                                  \n                                  <div class=\"teaser-inhalt\">La qualit\u00e9 sur mesure et selon vos besoins.<\/div>\n                              <\/div>\n\n                            <div class=\"teaser-cta transition\">Ing\u00e9nierie + construction<\/div>\n          <\/a>\n                  \n                        <a class=\"teaser\" href=\"https:\/\/lume.ch\/fr\/?page_id=13862#acc-2\" target=\"_self\">\n            \n              \n              \n              \n              <div class=\"inner\">\n                                                      <h2 class=\"d5\">Un savoir-faire d&rsquo;\u00e9gal \u00e0 \u00e9gal<\/h2>\n                                  \n                                  <div class=\"teaser-inhalt\">Nous vous accompagnons de A \u00e0 Z. Du d\u00e9veloppement de la solution, de la planification, de la construction jusqu&rsquo;au montage sur place.<\/div>\n                              <\/div>\n\n                            <div class=\"teaser-cta transition\">Gestion de projet<\/div>\n          <\/a>\n                  \n                        <a class=\"teaser\" href=\"https:\/\/lume.ch\/fr\/?page_id=13862#acc-10\" target=\"_self\">\n            \n              \n              \n              \n              <div class=\"inner\">\n                                                      <h2 class=\"d5\">Test, mesure + certification<\/h2>\n                                  \n                                  <div class=\"teaser-inhalt\">Nos produits sont fabriqu\u00e9s et purg\u00e9s selon les technologies et les normes les plus r\u00e9centes.<\/div>\n                              <\/div>\n\n                            <div class=\"teaser-cta transition\">  Gestion de la qualit\u00e9<\/div>\n          <\/a>\n                  \n              <\/div>\n  <\/div>\n<\/div>\n","protected":false},"excerpt":{"rendered":"","protected":false},"author":4,"featured_media":0,"parent":13940,"menu_order":0,"comment_status":"closed","ping_status":"closed","template":"tpl-front-page.php","meta":{"_acf_changed":true,"footnotes":""},"class_list":["post-13956","page","type-page","status-publish","hentry"],"acf":[],"_links":{"self":[{"href":"https:\/\/lume.ch\/fr\/wp-json\/wp\/v2\/pages\/13956","targetHints":{"allow":["GET"]}}],"collection":[{"href":"https:\/\/lume.ch\/fr\/wp-json\/wp\/v2\/pages"}],"about":[{"href":"https:\/\/lume.ch\/fr\/wp-json\/wp\/v2\/types\/page"}],"author":[{"embeddable":true,"href":"https:\/\/lume.ch\/fr\/wp-json\/wp\/v2\/users\/4"}],"replies":[{"embeddable":true,"href":"https:\/\/lume.ch\/fr\/wp-json\/wp\/v2\/comments?post=13956"}],"version-history":[{"count":8,"href":"https:\/\/lume.ch\/fr\/wp-json\/wp\/v2\/pages\/13956\/revisions"}],"predecessor-version":[{"id":14485,"href":"https:\/\/lume.ch\/fr\/wp-json\/wp\/v2\/pages\/13956\/revisions\/14485"}],"up":[{"embeddable":true,"href":"https:\/\/lume.ch\/fr\/wp-json\/wp\/v2\/pages\/13940"}],"wp:attachment":[{"href":"https:\/\/lume.ch\/fr\/wp-json\/wp\/v2\/media?parent=13956"}],"curies":[{"name":"wp","href":"https:\/\/api.w.org\/{rel}","templated":true}]}}