{"id":13946,"date":"2024-05-16T16:05:19","date_gmt":"2024-05-16T14:05:19","guid":{"rendered":"https:\/\/lume.ch\/?page_id=13946"},"modified":"2025-01-28T11:34:36","modified_gmt":"2025-01-28T10:34:36","slug":"conformite-ce-et-tests-de-charge","status":"publish","type":"page","link":"https:\/\/lume.ch\/fr\/construction-metallique-industrielle\/conformite-ce-et-tests-de-charge\/","title":{"rendered":"Conformit\u00e9 CE et tests de charge"},"content":{"rendered":"\n<div  class=\"block block-header  header-text\">\n\n            <div class=\"main-container container-padding-top pb-mittel has-breadcrumb\"> \n          \n            <div class=\"content-container\">\n            \n                                <div class=\"d5 color-anthrazit uebertitel\">Construction m\u00e9tallique industrielle<\/div>\n                \n                                <h1 class=\"d1 color-orange\">Conformit\u00e9 CE et tests de charge<\/h1>\n                 \n                                <div class=\"lead-font-size\"><p>Nous sommes fiers de vous proposer des produits qui r\u00e9pondent aux normes de qualit\u00e9 les plus \u00e9lev\u00e9es et qui portent le marquage CE.<\/p>\n<\/div>\n                            <\/div>\n        <\/div>\n    <\/div>\n<div  class=\"block block-content bg-weiss pb-mittel\">\n    <div class=\"main-container\">\n        <div class=\"content-container\">\n\n            \n\n    <h2 class=\"d3\">Qu&rsquo;est-ce que le marquage CE ?<\/h2>\n\n    <p><img decoding=\"async\" class=\"size-full wp-image-12350 aligncenter lazyload\" data-src=\"https:\/\/lume.ch\/wp-content\/uploads\/2024\/05\/Typenschild1.png\" alt=\"\" width=\"3084\" height=\"1756\" data-srcset=\"https:\/\/lume.ch\/wp-content\/uploads\/2024\/05\/Typenschild1.png 3084w, https:\/\/lume.ch\/wp-content\/uploads\/2024\/05\/Typenschild1-400x228.png 400w, https:\/\/lume.ch\/wp-content\/uploads\/2024\/05\/Typenschild1-350x200.png 350w\" data-sizes=\"(max-width: 3084px) 100vw, 3084px\" src=\"data:image\/svg+xml;base64,PHN2ZyB3aWR0aD0iMSIgaGVpZ2h0PSIxIiB4bWxucz0iaHR0cDovL3d3dy53My5vcmcvMjAwMC9zdmciPjwvc3ZnPg==\" style=\"--smush-placeholder-width: 3084px; --smush-placeholder-aspect-ratio: 3084\/1756;\" \/>  Le marquage CE est un signe important pour les produits vendus au sein de l&rsquo;Espace \u00e9conomique europ\u00e9en.<br \/>\nIl confirme qu&rsquo;un produit est conforme aux normes de sant\u00e9, de s\u00e9curit\u00e9 et de protection de l&rsquo;environnement en vigueur dans l&rsquo;UE.<br \/>\nChez L+M AG, nous veillons \u00e0 ce que tous nos \u00e9quipements de levage et de transport portent le marquage CE afin de garantir le respect de ces normes.  <\/p>\n\n    \n    \n\n        <\/div>\n    <\/div>\n<\/div>\n<div  class=\"block block-content bg-weiss pb-mittel\">\n    <div class=\"main-container\">\n        <div class=\"content-container\">\n\n            \n\n    <h2 class=\"d3\">Tests de charge pour les \u00e9quipements de levage et de transport<\/h2>\n\n    \n    <div class=\"columns-2-count\">\n        <div class=\"column\">\n            <p><img decoding=\"async\" class=\"alignnone size-full wp-image-12328 lazyload\" data-src=\"https:\/\/lume.ch\/wp-content\/uploads\/2024\/05\/A2100884-IMG_2819.jpg\" alt=\"\" width=\"4032\" height=\"3024\" src=\"data:image\/svg+xml;base64,PHN2ZyB3aWR0aD0iMSIgaGVpZ2h0PSIxIiB4bWxucz0iaHR0cDovL3d3dy53My5vcmcvMjAwMC9zdmciPjwvc3ZnPg==\" style=\"--smush-placeholder-width: 4032px; --smush-placeholder-aspect-ratio: 4032\/3024;\"><\/p>\n\n                    <\/div>\n\n        <div class=\"column\">\n            <p>Chez L+M AG, nous accordons une grande importance \u00e0 la s\u00e9curit\u00e9 et \u00e0 la qualit\u00e9.<br \/>\nAvant d&rsquo;attribuer le marquage CE, nous effectuons des tests de charge complets sur nos \u00e9quipements de levage et de transport.<br \/>\nCes tests servent \u00e0 v\u00e9rifier la capacit\u00e9 de charge et la fiabilit\u00e9 de nos produits dans des conditions r\u00e9elles.<br \/>\nGr\u00e2ce \u00e0 nos proc\u00e9dures de test rigoureuses, nous nous assurons que nos \u00e9quipements r\u00e9pondent aux normes de s\u00e9curit\u00e9 les plus strictes. <strong>Des dispositifs de test pour chaque application<\/strong> Nous proposons \u00e9galement des solutions sur mesure pour la construction de dispositifs de test sp\u00e9cialement con\u00e7us pour les tests de charge.<br \/>\nNotre personnel con\u00e7oit et fabrique des dispositifs de test adapt\u00e9s \u00e0 vos besoins, afin de garantir une ex\u00e9cution pr\u00e9cise et fiable des tests de charge.    <\/p>\n\n                    <\/div>\n    <\/div>\n    \n\n        <\/div>\n    <\/div>\n<\/div>\n<div  class=\"block block-content bg-weiss pb-mittel\">\n    <div class=\"main-container\">\n        <div class=\"content-container\">\n\n            \n\n    <h2 class=\"d3\">Certification CE pour les moyens de levage existants<\/h2>\n\n    \n    <div class=\"columns-2-count\">\n        <div class=\"column\">\n            <p>M\u00eame les moyens de levage d\u00e9j\u00e0 en service et ne portant pas le marquage CE peuvent \u00eatre certifi\u00e9s conform\u00e9ment \u00e0 la r\u00e9glementation en vigueur.<br \/>\nNos sp\u00e9cialistes exp\u00e9riment\u00e9s v\u00e9rifient la conformit\u00e9 de vos \u00e9quipements de levage et de transport avec les exigences de l&rsquo;UE et, le cas \u00e9ch\u00e9ant, effectuent les tests n\u00e9cessaires.<br \/>\nUne fois les tests r\u00e9ussis et les normes respect\u00e9es, vos \u00e9quipements re\u00e7oivent le marquage CE.  <\/p>\n\n                    <\/div>\n\n        <div class=\"column\">\n            <p><img decoding=\"async\" class=\"alignnone size-full wp-image-12336 lazyload\" data-src=\"https:\/\/lume.ch\/wp-content\/uploads\/2024\/05\/IMG_7239.jpg\" alt=\"\" width=\"4032\" height=\"3024\" src=\"data:image\/svg+xml;base64,PHN2ZyB3aWR0aD0iMSIgaGVpZ2h0PSIxIiB4bWxucz0iaHR0cDovL3d3dy53My5vcmcvMjAwMC9zdmciPjwvc3ZnPg==\" style=\"--smush-placeholder-width: 4032px; --smush-placeholder-aspect-ratio: 4032\/3024;\"><\/p>\n\n                    <\/div>\n    <\/div>\n    \n\n        <\/div>\n    <\/div>\n<\/div>\n<div  class=\"block block-bild-slider bg-weiss pb-mittel\">\n    <div class=\"main-container pos-rel\">\n\n        <div class=\"swiper-gallery pos-rel\">\n        <div class=\"swiper-wrapper\">\n                        <div class=\"swiper-slide standard-link\">\n                <a href=\"https:\/\/lume.ch\/wp-content\/uploads\/2024\/05\/20230301_085008.jpg\" data-featherlight=\"image\">\n                     <img decoding=\"async\" data-src=\"https:\/\/lume.ch\/wp-content\/uploads\/2024\/05\/20230301_085008.jpg\" alt=\"\" src=\"data:image\/svg+xml;base64,PHN2ZyB3aWR0aD0iMSIgaGVpZ2h0PSIxIiB4bWxucz0iaHR0cDovL3d3dy53My5vcmcvMjAwMC9zdmciPjwvc3ZnPg==\" class=\"lazyload\" style=\"--smush-placeholder-width: 4624px; --smush-placeholder-aspect-ratio: 4624\/3468;\" \/>\n                <\/a>\n                <p class=\"wp-caption-text small-font-size\">Grue &#8211; Grappin &#8211; Conteneur Kastor<\/p>\n            <\/div>\n                        <div class=\"swiper-slide standard-link\">\n                <a href=\"https:\/\/lume.ch\/wp-content\/uploads\/2023\/12\/Hebetraverse-rotated.jpg\" data-featherlight=\"image\">\n                     <img decoding=\"async\" data-src=\"https:\/\/lume.ch\/wp-content\/uploads\/2023\/12\/Hebetraverse-rotated.jpg\" alt=\"\" src=\"data:image\/svg+xml;base64,PHN2ZyB3aWR0aD0iMSIgaGVpZ2h0PSIxIiB4bWxucz0iaHR0cDovL3d3dy53My5vcmcvMjAwMC9zdmciPjwvc3ZnPg==\" class=\"lazyload\" style=\"--smush-placeholder-width: 2268px; --smush-placeholder-aspect-ratio: 2268\/4032;\" \/>\n                <\/a>\n                <p class=\"wp-caption-text small-font-size\">Traverse de levage de 18 m<\/p>\n            <\/div>\n                        <div class=\"swiper-slide standard-link\">\n                <a href=\"https:\/\/lume.ch\/wp-content\/uploads\/2024\/04\/Messvorrichtung-2.jpg\" data-featherlight=\"image\">\n                     <img decoding=\"async\" data-src=\"https:\/\/lume.ch\/wp-content\/uploads\/2024\/04\/Messvorrichtung-2.jpg\" alt=\"\" src=\"data:image\/svg+xml;base64,PHN2ZyB3aWR0aD0iMSIgaGVpZ2h0PSIxIiB4bWxucz0iaHR0cDovL3d3dy53My5vcmcvMjAwMC9zdmciPjwvc3ZnPg==\" class=\"lazyload\" style=\"--smush-placeholder-width: 1200px; --smush-placeholder-aspect-ratio: 1200\/1600;\" \/>\n                <\/a>\n                <p class=\"wp-caption-text small-font-size\">Messvorrichtung<\/p>\n            <\/div>\n                        <div class=\"swiper-slide standard-link\">\n                <a href=\"https:\/\/lume.ch\/wp-content\/uploads\/2023\/11\/Drehvorrichtung-fuer-Stromrichtermontage-1.jpg\" data-featherlight=\"image\">\n                     <img decoding=\"async\" data-src=\"https:\/\/lume.ch\/wp-content\/uploads\/2023\/11\/Drehvorrichtung-fuer-Stromrichtermontage-1.jpg\" alt=\"\" src=\"data:image\/svg+xml;base64,PHN2ZyB3aWR0aD0iMSIgaGVpZ2h0PSIxIiB4bWxucz0iaHR0cDovL3d3dy53My5vcmcvMjAwMC9zdmciPjwvc3ZnPg==\" class=\"lazyload\" style=\"--smush-placeholder-width: 691px; --smush-placeholder-aspect-ratio: 691\/518;\" \/>\n                <\/a>\n                <p class=\"wp-caption-text small-font-size\">Dispositif de rotation<\/p>\n            <\/div>\n                    <\/div>\n        <div class=\"swiper-pagination\"><\/div>\n    <\/div>\n    \n    <\/div>\n<\/div>\n<div  class=\"block block-referenz-slider bg-weiss pb-mittel\">\n    <div class=\"main-container pos-rel\">\n\n         \n\n                <div class=\"swiper-referenz pos-rel\">\n            <div class=\"swiper-wrapper\">\n                                \n                <div class=\"swiper-slide\">\n                    \n<div class=\"block-teaser bild-text standard-link\">\n    <a class=\"teaser\" href=\"https:\/\/lume.ch\/fr\/reference\/table-elevatrice-a-ciseaux-avec-plateau-en-croix\/\">\n                <div class=\"bild\">\n            <img decoding=\"async\" width=\"1024\" height=\"663\" data-src=\"https:\/\/lume.ch\/wp-content\/uploads\/2023\/12\/Scherenhubtisch-mit-Kreuzplatte-2.jpg\" class=\"attachment-large size-large wp-post-image lazyload\" alt=\"\" data-srcset=\"https:\/\/lume.ch\/wp-content\/uploads\/2023\/12\/Scherenhubtisch-mit-Kreuzplatte-2.jpg 1075w, https:\/\/lume.ch\/wp-content\/uploads\/2023\/12\/Scherenhubtisch-mit-Kreuzplatte-2-400x259.jpg 400w\" data-sizes=\"(max-width: 1024px) 100vw, 1024px\" src=\"data:image\/svg+xml;base64,PHN2ZyB3aWR0aD0iMSIgaGVpZ2h0PSIxIiB4bWxucz0iaHR0cDovL3d3dy53My5vcmcvMjAwMC9zdmciPjwvc3ZnPg==\" style=\"--smush-placeholder-width: 1024px; --smush-placeholder-aspect-ratio: 1024\/663;\" \/>            <span class=\"overlay\"><\/span>\n        <\/div>\n        \n\n        <div class=\"kategorie\">Construction m\u00e9tallique industrielle<\/div>         \n        <div class=\"uebertitel mt-20\">V\u00e9hicules ferroviaires + Infrastructure ferroviaire&nbsp;<\/div>\n        \n        <div class=\"inner\">\n            <h2 class=\"d5\">Table \u00e9l\u00e9vatrice \u00e0 ciseaux avec plateau en croix<\/h2>\n\n            <div class=\"teaser-inhalt\">Notre table \u00e9l\u00e9vatrice \u00e0 ciseaux avec plateau en croix pour de multiples applications.  &nbsp;<\/div>\n        <\/div>\n\n        <div class=\"teaser-cta transition\">Vers la description du projet<\/div>\n    <\/a> \n<\/div>\n\n                <\/div>\n\n                \n                <div class=\"swiper-slide\">\n                    \n<div class=\"block-teaser bild-text standard-link\">\n    <a class=\"teaser\" href=\"https:\/\/lume.ch\/fr\/reference\/dispositif-de-rotation-pour-montage-de-convertisseur\/\">\n                <div class=\"bild\">\n            <img decoding=\"async\" width=\"1024\" height=\"576\" data-src=\"https:\/\/lume.ch\/wp-content\/uploads\/2023\/12\/Drehvorrichtung.jpg\" class=\"attachment-large size-large wp-post-image lazyload\" alt=\"\" data-srcset=\"https:\/\/lume.ch\/wp-content\/uploads\/2023\/12\/Drehvorrichtung.jpg 3264w, https:\/\/lume.ch\/wp-content\/uploads\/2023\/12\/Drehvorrichtung-400x225.jpg 400w\" data-sizes=\"(max-width: 1024px) 100vw, 1024px\" src=\"data:image\/svg+xml;base64,PHN2ZyB3aWR0aD0iMSIgaGVpZ2h0PSIxIiB4bWxucz0iaHR0cDovL3d3dy53My5vcmcvMjAwMC9zdmciPjwvc3ZnPg==\" style=\"--smush-placeholder-width: 1024px; --smush-placeholder-aspect-ratio: 1024\/576;\" \/>            <span class=\"overlay\"><\/span>\n        <\/div>\n        \n\n        <div class=\"kategorie\">Construction m\u00e9tallique industrielle<\/div>         \n        <div class=\"uebertitel mt-20\">V\u00e9hicules ferroviaires + Infrastructure ferroviaire&nbsp;<\/div>\n        \n        <div class=\"inner\">\n            <h2 class=\"d5\">Dispositif de rotation pour montage de convertisseur<\/h2>\n\n            <div class=\"teaser-inhalt\">Notre dispositif de rotation pr\u00e9cis simplifie sans effort le montage du convertisseur.  &nbsp;<\/div>\n        <\/div>\n\n        <div class=\"teaser-cta transition\">Vers la description du projet<\/div>\n    <\/a> \n<\/div>\n\n                <\/div>\n\n                            <\/div>\n            <div class=\"swiper-pagination\"><\/div>\n            <div class=\"swiper-navigation\">\n                <div class=\"swiper-button-prev\"><\/div>\n                <div class=\"swiper-button-next\"><\/div>\n            <\/div>\n        <\/div>\n    \n    <\/div>\n<\/div>\n<div  class=\"block block-personen bg-dunkelgrau pt-mittel pb-mittel\">\n    <div class=\"main-container\">\n\n        <h2 class=\"d3\">Vos contacts<\/h2>\n    \n    \n\n           \n            <p>Vous avez besoin d&rsquo;un conseil ou vous avez un projet ?<\/p>\n\n<div class=\"person mt-klein mb-50\">\n\n    <div class=\"person-bild\">\n                <div class=\"person-bild-inner\">\n            <img decoding=\"async\" width=\"890\" height=\"660\" data-src=\"https:\/\/lume.ch\/wp-content\/uploads\/2023\/09\/Staubli-Gregor5_DSC06531-890x660.jpg\" class=\"attachment-person size-person wp-post-image lazyload\" alt=\"LM AG Industriestahlbau Absauganlagen Gregor Staubli\" src=\"data:image\/svg+xml;base64,PHN2ZyB3aWR0aD0iMSIgaGVpZ2h0PSIxIiB4bWxucz0iaHR0cDovL3d3dy53My5vcmcvMjAwMC9zdmciPjwvc3ZnPg==\" style=\"--smush-placeholder-width: 890px; --smush-placeholder-aspect-ratio: 890\/660;\" \/>        <\/div>\n            <\/div>\n\n    <div class=\"person-inhalt\">\n                <h3 class=\"d4 color-orange\">Gregor Staubli<\/h3>\n                \n                  <p class=\"d6 mb-0 base-font-size\"><strong>Vente | Direction<\/strong><\/p>\n        \n                  <p>Directeur des ventes | Membre de la direction<\/p>\n        \n        <div class=\"links standard-link\">\n                          <p><a href=\"mailto:gregor.staubli@lume.ch\"><span class=\"mail\"><\/span> gregor.staubli@lume.ch<\/a><\/p>\n            \n                          <p><a href=\"tel:+41763631229\"><span class=\"tel\"><\/span> +41 76 363 12 29<\/a><\/p>\n            \n                          <p><a href=\"https:\/\/www.linkedin.com\/in\/gregor-staubli-12b17052\/\" target=\"_blank\" rel=\"nofollow noopener\"><span class=\"linkedin\"><\/span> Profil LinkedIn<\/a><\/p>\n                    <\/div>\n    <\/div>\n<\/div>\n\n  \n<div class=\"person mt-klein mb-50\">\n\n    <div class=\"person-bild\">\n                <div class=\"person-bild-inner\">\n            <img decoding=\"async\" width=\"890\" height=\"660\" data-src=\"https:\/\/lume.ch\/wp-content\/uploads\/2023\/11\/Zehnder-Marcel1_GL_231004_0853-890x660.jpg\" class=\"attachment-person size-person wp-post-image lazyload\" alt=\"LM AG Industriestahlbau Absauganlagen Fabian Glittmann Projektleiter\" src=\"data:image\/svg+xml;base64,PHN2ZyB3aWR0aD0iMSIgaGVpZ2h0PSIxIiB4bWxucz0iaHR0cDovL3d3dy53My5vcmcvMjAwMC9zdmciPjwvc3ZnPg==\" style=\"--smush-placeholder-width: 890px; --smush-placeholder-aspect-ratio: 890\/660;\" \/>        <\/div>\n            <\/div>\n\n    <div class=\"person-inhalt\">\n                <h3 class=\"d4 color-orange\">Marcel Zehnder<\/h3>\n                \n                  <p class=\"d6 mb-0 base-font-size\"><strong>Vente | Direction<\/strong><\/p>\n        \n                  <p>Projets sp\u00e9ciaux | CEO<\/p>\n        \n        <div class=\"links standard-link\">\n                          <p><a href=\"mailto:marcel.zehnder@lume.ch\"><span class=\"mail\"><\/span> marcel.zehnder@lume.ch<\/a><\/p>\n            \n                          <p><a href=\"tel:+41786465866\"><span class=\"tel\"><\/span> +41 78 646 58 66<\/a><\/p>\n            \n                          <p><a href=\"https:\/\/www.linkedin.com\/in\/zehnder-marcel-256166bb\/\" target=\"_blank\" rel=\"nofollow noopener\"><span class=\"linkedin\"><\/span> Profil LinkedIn<\/a><\/p>\n                    <\/div>\n    <\/div>\n<\/div>\n\n  \n    <\/div>\n<\/div>\n<div  class=\"block block-teaser bg-weiss pt-gross pb-gross white-small\">\n  <div class=\"main-container\">\n    \n        <div class=\"teaser-row\">\n      \n                          <a class=\"teaser\" href=\"https:\/\/lume.ch\/leistungen-2\/#acc-1\" target=\"_self\">\n            \n              \n              \n              \n              <div class=\"inner\">\n                                                      <h2 class=\"d5\">Conseil pour des solutions individuelles<\/h2>\n                                  \n                                  <div class=\"teaser-inhalt\">La qualit\u00e9 sur mesure et selon vos besoins.<\/div>\n                              <\/div>\n\n                            <div class=\"teaser-cta transition\">Ing\u00e9nierie + construction<\/div>\n          <\/a>\n                  \n                        <a class=\"teaser\" href=\"https:\/\/lume.ch\/leistungen-2\/#acc-2\" target=\"_self\">\n            \n              \n              \n              \n              <div class=\"inner\">\n                                                      <h2 class=\"d5\">Un savoir-faire d&rsquo;\u00e9gal \u00e0 \u00e9gal<\/h2>\n                                  \n                                  <div class=\"teaser-inhalt\">Nous vous accompagnons de A \u00e0 Z. Du d\u00e9veloppement de la solution, de la planification, de la construction jusqu&rsquo;au montage sur place.<\/div>\n                              <\/div>\n\n                            <div class=\"teaser-cta transition\">Gestion de projet<\/div>\n          <\/a>\n                  \n                        <a class=\"teaser\" href=\"https:\/\/lume.ch\/leistungen-2\/#acc-10\" target=\"_self\">\n            \n              \n              \n              \n              <div class=\"inner\">\n                                                      <h2 class=\"d5\">Test, mesure + certification<\/h2>\n                                  \n                                  <div class=\"teaser-inhalt\">Nos produits sont fabriqu\u00e9s et purg\u00e9s selon les technologies et les normes les plus r\u00e9centes.<\/div>\n                              <\/div>\n\n                            <div class=\"teaser-cta transition\">  Gestion de la qualit\u00e9<\/div>\n          <\/a>\n                  \n              <\/div>\n  <\/div>\n<\/div>\n","protected":false},"excerpt":{"rendered":"","protected":false},"author":2,"featured_media":0,"parent":13940,"menu_order":0,"comment_status":"closed","ping_status":"closed","template":"tpl-front-page.php","meta":{"_acf_changed":false,"footnotes":""},"class_list":["post-13946","page","type-page","status-publish","hentry"],"acf":[],"_links":{"self":[{"href":"https:\/\/lume.ch\/fr\/wp-json\/wp\/v2\/pages\/13946","targetHints":{"allow":["GET"]}}],"collection":[{"href":"https:\/\/lume.ch\/fr\/wp-json\/wp\/v2\/pages"}],"about":[{"href":"https:\/\/lume.ch\/fr\/wp-json\/wp\/v2\/types\/page"}],"author":[{"embeddable":true,"href":"https:\/\/lume.ch\/fr\/wp-json\/wp\/v2\/users\/2"}],"replies":[{"embeddable":true,"href":"https:\/\/lume.ch\/fr\/wp-json\/wp\/v2\/comments?post=13946"}],"version-history":[{"count":1,"href":"https:\/\/lume.ch\/fr\/wp-json\/wp\/v2\/pages\/13946\/revisions"}],"predecessor-version":[{"id":13947,"href":"https:\/\/lume.ch\/fr\/wp-json\/wp\/v2\/pages\/13946\/revisions\/13947"}],"up":[{"embeddable":true,"href":"https:\/\/lume.ch\/fr\/wp-json\/wp\/v2\/pages\/13940"}],"wp:attachment":[{"href":"https:\/\/lume.ch\/fr\/wp-json\/wp\/v2\/media?parent=13946"}],"curies":[{"name":"wp","href":"https:\/\/api.w.org\/{rel}","templated":true}]}}