{"id":13944,"date":"2024-05-16T14:39:11","date_gmt":"2024-05-16T12:39:11","guid":{"rendered":"https:\/\/lume.ch\/?page_id=13944"},"modified":"2025-01-28T11:33:52","modified_gmt":"2025-01-28T10:33:52","slug":"construction-de-reservoirs","status":"publish","type":"page","link":"https:\/\/lume.ch\/fr\/construction-metallique-industrielle\/construction-de-reservoirs\/","title":{"rendered":"Construction de r\u00e9servoirs"},"content":{"rendered":"\n<div  class=\"block block-header  header-text\">\n\n            <div class=\"main-container container-padding-top pb-mittel has-breadcrumb\"> \n          \n            <div class=\"content-container\">\n            \n                                <div class=\"d5 color-anthrazit uebertitel\">Construction m\u00e9tallique industrielle<\/div>\n                \n                                <h1 class=\"d1 color-orange\">Construction de r\u00e9servoirs<\/h1>\n                 \n                                <div class=\"lead-font-size\"><p>Une construction de conteneurs flexible pour chaque secteur et chaque application<\/p>\n<\/div>\n                            <\/div>\n        <\/div>\n    <\/div>\n<div  class=\"block block-content bg-weiss pb-mittel\">\n    <div class=\"main-container\">\n        <div class=\"content-container\">\n\n            \n\n\n    <p><img decoding=\"async\" class=\"alignnone size-full wp-image-12232 lazyload\" data-src=\"https:\/\/lume.ch\/wp-content\/uploads\/2024\/05\/Stickstoffcontainer.png\" alt=\"\" width=\"446\" height=\"251\" data-srcset=\"https:\/\/lume.ch\/wp-content\/uploads\/2024\/05\/Stickstoffcontainer.png 446w, https:\/\/lume.ch\/wp-content\/uploads\/2024\/05\/Stickstoffcontainer-400x225.png 400w\" data-sizes=\"(max-width: 446px) 100vw, 446px\" src=\"data:image\/svg+xml;base64,PHN2ZyB3aWR0aD0iMSIgaGVpZ2h0PSIxIiB4bWxucz0iaHR0cDovL3d3dy53My5vcmcvMjAwMC9zdmciPjwvc3ZnPg==\" style=\"--smush-placeholder-width: 446px; --smush-placeholder-aspect-ratio: 446\/251;\" \/><\/p>\n<p><span style=\"font-weight: 400;\">Vous recherchez un partenaire fiable pour vos projets de construction de r\u00e9servoirs, qui comprenne vos besoins et vous propose des solutions personnalis\u00e9es ?<\/span><\/p>\n<p><span style=\"font-weight: 400;\">Chez L+M, nous sommes sp\u00e9cialis\u00e9s dans l&rsquo;aide aux clients de tous les secteurs pour leurs projets et la construction de leurs projets.<\/span><\/p>\n<p><span style=\"font-weight: 400;\">Nous nous concentrons sur l&rsquo;ing\u00e9nierie, la conception et la fabrication de conteneurs conform\u00e9ment aux normes et standards courants.<\/span><\/p>\n<p><span style=\"font-weight: 400;\">Lorsque l&rsquo;application l&rsquo;exige, les<\/span><span style=\"font-weight: 400;\">  R\u00e9servoirs des clarifications compl\u00e8tes selon la directive sur les \u00e9quipements sous pression 2014\/68\/UE pour confirmer nos normes de qualit\u00e9.<\/span><\/p>\n<p><span style=\"font-weight: 400;\">Ce qui nous distingue particuli\u00e8rement, c&rsquo;est notre approche intelligente et astucieuse des projets.<\/span><\/p>\n<p><span style=\"font-weight: 400;\">Nous utilisons divers mat\u00e9riaux et des techniques innovantes pour obtenir des r\u00e9sultats optimaux, des solutions standard aux solutions sp\u00e9ciales.<\/span><\/p>\n<p><span style=\"font-weight: 400;\">Outre les conteneurs, nous sommes \u00e9galement exp\u00e9riment\u00e9s dans la conception et la fabrication de cuves et de petits silos.<\/span><\/p>\n<p><span style=\"font-weight: 400;\">Notre \u00e9quipe exp\u00e9riment\u00e9e met son expertise et son engagement \u00e0 votre service pour mener \u00e0 bien votre projet de construction de cuves.<\/span><\/p>\n<p><span style=\"font-weight: 400;\">Nous sommes impatients de travailler avec vous !<\/span><\/p>\n\n    \n    \n\n        <\/div>\n    <\/div>\n<\/div>\n<div  class=\"block block-bild-slider bg-weiss pb-mittel\">\n    <div class=\"main-container pos-rel\">\n\n        <div class=\"swiper-gallery pos-rel\">\n        <div class=\"swiper-wrapper\">\n                        <div class=\"swiper-slide standard-link\">\n                <a href=\"https:\/\/lume.ch\/wp-content\/uploads\/2024\/05\/Druckbehaelter-2.jpg\" data-featherlight=\"image\">\n                     <img decoding=\"async\" data-src=\"https:\/\/lume.ch\/wp-content\/uploads\/2024\/05\/Druckbehaelter-2.jpg\" alt=\"\" src=\"data:image\/svg+xml;base64,PHN2ZyB3aWR0aD0iMSIgaGVpZ2h0PSIxIiB4bWxucz0iaHR0cDovL3d3dy53My5vcmcvMjAwMC9zdmciPjwvc3ZnPg==\" class=\"lazyload\" style=\"--smush-placeholder-width: 2048px; --smush-placeholder-aspect-ratio: 2048\/1152;\" \/>\n                <\/a>\n                <p class=\"wp-caption-text small-font-size\">Four de s\u00e9chage sous vide<\/p>\n            <\/div>\n                        <div class=\"swiper-slide standard-link\">\n                <a href=\"https:\/\/lume.ch\/wp-content\/uploads\/2024\/05\/Druckbehaelter-1.jpg\" data-featherlight=\"image\">\n                     <img decoding=\"async\" data-src=\"https:\/\/lume.ch\/wp-content\/uploads\/2024\/05\/Druckbehaelter-1.jpg\" alt=\"\" src=\"data:image\/svg+xml;base64,PHN2ZyB3aWR0aD0iMSIgaGVpZ2h0PSIxIiB4bWxucz0iaHR0cDovL3d3dy53My5vcmcvMjAwMC9zdmciPjwvc3ZnPg==\" class=\"lazyload\" style=\"--smush-placeholder-width: 3264px; --smush-placeholder-aspect-ratio: 3264\/2448;\" \/>\n                <\/a>\n                <p class=\"wp-caption-text small-font-size\">R\u00e9servoirs de stockage d&#039;azote \u00e0 long terme<\/p>\n            <\/div>\n                    <\/div>\n        <div class=\"swiper-pagination\"><\/div>\n    <\/div>\n    \n    <\/div>\n<\/div>\n<div  class=\"block block-personen bg-dunkelgrau pt-mittel pb-mittel\">\n    <div class=\"main-container\">\n\n        <h2 class=\"d3\">Vos contacts<\/h2>\n    \n    \n\n           \n            <p>Vous avez besoin d&rsquo;un conseil ou vous avez un projet ?<\/p>\n\n<div class=\"person mt-klein mb-50\">\n\n    <div class=\"person-bild\">\n                <div class=\"person-bild-inner\">\n            <img decoding=\"async\" width=\"890\" height=\"660\" data-src=\"https:\/\/lume.ch\/wp-content\/uploads\/2023\/09\/Staubli-Gregor5_DSC06531-890x660.jpg\" class=\"attachment-person size-person wp-post-image lazyload\" alt=\"LM AG Industriestahlbau Absauganlagen Gregor Staubli\" src=\"data:image\/svg+xml;base64,PHN2ZyB3aWR0aD0iMSIgaGVpZ2h0PSIxIiB4bWxucz0iaHR0cDovL3d3dy53My5vcmcvMjAwMC9zdmciPjwvc3ZnPg==\" style=\"--smush-placeholder-width: 890px; --smush-placeholder-aspect-ratio: 890\/660;\" \/>        <\/div>\n            <\/div>\n\n    <div class=\"person-inhalt\">\n                <h3 class=\"d4 color-orange\">Gregor Staubli<\/h3>\n                \n                  <p class=\"d6 mb-0 base-font-size\"><strong>Vente | Direction<\/strong><\/p>\n        \n                  <p>Directeur des ventes | Membre de la direction<\/p>\n        \n        <div class=\"links standard-link\">\n                          <p><a href=\"mailto:gregor.staubli@lume.ch\"><span class=\"mail\"><\/span> gregor.staubli@lume.ch<\/a><\/p>\n            \n                          <p><a href=\"tel:+41763631229\"><span class=\"tel\"><\/span> +41 76 363 12 29<\/a><\/p>\n            \n                          <p><a href=\"https:\/\/www.linkedin.com\/in\/gregor-staubli-12b17052\/\" target=\"_blank\" rel=\"nofollow noopener\"><span class=\"linkedin\"><\/span> Profil LinkedIn<\/a><\/p>\n                    <\/div>\n    <\/div>\n<\/div>\n\n  \n<div class=\"person mt-klein mb-50\">\n\n    <div class=\"person-bild\">\n                <div class=\"person-bild-inner\">\n            <img decoding=\"async\" width=\"890\" height=\"660\" data-src=\"https:\/\/lume.ch\/wp-content\/uploads\/2023\/11\/Zehnder-Marcel1_GL_231004_0853-890x660.jpg\" class=\"attachment-person size-person wp-post-image lazyload\" alt=\"LM AG Industriestahlbau Absauganlagen Fabian Glittmann Projektleiter\" src=\"data:image\/svg+xml;base64,PHN2ZyB3aWR0aD0iMSIgaGVpZ2h0PSIxIiB4bWxucz0iaHR0cDovL3d3dy53My5vcmcvMjAwMC9zdmciPjwvc3ZnPg==\" style=\"--smush-placeholder-width: 890px; --smush-placeholder-aspect-ratio: 890\/660;\" \/>        <\/div>\n            <\/div>\n\n    <div class=\"person-inhalt\">\n                <h3 class=\"d4 color-orange\">Marcel Zehnder<\/h3>\n                \n                  <p class=\"d6 mb-0 base-font-size\"><strong>Vente | Direction<\/strong><\/p>\n        \n                  <p>Projets sp\u00e9ciaux | CEO<\/p>\n        \n        <div class=\"links standard-link\">\n                          <p><a href=\"mailto:marcel.zehnder@lume.ch\"><span class=\"mail\"><\/span> marcel.zehnder@lume.ch<\/a><\/p>\n            \n                          <p><a href=\"tel:+41786465866\"><span class=\"tel\"><\/span> +41 78 646 58 66<\/a><\/p>\n            \n                          <p><a href=\"https:\/\/www.linkedin.com\/in\/zehnder-marcel-256166bb\/\" target=\"_blank\" rel=\"nofollow noopener\"><span class=\"linkedin\"><\/span> Profil LinkedIn<\/a><\/p>\n                    <\/div>\n    <\/div>\n<\/div>\n\n  \n    <\/div>\n<\/div>\n<div  class=\"block block-teaser bg-weiss pt-gross pb-gross white-small\">\n  <div class=\"main-container\">\n    \n        <div class=\"teaser-row\">\n      \n                          <a class=\"teaser\" href=\"https:\/\/lume.ch\/leistungen-2\/#acc-1\" target=\"_self\">\n            \n              \n              \n              \n              <div class=\"inner\">\n                                                      <h2 class=\"d5\">Conseil pour des solutions individuelles<\/h2>\n                                  \n                                  <div class=\"teaser-inhalt\">La qualit\u00e9 sur mesure et selon vos besoins.<\/div>\n                              <\/div>\n\n                            <div class=\"teaser-cta transition\">Ing\u00e9nierie + construction<\/div>\n          <\/a>\n                  \n                        <a class=\"teaser\" href=\"https:\/\/lume.ch\/leistungen-2\/#acc-2\" target=\"_self\">\n            \n              \n              \n              \n              <div class=\"inner\">\n                                                      <h2 class=\"d5\">Un savoir-faire d&rsquo;\u00e9gal \u00e0 \u00e9gal<\/h2>\n                                  \n                                  <div class=\"teaser-inhalt\">Nous vous accompagnons de A \u00e0 Z. Du d\u00e9veloppement de la solution, de la planification, de la construction jusqu&rsquo;au montage sur place.<\/div>\n                              <\/div>\n\n                            <div class=\"teaser-cta transition\">Gestion de projet<\/div>\n          <\/a>\n                  \n                        <a class=\"teaser\" href=\"https:\/\/lume.ch\/leistungen-2\/#acc-10\" target=\"_self\">\n            \n              \n              \n              \n              <div class=\"inner\">\n                                                      <h2 class=\"d5\">Test, mesure + certification<\/h2>\n                                  \n                                  <div class=\"teaser-inhalt\">Nos produits sont fabriqu\u00e9s et purg\u00e9s selon les technologies et les normes les plus r\u00e9centes.<\/div>\n                              <\/div>\n\n                            <div class=\"teaser-cta transition\">  Gestion de la qualit\u00e9<\/div>\n          <\/a>\n                  \n              <\/div>\n  <\/div>\n<\/div>\n","protected":false},"excerpt":{"rendered":"","protected":false},"author":2,"featured_media":0,"parent":13940,"menu_order":0,"comment_status":"closed","ping_status":"closed","template":"tpl-front-page.php","meta":{"_acf_changed":false,"footnotes":""},"class_list":["post-13944","page","type-page","status-publish","hentry"],"acf":[],"_links":{"self":[{"href":"https:\/\/lume.ch\/fr\/wp-json\/wp\/v2\/pages\/13944","targetHints":{"allow":["GET"]}}],"collection":[{"href":"https:\/\/lume.ch\/fr\/wp-json\/wp\/v2\/pages"}],"about":[{"href":"https:\/\/lume.ch\/fr\/wp-json\/wp\/v2\/types\/page"}],"author":[{"embeddable":true,"href":"https:\/\/lume.ch\/fr\/wp-json\/wp\/v2\/users\/2"}],"replies":[{"embeddable":true,"href":"https:\/\/lume.ch\/fr\/wp-json\/wp\/v2\/comments?post=13944"}],"version-history":[{"count":1,"href":"https:\/\/lume.ch\/fr\/wp-json\/wp\/v2\/pages\/13944\/revisions"}],"predecessor-version":[{"id":13945,"href":"https:\/\/lume.ch\/fr\/wp-json\/wp\/v2\/pages\/13944\/revisions\/13945"}],"up":[{"embeddable":true,"href":"https:\/\/lume.ch\/fr\/wp-json\/wp\/v2\/pages\/13940"}],"wp:attachment":[{"href":"https:\/\/lume.ch\/fr\/wp-json\/wp\/v2\/media?parent=13944"}],"curies":[{"name":"wp","href":"https:\/\/api.w.org\/{rel}","templated":true}]}}