{"id":13940,"date":"2023-11-01T09:08:56","date_gmt":"2023-11-01T08:08:56","guid":{"rendered":"https:\/\/lume.ch\/?page_id=13940"},"modified":"2026-04-12T15:00:20","modified_gmt":"2026-04-12T13:00:20","slug":"construction-metallique-industrielle","status":"publish","type":"page","link":"https:\/\/lume.ch\/fr\/construction-metallique-industrielle\/","title":{"rendered":"Construction m\u00e9tallique industrielle"},"content":{"rendered":"\n<div  class=\"block block-header pb-mittel header-bild\">\n\n        <div class=\"image\">\n        <img decoding=\"async\" width=\"2880\" height=\"1560\" data-src=\"https:\/\/lume.ch\/wp-content\/uploads\/2023\/11\/231106-LM-Industriestahlbau-Web.jpg\" class=\"attachment-header size-header lazyload\" alt=\"Key Visual-Industrial Steel Construction\" data-srcset=\"https:\/\/lume.ch\/wp-content\/uploads\/2023\/11\/231106-LM-Industriestahlbau-Web.jpg 2880w, https:\/\/lume.ch\/wp-content\/uploads\/2023\/11\/231106-LM-Industriestahlbau-Web-400x217.jpg 400w\" data-sizes=\"(max-width: 2880px) 100vw, 2880px\" src=\"data:image\/svg+xml;base64,PHN2ZyB3aWR0aD0iMSIgaGVpZ2h0PSIxIiB4bWxucz0iaHR0cDovL3d3dy53My5vcmcvMjAwMC9zdmciPjwvc3ZnPg==\" style=\"--smush-placeholder-width: 2880px; --smush-placeholder-aspect-ratio: 2880\/1560;\" \/>\n        <div class=\"intro-element\">\n            <div class=\"main-container\">\n                <div class=\"inner\">\n                    <h1 class=\"d1 color-orange\">Construction m\u00e9tallique industrielle<\/h1>\n\n                                        <div class=\"lead-font-size\"><p>Des constructions sp\u00e9ciales pour r\u00e9pondre \u00e0 vos besoins en mati\u00e8re de construction m\u00e9tallique.Nous proposons des concepts sur mesure et vous accompagnons avec comp\u00e9tence de la conception et de la planification \u00e0 la fabrication et au montage.<\/p>\n<\/div>\n                                    <\/div>\n            <\/div>\n        <\/div>\n    <\/div>\n        \n    <\/div>\n\n\n<div  class=\"block block-teaser bg-weiss pb-gross\">\n    <div class=\"main-container\">\n        \n        \n                <div class=\"columns-3-grid\">\n                    <a class=\"btn btn-big btn-outline btn-arrow\" href=\"https:\/\/lume.ch\/fr\/solutions\/construction-metallique-industrielle\/plateformes-dinstallations-escaliers-de-machines-amenagements-industriels\/\" target=\"_blank\">\n                <div class=\"inner\">\n                                        <span class=\"btn-titel\">Plateformes d&rsquo;installations, escaliers de machines, \u00e9quipements industriels<\/span>\n                                                            <span class=\"btn-inhalt small-font-size\">Escaliers et paliers sur mesure pour un am\u00e9nagement optimal de l&rsquo;espace                                    <\/div>\n            <\/a> \n                    <a class=\"btn btn-big btn-outline btn-arrow\" href=\"https:\/\/lume.ch\/fr\/solutions\/construction-metallique-industrielle\/construction-de-reservoirs\/\" target=\"_blank\">\n                <div class=\"inner\">\n                                        <span class=\"btn-titel\">Construction de r\u00e9servoirs<\/span>\n                                                            <span class=\"btn-inhalt small-font-size\">Gardez-le pour vous &#8211; nous construisons le reste !                                    <\/div>\n            <\/a> \n                    <a class=\"btn btn-big btn-outline btn-arrow\" href=\"https:\/\/lume.ch\/fr\/solutions\/construction-metallique-industrielle\/conformite-ce-et-tests-de-charge\/\" target=\"_blank\">\n                <div class=\"inner\">\n                                        <span class=\"btn-titel\">Conformit\u00e9 CE et tests de charge<\/span>\n                                                            <span class=\"btn-inhalt small-font-size\">La s\u00e9curit\u00e9 en un clin d&rsquo;\u0153il !                                    <\/div>\n            <\/a> \n                    <a class=\"btn btn-big btn-outline btn-arrow\" href=\"https:\/\/lume.ch\/fr\/solutions\/construction-metallique-industrielle\/chassis-et-cadres-de-vehicules\/\" target=\"_blank\">\n                <div class=\"inner\">\n                                        <span class=\"btn-titel\">Ch\u00e2ssis et cadres de v\u00e9hicules<\/span>\n                                                            <span class=\"btn-inhalt small-font-size\">Pr\u00e9cis et de haute qualit\u00e9                                    <\/div>\n            <\/a> \n                    <a class=\"btn btn-big btn-outline btn-arrow\" href=\"https:\/\/lume.ch\/fr\/solutions\/construction-metallique-industrielle\/moyens-de-levage-et-racks-de-transport-pour-charges-lourdes\/\" target=\"_blank\">\n                <div class=\"inner\">\n                                        <span class=\"btn-titel\">Moyens de levage et racks de transport pour charges lourdes<\/span>\n                                                            <span class=\"btn-inhalt small-font-size\">Pour une manipulation sans effort                                    <\/div>\n            <\/a> \n                    <a class=\"btn btn-big btn-outline btn-arrow\" href=\"https:\/\/lume.ch\/fr\/solutions\/construction-metallique-industrielle\/soudage-de-roues-et-de-ventilateurs\/\" target=\"_blank\">\n                <div class=\"inner\">\n                                        <span class=\"btn-titel\">Soudage de roues et de ventilateurs<\/span>\n                                                            <span class=\"btn-inhalt small-font-size\">Nous proposons une technique de soudage certifi\u00e9e                                    <\/div>\n            <\/a> \n                    <a class=\"btn btn-big btn-outline btn-arrow\" href=\"https:\/\/lume.ch\/fr\/solutions\/construction-metallique-industrielle\/bati-de-machine-et-boitier\/\" target=\"_blank\">\n                <div class=\"inner\">\n                                        <span class=\"btn-titel\">B\u00e2ti de machine et bo\u00eetier<\/span>\n                                                            <span class=\"btn-inhalt small-font-size\">Cadres et bo\u00eetiers sur mesure                                    <\/div>\n            <\/a> \n                    <a class=\"btn btn-big btn-outline btn-arrow\" href=\"https:\/\/lume.ch\/fr\/solutions\/construction-metallique-industrielle\/filtre-metallique\/\" target=\"_blank\">\n                <div class=\"inner\">\n                                        <span class=\"btn-titel\">Filtre m\u00e9tallique<\/span>\n                                                            <span class=\"btn-inhalt small-font-size\">Filtre m\u00e9tallique \u00e0 haut pouvoir de s\u00e9paration                                    <\/div>\n            <\/a> \n                    <a class=\"btn btn-big btn-outline btn-arrow\" href=\"https:\/\/lume.ch\/fr\/solutions\/construction-metallique-industrielle\/construction-modulaire-ventilation-industrielle\/\" target=\"_blank\">\n                <div class=\"inner\">\n                                        <span class=\"btn-titel\">Construction modulaire + ventilation industrielle<\/span>\n                                                            <span class=\"btn-inhalt small-font-size\">Sp\u00e9cialistes de la construction modulaire et de la ventilation industrielle personnalis\u00e9e                                    <\/div>\n            <\/a> \n                    <a class=\"btn btn-big btn-outline btn-arrow\" href=\"https:\/\/lume.ch\/fr\/solutions\/construction-metallique-industrielle\/machines-speciales-et-materiel-dexploitation\/\" target=\"_blank\">\n                <div class=\"inner\">\n                                        <span class=\"btn-titel\">Machines sp\u00e9ciales et mat\u00e9riel d&rsquo;exploitation<\/span>\n                                                            <span class=\"btn-inhalt small-font-size\">Construction professionnelle de machines sp\u00e9ciales et d&rsquo;outils d&rsquo;exploitation s\u00fbrs                                    <\/div>\n            <\/a> \n                    <a class=\"btn btn-big btn-outline btn-arrow\" href=\"https:\/\/lume.ch\/fr\/solutions\/construction-metallique-industrielle\/composants-en-acier\/\" target=\"_blank\">\n                <div class=\"inner\">\n                                        <span class=\"btn-titel\">Composants en acier<\/span>\n                                                            <span class=\"btn-inhalt small-font-size\">Nous fabriquons des composants en acier dans de nombreuses variantes                                    <\/div>\n            <\/a> \n                <\/div>\n        \n            <\/div>\n<\/div>\n\n\n<div  class=\"block block-teaser bg-weiss pb-mittel orange-medium\">\n  <div class=\"main-container\">\n    \n        <div class=\"teaser-row\">\n      \n                          <a class=\"teaser\" href=\"https:\/\/lume.ch\/fr\/references-en-matiere-de-construction-metallique-industrielle\/\" target=\"_self\">\n            \n              \n                              <div class=\"uebertitel\">R\u00e9f\u00e9rences<\/div>\n              \n              \n              <div class=\"inner\">\n                                                      <h2 class=\"d5\">Construction m\u00e9tallique industrielle<\/h2>\n                                  \n                              <\/div>\n\n                            <div class=\"teaser-cta transition\">R\u00e9f\u00e9rences en mati\u00e8re de construction m\u00e9tallique industrielle<\/div>\n          <\/a>\n                  \n                        <a class=\"teaser\" href=\"https:\/\/lume.ch\/fr\/prestations\/#ingenierie-construction\" target=\"_self\">\n            \n              \n                              <div class=\"uebertitel\">Des solutions intelligentes<\/div>\n              \n              \n              <div class=\"inner\">\n                                                      <h2 class=\"d5\">Installations d&rsquo;aspiration<\/h2>\n                                  \n                                  <div class=\"teaser-inhalt\">Syst\u00e8mes d&rsquo;aspiration et de filtration pour un air propre dans l&rsquo;industrie<\/div>\n                              <\/div>\n\n                            <div class=\"teaser-cta transition\">Installations d&#039;aspiration<\/div>\n          <\/a>\n                  \n              <\/div>\n  <\/div>\n<\/div>\n\n\n\n<div  class=\"block block-teaser bg-hellgrau pt-gross pb-gross bild-text\">\n  <div class=\"main-container\">\n    \n        <div class=\"teaser-row\">\n      \n                          <a class=\"teaser\" href=\"https:\/\/lume.ch\/fr\/prestations\/#ingenierie-construction\" target=\"_self\">\n            \n              <div class=\"bild\"><img decoding=\"async\" width=\"1110\" height=\"420\" data-src=\"https:\/\/lume.ch\/wp-content\/uploads\/2023\/11\/Engineering-Konstruktion-1110x420.jpg\" class=\"attachment-teaser-big size-teaser-big lazyload\" alt=\"L+M AG Industriestahlbau Absauganlagen Engineering Konstruktion\" src=\"data:image\/svg+xml;base64,PHN2ZyB3aWR0aD0iMSIgaGVpZ2h0PSIxIiB4bWxucz0iaHR0cDovL3d3dy53My5vcmcvMjAwMC9zdmciPjwvc3ZnPg==\" style=\"--smush-placeholder-width: 1110px; --smush-placeholder-aspect-ratio: 1110\/420;\" \/><span class=\"overlay\"><\/span><\/div>\n                              <div class=\"uebertitel\">Ing\u00e9nierie + construction<\/div>\n              \n              \n              <div class=\"inner\">\n                                                      <h2 class=\"d5\">Conseil pour des solutions individuelles<\/h2>\n                                  \n                                  <div class=\"teaser-inhalt\">La qualit\u00e9 sur mesure et selon vos besoins.<\/div>\n                              <\/div>\n\n                            <div class=\"teaser-cta transition\">Ing\u00e9nierie + construction<\/div>\n          <\/a>\n                  \n                        <a class=\"teaser\" href=\"https:\/\/lume.ch\/fr\/prestations\/#gestion-de-projet\" target=\"_self\">\n            \n              <div class=\"bild\"><img decoding=\"async\" width=\"1110\" height=\"420\" data-src=\"https:\/\/lume.ch\/wp-content\/uploads\/2023\/11\/Projektmanagement-1110x420.jpg\" class=\"attachment-teaser-big size-teaser-big lazyload\" alt=\"L+M AG Industriestahlbau Absauganlagen\" src=\"data:image\/svg+xml;base64,PHN2ZyB3aWR0aD0iMSIgaGVpZ2h0PSIxIiB4bWxucz0iaHR0cDovL3d3dy53My5vcmcvMjAwMC9zdmciPjwvc3ZnPg==\" style=\"--smush-placeholder-width: 1110px; --smush-placeholder-aspect-ratio: 1110\/420;\" \/><span class=\"overlay\"><\/span><\/div>\n                              <div class=\"uebertitel\">Gestion de projet<\/div>\n              \n              \n              <div class=\"inner\">\n                                                      <h2 class=\"d5\">Un savoir-faire d&rsquo;\u00e9gal \u00e0 \u00e9gal<\/h2>\n                                  \n                                  <div class=\"teaser-inhalt\">Nous vous accompagnons de A \u00e0 Z. Du d\u00e9veloppement de la solution, de la planification, de la construction jusqu&rsquo;au montage sur place.<\/div>\n                              <\/div>\n\n                            <div class=\"teaser-cta transition\">Gestion de projet<\/div>\n          <\/a>\n                  \n                        <a class=\"teaser\" href=\"https:\/\/lume.ch\/fr\/prestations\/#gestion-de-la-qualite\" target=\"_self\">\n            \n              <div class=\"bild\"><img decoding=\"async\" width=\"500\" height=\"354\" data-src=\"https:\/\/lume.ch\/wp-content\/uploads\/2023\/11\/ISO-9001-Zertifizierung.jpg\" class=\"attachment-teaser-big size-teaser-big lazyload\" alt=\"L+M AG Fakten Historie ISO 9001 Zertifizierung\" data-srcset=\"https:\/\/lume.ch\/wp-content\/uploads\/2023\/11\/ISO-9001-Zertifizierung.jpg 500w, https:\/\/lume.ch\/wp-content\/uploads\/2023\/11\/ISO-9001-Zertifizierung-400x283.jpg 400w\" data-sizes=\"(max-width: 500px) 100vw, 500px\" src=\"data:image\/svg+xml;base64,PHN2ZyB3aWR0aD0iMSIgaGVpZ2h0PSIxIiB4bWxucz0iaHR0cDovL3d3dy53My5vcmcvMjAwMC9zdmciPjwvc3ZnPg==\" style=\"--smush-placeholder-width: 500px; --smush-placeholder-aspect-ratio: 500\/354;\" \/><span class=\"overlay\"><\/span><\/div>\n                              <div class=\"uebertitel\">Assurance qualit\u00e9<\/div>\n              \n              \n              <div class=\"inner\">\n                                                      <h2 class=\"d5\">Test, mesure + certification<\/h2>\n                                  \n                                  <div class=\"teaser-inhalt\">Nos produits sont fabriqu\u00e9s et test\u00e9s selon les technologies et les normes les plus r\u00e9centes.<\/div>\n                              <\/div>\n\n                            <div class=\"teaser-cta transition\">Gestion de la qualit\u00e9<\/div>\n          <\/a>\n                  \n              <\/div>\n  <\/div>\n<\/div>\n","protected":false},"excerpt":{"rendered":"","protected":false},"author":1,"featured_media":0,"parent":0,"menu_order":0,"comment_status":"closed","ping_status":"closed","template":"tpl-front-page.php","meta":{"_acf_changed":false,"footnotes":""},"class_list":["post-13940","page","type-page","status-publish","hentry"],"acf":[],"_links":{"self":[{"href":"https:\/\/lume.ch\/fr\/wp-json\/wp\/v2\/pages\/13940","targetHints":{"allow":["GET"]}}],"collection":[{"href":"https:\/\/lume.ch\/fr\/wp-json\/wp\/v2\/pages"}],"about":[{"href":"https:\/\/lume.ch\/fr\/wp-json\/wp\/v2\/types\/page"}],"author":[{"embeddable":true,"href":"https:\/\/lume.ch\/fr\/wp-json\/wp\/v2\/users\/1"}],"replies":[{"embeddable":true,"href":"https:\/\/lume.ch\/fr\/wp-json\/wp\/v2\/comments?post=13940"}],"version-history":[{"count":28,"href":"https:\/\/lume.ch\/fr\/wp-json\/wp\/v2\/pages\/13940\/revisions"}],"predecessor-version":[{"id":17432,"href":"https:\/\/lume.ch\/fr\/wp-json\/wp\/v2\/pages\/13940\/revisions\/17432"}],"wp:attachment":[{"href":"https:\/\/lume.ch\/fr\/wp-json\/wp\/v2\/media?parent=13940"}],"curies":[{"name":"wp","href":"https:\/\/api.w.org\/{rel}","templated":true}]}}