{"id":13916,"date":"2023-11-10T09:57:44","date_gmt":"2023-11-10T08:57:44","guid":{"rendered":"https:\/\/lume.ch\/?page_id=13916"},"modified":"2024-08-22T11:48:07","modified_gmt":"2024-08-22T09:48:07","slug":"gti-filter","status":"publish","type":"page","link":"https:\/\/lume.ch\/fr\/installations-daspiration\/separateur-de-brouillard-dhuile-et-demulsion\/gti-filter\/","title":{"rendered":"GTI FILTER"},"content":{"rendered":"\n<div  class=\"block block-header  header-text\">\n\n            <div class=\"main-container container-padding-top pb-mittel has-breadcrumb\"> \n          \n            <div class=\"content-container\">\n            \n                                <div class=\"d5 color-anthrazit uebertitel\">S\u00e9parateur de brouillard d&rsquo;huile et d&rsquo;\u00e9mulsion<\/div>\n                \n                                <h1 class=\"d1 color-orange\">Filtre GTI<\/h1>\n                 \n                                <div class=\"lead-font-size\"><p>Appareils de filtration d&rsquo;air pour la s\u00e9paration des brouillards d&rsquo;huile et d&rsquo;\u00e9mulsion<\/p>\n<\/div>\n                            <\/div>\n        <\/div>\n    <\/div>\n<div  class=\"block block-content bg-weiss pb-mittel\">\n    <div class=\"main-container\">\n        <div class=\"content-container\">\n\n            \n\n\n        <p><span style=\"font-weight: 400;\">Les filtres GTI sont utilis\u00e9s pour prot\u00e9ger les employ\u00e9s contre les substances nocives telles que les gaz, les vapeurs, les brouillards et les fum\u00e9es qui apparaissent dans diff\u00e9rents processus de fabrication.<br \/>\nCela concerne des domaines tels que l&rsquo;usinage, le formage, le meulage et le traitement thermique, dans lesquels la s\u00e9curit\u00e9 des travailleurs doit \u00eatre garantie. <\/span><\/p>\n    \n    <div class=\"columns-2-count\">\n        <div class=\"column\">\n            <p><img decoding=\"async\" class=\"alignnone size-medium wp-image-5326 lazyload\" data-src=\"https:\/\/lume.ch\/wp-content\/uploads\/2023\/11\/GTI-Filter-Light-400x400.png\" alt=\"Appareil de filtration d'air GT pour une l\u00e9g\u00e8re pollution de l'air par l'huile, les \u00e9mulsions et le liquide de refroidissement en g\u00e9n\u00e9ral\" width=\"400\" height=\"400\" src=\"data:image\/svg+xml;base64,PHN2ZyB3aWR0aD0iMSIgaGVpZ2h0PSIxIiB4bWxucz0iaHR0cDovL3d3dy53My5vcmcvMjAwMC9zdmciPjwvc3ZnPg==\" style=\"--smush-placeholder-width: 400px; --smush-placeholder-aspect-ratio: 400\/400;\"><\/p>\n<p><b>Charge l\u00e9g\u00e8re (taille des particules de 1 \u00e0 10 \u03bcm)<\/b><\/p>\n<p><span style=\"font-weight: 400;\">Il s&rsquo;agit de particules liquides et solides en a\u00e9rosol qui deviennent visibles par dispersion.<br \/>\nCe ph\u00e9nom\u00e8ne se produit lorsque des fluides de coupe sont utilis\u00e9s, que ce soit sous forme d&rsquo;huile pure ou d&rsquo;\u00e9mulsions.<br \/>\nIl se manifeste particuli\u00e8rement lorsque les vitesses d&rsquo;usinage sont mod\u00e9r\u00e9es et que la pression du liquide de coupe est faible.  <\/span><\/p>\n\n                    <\/div>\n\n        <div class=\"column\">\n            <p><img decoding=\"async\" class=\"alignnone size-medium wp-image-5327 lazyload\" data-src=\"https:\/\/lume.ch\/wp-content\/uploads\/2023\/11\/GTI-Filter-Heavy-400x400.png\" alt=\"Appareil de filtration d'air GT pour une pollution s\u00e9v\u00e8re de l'air par l'huile, les \u00e9mulsions et le liquide de refroidissement en g\u00e9n\u00e9ral\" width=\"400\" height=\"400\" data-srcset=\"https:\/\/lume.ch\/wp-content\/uploads\/2023\/11\/GTI-Filter-Heavy-400x400.png 400w, https:\/\/lume.ch\/wp-content\/uploads\/2023\/11\/GTI-Filter-Heavy-150x150.png 150w, https:\/\/lume.ch\/wp-content\/uploads\/2023\/11\/GTI-Filter-Heavy.png 960w\" data-sizes=\"(max-width: 400px) 100vw, 400px\" src=\"data:image\/svg+xml;base64,PHN2ZyB3aWR0aD0iMSIgaGVpZ2h0PSIxIiB4bWxucz0iaHR0cDovL3d3dy53My5vcmcvMjAwMC9zdmciPjwvc3ZnPg==\" style=\"--smush-placeholder-width: 400px; --smush-placeholder-aspect-ratio: 400\/400;\" \/><\/p>\n<p><b>Charge lourde (taille des particules de 0,01 \u00e0 10 \u03bcm)<\/b><\/p>\n<p><span style=\"font-weight: 400;\">Les particules liquides et solides dans les a\u00e9rosols sont visibles par dispersion, en particulier lorsque les r\u00e9frig\u00e9rants lubrifiants sont utilis\u00e9s sous forme d&rsquo;huile pure ou d&rsquo;\u00e9mulsions.<br \/>\nCela se produit davantage lorsque les vitesses de coupe sont \u00e9lev\u00e9es et\/ou que la pression du liquide de refroidissement est \u00e9lev\u00e9e. <\/span><\/p>\n\n                            <div class=\"button-group\">\n                                   <a class=\"btn btn-outline btn-ext\" href=\"https:\/\/www.gti-globtec.com\/gt-heavy-luftfilter\/\" target=\"_blank\" rel=\"nofollow noopener\">Filtre GTI Heavy<\/a>\n                                <\/div>\n                    <\/div>\n    <\/div>\n    \n\n        <\/div>\n    <\/div>\n<\/div>\n\n<div  class=\"block block-accordion bg-hellgrau pt-gross pb-gross\">\n    <div class=\"main-container\">\n\n        <div class=\"content-container\">\n                            <h2 class=\"d3 pb-15\">Autres versions<\/h2>\n            \n                    <\/div>\n\n    <\/div>\n\n                <div class=\"accordion big\">\n                            <div id=\"acc-1\" class=\"accordion-item\">\n                  \n                    <div class=\"accordion-toggle\">\n                        <h2 class=\"d5 mb-0 accordion-titel\">S\u00e9rie TBH OEN<\/h2>\n                    <\/div>\n                    \n                                        <div class=\"accordion-content\">\n                        <div class=\"accordion-content-inner\">\n                                          \n                                                        <div class=\"lead-font-size pb-mittel content-container\">\n                                Pour l&rsquo;aspiration de brouillards d&rsquo;huile et d&rsquo;\u00e9mulsion dans le traitement des m\u00e9taux ou sur les bandes industrielles                            <\/div>\n                            \n                            \n                            \n\n                            \n\n                            \n\n                            \n\n                            \n                            \n                                          \n                            \n                                                        <div class=\"pb-mittel content-container\">\n                                \n\n\n        <p><span style=\"font-weight: 400;\">Les unit\u00e9s de filtration de la s\u00e9rie OEN sont id\u00e9ales pour l&rsquo;extraction des brouillards d&rsquo;huile et d&rsquo;\u00e9mulsion.<br \/>\nIls extraient et filtrent les particules nocives pr\u00e9sentes dans l&rsquo;air, par exemple dans le traitement des m\u00e9taux ou les bains industriels.<br \/>\nUn tamis mol\u00e9culaire \u00e9limine les substances gazeuses, tandis qu&rsquo;un filtre H13 permet de r\u00e9utiliser l&rsquo;air en toute s\u00e9curit\u00e9.<br \/>\nLa s\u00e9rie OEN offre une solution fiable pour l&rsquo;extraction des brouillards d&rsquo;huile et d&rsquo;\u00e9mulsion.   <\/span><\/p>\n<p><img decoding=\"async\" class=\"alignnone size-medium wp-image-5324 lazyload\" data-src=\"https:\/\/lume.ch\/wp-content\/uploads\/2023\/11\/TBH-OEN-Serie-384x400.png\" alt=\"S\u00e9rie TBH OEN pour l'aspiration des brouillards d'\u00e9mulsion\" width=\"384\" height=\"400\" data-srcset=\"https:\/\/lume.ch\/wp-content\/uploads\/2023\/11\/TBH-OEN-Serie-384x400.png 384w, https:\/\/lume.ch\/wp-content\/uploads\/2023\/11\/TBH-OEN-Serie.png 580w\" data-sizes=\"(max-width: 384px) 100vw, 384px\" src=\"data:image\/svg+xml;base64,PHN2ZyB3aWR0aD0iMSIgaGVpZ2h0PSIxIiB4bWxucz0iaHR0cDovL3d3dy53My5vcmcvMjAwMC9zdmciPjwvc3ZnPg==\" style=\"--smush-placeholder-width: 384px; --smush-placeholder-aspect-ratio: 384\/400;\" \/><\/p>\n    \n    <div class=\"columns-2-count\">\n        <div class=\"column\">\n            <p><b>Valeurs ajout\u00e9es de la s\u00e9rie TBH OEN<\/b><\/p>\n<ul>\n<li style=\"font-weight: 400;\" aria-level=\"1\"><span style=\"font-weight: 400;\">Diff\u00e9rentes configurations de filtres possibles<\/span><\/li>\n<li style=\"font-weight: 400;\" aria-level=\"1\"><span style=\"font-weight: 400;\">Remplacement facile du filtre<\/span><\/li>\n<li style=\"font-weight: 400;\" aria-level=\"1\"><span style=\"font-weight: 400;\">Robinet de vidange pour l&rsquo;huile et l&rsquo;\u00e9mulsion s\u00e9par\u00e9es<\/span><\/li>\n<li style=\"font-weight: 400;\" aria-level=\"1\"><span style=\"font-weight: 400;\">Une \u00e9lectronique puissante<\/span><\/li>\n<\/ul>\n\n                    <\/div>\n\n        <div class=\"column\">\n            <p><b>Vos avantages<\/b><\/p>\n<ul>\n<li style=\"font-weight: 400;\" aria-level=\"1\"><span style=\"font-weight: 400;\">Con\u00e7u pour votre application<\/span><\/li>\n<li style=\"font-weight: 400;\" aria-level=\"1\"><span style=\"font-weight: 400;\">Gain de temps et d&rsquo;argent<\/span><\/li>\n<li style=\"font-weight: 400;\" aria-level=\"1\"><span style=\"font-weight: 400;\">Maintenance pratique<\/span><\/li>\n<li style=\"font-weight: 400;\" aria-level=\"1\"><span style=\"font-weight: 400;\">Efficacit\u00e9 accrue<\/span><\/li>\n<\/ul>\n\n                    <\/div>\n    <\/div>\n    \n                            <\/div>\n                            \n                            \n\n                            \n\n                            \n\n                            \n\n                            \n                            \n                                          \n                            \n                            \n                                                                                            <div class=\"pb-mittel content-container\">\n                                    <a class=\"btn btn-outline btn-arrow\" href=\"https:\/\/www.tbh.eu\/produkte\/patronenfilter-anlagen\/oen-serie\/#modelle\" target=\"_blank\" rel=\"nofollow noopener\">S\u00e9rie TBH OEN<\/a>\n                                <\/div>\n                                                            \n\n                            \n\n                            \n\n                            \n\n                            \n                            \n                                                <\/div>\n                    <\/div>\n                    \n                    <span class=\"accordion-icon accordion-toggle\"><span class=\"icon-up\"><\/span><span class=\"icon-down\"><\/span><\/span>\n                <\/div>\n\n                    <\/div>\n            <!-- <\/div> -->\n<\/div>","protected":false},"excerpt":{"rendered":"","protected":false},"author":5,"featured_media":0,"parent":13914,"menu_order":0,"comment_status":"closed","ping_status":"closed","template":"tpl-front-page.php","meta":{"_acf_changed":false,"footnotes":""},"class_list":["post-13916","page","type-page","status-publish","hentry"],"acf":[],"_links":{"self":[{"href":"https:\/\/lume.ch\/fr\/wp-json\/wp\/v2\/pages\/13916","targetHints":{"allow":["GET"]}}],"collection":[{"href":"https:\/\/lume.ch\/fr\/wp-json\/wp\/v2\/pages"}],"about":[{"href":"https:\/\/lume.ch\/fr\/wp-json\/wp\/v2\/types\/page"}],"author":[{"embeddable":true,"href":"https:\/\/lume.ch\/fr\/wp-json\/wp\/v2\/users\/5"}],"replies":[{"embeddable":true,"href":"https:\/\/lume.ch\/fr\/wp-json\/wp\/v2\/comments?post=13916"}],"version-history":[{"count":1,"href":"https:\/\/lume.ch\/fr\/wp-json\/wp\/v2\/pages\/13916\/revisions"}],"predecessor-version":[{"id":13917,"href":"https:\/\/lume.ch\/fr\/wp-json\/wp\/v2\/pages\/13916\/revisions\/13917"}],"up":[{"embeddable":true,"href":"https:\/\/lume.ch\/fr\/wp-json\/wp\/v2\/pages\/13914"}],"wp:attachment":[{"href":"https:\/\/lume.ch\/fr\/wp-json\/wp\/v2\/media?parent=13916"}],"curies":[{"name":"wp","href":"https:\/\/api.w.org\/{rel}","templated":true}]}}