{"id":13912,"date":"2023-11-22T15:33:43","date_gmt":"2023-11-22T14:33:43","guid":{"rendered":"https:\/\/lume.ch\/?page_id=13912"},"modified":"2024-08-22T11:37:29","modified_gmt":"2024-08-22T09:37:29","slug":"tbh-health-basic","status":"publish","type":"page","link":"https:\/\/lume.ch\/fr\/installations-daspiration\/appareils-daspiration-mobiles\/tbh-health-basic\/","title":{"rendered":"TBH Health Basic"},"content":{"rendered":"\n<div  class=\"block block-header  header-text\">\n\n            <div class=\"main-container container-padding-top pb-mittel has-breadcrumb\"> \n          \n            <div class=\"content-container\">\n            \n                                <div class=\"d5 color-anthrazit uebertitel\">Appareils d&rsquo;aspiration mobiles<\/div>\n                \n                                <h1 class=\"d1 color-orange\">TBH Health Basic<\/h1>\n                 \n                                <div class=\"lead-font-size\"><p>Les aspirateurs mobiles de la marque TBH de type Health Basic, Health Pro et Health Pro Silence avec filtre InLine sont con\u00e7us pour une utilisation continue dans les cabinets m\u00e9dicaux et les salles d&rsquo;op\u00e9ration. Le filtre HEPA combin\u00e9 \u00e0 2 niveaux aspire de mani\u00e8re fiable les virus, les bact\u00e9ries et les particules de peau.<\/p>\n<\/div>\n                            <\/div>\n        <\/div>\n    <\/div>\n<div  class=\"block block-content bg-weiss pb-mittel\">\n    <div class=\"main-container\">\n        <div class=\"content-container\">\n\n            \n\n\n        <p>Le mod\u00e8le TBH Health Basic est un mod\u00e8le de base compact \u00e0 un prix d&rsquo;entr\u00e9e de gamme attractif.<br \/>\nLe filtre InLine capture directement la plupart des particules en suspension dans l&rsquo;air, ce qui les emp\u00eache d&rsquo;atteindre le bras d&rsquo;aspiration et les filtres du syst\u00e8me d&rsquo;aspiration.<br \/>\nCela permet de prolonger la dur\u00e9e de vie de ces filtres principaux dans le syst\u00e8me d&rsquo;aspiration.    <div id=\"attachment_10364\" style=\"width: 410px\" class=\"wp-caption alignnone\"><img decoding=\"async\" aria-describedby=\"caption-attachment-10364\" class=\"size-medium wp-image-6884 lazyload\" data-src=\"https:\/\/lume.ch\/wp-content\/uploads\/2023\/11\/TBH_Health_Basic-400x400.png\" alt=\"\" width=\"400\" height=\"400\" data-srcset=\"https:\/\/lume.ch\/wp-content\/uploads\/2023\/11\/TBH_Health_Basic-400x400.png 400w, https:\/\/lume.ch\/wp-content\/uploads\/2023\/11\/TBH_Health_Basic-150x150.png 150w, https:\/\/lume.ch\/wp-content\/uploads\/2023\/11\/TBH_Health_Basic.png 500w\" data-sizes=\"(max-width: 400px) 100vw, 400px\" src=\"data:image\/svg+xml;base64,PHN2ZyB3aWR0aD0iMSIgaGVpZ2h0PSIxIiB4bWxucz0iaHR0cDovL3d3dy53My5vcmcvMjAwMC9zdmciPjwvc3ZnPg==\" style=\"--smush-placeholder-width: 400px; --smush-placeholder-aspect-ratio: 400\/400;\" \/><p id=\"caption-attachment-10364\" class=\"wp-caption-text\">TBH Health Basic<\/p><\/div><\/p>\n    \n    <div class=\"columns-2-count\">\n        <div class=\"column\">\n            \n                    <\/div>\n\n        <div class=\"column\">\n            \n                    <\/div>\n    <\/div>\n    \n\n        <\/div>\n    <\/div>\n<\/div>\n\n<div  class=\"block block-accordion bg-hellgrau pt-gross pb-gross\">\n    <div class=\"main-container\">\n\n        <div class=\"content-container\">\n                            <h2 class=\"d3 pb-15\">Autres versions<\/h2>\n            \n                    <\/div>\n\n    <\/div>\n\n                <div class=\"accordion big\">\n                            <div id=\"acc-1\" class=\"accordion-item\">\n                  \n                    <div class=\"accordion-toggle\">\n                        <h2 class=\"d5 mb-0 accordion-titel\">Aspirateurs mobiles TBH Health Pro<\/h2>\n                    <\/div>\n                    \n                                        <div class=\"accordion-content\">\n                        <div class=\"accordion-content-inner\">\n                                          \n                                                        <div class=\"lead-font-size pb-mittel content-container\">\n                                L&rsquo;aspirateur mobile TBH Health Pro est un mod\u00e8le compact \u00e9quip\u00e9 d&rsquo;un moteur sans balai.\nL&rsquo;appareil convient pour &gt;1 heure de fonctionnement par jour et est \u00e9quip\u00e9 du filtre brevet\u00e9 InLine.                             <\/div>\n                            \n                            \n                            \n\n                            \n\n                            \n\n                            \n\n                            \n                            \n                                          \n                            \n                                                        <div class=\"pb-mittel content-container\">\n                                \n\n\n        <div id=\"attachment_10365\" style=\"width: 410px\" class=\"wp-caption alignnone\"><img decoding=\"async\" aria-describedby=\"caption-attachment-10365\" class=\"size-medium wp-image-6885 lazyload\" data-src=\"https:\/\/lume.ch\/wp-content\/uploads\/2023\/11\/TBH_Health_Basic-Pro-400x400.png\" alt=\"\" width=\"400\" height=\"400\" data-srcset=\"https:\/\/lume.ch\/wp-content\/uploads\/2023\/11\/TBH_Health_Basic-Pro-400x400.png 400w, https:\/\/lume.ch\/wp-content\/uploads\/2023\/11\/TBH_Health_Basic-Pro-150x150.png 150w, https:\/\/lume.ch\/wp-content\/uploads\/2023\/11\/TBH_Health_Basic-Pro.png 500w\" data-sizes=\"(max-width: 400px) 100vw, 400px\" src=\"data:image\/svg+xml;base64,PHN2ZyB3aWR0aD0iMSIgaGVpZ2h0PSIxIiB4bWxucz0iaHR0cDovL3d3dy53My5vcmcvMjAwMC9zdmciPjwvc3ZnPg==\" style=\"--smush-placeholder-width: 400px; --smush-placeholder-aspect-ratio: 400\/400;\" \/><p id=\"caption-attachment-10365\" class=\"wp-caption-text\">TBH Health Pro<\/p><\/div>\n    \n    <div class=\"columns-2-count\">\n        <div class=\"column\">\n            \n                    <\/div>\n\n        <div class=\"column\">\n            \n                    <\/div>\n    <\/div>\n    \n                            <\/div>\n                            \n                            \n\n                            \n\n                            \n\n                            \n\n                            \n                            \n                                          \n                            \n                            \n                                                                                            <div class=\"pb-mittel content-container\">\n                                    <a class=\"btn btn-outline btn-arrow\" href=\"https:\/\/www.tbh.eu\/produkt\/tbh-health-pro\/\" target=\"_blank\" rel=\"nofollow noopener\">Aspirateurs mobiles TBH Health Pro<\/a>\n                                <\/div>\n                                                            \n\n                            \n\n                            \n\n                            \n\n                            \n                            \n                                                <\/div>\n                    <\/div>\n                    \n                    <span class=\"accordion-icon accordion-toggle\"><span class=\"icon-up\"><\/span><span class=\"icon-down\"><\/span><\/span>\n                <\/div>\n\n                            <div id=\"acc-2\" class=\"accordion-item\">\n                  \n                    <div class=\"accordion-toggle\">\n                        <h2 class=\"d5 mb-0 accordion-titel\">Aspirateurs mobiles TBH Health Pro Silence<\/h2>\n                    <\/div>\n                    \n                                        <div class=\"accordion-content\">\n                        <div class=\"accordion-content-inner\">\n                                          \n                                                        <div class=\"lead-font-size pb-mittel content-container\">\n                                L&rsquo;unit\u00e9 d&rsquo;aspiration mobile TBH Health Pro avec filtre InLine est con\u00e7ue pour une utilisation continue dans les salles d&rsquo;op\u00e9ration telles que les cabinets m\u00e9dicaux et esth\u00e9tiques.\nIl fonctionne de mani\u00e8re extr\u00eamement silencieuse, ce qui le rend agr\u00e9able \u00e0 utiliser.\nIl offre un plus grand volume d&rsquo;air, une plus grande surface de filtration et une plus grande puissance que la s\u00e9rie TBH Health Pro.                              <\/div>\n                            \n                            \n                            \n\n                            \n\n                            \n\n                            \n\n                            \n                            \n                                          \n                            \n                                                        <div class=\"pb-mittel content-container\">\n                                \n\n\n    <div id=\"attachment_10369\" style=\"width: 410px\" class=\"wp-caption alignnone\"><img decoding=\"async\" aria-describedby=\"caption-attachment-10369\" class=\"size-medium wp-image-6886 lazyload\" data-src=\"https:\/\/lume.ch\/wp-content\/uploads\/2023\/11\/TBH_Health_Pro_Silence-400x400.png\" alt=\"\" width=\"400\" height=\"400\" data-srcset=\"https:\/\/lume.ch\/wp-content\/uploads\/2023\/11\/TBH_Health_Pro_Silence-400x400.png 400w, https:\/\/lume.ch\/wp-content\/uploads\/2023\/11\/TBH_Health_Pro_Silence-150x150.png 150w, https:\/\/lume.ch\/wp-content\/uploads\/2023\/11\/TBH_Health_Pro_Silence.png 500w\" data-sizes=\"(max-width: 400px) 100vw, 400px\" src=\"data:image\/svg+xml;base64,PHN2ZyB3aWR0aD0iMSIgaGVpZ2h0PSIxIiB4bWxucz0iaHR0cDovL3d3dy53My5vcmcvMjAwMC9zdmciPjwvc3ZnPg==\" style=\"--smush-placeholder-width: 400px; --smush-placeholder-aspect-ratio: 400\/400;\" \/><p id=\"caption-attachment-10369\" class=\"wp-caption-text\">TBH Health Pro Silence<\/p><\/div>\n\n    \n    \n                            <\/div>\n                            \n                            \n\n                            \n\n                            \n\n                            \n\n                            \n                            \n                                          \n                            \n                            \n                                                                                            <div class=\"pb-mittel content-container\">\n                                    <a class=\"btn btn-outline btn-arrow\" href=\"https:\/\/www.tbh.eu\/produkt\/tbh-health-pro-silence\/\" target=\"_blank\" rel=\"nofollow noopener\">Aspirateur de mucosit\u00e9s mobile Health Pro Silence<\/a>\n                                <\/div>\n                                                            \n\n                            \n\n                            \n\n                            \n\n                            \n                            \n                                                <\/div>\n                    <\/div>\n                    \n                    <span class=\"accordion-icon accordion-toggle\"><span class=\"icon-up\"><\/span><span class=\"icon-down\"><\/span><\/span>\n                <\/div>\n\n                    <\/div>\n            <!-- <\/div> -->\n<\/div>","protected":false},"excerpt":{"rendered":"","protected":false},"author":2,"featured_media":0,"parent":13906,"menu_order":0,"comment_status":"closed","ping_status":"closed","template":"tpl-front-page.php","meta":{"_acf_changed":false,"footnotes":""},"class_list":["post-13912","page","type-page","status-publish","hentry"],"acf":[],"_links":{"self":[{"href":"https:\/\/lume.ch\/fr\/wp-json\/wp\/v2\/pages\/13912","targetHints":{"allow":["GET"]}}],"collection":[{"href":"https:\/\/lume.ch\/fr\/wp-json\/wp\/v2\/pages"}],"about":[{"href":"https:\/\/lume.ch\/fr\/wp-json\/wp\/v2\/types\/page"}],"author":[{"embeddable":true,"href":"https:\/\/lume.ch\/fr\/wp-json\/wp\/v2\/users\/2"}],"replies":[{"embeddable":true,"href":"https:\/\/lume.ch\/fr\/wp-json\/wp\/v2\/comments?post=13912"}],"version-history":[{"count":1,"href":"https:\/\/lume.ch\/fr\/wp-json\/wp\/v2\/pages\/13912\/revisions"}],"predecessor-version":[{"id":13913,"href":"https:\/\/lume.ch\/fr\/wp-json\/wp\/v2\/pages\/13912\/revisions\/13913"}],"up":[{"embeddable":true,"href":"https:\/\/lume.ch\/fr\/wp-json\/wp\/v2\/pages\/13906"}],"wp:attachment":[{"href":"https:\/\/lume.ch\/fr\/wp-json\/wp\/v2\/media?parent=13912"}],"curies":[{"name":"wp","href":"https:\/\/api.w.org\/{rel}","templated":true}]}}