{"id":13908,"date":"2023-11-15T07:17:22","date_gmt":"2023-11-15T06:17:22","guid":{"rendered":"https:\/\/lume.ch\/?page_id=13908"},"modified":"2024-08-22T11:36:35","modified_gmt":"2024-08-22T09:36:35","slug":"filtre-a-cartouche-900-m3-h","status":"publish","type":"page","link":"https:\/\/lume.ch\/fr\/installations-daspiration\/appareils-daspiration-mobiles\/filtre-a-cartouche-900-m3-h\/","title":{"rendered":"Filtre \u00e0 cartouche &lt;900 m3\/h"},"content":{"rendered":"\n<div  class=\"block block-header  header-text\">\n\n            <div class=\"main-container container-padding-top pb-mittel has-breadcrumb\"> \n          \n            <div class=\"content-container\">\n            \n                                <div class=\"d5 color-anthrazit uebertitel\">Appareils d&rsquo;aspiration mobiles<\/div>\n                \n                                <h1 class=\"d1 color-orange\">Filtre \u00e0 cartouche &lt; 900 m3\/h<\/h1>\n                 \n                                <div class=\"lead-font-size\"><p>Les installations \u00e0 cartouches filtrantes sont utilis\u00e9es pour aspirer de grandes quantit\u00e9s de poussi\u00e8re.<br \/>\nContrairement aux filtres \u00e0 saturation, il est possible d&rsquo;appliquer sur les cartouches filtrantes une couche de protection contenant une poudre dite Precoat.<br \/>\nLes particules nocives se d\u00e9posent sur la couche de precoat et sont \u00e9limin\u00e9es de la cartouche filtrante par des coups d&rsquo;air comprim\u00e9, ce qui augmente sa dur\u00e9e de vie.    <\/p>\n<\/div>\n                            <\/div>\n        <\/div>\n    <\/div>\n<div  class=\"block block-content bg-weiss pb-mittel\">\n    <div class=\"main-container\">\n        <div class=\"content-container\">\n\n            \n\n\n        <p>La dur\u00e9e de vie des <a href=\"https:\/\/lume.ch\/absauganlagen-filteranlagen\/ersatzteile-und-zubehoer\/filterelemente\/filterpatronen\/\">cartouches filtrantes<\/a> peut \u00eatre prolong\u00e9e par l&rsquo;application d&rsquo;une couche de protection en poudre (precoat) sur la cartouche.<br \/>\nLes cartouches filtrantes sont nettoy\u00e9es \u00e0 intervalles r\u00e9guliers par de l&rsquo;air comprim\u00e9. <\/p>\n    \n    <div class=\"columns-2-count\">\n        <div class=\"column\">\n            <h4 class=\"fusion-responsive-typography-calculated\" data-fontsize=\"18\" data-lineheight=\"27px\">Filtre \u00e0 cartouche TBH FP 150<\/h4>\n<p class=\"fusion-responsive-typography-calculated\" data-fontsize=\"18\" data-lineheight=\"27px\">Le filtre \u00e0 cartouche TBH FP 150 convient \u00e0 l&rsquo;aspiration de poussi\u00e8res s\u00e8ches g\u00e9n\u00e9r\u00e9es par exemple par le fraisage, le per\u00e7age, le meulage ou l&rsquo;usinage au laser de mat\u00e9riaux non lubrifi\u00e9s et non collants.<\/p>\n<p><img decoding=\"async\" class=\"wp-image-5431 aligncenter lazyload\" data-src=\"https:\/\/lume.ch\/wp-content\/uploads\/2023\/11\/TBH-Patronenfilter-FP150-e1699971820765.webp\" alt=\"\" width=\"258\" height=\"430\" src=\"data:image\/svg+xml;base64,PHN2ZyB3aWR0aD0iMSIgaGVpZ2h0PSIxIiB4bWxucz0iaHR0cDovL3d3dy53My5vcmcvMjAwMC9zdmciPjwvc3ZnPg==\" style=\"--smush-placeholder-width: 258px; --smush-placeholder-aspect-ratio: 258\/430;\"><\/p>\n<ul>\n<li data-fontsize=\"18\" data-lineheight=\"27px\">Modulaire &amp; flexible<\/li>\n<li>Nettoyage automatique des cartouches filtrantes<\/li>\n<li>Haut pouvoir d&rsquo;adsorption gr\u00e2ce au filtre \u00e0 charbon actif (en option)<\/li>\n<\/ul>\n\n                    <\/div>\n\n        <div class=\"column\">\n            <h4 data-fontsize=\"18\" data-lineheight=\"27px\">Filtre \u00e0 cartouche TBH FP ATEX<\/h4>\n<p>  Le filtre \u00e0 cartouche TBH FP ATEX pour l&rsquo;aspiration de poussi\u00e8res combustibles provenant de processus tels que l&rsquo;usinage laser, l&rsquo;usinage m\u00e9canique comme le meulage, l&rsquo;\u00e9bavurage, le fraisage, le per\u00e7age, les op\u00e9rations de transvasement, les op\u00e9rations d&#8217;emballage, les processus d&rsquo;alimentation et de transport.  <img decoding=\"async\" class=\"aligncenter wp-image-5430 size-medium lazyload\" data-src=\"https:\/\/lume.ch\/wp-content\/uploads\/2023\/11\/TBH-Patronenfilter-FP150-ATEX-e1699971392427-204x400.webp\" alt=\"\" width=\"204\" height=\"400\" data-srcset=\"https:\/\/lume.ch\/wp-content\/uploads\/2023\/11\/TBH-Patronenfilter-FP150-ATEX-e1699971392427-204x400.webp 204w, https:\/\/lume.ch\/wp-content\/uploads\/2023\/11\/TBH-Patronenfilter-FP150-ATEX-e1699971392427.webp 260w\" data-sizes=\"(max-width: 204px) 100vw, 204px\" src=\"data:image\/svg+xml;base64,PHN2ZyB3aWR0aD0iMSIgaGVpZ2h0PSIxIiB4bWxucz0iaHR0cDovL3d3dy53My5vcmcvMjAwMC9zdmciPjwvc3ZnPg==\" style=\"--smush-placeholder-width: 204px; --smush-placeholder-aspect-ratio: 204\/400;\" \/><\/p>\n<ul>\n<li>Contr\u00f4le permanent de l&rsquo;installation via l&rsquo;\u00e9cran<\/li>\n<li>\u00c9limination des poussi\u00e8res \u00e0 faible contamination<\/li>\n<li>L&rsquo;appareil FP 150 ATEX est conforme \u00e0 la directive ATEX (marquage EX II 2\/- Dc IIIC T100\u00b0C pour l&rsquo;utilisation dans l&rsquo;aspiration de la zone 21)<\/li>\n<\/ul>\n\n                    <\/div>\n    <\/div>\n    \n\n        <\/div>\n    <\/div>\n<\/div>\n\n<div  class=\"block block-accordion bg-hellgrau pt-gross pb-gross\">\n    <div class=\"main-container\">\n\n        <div class=\"content-container\">\n                            <h2 class=\"d3 pb-15\">Autres versions<\/h2>\n            \n                    <\/div>\n\n    <\/div>\n\n                <div class=\"accordion big\">\n                            <div id=\"acc-1\" class=\"accordion-item\">\n                  \n                    <div class=\"accordion-toggle\">\n                        <h2 class=\"d5 mb-0 accordion-titel\">Filtre \u00e0 saturation &lt;1&rsquo;500 m3\/h<\/h2>\n                    <\/div>\n                    \n                                        <div class=\"accordion-content\">\n                        <div class=\"accordion-content-inner\">\n                                          \n                                                        <div class=\"lead-font-size pb-mittel content-container\">\n                                Les filtres \u00e0 saturation des s\u00e9ries GL et LN sont adapt\u00e9s \u00e0 l&rsquo;aspiration de poussi\u00e8res collantes et humides, de fum\u00e9es de laser et de brasage, de solvants et de vapeurs de colle.                              <\/div>\n                            \n                            \n                            \n\n                            \n\n                            \n\n                            \n\n                            \n                            \n                                          \n                            \n                                                        <div class=\"pb-mittel content-container\">\n                                \n\n\n    <p>L&rsquo;air contenant des polluants est capt\u00e9 par le dispositif de d\u00e9tection (hotte, tuyau) et est ensuite dirig\u00e9 vers l&rsquo;appareil de filtration au moyen d&rsquo;une conduite, d&rsquo;un tuyau flexible ou d&rsquo;un bras d&rsquo;aspiration.<br \/>\nIci, les particules polluantes sont filtr\u00e9es dans les diff\u00e9rents syst\u00e8mes de filtration en fonction de leur classe de filtration.<br \/>\nDans les appareils de filtration \u00e9quip\u00e9s d&rsquo;un filtre \u00e0 charbon actif, les polluants gazeux sont \u00e9galement \u00e9limin\u00e9s.<br \/>\nEnfin, l&rsquo;air purifi\u00e9 est soit renvoy\u00e9 dans l&rsquo;espace de travail, soit, selon l&rsquo;application, \u00e9vacu\u00e9 \u00e0 l&rsquo;ext\u00e9rieur par une conduite d&rsquo;\u00e9vacuation.     <img decoding=\"async\" class=\"aligncenter size-medium wp-image-5422 lazyload\" data-src=\"https:\/\/lume.ch\/wp-content\/uploads\/2023\/11\/TBH-Saettigungsfilteranlage-400x250.webp\" alt=\"\" width=\"400\" height=\"250\" data-srcset=\"https:\/\/lume.ch\/wp-content\/uploads\/2023\/11\/TBH-Saettigungsfilteranlage-400x250.webp 400w, https:\/\/lume.ch\/wp-content\/uploads\/2023\/11\/TBH-Saettigungsfilteranlage.webp 600w\" data-sizes=\"(max-width: 400px) 100vw, 400px\" src=\"data:image\/svg+xml;base64,PHN2ZyB3aWR0aD0iMSIgaGVpZ2h0PSIxIiB4bWxucz0iaHR0cDovL3d3dy53My5vcmcvMjAwMC9zdmciPjwvc3ZnPg==\" style=\"--smush-placeholder-width: 400px; --smush-placeholder-aspect-ratio: 400\/250;\" \/><\/p>\n\n    \n    \n                            <\/div>\n                            \n                            \n\n                            \n\n                            \n\n                            \n\n                            \n                            \n                                          \n                            \n                            \n                                                                                            <div class=\"pb-mittel content-container\">\n                                    <a class=\"btn btn-outline btn-arrow\" href=\"https:\/\/www.tbh.eu\/produkte\/saettigungsfilter-anlagen\/\" target=\"_blank\" rel=\"nofollow noopener\">Filtre \u00e0 saturation TBH<\/a>\n                                <\/div>\n                                                            \n\n                            \n\n                            \n\n                            \n\n                            \n                            \n                                                <\/div>\n                    <\/div>\n                    \n                    <span class=\"accordion-icon accordion-toggle\"><span class=\"icon-up\"><\/span><span class=\"icon-down\"><\/span><\/span>\n                <\/div>\n\n                    <\/div>\n            <!-- <\/div> -->\n<\/div>\n<div  class=\"block block-personen bg-dunkelgrau pt-mittel pb-mittel\">\n    <div class=\"main-container\">\n\n        <h2 class=\"d3\">Vos contacts<\/h2>\n    \n    \n\n           \n            <p>Vous avez besoin d&rsquo;un conseil ou vous avez un projet ?<\/p>\n\n<div class=\"person mt-klein mb-50\">\n\n    <div class=\"person-bild\">\n                <div class=\"person-bild-inner\">\n            <img decoding=\"async\" width=\"890\" height=\"660\" data-src=\"https:\/\/lume.ch\/wp-content\/uploads\/2023\/11\/Schweri-Astrid1_Kundendienst_231004_1358-890x660.jpg\" class=\"attachment-person size-person wp-post-image lazyload\" alt=\"LM AG Industriestahlbau Absauganlagen Marcel Zehnder Gregor Staubli Gesch\u00e4ftsleitung\" src=\"data:image\/svg+xml;base64,PHN2ZyB3aWR0aD0iMSIgaGVpZ2h0PSIxIiB4bWxucz0iaHR0cDovL3d3dy53My5vcmcvMjAwMC9zdmciPjwvc3ZnPg==\" style=\"--smush-placeholder-width: 890px; --smush-placeholder-aspect-ratio: 890\/660;\" \/>        <\/div>\n            <\/div>\n\n    <div class=\"person-inhalt\">\n                <h3 class=\"d4 color-orange\">Astrid Schweri<\/h3>\n                \n                  <p class=\"d6 mb-0 base-font-size\"><strong>Apr\u00e8s-vente<\/strong><\/p>\n        \n        \n        <div class=\"links standard-link\">\n                          <p><a href=\"mailto:astrid.schweri@lume.ch\"><span class=\"mail\"><\/span> astrid.schweri@lume.ch<\/a><\/p>\n            \n                          <p><a href=\"tel:+41565520836\"><span class=\"tel\"><\/span> +41 56 552 08 36<\/a><\/p>\n            \n                          <p><a href=\"https:\/\/www.linkedin.com\/in\/astrid-schweri-482432222\/\" target=\"_blank\" rel=\"nofollow noopener\"><span class=\"linkedin\"><\/span> Profil LinkedIn<\/a><\/p>\n                    <\/div>\n    <\/div>\n<\/div>\n\n  \n    <\/div>\n<\/div>","protected":false},"excerpt":{"rendered":"","protected":false},"author":5,"featured_media":0,"parent":13906,"menu_order":0,"comment_status":"closed","ping_status":"closed","template":"tpl-front-page.php","meta":{"_acf_changed":false,"footnotes":""},"class_list":["post-13908","page","type-page","status-publish","hentry"],"acf":[],"_links":{"self":[{"href":"https:\/\/lume.ch\/fr\/wp-json\/wp\/v2\/pages\/13908","targetHints":{"allow":["GET"]}}],"collection":[{"href":"https:\/\/lume.ch\/fr\/wp-json\/wp\/v2\/pages"}],"about":[{"href":"https:\/\/lume.ch\/fr\/wp-json\/wp\/v2\/types\/page"}],"author":[{"embeddable":true,"href":"https:\/\/lume.ch\/fr\/wp-json\/wp\/v2\/users\/5"}],"replies":[{"embeddable":true,"href":"https:\/\/lume.ch\/fr\/wp-json\/wp\/v2\/comments?post=13908"}],"version-history":[{"count":1,"href":"https:\/\/lume.ch\/fr\/wp-json\/wp\/v2\/pages\/13908\/revisions"}],"predecessor-version":[{"id":13909,"href":"https:\/\/lume.ch\/fr\/wp-json\/wp\/v2\/pages\/13908\/revisions\/13909"}],"up":[{"embeddable":true,"href":"https:\/\/lume.ch\/fr\/wp-json\/wp\/v2\/pages\/13906"}],"wp:attachment":[{"href":"https:\/\/lume.ch\/fr\/wp-json\/wp\/v2\/media?parent=13908"}],"curies":[{"name":"wp","href":"https:\/\/api.w.org\/{rel}","templated":true}]}}