{"id":13906,"date":"2023-11-13T12:59:44","date_gmt":"2023-11-13T11:59:44","guid":{"rendered":"https:\/\/lume.ch\/?page_id=13906"},"modified":"2026-04-12T10:40:20","modified_gmt":"2026-04-12T08:40:20","slug":"appareils-daspiration-mobiles","status":"publish","type":"page","link":"https:\/\/lume.ch\/fr\/installations-daspiration\/appareils-daspiration-mobiles\/","title":{"rendered":"Appareils d&rsquo;aspiration mobiles"},"content":{"rendered":"\n<div  class=\"block block-header pb-mittel header-text\">\n\n            <div class=\"main-container container-padding-top pb-mittel has-breadcrumb\"> \n          \n            <div class=\"content-container\">\n            \n                \n                                <h1 class=\"d1 color-orange\">L&rsquo;aspiration sur le lieu de travail avec des aspirateurs mobiles<\/h1>\n                 \n                                <div class=\"lead-font-size\"><p>Les aspirateurs mobiles sont mobiles dans leur utilisation, car ils peuvent \u00eatre install\u00e9s rapidement et confortablement \u00e0 l&rsquo;endroit souhait\u00e9 gr\u00e2ce \u00e0 des roulettes. Ils sont donc parfaitement adapt\u00e9s \u00e0 l&rsquo;aspiration sur le lieu de travail.<br \/>\nCes appareils d&rsquo;aspiration compacts sont utilis\u00e9s avec succ\u00e8s dans les secteurs les plus divers et peuvent bien entendu \u00eatre utilis\u00e9s \u00e0 tout moment en stationnaire si n\u00e9cessaire.<\/p>\n<\/div>\n                            <\/div>\n        <\/div>\n    <\/div>\n<div  class=\"block block-teaser bg-hellgrau pt-gross pb-mittel produkt\">\n  <div class=\"main-container\">\n          <div class=\"content-container\">\n                  <h2 class=\"d3\">Des solutions adapt\u00e9es<\/h2>\n        \n              <\/div>\n    \n        <div class=\"swiper-mobile\">\n            <div class=\"teaser-row swiper-wrapper\">\n        \n                        <div class=\"swiper-slide\">\n                    <a class=\"teaser\" href=\"https:\/\/www.tbh.eu\/produkte\/medizin-aesthetik-anlagen\/\" target=\"_blank\" rel=\"nofollow noopener\">\n            \n              <div class=\"bild\"><img decoding=\"async\" width=\"400\" height=\"400\" data-src=\"https:\/\/lume.ch\/wp-content\/uploads\/2023\/11\/TBH_Health_Basic-Pro-400x400.png\" class=\"attachment-medium size-medium lazyload\" alt=\"TBH Health Pro\" data-srcset=\"https:\/\/lume.ch\/wp-content\/uploads\/2023\/11\/TBH_Health_Basic-Pro-400x400.png 400w, https:\/\/lume.ch\/wp-content\/uploads\/2023\/11\/TBH_Health_Basic-Pro-150x150.png 150w, https:\/\/lume.ch\/wp-content\/uploads\/2023\/11\/TBH_Health_Basic-Pro.png 500w\" data-sizes=\"(max-width: 400px) 100vw, 400px\" src=\"data:image\/svg+xml;base64,PHN2ZyB3aWR0aD0iMSIgaGVpZ2h0PSIxIiB4bWxucz0iaHR0cDovL3d3dy53My5vcmcvMjAwMC9zdmciPjwvc3ZnPg==\" style=\"--smush-placeholder-width: 400px; --smush-placeholder-aspect-ratio: 400\/400;\" \/><span class=\"overlay\"><\/span><\/div>\n              \n                              <div class=\"kategorie\">Appareils d&rsquo;aspiration mobiles<\/div>\n              \n              <div class=\"inner\">\n                                                      <h3 class=\"d5\">M\u00e9dical<br \/>\r\nAppareils d&rsquo;aspiration<\/h3>\n                                  \n                                  <div class=\"teaser-inhalt\">Sans particules de peau ni fum\u00e9e de laser dans le secteur m\u00e9dical et esth\u00e9tique.<\/div>\n                              <\/div>\n\n                            <div class=\"teaser-cta transition\"><\/div>\n          <\/a>\n                        <\/div>\n      \n                      <div class=\"swiper-slide\">\n                    <a class=\"teaser\" href=\"https:\/\/lume.ch\/fr\/installations-daspiration\/appareils-daspiration-mobiles\/filtre-a-cartouche-900-m3-h\/\" target=\"_self\">\n            \n              <div class=\"bild\"><img decoding=\"async\" width=\"400\" height=\"250\" data-src=\"https:\/\/lume.ch\/wp-content\/uploads\/2023\/11\/TBH-Patronenfilteranlage-400x250.webp\" class=\"attachment-medium size-medium lazyload\" alt=\"TBH Patronenfilteranlage\" data-srcset=\"https:\/\/lume.ch\/wp-content\/uploads\/2023\/11\/TBH-Patronenfilteranlage-400x250.webp 400w, https:\/\/lume.ch\/wp-content\/uploads\/2023\/11\/TBH-Patronenfilteranlage.webp 600w\" data-sizes=\"(max-width: 400px) 100vw, 400px\" src=\"data:image\/svg+xml;base64,PHN2ZyB3aWR0aD0iMSIgaGVpZ2h0PSIxIiB4bWxucz0iaHR0cDovL3d3dy53My5vcmcvMjAwMC9zdmciPjwvc3ZnPg==\" style=\"--smush-placeholder-width: 400px; --smush-placeholder-aspect-ratio: 400\/250;\" \/><span class=\"overlay\"><\/span><\/div>\n              \n                              <div class=\"kategorie\">Appareils d&rsquo;aspiration mobiles<\/div>\n              \n              <div class=\"inner\">\n                                                      <h3 class=\"d5\">Filtre \u00e0 cartouche &lt;900 m3\/h<\/h3>\n                                  \n                                  <div class=\"teaser-inhalt\">Les filtres \u00e0 cartouche sont utilis\u00e9s pour aspirer de grandes quantit\u00e9s de poussi\u00e8re.<\/div>\n                              <\/div>\n\n                            <div class=\"teaser-cta transition\"><\/div>\n          <\/a>\n                        <\/div>\n      \n                      <div class=\"swiper-slide\">\n                    <a class=\"teaser\" href=\"https:\/\/lume.ch\/fr\/installations-daspiration\/appareils-daspiration-mobiles\/filtre-a-saturation-1500-m3-h\/\" target=\"_self\">\n            \n              <div class=\"bild\"><img decoding=\"async\" width=\"400\" height=\"250\" data-src=\"https:\/\/lume.ch\/wp-content\/uploads\/2023\/11\/TBH-Saettigungsfilteranlage-400x250.webp\" class=\"attachment-medium size-medium lazyload\" alt=\"TBH S\u00e4ttigungsfilteranlage\" data-srcset=\"https:\/\/lume.ch\/wp-content\/uploads\/2023\/11\/TBH-Saettigungsfilteranlage-400x250.webp 400w, https:\/\/lume.ch\/wp-content\/uploads\/2023\/11\/TBH-Saettigungsfilteranlage.webp 600w\" data-sizes=\"(max-width: 400px) 100vw, 400px\" src=\"data:image\/svg+xml;base64,PHN2ZyB3aWR0aD0iMSIgaGVpZ2h0PSIxIiB4bWxucz0iaHR0cDovL3d3dy53My5vcmcvMjAwMC9zdmciPjwvc3ZnPg==\" style=\"--smush-placeholder-width: 400px; --smush-placeholder-aspect-ratio: 400\/250;\" \/><span class=\"overlay\"><\/span><\/div>\n              \n                              <div class=\"kategorie\">Appareils d&rsquo;aspiration mobiles<\/div>\n              \n              <div class=\"inner\">\n                                                      <h3 class=\"d5\">Filtre \u00e0 saturation<br \/>\r\n&lt;1&rsquo;500 m3\/h<\/h3>\n                                  \n                                  <div class=\"teaser-inhalt\">Pour l&rsquo;aspiration de poussi\u00e8res collantes et humides.<\/div>\n                              <\/div>\n\n                            <div class=\"teaser-cta transition\"><\/div>\n          <\/a>\n                        <\/div>\n      \n                      <div class=\"swiper-slide\">\n                    <a class=\"teaser\" href=\"https:\/\/gramcleanair.com\/de\/produkte\/mobile-einheiten\/filteranlagen\" target=\"_blank\" rel=\"nofollow noopener\">\n            \n              <div class=\"bild\"><img decoding=\"async\" width=\"327\" height=\"400\" data-src=\"https:\/\/lume.ch\/wp-content\/uploads\/2024\/07\/Filteranlage-SFPT-und-W3-Pruefung-327x400.png\" class=\"attachment-medium size-medium lazyload\" alt=\"\" data-srcset=\"https:\/\/lume.ch\/wp-content\/uploads\/2024\/07\/Filteranlage-SFPT-und-W3-Pruefung-327x400.png 327w, https:\/\/lume.ch\/wp-content\/uploads\/2024\/07\/Filteranlage-SFPT-und-W3-Pruefung.png 900w\" data-sizes=\"(max-width: 327px) 100vw, 327px\" src=\"data:image\/svg+xml;base64,PHN2ZyB3aWR0aD0iMSIgaGVpZ2h0PSIxIiB4bWxucz0iaHR0cDovL3d3dy53My5vcmcvMjAwMC9zdmciPjwvc3ZnPg==\" style=\"--smush-placeholder-width: 327px; --smush-placeholder-aspect-ratio: 327\/400;\" \/><span class=\"overlay\"><\/span><\/div>\n              \n                              <div class=\"kategorie\">Appareils d&rsquo;aspiration mobiles<\/div>\n              \n              <div class=\"inner\">\n                                                      <h3 class=\"d5\">Syst\u00e8me de filtration SFPT\/W3 pour les fum\u00e9es de soudure<\/h3>\n                                  \n                                  <div class=\"teaser-inhalt\">SFPT1\/W3 est une unit\u00e9 de filtration des fum\u00e9es de soudure efficace. Test\u00e9 selon la classe internationale de fum\u00e9e de soudure W3. <\/div>\n                              <\/div>\n\n                            <div class=\"teaser-cta transition\"><\/div>\n          <\/a>\n                        <\/div>\n      \n                      <div class=\"swiper-slide\">\n                    <a class=\"teaser\" href=\"https:\/\/www.tbh.eu\/produkte\/saettigungsfilter-anlagen\/tfs-serie\/\" target=\"_blank\" rel=\"nofollow noopener\">\n            \n              <div class=\"bild\"><img decoding=\"async\" width=\"384\" height=\"400\" data-src=\"https:\/\/lume.ch\/wp-content\/uploads\/2023\/11\/TBH-TFS-Serie-384x400.png\" class=\"attachment-medium size-medium lazyload\" alt=\"TBH TFS Laserrauchabsaugung\" data-srcset=\"https:\/\/lume.ch\/wp-content\/uploads\/2023\/11\/TBH-TFS-Serie-384x400.png 384w, https:\/\/lume.ch\/wp-content\/uploads\/2023\/11\/TBH-TFS-Serie.png 580w\" data-sizes=\"(max-width: 384px) 100vw, 384px\" src=\"data:image\/svg+xml;base64,PHN2ZyB3aWR0aD0iMSIgaGVpZ2h0PSIxIiB4bWxucz0iaHR0cDovL3d3dy53My5vcmcvMjAwMC9zdmciPjwvc3ZnPg==\" style=\"--smush-placeholder-width: 384px; --smush-placeholder-aspect-ratio: 384\/400;\" \/><span class=\"overlay\"><\/span><\/div>\n              \n                              <div class=\"kategorie\">Appareils d&rsquo;aspiration mobiles<\/div>\n              \n              <div class=\"inner\">\n                                                      <h3 class=\"d5\">TFS Syst\u00e8me d&rsquo;extraction de fum\u00e9e laser<\/h3>\n                                  \n                                  <div class=\"teaser-inhalt\">La s\u00e9rie TFS est sp\u00e9cialement test\u00e9e selon les normes DIN ISO 15012-1 (2013) et 15012-4 (2016).<\/div>\n                              <\/div>\n\n                            <div class=\"teaser-cta transition\"><\/div>\n          <\/a>\n                        <\/div>\n      \n                <\/div><!-- \/.swiper-wrapper -->\n    <div class=\"swiper-pagination\"><\/div>\n    <\/div>\n  <\/div>\n<\/div>\n\n<div  class=\"block block-personen bg-dunkelgrau pt-mittel pb-mittel\">\n    <div class=\"main-container\">\n\n        <h2 class=\"d3\">Vos contacts<\/h2>\n    \n    \n\n           \n            <p>Vous avez besoin d&rsquo;un conseil ou vous avez un projet ?<\/p>\n\n<div class=\"person mt-klein mb-50\">\n\n    <div class=\"person-bild\">\n                <div class=\"person-bild-inner\">\n            <img decoding=\"async\" width=\"890\" height=\"660\" data-src=\"https:\/\/lume.ch\/wp-content\/uploads\/2023\/11\/Schweri-Astrid1_Kundendienst_231004_1358-890x660.jpg\" class=\"attachment-person size-person wp-post-image lazyload\" alt=\"LM AG Industriestahlbau Absauganlagen Marcel Zehnder Gregor Staubli Gesch\u00e4ftsleitung\" src=\"data:image\/svg+xml;base64,PHN2ZyB3aWR0aD0iMSIgaGVpZ2h0PSIxIiB4bWxucz0iaHR0cDovL3d3dy53My5vcmcvMjAwMC9zdmciPjwvc3ZnPg==\" style=\"--smush-placeholder-width: 890px; --smush-placeholder-aspect-ratio: 890\/660;\" \/>        <\/div>\n            <\/div>\n\n    <div class=\"person-inhalt\">\n                <h3 class=\"d4 color-orange\">Astrid Schweri<\/h3>\n                \n                  <p class=\"d6 mb-0 base-font-size\"><strong>Apr\u00e8s-vente<\/strong><\/p>\n        \n        \n        <div class=\"links standard-link\">\n                          <p><a href=\"mailto:astrid.schweri@lume.ch\"><span class=\"mail\"><\/span> astrid.schweri@lume.ch<\/a><\/p>\n            \n                          <p><a href=\"tel:+41565520836\"><span class=\"tel\"><\/span> +41 56 552 08 36<\/a><\/p>\n            \n                          <p><a href=\"https:\/\/www.linkedin.com\/in\/astrid-schweri-482432222\/\" target=\"_blank\" rel=\"nofollow noopener\"><span class=\"linkedin\"><\/span> Profil LinkedIn<\/a><\/p>\n                    <\/div>\n    <\/div>\n<\/div>\n\n  \n<div class=\"person mt-klein mb-50\">\n\n    <div class=\"person-bild\">\n                <div class=\"person-bild-inner\">\n            <img decoding=\"async\" width=\"890\" height=\"660\" data-src=\"https:\/\/lume.ch\/wp-content\/uploads\/2023\/09\/Staubli-Gregor5_DSC06531-890x660.jpg\" class=\"attachment-person size-person wp-post-image lazyload\" alt=\"LM AG Industriestahlbau Absauganlagen Gregor Staubli\" src=\"data:image\/svg+xml;base64,PHN2ZyB3aWR0aD0iMSIgaGVpZ2h0PSIxIiB4bWxucz0iaHR0cDovL3d3dy53My5vcmcvMjAwMC9zdmciPjwvc3ZnPg==\" style=\"--smush-placeholder-width: 890px; --smush-placeholder-aspect-ratio: 890\/660;\" \/>        <\/div>\n            <\/div>\n\n    <div class=\"person-inhalt\">\n                <h3 class=\"d4 color-orange\">Gregor Staubli<\/h3>\n                \n                  <p class=\"d6 mb-0 base-font-size\"><strong>Vente | Direction<\/strong><\/p>\n        \n                  <p>Directeur des ventes | Membre de la direction<\/p>\n        \n        <div class=\"links standard-link\">\n                          <p><a href=\"mailto:gregor.staubli@lume.ch\"><span class=\"mail\"><\/span> gregor.staubli@lume.ch<\/a><\/p>\n            \n                          <p><a href=\"tel:+41763631229\"><span class=\"tel\"><\/span> +41 76 363 12 29<\/a><\/p>\n            \n                          <p><a href=\"https:\/\/www.linkedin.com\/in\/gregor-staubli-12b17052\/\" target=\"_blank\" rel=\"nofollow noopener\"><span class=\"linkedin\"><\/span> Profil LinkedIn<\/a><\/p>\n                    <\/div>\n    <\/div>\n<\/div>\n\n  \n<div class=\"person mt-klein mb-50\">\n\n    <div class=\"person-bild\">\n                <div class=\"person-bild-inner\">\n            <img decoding=\"async\" width=\"890\" height=\"660\" data-src=\"https:\/\/lume.ch\/wp-content\/uploads\/2023\/11\/Shipman-Roy_F_DSC06646-890x660.png\" class=\"attachment-person size-person wp-post-image lazyload\" alt=\"LM AG Industriestahlbau Absauganlagen\" src=\"data:image\/svg+xml;base64,PHN2ZyB3aWR0aD0iMSIgaGVpZ2h0PSIxIiB4bWxucz0iaHR0cDovL3d3dy53My5vcmcvMjAwMC9zdmciPjwvc3ZnPg==\" style=\"--smush-placeholder-width: 890px; --smush-placeholder-aspect-ratio: 890\/660;\" \/>        <\/div>\n            <\/div>\n\n    <div class=\"person-inhalt\">\n                <h3 class=\"d4 color-orange\">Roy Shipman<\/h3>\n                \n                  <p class=\"d6 mb-0 base-font-size\"><strong>Vente<\/strong><\/p>\n        \n                  <p>Vendeur r\u00e9gional | Chef de projet<\/p>\n        \n        <div class=\"links standard-link\">\n                          <p><a href=\"mailto:roy.shipman@lume.ch\"><span class=\"mail\"><\/span> roy.shipman@lume.ch<\/a><\/p>\n            \n                          <p><a href=\"tel:+41765564096\"><span class=\"tel\"><\/span> +41 76 556 40 96<\/a><\/p>\n            \n                    <\/div>\n    <\/div>\n<\/div>\n\n  \n<div class=\"person mt-klein mb-50\">\n\n    <div class=\"person-bild\">\n                <div class=\"person-bild-inner\">\n            <img decoding=\"async\" width=\"890\" height=\"660\" data-src=\"https:\/\/lume.ch\/wp-content\/uploads\/2025\/04\/Pascal-Buehler-890x660.jpg\" class=\"attachment-person size-person wp-post-image lazyload\" alt=\"LM AG LM AG Industriestahlbau Absauganlagen Pascal B\u00fchler\" src=\"data:image\/svg+xml;base64,PHN2ZyB3aWR0aD0iMSIgaGVpZ2h0PSIxIiB4bWxucz0iaHR0cDovL3d3dy53My5vcmcvMjAwMC9zdmciPjwvc3ZnPg==\" style=\"--smush-placeholder-width: 890px; --smush-placeholder-aspect-ratio: 890\/660;\" \/>        <\/div>\n            <\/div>\n\n    <div class=\"person-inhalt\">\n                <h3 class=\"d4 color-orange\">Pascal B\u00fchler<\/h3>\n                \n                  <p class=\"d6 mb-0 base-font-size\"><strong>Vente<\/strong><\/p>\n        \n                  <p>Vendeur t\u00e9chnique<\/p>\n        \n        <div class=\"links standard-link\">\n                          <p><a href=\"mailto:pascal.buehler@lume.ch\"><span class=\"mail\"><\/span> pascal.buehler@lume.ch<\/a><\/p>\n            \n                          <p><a href=\"tel:+41565520867\"><span class=\"tel\"><\/span> +41 56 552 08 67<\/a><\/p>\n            \n                          <p><a href=\"https:\/\/www.linkedin.com\/in\/pascal-b%C3%BChler-0087b8172\/\" target=\"_blank\" rel=\"nofollow noopener\"><span class=\"linkedin\"><\/span> Profil LinkedIn<\/a><\/p>\n                    <\/div>\n    <\/div>\n<\/div>\n\n  \n            \n    <\/div>\n<\/div>\n<div  class=\"block block-teaser bg-hellgrau pt-gross pb-gross white-small\">\n  <div class=\"main-container\">\n    \n        <div class=\"teaser-row\">\n      \n                          <a class=\"teaser\" href=\"https:\/\/lume.ch\/fr\/prestations\/#inspection-service\" target=\"_self\">\n            \n              \n              \n              \n              <div class=\"inner\">\n                                                      <h2 class=\"d5\">La s\u00e9r\u00e9nit\u00e9 sans d\u00e9faillance<\/h2>\n                                  \n                                  <div class=\"teaser-inhalt\">Nous recommandons une inspection annuelle avec service pour votre syst\u00e8me d&rsquo;aspiration.<\/div>\n                              <\/div>\n\n                            <div class=\"teaser-cta transition\">Inspection + service<\/div>\n          <\/a>\n                  \n                        <a class=\"teaser\" href=\"https:\/\/lume.ch\/fr\/installations-daspiration\/pieces-de-rechange-et-accessoires\/\" target=\"_self\">\n            \n              \n              \n              \n              <div class=\"inner\">\n                                                      <h2 class=\"d5\">Pi\u00e8ces de rechange<\/h2>\n                                  \n                                  <div class=\"teaser-inhalt\">R\u00e9paration et remise en \u00e9tat des aspirateurs mobiles avec des pi\u00e8ces de rechange d&rsquo;origine.<\/div>\n                              <\/div>\n\n                            <div class=\"teaser-cta transition\">Pi\u00e8ces de rechange<\/div>\n          <\/a>\n                  \n                        <a class=\"teaser\" href=\"https:\/\/lume.ch\/fr\/installations-daspiration\/service-des-installations-daspiration\/la-tranquillite-desprit-avec-un-contrat-de-service\/\" target=\"_self\">\n            \n              \n              \n              \n              <div class=\"inner\">\n                                                      <h2 class=\"d5\">Nos contrats de service vous offrent la s\u00e9curit\u00e9<\/h2>\n                                  \n                                  <div class=\"teaser-inhalt\">Votre syst\u00e8me d&rsquo;aspiration n&rsquo;est pas oubli\u00e9.<\/div>\n                              <\/div>\n\n                            <div class=\"teaser-cta transition\">Contrat de service de L+M<\/div>\n          <\/a>\n                  \n              <\/div>\n  <\/div>\n<\/div>\n","protected":false},"excerpt":{"rendered":"","protected":false},"author":2,"featured_media":0,"parent":13868,"menu_order":0,"comment_status":"closed","ping_status":"closed","template":"tpl-front-page.php","meta":{"_acf_changed":false,"footnotes":""},"class_list":["post-13906","page","type-page","status-publish","hentry"],"acf":[],"_links":{"self":[{"href":"https:\/\/lume.ch\/fr\/wp-json\/wp\/v2\/pages\/13906","targetHints":{"allow":["GET"]}}],"collection":[{"href":"https:\/\/lume.ch\/fr\/wp-json\/wp\/v2\/pages"}],"about":[{"href":"https:\/\/lume.ch\/fr\/wp-json\/wp\/v2\/types\/page"}],"author":[{"embeddable":true,"href":"https:\/\/lume.ch\/fr\/wp-json\/wp\/v2\/users\/2"}],"replies":[{"embeddable":true,"href":"https:\/\/lume.ch\/fr\/wp-json\/wp\/v2\/comments?post=13906"}],"version-history":[{"count":4,"href":"https:\/\/lume.ch\/fr\/wp-json\/wp\/v2\/pages\/13906\/revisions"}],"predecessor-version":[{"id":17358,"href":"https:\/\/lume.ch\/fr\/wp-json\/wp\/v2\/pages\/13906\/revisions\/17358"}],"up":[{"embeddable":true,"href":"https:\/\/lume.ch\/fr\/wp-json\/wp\/v2\/pages\/13868"}],"wp:attachment":[{"href":"https:\/\/lume.ch\/fr\/wp-json\/wp\/v2\/media?parent=13906"}],"curies":[{"name":"wp","href":"https:\/\/api.w.org\/{rel}","templated":true}]}}