{"id":13894,"date":"2023-11-17T09:42:24","date_gmt":"2023-11-17T08:42:24","guid":{"rendered":"https:\/\/lume.ch\/?page_id=13894"},"modified":"2024-08-22T11:39:52","modified_gmt":"2024-08-22T09:39:52","slug":"cartouches-filtrantes","status":"publish","type":"page","link":"https:\/\/lume.ch\/fr\/installations-daspiration\/pieces-de-rechange-et-accessoires\/elements-filtrants\/cartouches-filtrantes\/","title":{"rendered":"Cartouches filtrantes"},"content":{"rendered":"\n<div  class=\"block block-header  header-text\">\n\n            <div class=\"main-container container-padding-top pb-mittel has-breadcrumb\"> \n          \n            <div class=\"content-container\">\n            \n                                <div class=\"d5 color-anthrazit uebertitel\">El\u00e9ments filtrants<\/div>\n                \n                                <h1 class=\"d1 color-orange\">Cartouches filtrantes<\/h1>\n                 \n                                <div class=\"lead-font-size\"><p>Les cartouches filtrantes &#8211; une technique de filtration moderne Les cartouches filtrantes sont des syst\u00e8mes de filtration polyvalents de qualit\u00e9 pour de nombreuses applications dans la technique de filtration moderne.<br \/>\nLes filtres interchangeables \u00e9prouv\u00e9s, d&rsquo;une surface filtrante de 0,1 \u00e0 20 m\u00b2, vous permettent de les installer soit c\u00f4t\u00e9 gaz brut, soit c\u00f4t\u00e9 gaz pur. <\/p>\n<\/div>\n                            <\/div>\n        <\/div>\n    <\/div>\n<div  class=\"block block-content bg-weiss pb-mittel\">\n    <div class=\"main-container\">\n        <div class=\"content-container\">\n\n            \n\n\n    \n    <div class=\"columns-2-count\">\n        <div class=\"column\">\n            <p><span style=\"font-weight: 400;\">Toutes les cartouches filtrantes L+M AG conviennent, selon leur conception, \u00e0 une alimentation int\u00e9rieure ou ext\u00e9rieure et sont disponibles pour un d\u00e9colmatage pneumatique ou m\u00e9canique.<br \/>\nLe profil de performance et le syst\u00e8me de fixation sont r\u00e9alis\u00e9s selon vos sp\u00e9cifications. <\/span><\/p>\n\n                    <\/div>\n\n        <div class=\"column\">\n            <p><img decoding=\"async\" class=\"aligncenter size-medium wp-image-5942 ls-is-cached lazyloaded\" src=\"https:\/\/lume.ch\/wp-content\/uploads\/2023\/11\/Filterpatrone_EcoTec3-Freigestellt-225x400.png\" sizes=\"(max-width: 225px) 100vw, 225px\" srcset=\"https:\/\/lume.ch\/wp-content\/uploads\/2023\/11\/Filterpatrone_EcoTec3-Freigestellt-225x400.png 225w, https:\/\/lume.ch\/wp-content\/uploads\/2023\/11\/Filterpatrone_EcoTec3-Freigestellt.png 375w\" alt=\"\" width=\"225\" height=\"400\" data-srcset=\"https:\/\/lume.ch\/wp-content\/uploads\/2023\/11\/Filterpatrone_EcoTec3-Freigestellt-225x400.png 225w, https:\/\/lume.ch\/wp-content\/uploads\/2023\/11\/Filterpatrone_EcoTec3-Freigestellt.png 375w\" data-src=\"https:\/\/lume.ch\/wp-content\/uploads\/2023\/11\/Filterpatrone_EcoTec3-Freigestellt-225x400.png\" data-sizes=\"(max-width: 225px) 100vw, 225px\"><\/p>\n\n                    <\/div>\n    <\/div>\n    \n\n        <\/div>\n    <\/div>\n<\/div>\n\n<div  class=\"block block-accordion bg-hellgrau pt-gross pb-gross\">\n    <div class=\"main-container\">\n\n        <div class=\"content-container\">\n                            <h2 class=\"d3 pb-15\">Autres versions<\/h2>\n            \n                    <\/div>\n\n    <\/div>\n\n                <div class=\"accordion big\">\n                            <div id=\"acc-1\" class=\"accordion-item\">\n                  \n                    <div class=\"accordion-toggle\">\n                        <h2 class=\"d5 mb-0 accordion-titel\">Manches filtrantes et paniers de soutien<\/h2>\n                    <\/div>\n                    \n                                        <div class=\"accordion-content\">\n                        <div class=\"accordion-content-inner\">\n                                          \n                                                        <div class=\"lead-font-size pb-mittel content-container\">\n                                Manches filtrantes pour syst\u00e8mes de d\u00e9colmatage et paniers de soutien                            <\/div>\n                            \n                            \n                            \n\n                            \n\n                            \n\n                            \n\n                            \n                            \n                                          \n                            \n                                                        <div class=\"pb-mittel content-container\">\n                                \n\n\n        <p><span style=\"font-weight: 400;\">Les manches filtrantes sont disponibles pour tous les syst\u00e8mes de d\u00e9poussi\u00e9rage. Des mod\u00e8les sp\u00e9ciaux innovants vous garantissent le respect des exigences les plus strictes en mati\u00e8re de protection contre les \u00e9missions gr\u00e2ce \u00e0 diff\u00e9rentes technologies. D<\/span><\/p>\n<p><span style=\"font-weight: 400;\">L&rsquo;adaptation parfaite des manches au syst\u00e8me de filtration sp\u00e9cifique am\u00e9liore consid\u00e9rablement l&rsquo;efficacit\u00e9 des syst\u00e8mes de fixation des manches.<br \/>\nLes manches filtrantes de L+M sont utilis\u00e9es dans tous les syst\u00e8mes de d\u00e9colmatage imaginables. <\/span><\/p>\n<h2>Technologies de soudage<\/h2>\n<ul>\n<li style=\"font-weight: 400;\" aria-level=\"1\"><span style=\"font-weight: 400;\">Coutures soud\u00e9es de mani\u00e8re homog\u00e8ne<\/span><\/li>\n<li style=\"font-weight: 400;\" aria-level=\"1\"><span style=\"font-weight: 400;\">Soudage d&rsquo;anneaux sans aucune piq\u00fbre d&rsquo;aiguille<\/span><\/li>\n<\/ul>\n<p><img decoding=\"async\" class=\"alignnone size-medium wp-image-5940 lazyload\" data-src=\"https:\/\/lume.ch\/wp-content\/uploads\/2023\/11\/Filterschlaeuche-Freigestellt-e1701870355398-400x308.png\" alt=\"\" width=\"400\" height=\"308\" data-srcset=\"https:\/\/lume.ch\/wp-content\/uploads\/2023\/11\/Filterschlaeuche-Freigestellt-e1701870355398-400x308.png 400w, https:\/\/lume.ch\/wp-content\/uploads\/2023\/11\/Filterschlaeuche-Freigestellt-e1701870355398.png 515w\" data-sizes=\"(max-width: 400px) 100vw, 400px\" src=\"data:image\/svg+xml;base64,PHN2ZyB3aWR0aD0iMSIgaGVpZ2h0PSIxIiB4bWxucz0iaHR0cDovL3d3dy53My5vcmcvMjAwMC9zdmciPjwvc3ZnPg==\" style=\"--smush-placeholder-width: 400px; --smush-placeholder-aspect-ratio: 400\/308;\" \/><\/p>\n<h2><b>Domaines d&rsquo;application<\/b><\/h2>\n<ul>\n<li>Nettoyage par jet d&rsquo;air puls\u00e9<\/li>\n<li>Syst\u00e8mes de vibration\/frappement<\/li>\n<li>Syst\u00e8mes d&rsquo;air invers\u00e9<\/li>\n<li>Syst\u00e8mes d&rsquo;air de purge<\/li>\n<\/ul>\n    \n    <div class=\"columns-2-count\">\n        <div class=\"column\">\n            <h2>Mat\u00e9riau<\/h2>\n<ul>\n<li>Polypropyl\u00e8ne<\/li>\n<li>Polyacrylonitrile<\/li>\n<li>PPS (Ryton\u00ae)<\/li>\n<li>Polyester<\/li>\n<li>Nomex\u00ae : un produit de qualit\u00e9<\/li>\n<li>Polyamide<\/li>\n<li>PTFE<\/li>\n<li>Fibre optique<\/li>\n<li>Polyimide<\/li>\n<\/ul>\n<p>&nbsp;<\/p>\n<p>&nbsp;<\/p>\n\n                    <\/div>\n\n        <div class=\"column\">\n            <h2>Versions<\/h2>\n<ul>\n<li>R\u00e9treint<\/li>\n<li>Calandr\u00e9<\/li>\n<li>Silicone<\/li>\n<li>Rev\u00eatement PTFE<\/li>\n<li>Antistatique<\/li>\n<li>Ol\u00e9o\/hydrophobe<\/li>\n<li>Ignifug\u00e9<\/li>\n<li>Microfibre<\/li>\n<li>Structure de filtre asym\u00e9trique<\/li>\n<li>Lamin\u00e9s<\/li>\n<li>Membrane en PTFE<\/li>\n<\/ul>\n\n                    <\/div>\n    <\/div>\n    \n                            <\/div>\n                            \n                            \n\n                            \n\n                            \n\n                            \n\n                            \n                            \n                                          \n                            \n                            \n                                                                                        \n\n                            \n\n                            \n\n                            \n\n                            \n                            \n                                                <\/div>\n                    <\/div>\n                    \n                    <span class=\"accordion-icon accordion-toggle\"><span class=\"icon-up\"><\/span><span class=\"icon-down\"><\/span><\/span>\n                <\/div>\n\n                            <div id=\"acc-2\" class=\"accordion-item\">\n                  \n                    <div class=\"accordion-toggle\">\n                        <h2 class=\"d5 mb-0 accordion-titel\">Plaques filtrantes<\/h2>\n                    <\/div>\n                    \n                                        <div class=\"accordion-content\">\n                        <div class=\"accordion-content-inner\">\n                                          \n                                                        <div class=\"lead-font-size pb-mittel content-container\">\n                                Les buses d&rsquo;injection garantissent un nettoyage optimal des \u00e9l\u00e9ments de la plaque filtrante, sans que des paniers de support de filtre soient n\u00e9cessaires, gr\u00e2ce \u00e0 leur position lat\u00e9rale de t\u00eate int\u00e9gr\u00e9e.                            <\/div>\n                            \n                            \n                            \n\n                            \n\n                            \n\n                            \n\n                            \n                            \n                                          \n                            \n                                                        <div class=\"pb-mittel content-container\">\n                                \n\n\n        <p><span style=\"font-weight: 400;\">Gr\u00e2ce \u00e0 notre longue exp\u00e9rience dans les techniques de d\u00e9poussi\u00e9rage et \u00e0 notre propre production de filtres sp\u00e9ciaux, nous proposons un large choix d&rsquo;\u00e9l\u00e9ments de plaques filtrantes avec des mat\u00e9riaux et des qualit\u00e9s vari\u00e9s.<br \/>\nCeux-ci peuvent \u00eatre adapt\u00e9s individuellement aux exigences respectives et permettent d&rsquo;obtenir des valeurs de gaz purifi\u00e9 inf\u00e9rieures \u00e0 1 mg\/m\u00b3. <\/span><\/p>\n<p>&nbsp;<\/p>\n    \n    <div class=\"columns-2-count\">\n        <div class=\"column\">\n            <h4><b>Caract\u00e9ristiques techniques des plaques filtrantes<\/b><\/h4>\n<ul>\n<li style=\"font-weight: 400;\" aria-level=\"1\"><span style=\"font-weight: 400;\">Rigidit\u00e9 intrins\u00e8que : feutre aiguillet\u00e9<\/span><\/li>\n<li style=\"font-weight: 400;\" aria-level=\"1\"><span style=\"font-weight: 400;\">Versions sp\u00e9ciales : Hydro ou ol\u00e9ophobe<\/span><\/li>\n<li style=\"font-weight: 400;\" aria-level=\"1\"><span style=\"font-weight: 400;\">Rev\u00eatement PTFE : ignifuge, conducteur \u00e9lectrique<\/span><\/li>\n<\/ul>\n\n                    <\/div>\n\n        <div class=\"column\">\n            <p><img decoding=\"async\" class=\"aligncenter size-medium wp-image-5943 ls-is-cached lazyloaded\" src=\"https:\/\/lume.ch\/wp-content\/uploads\/2023\/11\/Filterplatten-Freigestellt-400x387.png\" sizes=\"(max-width: 400px) 100vw, 400px\" srcset=\"https:\/\/lume.ch\/wp-content\/uploads\/2023\/11\/Filterplatten-Freigestellt-400x387.png 400w, https:\/\/lume.ch\/wp-content\/uploads\/2023\/11\/Filterplatten-Freigestellt.png 425w\" alt=\"\" width=\"400\" height=\"387\" data-srcset=\"https:\/\/lume.ch\/wp-content\/uploads\/2023\/11\/Filterplatten-Freigestellt-400x387.png 400w, https:\/\/lume.ch\/wp-content\/uploads\/2023\/11\/Filterplatten-Freigestellt.png 425w\" data-src=\"https:\/\/lume.ch\/wp-content\/uploads\/2023\/11\/Filterplatten-Freigestellt-400x387.png\" data-sizes=\"(max-width: 400px) 100vw, 400px\"><\/p>\n\n                    <\/div>\n    <\/div>\n    \n                            <\/div>\n                            \n                            \n\n                            \n\n                            \n\n                            \n\n                            \n                            \n                                                <\/div>\n                    <\/div>\n                    \n                    <span class=\"accordion-icon accordion-toggle\"><span class=\"icon-up\"><\/span><span class=\"icon-down\"><\/span><\/span>\n                <\/div>\n\n                            <div id=\"acc-3\" class=\"accordion-item\">\n                  \n                    <div class=\"accordion-toggle\">\n                        <h2 class=\"d5 mb-0 accordion-titel\">Filtre pour mati\u00e8res en suspension<\/h2>\n                    <\/div>\n                    \n                                        <div class=\"accordion-content\">\n                        <div class=\"accordion-content-inner\">\n                                          \n                                                        <div class=\"lead-font-size pb-mittel content-container\">\n                                Valeurs des gaz purs garanties                            <\/div>\n                            \n                            \n                            \n\n                            \n\n                            \n\n                            \n\n                            \n                            \n                                          \n                            \n                                                        <div class=\"pb-mittel content-container\">\n                                \n\n\n        <p><span style=\"font-weight: 400;\">La confection traditionnelle de ce filtre pour mati\u00e8res en suspension consiste g\u00e9n\u00e9ralement en une nappe de fibres de verre pli\u00e9e de mani\u00e8re uniforme entre des intercalaires en aluminium.<br \/>\nNous vous garantissons des valeurs de gaz purifi\u00e9 selon la classe de filtre H13 selon EN 1822 allant jusqu&rsquo;\u00e0 0,001 mg\/m\u00b3. <\/span><\/p>\n    \n    <div class=\"columns-2-count\">\n        <div class=\"column\">\n            <p><span style=\"font-weight: 400;\">Pour ce type de cellules filtrantes, il existe une multitude de m\u00e9dias filtrants diff\u00e9rents ainsi que diff\u00e9rents mat\u00e9riaux pour les entretoises et les bo\u00eetiers.<br \/>\nCela vous permet de vous adapter de mani\u00e8re optimale aux conditions de votre processus. <\/span><\/p>\n<p><span style=\"font-weight: 400;\">La pression maximale de d\u00e9colmatage est d&rsquo;environ 3 bar.<br \/>\nLa surface nominale du filtre est d&rsquo;environ 20m\u00b2, ce qui permet d&rsquo;atteindre un d\u00e9bit de 3&rsquo;000m\u00b3\/h.<br \/>\nL&rsquo;efficacit\u00e9 par rapport aux particules de poussi\u00e8re de 0,1 \u00e0 0,3 \u00b5m (tailles de particules avec le plus faible degr\u00e9 de s\u00e9paration ; MPPS) est de 99,95%.  <\/span><\/p>\n<p>&nbsp;<\/p>\n<p>&nbsp;<\/p>\n\n                    <\/div>\n\n        <div class=\"column\">\n            <p><img decoding=\"async\" class=\"wp-image-5944 alignright ls-is-cached lazyloaded\" src=\"https:\/\/lume.ch\/wp-content\/uploads\/2023\/11\/Schwebstoff-Filter_H13-Freigestellt-e1700227513749.png\" sizes=\"(max-width: 308px) 100vw, 308px\" srcset=\"https:\/\/lume.ch\/wp-content\/uploads\/2023\/11\/Schwebstoff-Filter_H13-Freigestellt-e1700227513749.png 350w, https:\/\/lume.ch\/wp-content\/uploads\/2023\/11\/Schwebstoff-Filter_H13-Freigestellt-e1700227513749-150x150.png 150w\" alt=\"\" width=\"308\" height=\"308\" data-srcset=\"https:\/\/lume.ch\/wp-content\/uploads\/2023\/11\/Schwebstoff-Filter_H13-Freigestellt-e1700227513749.png 350w, https:\/\/lume.ch\/wp-content\/uploads\/2023\/11\/Schwebstoff-Filter_H13-Freigestellt-e1700227513749-150x150.png 150w\" data-src=\"https:\/\/lume.ch\/wp-content\/uploads\/2023\/11\/Schwebstoff-Filter_H13-Freigestellt-e1700227513749.png\" data-sizes=\"(max-width: 308px) 100vw, 308px\"><\/p>\n\n                    <\/div>\n    <\/div>\n    \n                            <\/div>\n                            \n                            \n\n                            \n\n                            \n\n                            \n\n                            \n                            \n                                          \n                            \n                                                        <div class=\"pb-mittel content-container\">\n                                \n\n\n    <h2 id=\"tablepress-6-name\" class=\"tablepress-table-name tablepress-table-name-id-6\">Technische Daten Schwebstoff-Filter<\/h2>\n\n<table id=\"tablepress-6\" class=\"tablepress tablepress-id-6\" aria-labelledby=\"tablepress-6-name\">\n<tbody class=\"row-striping row-hover\">\n<tr class=\"row-1\">\n\t<td class=\"column-1\">Abmessung in mm L x B x T<\/td><td class=\"column-2\">610 x 610\/305 x 292<\/td><td class=\"column-3\">610 x 762 x 292<br \/>\n<\/td><td class=\"column-4\">610 x 610 x 149<br \/>\n<\/td>\n<\/tr>\n<tr class=\"row-2\">\n\t<td class=\"column-1\">Filterklasse<\/td><td class=\"column-2\">H13<\/td><td class=\"column-3\">H13<\/td><td class=\"column-4\">H14<\/td>\n<\/tr>\n<tr class=\"row-3\">\n\t<td class=\"column-1\">Werkstoff Rahmen<\/td><td class=\"column-2\">Mehrschichtholz<\/td><td class=\"column-3\">Stahl verzinkt<\/td><td class=\"column-4\"><\/td>\n<\/tr>\n<tr class=\"row-4\">\n\t<td class=\"column-1\">Abstandhalter<\/td><td class=\"column-2\">Aluminium<\/td><td class=\"column-3\">Stahl<\/td><td class=\"column-4\">Cellulose u.a.m.<\/td>\n<\/tr>\n<tr class=\"row-5\">\n\t<td class=\"column-1\">Temperaturbereich<\/td><td class=\"column-2\">Max. 180\u00b0C<\/td><td class=\"column-3\"><\/td><td class=\"column-4\"><\/td>\n<\/tr>\n<\/tbody>\n<\/table>\n<!-- #tablepress-6 from cache -->\n\n    \n    \n                            <\/div>\n                            \n                            \n\n                            \n\n                            \n\n                            \n\n                            \n                            \n                                                <\/div>\n                    <\/div>\n                    \n                    <span class=\"accordion-icon accordion-toggle\"><span class=\"icon-up\"><\/span><span class=\"icon-down\"><\/span><\/span>\n                <\/div>\n\n                            <div id=\"acc-4\" class=\"accordion-item\">\n                  \n                    <div class=\"accordion-toggle\">\n                        <h2 class=\"d5 mb-0 accordion-titel\">Diffuseurs en textile<\/h2>\n                    <\/div>\n                    \n                                        <div class=\"accordion-content\">\n                        <div class=\"accordion-content-inner\">\n                                          \n                                                        <div class=\"lead-font-size pb-mittel content-container\">\n                                Assurer un niveau d&rsquo;humidit\u00e9 et de temp\u00e9rature ad\u00e9quat                            <\/div>\n                            \n                            \n                            \n\n                            \n\n                            \n\n                            \n\n                            \n                            \n                                          \n                            \n                                                        <div class=\"pb-mittel content-container\">\n                                \n\n\n        <p><span style=\"font-weight: 400;\">Pour les diffuseurs textiles ou les composants de climatisation, nous faisons une distinction fondamentale entre les gaines de distribution d&rsquo;air en tissu textile (polyester) et les films (poly\u00e9thyl\u00e8ne).<br \/>\nLes deux types offrent la m\u00eame fonctionnalit\u00e9. <\/span><\/p>\n<p>&nbsp;<\/p>\n<h4><b>Fonctionnement<\/b><\/h4>\n<p><span style=\"font-weight: 400;\">L&rsquo;air entrant est souffl\u00e9 dans les canaux de distribution d&rsquo;air.<br \/>\nGr\u00e2ce \u00e0 la perm\u00e9abilit\u00e9 ou\/et aux perforations du mat\u00e9riau utilis\u00e9, l&rsquo;air s&rsquo;\u00e9chappe \u00e0 faible vitesse.<br \/>\nCela vous garantit une distribution ou une climatisation de l&rsquo;air sans courant d&rsquo;air et uniforme en permanence sur toute la zone de charge de refroidissement et de chauffage.<br \/>\nUn autre effet secondaire positif est la pr\u00e9vention de la condensation.<br \/>\nNos composants assurent une humidit\u00e9 et une temp\u00e9rature homog\u00e8nes.    <\/span><\/p>\n    \n    <div class=\"columns-2-count\">\n        <div class=\"column\">\n            <h4><b>Votre valeur ajout\u00e9e avec les diffuseurs textiles<\/b><\/h4>\n<ul>\n<li style=\"font-weight: 400;\" aria-level=\"1\"><span style=\"font-weight: 400;\">\u00c9conomie d&rsquo;\u00e9nergie en cas de changement de charge refroidissement\/chauffage<\/span><\/li>\n<li style=\"font-weight: 400;\" aria-level=\"1\"><span style=\"font-weight: 400;\">R\u00e9duction du bruit<\/span><\/li>\n<li style=\"font-weight: 400;\" aria-level=\"1\"><span style=\"font-weight: 400;\">Hygi\u00e9nique car facile \u00e0 enlever et \u00e0 laver<\/span><\/li>\n<li style=\"font-weight: 400;\" aria-level=\"1\"><span style=\"font-weight: 400;\">Une installation simple qui permet de r\u00e9duire les co\u00fbts<\/span><\/li>\n<\/ul>\n\n                    <\/div>\n\n        <div class=\"column\">\n            <p><img decoding=\"async\" class=\"aligncenter size-medium wp-image-5915 ls-is-cached lazyloaded\" src=\"https:\/\/lume.ch\/wp-content\/uploads\/2023\/11\/Textilauslaesse-400x228.jpg\" sizes=\"(max-width: 400px) 100vw, 400px\" srcset=\"https:\/\/lume.ch\/wp-content\/uploads\/2023\/11\/Textilauslaesse-400x228.jpg 400w, https:\/\/lume.ch\/wp-content\/uploads\/2023\/11\/Textilauslaesse-350x200.jpg 350w, https:\/\/lume.ch\/wp-content\/uploads\/2023\/11\/Textilauslaesse.jpg 723w\" alt=\"\" width=\"400\" height=\"228\" data-srcset=\"https:\/\/lume.ch\/wp-content\/uploads\/2023\/11\/Textilauslaesse-400x228.jpg 400w, https:\/\/lume.ch\/wp-content\/uploads\/2023\/11\/Textilauslaesse-350x200.jpg 350w, https:\/\/lume.ch\/wp-content\/uploads\/2023\/11\/Textilauslaesse.jpg 723w\" data-src=\"https:\/\/lume.ch\/wp-content\/uploads\/2023\/11\/Textilauslaesse-400x228.jpg\" data-sizes=\"(max-width: 400px) 100vw, 400px\"><\/p>\n\n                    <\/div>\n    <\/div>\n    \n                            <\/div>\n                            \n                            \n\n                            \n\n                            \n\n                            \n\n                            \n                            \n                                                <\/div>\n                    <\/div>\n                    \n                    <span class=\"accordion-icon accordion-toggle\"><span class=\"icon-up\"><\/span><span class=\"icon-down\"><\/span><\/span>\n                <\/div>\n\n                    <\/div>\n            <!-- <\/div> -->\n<\/div>\n<div  class=\"block block-personen bg-dunkelgrau pt-mittel pb-mittel\">\n    <div class=\"main-container\">\n\n        <h2 class=\"d3\">VOS INTERLOCUTEURS<\/h2>\n    \n    \n\n           \n            <p>Vous avez besoin d&rsquo;un conseil ?<\/p>\n\n<div class=\"person mt-klein mb-50\">\n\n    <div class=\"person-bild\">\n                <div class=\"person-bild-inner\">\n            <img decoding=\"async\" width=\"890\" height=\"660\" data-src=\"https:\/\/lume.ch\/wp-content\/uploads\/2023\/11\/Schweri-Astrid1_Kundendienst_231004_1358-890x660.jpg\" class=\"attachment-person size-person wp-post-image lazyload\" alt=\"LM AG Industriestahlbau Absauganlagen Marcel Zehnder Gregor Staubli Gesch\u00e4ftsleitung\" src=\"data:image\/svg+xml;base64,PHN2ZyB3aWR0aD0iMSIgaGVpZ2h0PSIxIiB4bWxucz0iaHR0cDovL3d3dy53My5vcmcvMjAwMC9zdmciPjwvc3ZnPg==\" style=\"--smush-placeholder-width: 890px; --smush-placeholder-aspect-ratio: 890\/660;\" \/>        <\/div>\n            <\/div>\n\n    <div class=\"person-inhalt\">\n                <h3 class=\"d4 color-orange\">Astrid Schweri<\/h3>\n                \n                  <p class=\"d6 mb-0 base-font-size\"><strong>Apr\u00e8s-vente<\/strong><\/p>\n        \n        \n        <div class=\"links standard-link\">\n                          <p><a href=\"mailto:astrid.schweri@lume.ch\"><span class=\"mail\"><\/span> astrid.schweri@lume.ch<\/a><\/p>\n            \n                          <p><a href=\"tel:+41565520836\"><span class=\"tel\"><\/span> +41 56 552 08 36<\/a><\/p>\n            \n                          <p><a href=\"https:\/\/www.linkedin.com\/in\/astrid-schweri-482432222\/\" target=\"_blank\" rel=\"nofollow noopener\"><span class=\"linkedin\"><\/span> Profil LinkedIn<\/a><\/p>\n                    <\/div>\n    <\/div>\n<\/div>\n\n  \n    <\/div>\n<\/div>","protected":false},"excerpt":{"rendered":"","protected":false},"author":5,"featured_media":0,"parent":13892,"menu_order":0,"comment_status":"closed","ping_status":"closed","template":"tpl-front-page.php","meta":{"_acf_changed":false,"footnotes":""},"class_list":["post-13894","page","type-page","status-publish","hentry"],"acf":[],"_links":{"self":[{"href":"https:\/\/lume.ch\/fr\/wp-json\/wp\/v2\/pages\/13894","targetHints":{"allow":["GET"]}}],"collection":[{"href":"https:\/\/lume.ch\/fr\/wp-json\/wp\/v2\/pages"}],"about":[{"href":"https:\/\/lume.ch\/fr\/wp-json\/wp\/v2\/types\/page"}],"author":[{"embeddable":true,"href":"https:\/\/lume.ch\/fr\/wp-json\/wp\/v2\/users\/5"}],"replies":[{"embeddable":true,"href":"https:\/\/lume.ch\/fr\/wp-json\/wp\/v2\/comments?post=13894"}],"version-history":[{"count":1,"href":"https:\/\/lume.ch\/fr\/wp-json\/wp\/v2\/pages\/13894\/revisions"}],"predecessor-version":[{"id":13895,"href":"https:\/\/lume.ch\/fr\/wp-json\/wp\/v2\/pages\/13894\/revisions\/13895"}],"up":[{"embeddable":true,"href":"https:\/\/lume.ch\/fr\/wp-json\/wp\/v2\/pages\/13892"}],"wp:attachment":[{"href":"https:\/\/lume.ch\/fr\/wp-json\/wp\/v2\/media?parent=13894"}],"curies":[{"name":"wp","href":"https:\/\/api.w.org\/{rel}","templated":true}]}}