{"id":13892,"date":"2023-11-15T15:25:46","date_gmt":"2023-11-15T14:25:46","guid":{"rendered":"https:\/\/lume.ch\/?page_id=13892"},"modified":"2026-04-12T13:50:19","modified_gmt":"2026-04-12T11:50:19","slug":"elements-filtrants","status":"publish","type":"page","link":"https:\/\/lume.ch\/fr\/installations-daspiration\/pieces-de-rechange-et-accessoires\/elements-filtrants\/","title":{"rendered":"El\u00e9ments filtrants"},"content":{"rendered":"\n<div  class=\"block block-header pb-mittel header-text\">\n\n            <div class=\"main-container container-padding-top pb-mittel has-breadcrumb\"> \n          \n            <div class=\"content-container\">\n            \n                                <div class=\"d5 color-anthrazit uebertitel\">Installations d&rsquo;aspiration<\/div>\n                \n                                <h1 class=\"d1 color-orange\">El\u00e9ments filtrants<\/h1>\n                 \n                                <div class=\"lead-font-size\"><p>Un choix appropri\u00e9 assure une aspiration efficace et garantit une meilleure qualit\u00e9 de l&rsquo;air. Diff\u00e9rents types et classes de filtres sont disponibles, en fonction des exigences. Un bon choix garantit une aspiration efficace et une meilleure qualit\u00e9 de l&rsquo;air.<\/p>\n<\/div>\n                            <\/div>\n        <\/div>\n    <\/div>\n<div  class=\"block block-teaser bg-hellgrau pt-gross pb-gross produkt\">\n  <div class=\"main-container\">\n          <div class=\"content-container\">\n                  <h2 class=\"d3\">Des solutions adapt\u00e9es<\/h2>\n        \n              <\/div>\n    \n        <div class=\"swiper-mobile\">\n            <div class=\"teaser-row swiper-wrapper\">\n        \n                        <div class=\"swiper-slide\">\n                    <a class=\"teaser\" href=\"https:\/\/lume.ch\/fr\/installations-daspiration\/pieces-de-rechange-et-accessoires\/elements-filtrants\/cartouches-filtrantes\/\" target=\"_self\">\n            \n              <div class=\"bild\"><img decoding=\"async\" width=\"225\" height=\"400\" data-src=\"https:\/\/lume.ch\/wp-content\/uploads\/2023\/11\/Filterpatrone_EcoTec3-Freigestellt-225x400.png?theia_smart_thumbnails_file_version=2\" class=\"attachment-medium size-medium lazyload\" alt=\"\" data-srcset=\"https:\/\/lume.ch\/wp-content\/uploads\/2023\/11\/Filterpatrone_EcoTec3-Freigestellt-225x400.png?theia_smart_thumbnails_file_version=2 225w, https:\/\/lume.ch\/wp-content\/uploads\/2023\/11\/Filterpatrone_EcoTec3-Freigestellt.png 375w\" data-sizes=\"(max-width: 225px) 100vw, 225px\" src=\"data:image\/svg+xml;base64,PHN2ZyB3aWR0aD0iMSIgaGVpZ2h0PSIxIiB4bWxucz0iaHR0cDovL3d3dy53My5vcmcvMjAwMC9zdmciPjwvc3ZnPg==\" style=\"--smush-placeholder-width: 225px; --smush-placeholder-aspect-ratio: 225\/400;\" \/><span class=\"overlay\"><\/span><\/div>\n              \n                              <div class=\"kategorie\">El\u00e9ments filtrants<\/div>\n              \n              <div class=\"inner\">\n                                                      <h3 class=\"d5\">Cartouches filtrantes<\/h3>\n                                  \n                                  <div class=\"teaser-inhalt\">Cartouches filtrantes &#8211; une technique de filtration moderne<\/div>\n                              <\/div>\n\n                            <div class=\"teaser-cta transition\"><\/div>\n          <\/a>\n                        <\/div>\n      \n                      <div class=\"swiper-slide\">\n                    <a class=\"teaser\" href=\"https:\/\/lume.ch\/fr\/installations-daspiration\/pieces-de-rechange-et-accessoires\/elements-filtrants\/manches-filtrantes-et-paniers-de-soutien\/\" target=\"_self\">\n            \n              <div class=\"bild\"><img decoding=\"async\" width=\"400\" height=\"308\" data-src=\"https:\/\/lume.ch\/wp-content\/uploads\/2023\/11\/Filterschlaeuche-Freigestellt-e1701870355398-400x308.png\" class=\"attachment-medium size-medium lazyload\" alt=\"\" data-srcset=\"https:\/\/lume.ch\/wp-content\/uploads\/2023\/11\/Filterschlaeuche-Freigestellt-e1701870355398-400x308.png 400w, https:\/\/lume.ch\/wp-content\/uploads\/2023\/11\/Filterschlaeuche-Freigestellt-e1701870355398.png 515w\" data-sizes=\"(max-width: 400px) 100vw, 400px\" src=\"data:image\/svg+xml;base64,PHN2ZyB3aWR0aD0iMSIgaGVpZ2h0PSIxIiB4bWxucz0iaHR0cDovL3d3dy53My5vcmcvMjAwMC9zdmciPjwvc3ZnPg==\" style=\"--smush-placeholder-width: 400px; --smush-placeholder-aspect-ratio: 400\/308;\" \/><span class=\"overlay\"><\/span><\/div>\n              \n                              <div class=\"kategorie\">El\u00e9ments filtrants<\/div>\n              \n              <div class=\"inner\">\n                                                      <h3 class=\"d5\">Manches filtrantes et paniers de soutien<\/h3>\n                                  \n                                  <div class=\"teaser-inhalt\">Manches filtrantes pour syst\u00e8mes de d\u00e9colmatage<\/div>\n                              <\/div>\n\n                            <div class=\"teaser-cta transition\"><\/div>\n          <\/a>\n                        <\/div>\n      \n                      <div class=\"swiper-slide\">\n                    <a class=\"teaser\" href=\"https:\/\/lume.ch\/fr\/installations-daspiration\/pieces-de-rechange-et-accessoires\/elements-filtrants\/plaques-filtrantes\/\" target=\"_self\">\n            \n              <div class=\"bild\"><img decoding=\"async\" width=\"400\" height=\"387\" data-src=\"https:\/\/lume.ch\/wp-content\/uploads\/2023\/11\/Filterplatten-Freigestellt-400x387.png\" class=\"attachment-medium size-medium lazyload\" alt=\"\" data-srcset=\"https:\/\/lume.ch\/wp-content\/uploads\/2023\/11\/Filterplatten-Freigestellt-400x387.png 400w, https:\/\/lume.ch\/wp-content\/uploads\/2023\/11\/Filterplatten-Freigestellt.png 425w\" data-sizes=\"(max-width: 400px) 100vw, 400px\" src=\"data:image\/svg+xml;base64,PHN2ZyB3aWR0aD0iMSIgaGVpZ2h0PSIxIiB4bWxucz0iaHR0cDovL3d3dy53My5vcmcvMjAwMC9zdmciPjwvc3ZnPg==\" style=\"--smush-placeholder-width: 400px; --smush-placeholder-aspect-ratio: 400\/387;\" \/><span class=\"overlay\"><\/span><\/div>\n              \n                              <div class=\"kategorie\">El\u00e9ments filtrants<\/div>\n              \n              <div class=\"inner\">\n                                                      <h3 class=\"d5\">Plaques filtrantes<\/h3>\n                                  \n                                  <div class=\"teaser-inhalt\">Des plaques filtrantes adapt\u00e9es \u00e0 vos besoins<\/div>\n                              <\/div>\n\n                            <div class=\"teaser-cta transition\"><\/div>\n          <\/a>\n                        <\/div>\n      \n                      <div class=\"swiper-slide\">\n                    <a class=\"teaser\" href=\"https:\/\/lume.ch\/fr\/installations-daspiration\/pieces-de-rechange-et-accessoires\/elements-filtrants\/filtre-pour-matieres-en-suspension\/\" target=\"_self\">\n            \n              <div class=\"bild\"><img decoding=\"async\" width=\"350\" height=\"350\" data-src=\"https:\/\/lume.ch\/wp-content\/uploads\/2023\/11\/Schwebstoff-Filter_H13-Freigestellt-e1700227513749.png\" class=\"attachment-medium size-medium lazyload\" alt=\"\" data-srcset=\"https:\/\/lume.ch\/wp-content\/uploads\/2023\/11\/Schwebstoff-Filter_H13-Freigestellt-e1700227513749.png 350w, https:\/\/lume.ch\/wp-content\/uploads\/2023\/11\/Schwebstoff-Filter_H13-Freigestellt-e1700227513749-150x150.png 150w\" data-sizes=\"(max-width: 350px) 100vw, 350px\" src=\"data:image\/svg+xml;base64,PHN2ZyB3aWR0aD0iMSIgaGVpZ2h0PSIxIiB4bWxucz0iaHR0cDovL3d3dy53My5vcmcvMjAwMC9zdmciPjwvc3ZnPg==\" style=\"--smush-placeholder-width: 350px; --smush-placeholder-aspect-ratio: 350\/350;\" \/><span class=\"overlay\"><\/span><\/div>\n              \n                              <div class=\"kategorie\">El\u00e9ments filtrants<\/div>\n              \n              <div class=\"inner\">\n                                                      <h3 class=\"d5\">Filtre pour mati\u00e8res en suspension<\/h3>\n                                  \n                                  <div class=\"teaser-inhalt\">Valeurs des gaz purs garanties<\/div>\n                              <\/div>\n\n                            <div class=\"teaser-cta transition\"><\/div>\n          <\/a>\n                        <\/div>\n      \n                      <div class=\"swiper-slide\">\n                    <a class=\"teaser\" href=\"https:\/\/lume.ch\/fr\/installations-daspiration\/pieces-de-rechange-et-accessoires\/elements-filtrants\/diffuseurs-en-textile\/\" target=\"_self\">\n            \n              <div class=\"bild\"><img decoding=\"async\" width=\"400\" height=\"228\" data-src=\"https:\/\/lume.ch\/wp-content\/uploads\/2023\/11\/Textilauslaesse-400x228.jpg\" class=\"attachment-medium size-medium lazyload\" alt=\"\" data-srcset=\"https:\/\/lume.ch\/wp-content\/uploads\/2023\/11\/Textilauslaesse-400x228.jpg 400w, https:\/\/lume.ch\/wp-content\/uploads\/2023\/11\/Textilauslaesse-350x200.jpg 350w, https:\/\/lume.ch\/wp-content\/uploads\/2023\/11\/Textilauslaesse.jpg 723w\" data-sizes=\"(max-width: 400px) 100vw, 400px\" src=\"data:image\/svg+xml;base64,PHN2ZyB3aWR0aD0iMSIgaGVpZ2h0PSIxIiB4bWxucz0iaHR0cDovL3d3dy53My5vcmcvMjAwMC9zdmciPjwvc3ZnPg==\" style=\"--smush-placeholder-width: 400px; --smush-placeholder-aspect-ratio: 400\/228;\" \/><span class=\"overlay\"><\/span><\/div>\n              \n                              <div class=\"kategorie\">El\u00e9ments filtrants<\/div>\n              \n              <div class=\"inner\">\n                                                      <h3 class=\"d5\">Diffuseurs en textile<\/h3>\n                                  \n                                  <div class=\"teaser-inhalt\">Assurer un niveau d&rsquo;humidit\u00e9 et de temp\u00e9rature ad\u00e9quat<\/div>\n                              <\/div>\n\n                            <div class=\"teaser-cta transition\"><\/div>\n          <\/a>\n                        <\/div>\n      \n                <\/div><!-- \/.swiper-wrapper -->\n    <div class=\"swiper-pagination\"><\/div>\n    <\/div>\n  <\/div>\n<\/div>\n\n<div  class=\"block block-content bg-weiss pt-gross pb-gross\">\n    <div class=\"main-container\">\n        <div class=\"content-container\">\n\n            \n\n    <h2 class=\"d3\">Nos services en un coup d&rsquo;\u0153il<\/h2>\n\n    \n    <div class=\"columns-2-count\">\n        <div class=\"column\">\n            <ul>\n<li>Ing\u00e9nierie + construction<\/li>\n<li>Gestion de projet<\/li>\n<li>Fabrication \u00e0 fa\u00e7on<\/li>\n<li>Soudage \u00e0 fa\u00e7on<\/li>\n<li>Production + fabrication<\/li>\n<li>Montage de modules<\/li>\n<\/ul>\n\n                    <\/div>\n\n        <div class=\"column\">\n            <ul>\n<li>Construction de machines et d&rsquo;installations<\/li>\n<li>Logistique<\/li>\n<li>Inspection + service<\/li>\n<li>Mesures de la poussi\u00e8re r\u00e9siduelle<\/li>\n<li>Formations<\/li>\n<\/ul>\n\n                    <\/div>\n    <\/div>\n    \n\n        <\/div>\n    <\/div>\n<\/div>\n<div  class=\"block block-personen bg-dunkelgrau pt-mittel pb-mittel\">\n    <div class=\"main-container\">\n\n        <h2 class=\"d3\">VOS INTERLOCUTEURS<\/h2>\n    \n    \n\n           \n            <p>Vous avez besoin d&rsquo;un conseil ?<\/p>\n\n<div class=\"person mt-klein mb-50\">\n\n    <div class=\"person-bild\">\n                <div class=\"person-bild-inner\">\n            <img decoding=\"async\" width=\"890\" height=\"660\" data-src=\"https:\/\/lume.ch\/wp-content\/uploads\/2023\/11\/Schweri-Astrid1_Kundendienst_231004_1358-890x660.jpg\" class=\"attachment-person size-person wp-post-image lazyload\" alt=\"LM AG Industriestahlbau Absauganlagen Marcel Zehnder Gregor Staubli Gesch\u00e4ftsleitung\" src=\"data:image\/svg+xml;base64,PHN2ZyB3aWR0aD0iMSIgaGVpZ2h0PSIxIiB4bWxucz0iaHR0cDovL3d3dy53My5vcmcvMjAwMC9zdmciPjwvc3ZnPg==\" style=\"--smush-placeholder-width: 890px; --smush-placeholder-aspect-ratio: 890\/660;\" \/>        <\/div>\n            <\/div>\n\n    <div class=\"person-inhalt\">\n                <h3 class=\"d4 color-orange\">Astrid Schweri<\/h3>\n                \n                  <p class=\"d6 mb-0 base-font-size\"><strong>Apr\u00e8s-vente<\/strong><\/p>\n        \n        \n        <div class=\"links standard-link\">\n                          <p><a href=\"mailto:astrid.schweri@lume.ch\"><span class=\"mail\"><\/span> astrid.schweri@lume.ch<\/a><\/p>\n            \n                          <p><a href=\"tel:+41565520836\"><span class=\"tel\"><\/span> +41 56 552 08 36<\/a><\/p>\n            \n                          <p><a href=\"https:\/\/www.linkedin.com\/in\/astrid-schweri-482432222\/\" target=\"_blank\" rel=\"nofollow noopener\"><span class=\"linkedin\"><\/span> Profil LinkedIn<\/a><\/p>\n                    <\/div>\n    <\/div>\n<\/div>\n\n  \n<div class=\"person mt-klein mb-50\">\n\n    <div class=\"person-bild\">\n                <div class=\"person-bild-inner\">\n            <img decoding=\"async\" width=\"890\" height=\"660\" data-src=\"https:\/\/lume.ch\/wp-content\/uploads\/2023\/11\/Shipman-Roy_F_DSC06646-890x660.png\" class=\"attachment-person size-person wp-post-image lazyload\" alt=\"LM AG Industriestahlbau Absauganlagen\" src=\"data:image\/svg+xml;base64,PHN2ZyB3aWR0aD0iMSIgaGVpZ2h0PSIxIiB4bWxucz0iaHR0cDovL3d3dy53My5vcmcvMjAwMC9zdmciPjwvc3ZnPg==\" style=\"--smush-placeholder-width: 890px; --smush-placeholder-aspect-ratio: 890\/660;\" \/>        <\/div>\n            <\/div>\n\n    <div class=\"person-inhalt\">\n                <h3 class=\"d4 color-orange\">Roy Shipman<\/h3>\n                \n                  <p class=\"d6 mb-0 base-font-size\"><strong>Vente<\/strong><\/p>\n        \n                  <p>Vendeur r\u00e9gional | Chef de projet<\/p>\n        \n        <div class=\"links standard-link\">\n                          <p><a href=\"mailto:roy.shipman@lume.ch\"><span class=\"mail\"><\/span> roy.shipman@lume.ch<\/a><\/p>\n            \n                          <p><a href=\"tel:+41765564096\"><span class=\"tel\"><\/span> +41 76 556 40 96<\/a><\/p>\n            \n                    <\/div>\n    <\/div>\n<\/div>\n\n  \n<div class=\"person mt-klein mb-50\">\n\n    <div class=\"person-bild\">\n                <div class=\"person-bild-inner\">\n            <img decoding=\"async\" width=\"890\" height=\"660\" data-src=\"https:\/\/lume.ch\/wp-content\/uploads\/2025\/04\/Pascal-Buehler-890x660.jpg\" class=\"attachment-person size-person wp-post-image lazyload\" alt=\"LM AG LM AG Industriestahlbau Absauganlagen Pascal B\u00fchler\" src=\"data:image\/svg+xml;base64,PHN2ZyB3aWR0aD0iMSIgaGVpZ2h0PSIxIiB4bWxucz0iaHR0cDovL3d3dy53My5vcmcvMjAwMC9zdmciPjwvc3ZnPg==\" style=\"--smush-placeholder-width: 890px; --smush-placeholder-aspect-ratio: 890\/660;\" \/>        <\/div>\n            <\/div>\n\n    <div class=\"person-inhalt\">\n                <h3 class=\"d4 color-orange\">Pascal B\u00fchler<\/h3>\n                \n                  <p class=\"d6 mb-0 base-font-size\"><strong>Vente<\/strong><\/p>\n        \n                  <p>Vendeur t\u00e9chnique<\/p>\n        \n        <div class=\"links standard-link\">\n                          <p><a href=\"mailto:pascal.buehler@lume.ch\"><span class=\"mail\"><\/span> pascal.buehler@lume.ch<\/a><\/p>\n            \n                          <p><a href=\"tel:+41565520867\"><span class=\"tel\"><\/span> +41 56 552 08 67<\/a><\/p>\n            \n                          <p><a href=\"https:\/\/www.linkedin.com\/in\/pascal-b%C3%BChler-0087b8172\/\" target=\"_blank\" rel=\"nofollow noopener\"><span class=\"linkedin\"><\/span> Profil LinkedIn<\/a><\/p>\n                    <\/div>\n    <\/div>\n<\/div>\n\n  \n    <\/div>\n<\/div>","protected":false},"excerpt":{"rendered":"","protected":false},"author":5,"featured_media":0,"parent":16962,"menu_order":0,"comment_status":"closed","ping_status":"closed","template":"tpl-front-page.php","meta":{"_acf_changed":false,"footnotes":""},"class_list":["post-13892","page","type-page","status-publish","hentry"],"acf":[],"_links":{"self":[{"href":"https:\/\/lume.ch\/fr\/wp-json\/wp\/v2\/pages\/13892","targetHints":{"allow":["GET"]}}],"collection":[{"href":"https:\/\/lume.ch\/fr\/wp-json\/wp\/v2\/pages"}],"about":[{"href":"https:\/\/lume.ch\/fr\/wp-json\/wp\/v2\/types\/page"}],"author":[{"embeddable":true,"href":"https:\/\/lume.ch\/fr\/wp-json\/wp\/v2\/users\/5"}],"replies":[{"embeddable":true,"href":"https:\/\/lume.ch\/fr\/wp-json\/wp\/v2\/comments?post=13892"}],"version-history":[{"count":3,"href":"https:\/\/lume.ch\/fr\/wp-json\/wp\/v2\/pages\/13892\/revisions"}],"predecessor-version":[{"id":17385,"href":"https:\/\/lume.ch\/fr\/wp-json\/wp\/v2\/pages\/13892\/revisions\/17385"}],"up":[{"embeddable":true,"href":"https:\/\/lume.ch\/fr\/wp-json\/wp\/v2\/pages\/16962"}],"wp:attachment":[{"href":"https:\/\/lume.ch\/fr\/wp-json\/wp\/v2\/media?parent=13892"}],"curies":[{"name":"wp","href":"https:\/\/api.w.org\/{rel}","templated":true}]}}