{"id":13888,"date":"2023-11-15T08:06:00","date_gmt":"2023-11-15T07:06:00","guid":{"rendered":"https:\/\/lume.ch\/?page_id=13888"},"modified":"2024-08-22T11:47:12","modified_gmt":"2024-08-22T09:47:12","slug":"pieces-de-rechange","status":"publish","type":"page","link":"https:\/\/lume.ch\/fr\/installations-daspiration\/pieces-de-rechange\/","title":{"rendered":"Pi\u00e8ces de rechange"},"content":{"rendered":"\n<div  class=\"block block-header pb-mittel header-text\">\n\n            <div class=\"main-container container-padding-top pb-mittel has-breadcrumb\"> \n          \n            <div class=\"content-container\">\n            \n                                <div class=\"d5 color-anthrazit uebertitel\">Installations d&rsquo;aspiration<\/div>\n                \n                                <h1 class=\"d1 color-orange\">Pi\u00e8ces de rechange<\/h1>\n                 \n                                <div class=\"lead-font-size\"><p>Notre objectif est d&rsquo;accompagner vos installations d&rsquo;aspiration tout au long de leur cycle de vie. L+M propose des pi\u00e8ces de rechange d&rsquo;origine de haute qualit\u00e9 pour ses propres syst\u00e8mes d&rsquo;aspiration ainsi que pour les syst\u00e8mes d&rsquo;autres fabricants, m\u00eame de nombreuses ann\u00e9es apr\u00e8s l&rsquo;achat.<br \/>\nNous livrons la pi\u00e8ce de rechange n\u00e9cessaire au moment voulu, dans la quantit\u00e9 voulue et \u00e0 l&rsquo;endroit souhait\u00e9.<br \/>\nCela r\u00e9duit les temps d&rsquo;arr\u00eat de votre syst\u00e8me d&rsquo;aspiration et \u00e9vite des co\u00fbts d&rsquo;approvisionnement co\u00fbteux.<br \/>\nLa plaque signal\u00e9tique situ\u00e9e \u00e0 l&rsquo;arri\u00e8re de votre installation nous permet de d\u00e9terminer la pi\u00e8ce de rechange appropri\u00e9e &#8211; de mani\u00e8re simple et fiable.   <\/p>\n<\/div>\n                            <\/div>\n        <\/div>\n    <\/div>\n<div  class=\"block block-teaser bg-hellgrau pt-gross pb-gross bild-text\">\n  <div class=\"main-container\">\n          <div class=\"content-container\">\n                  <h2 class=\"d3\">Des solutions adapt\u00e9es<\/h2>\n        \n                  <div class=\"lead pb-mittel\"><p>Commandez rapidement et facilement !<br \/>\nEnvoyez-nous <a href=\"mailto:info@lume.ch\">par e-mail<\/a> une photo de la plaque signal\u00e9tique de votre syst\u00e8me d&rsquo;aspiration avec la d\u00e9signation du type et le num\u00e9ro de s\u00e9rie (num\u00e9ro de fabrication).<br \/>\nNous nous ferons un plaisir de vous r\u00e9pondre dans les plus brefs d\u00e9lais.  <\/p>\n<\/div>\n              <\/div>\n    \n        <div class=\"teaser-row\">\n      \n                          <a class=\"teaser\" href=\"https:\/\/lume.ch\/absauganlagen-filteranlagen\/filterelemente\/\" target=\"_self\">\n            \n              <div class=\"bild\"><img decoding=\"async\" width=\"1110\" height=\"420\" data-src=\"https:\/\/lume.ch\/wp-content\/uploads\/2023\/11\/Filterpatrone_EcoTec3-Freigestellt-1110x420.png?theia_smart_thumbnails_file_version=2\" class=\"attachment-teaser-big size-teaser-big lazyload\" alt=\"\" src=\"data:image\/svg+xml;base64,PHN2ZyB3aWR0aD0iMSIgaGVpZ2h0PSIxIiB4bWxucz0iaHR0cDovL3d3dy53My5vcmcvMjAwMC9zdmciPjwvc3ZnPg==\" style=\"--smush-placeholder-width: 1110px; --smush-placeholder-aspect-ratio: 1110\/420;\" \/><span class=\"overlay\"><\/span><\/div>\n                              <div class=\"uebertitel\">Installations d&rsquo;aspiration<\/div>\n              \n              \n              <div class=\"inner\">\n                                                      <h3 class=\"d5\">El\u00e9ments filtrants<\/h3>\n                                  \n                                  <div class=\"teaser-inhalt\">Le choix de cartouches filtrantes et de filtres \u00e0 air adapt\u00e9s est essentiel pour obtenir un air propre.<\/div>\n                              <\/div>\n\n                            <div class=\"teaser-cta transition\">El\u00e9ments filtrants<\/div>\n          <\/a>\n                  \n                        <a class=\"teaser\" href=\"https:\/\/lume.ch\/absauganlagen-filteranlagen\/zubehoer\/\" target=\"_self\">\n            \n              <div class=\"bild\"><img decoding=\"async\" width=\"1110\" height=\"420\" data-src=\"https:\/\/lume.ch\/wp-content\/uploads\/2023\/11\/Rohrsysteme-e1724849161587-1110x420.jpg\" class=\"attachment-teaser-big size-teaser-big lazyload\" alt=\"\" src=\"data:image\/svg+xml;base64,PHN2ZyB3aWR0aD0iMSIgaGVpZ2h0PSIxIiB4bWxucz0iaHR0cDovL3d3dy53My5vcmcvMjAwMC9zdmciPjwvc3ZnPg==\" style=\"--smush-placeholder-width: 1110px; --smush-placeholder-aspect-ratio: 1110\/420;\" \/><span class=\"overlay\"><\/span><\/div>\n                              <div class=\"uebertitel\">Installations d&rsquo;aspiration<\/div>\n              \n              \n              <div class=\"inner\">\n                                                      <h3 class=\"d5\">Accessoires<\/h3>\n                                  \n                                  <div class=\"teaser-inhalt\">D\u00e9couvrez les accessoires id\u00e9aux pour les syst\u00e8mes d&rsquo;aspiration et de filtration industrielle<\/div>\n                              <\/div>\n\n                            <div class=\"teaser-cta transition\">Accessoires<\/div>\n          <\/a>\n                  \n              <\/div>\n  <\/div>\n<\/div>\n\n<div  class=\"block block-personen bg-dunkelgrau pt-mittel pb-mittel\">\n    <div class=\"main-container\">\n\n        <h2 class=\"d3\">Votre contact<\/h2>\n    \n    \n\n           \n            <p>Vous avez besoin d&rsquo;un conseil ou vous avez un projet ?  &nbsp;<\/p>\n\n<div class=\"person mt-klein mb-50\">\n\n    <div class=\"person-bild\">\n                <div class=\"person-bild-inner\">\n            <img decoding=\"async\" width=\"890\" height=\"660\" data-src=\"https:\/\/lume.ch\/wp-content\/uploads\/2023\/11\/Schweri-Astrid1_Kundendienst_231004_1358-890x660.jpg\" class=\"attachment-person size-person wp-post-image lazyload\" alt=\"LM AG Industriestahlbau Absauganlagen Marcel Zehnder Gregor Staubli Gesch\u00e4ftsleitung\" src=\"data:image\/svg+xml;base64,PHN2ZyB3aWR0aD0iMSIgaGVpZ2h0PSIxIiB4bWxucz0iaHR0cDovL3d3dy53My5vcmcvMjAwMC9zdmciPjwvc3ZnPg==\" style=\"--smush-placeholder-width: 890px; --smush-placeholder-aspect-ratio: 890\/660;\" \/>        <\/div>\n            <\/div>\n\n    <div class=\"person-inhalt\">\n                <h3 class=\"d4 color-orange\">Astrid Schweri<\/h3>\n                \n                  <p class=\"d6 mb-0 base-font-size\"><strong>Apr\u00e8s-vente<\/strong><\/p>\n        \n        \n        <div class=\"links standard-link\">\n                          <p><a href=\"mailto:astrid.schweri@lume.ch\"><span class=\"mail\"><\/span> astrid.schweri@lume.ch<\/a><\/p>\n            \n                          <p><a href=\"tel:+41565520836\"><span class=\"tel\"><\/span> +41 56 552 08 36<\/a><\/p>\n            \n                          <p><a href=\"https:\/\/www.linkedin.com\/in\/astrid-schweri-482432222\/\" target=\"_blank\" rel=\"nofollow noopener\"><span class=\"linkedin\"><\/span> Profil LinkedIn<\/a><\/p>\n                    <\/div>\n    <\/div>\n<\/div>\n\n  \n<div class=\"person mt-klein mb-50\">\n\n    <div class=\"person-bild\">\n                <div class=\"person-bild-inner\">\n            <img decoding=\"async\" width=\"890\" height=\"660\" data-src=\"https:\/\/lume.ch\/wp-content\/uploads\/2023\/11\/Glittmann-Fabian1_Projektleiter_231004_1150-890x660.jpg\" class=\"attachment-person size-person wp-post-image lazyload\" alt=\"LM AG Industriestahlbau Absauganlagen Fabian Glittmann\" src=\"data:image\/svg+xml;base64,PHN2ZyB3aWR0aD0iMSIgaGVpZ2h0PSIxIiB4bWxucz0iaHR0cDovL3d3dy53My5vcmcvMjAwMC9zdmciPjwvc3ZnPg==\" style=\"--smush-placeholder-width: 890px; --smush-placeholder-aspect-ratio: 890\/660;\" \/>        <\/div>\n            <\/div>\n\n    <div class=\"person-inhalt\">\n                <h3 class=\"d4 color-orange\">Fabian Glittmann<\/h3>\n                \n                  <p class=\"d6 mb-0 base-font-size\"><strong>Chef de projet<\/strong><\/p>\n        \n                  <p>Installations d&rsquo;aspiration<\/p>\n        \n        <div class=\"links standard-link\">\n                          <p><a href=\"mailto:fabian.glittmann@lume.ch\"><span class=\"mail\"><\/span> fabian.glittmann@lume.ch<\/a><\/p>\n            \n                          <p><a href=\"tel:+41565520861\"><span class=\"tel\"><\/span> +41 56 552 08 61<\/a><\/p>\n            \n                    <\/div>\n    <\/div>\n<\/div>\n\n  \n<div class=\"person mt-klein mb-50\">\n\n    <div class=\"person-bild\">\n                <div class=\"person-bild-inner\">\n            <img decoding=\"async\" width=\"890\" height=\"660\" data-src=\"https:\/\/lume.ch\/wp-content\/uploads\/2023\/11\/Hany-Marc2_Projektleiter_DSC06547-890x660.jpg\" class=\"attachment-person size-person wp-post-image lazyload\" alt=\"LM AG Industriestahlbau Absauganlagen Marc Hany Projektleiter\" src=\"data:image\/svg+xml;base64,PHN2ZyB3aWR0aD0iMSIgaGVpZ2h0PSIxIiB4bWxucz0iaHR0cDovL3d3dy53My5vcmcvMjAwMC9zdmciPjwvc3ZnPg==\" style=\"--smush-placeholder-width: 890px; --smush-placeholder-aspect-ratio: 890\/660;\" \/>        <\/div>\n            <\/div>\n\n    <div class=\"person-inhalt\">\n                <h3 class=\"d4 color-orange\">Marc Hany<\/h3>\n                \n                  <p class=\"d6 mb-0 base-font-size\"><strong>Chef de projet<\/strong><\/p>\n        \n                  <p>Installations d&rsquo;aspiration<\/p>\n        \n        <div class=\"links standard-link\">\n                          <p><a href=\"mailto:marc.hany@lume.ch\"><span class=\"mail\"><\/span> marc.hany@lume.ch<\/a><\/p>\n            \n                          <p><a href=\"tel:+41562978047\"><span class=\"tel\"><\/span> +41 56 297 80 47<\/a><\/p>\n            \n                          <p><a href=\"https:\/\/www.linkedin.com\/in\/marc-hany-aa8aa81a1\/\" target=\"_blank\" rel=\"nofollow noopener\"><span class=\"linkedin\"><\/span> Profil LinkedIn<\/a><\/p>\n                    <\/div>\n    <\/div>\n<\/div>\n\n  \n    <\/div>\n<\/div>\n<div id=\"branches\" class=\"block block-teaser bg-dunkelgrau pt-gross pb-gross\">\n    <div class=\"main-container\">\n                <div class=\"content-container\">\n                            <h2 class=\"d3\">Solutions sectorielles<\/h2>\n            \n                            <div class=\"lead pb-mittel\"><p>Vous avez besoin d&rsquo;une solution ? Nous nous ferons un plaisir de vous pr\u00e9senter des offres adapt\u00e9es \u00e0 votre secteur d&rsquo;activit\u00e9.<\/p>\n<\/div>\n                    <\/div>\n        \n                <div class=\"button-row\">\n                    <a class=\"btn btn-icon btn-arrow\" href=\"https:\/\/lume.ch\/absauganlagen-filteranlagen\/branchen\/maschinen-und-anlagenbau\/\" target=\"_self\">\n                <div class=\"inner\">\n                    <img decoding=\"async\" width=\"100\" height=\"100\" data-src=\"https:\/\/lume.ch\/wp-content\/uploads\/2023\/11\/branche-maschinen-anlagebau.svg\" class=\"attachment-full size-full lazyload\" alt=\"\" src=\"data:image\/svg+xml;base64,PHN2ZyB3aWR0aD0iMSIgaGVpZ2h0PSIxIiB4bWxucz0iaHR0cDovL3d3dy53My5vcmcvMjAwMC9zdmciPjwvc3ZnPg==\" style=\"--smush-placeholder-width: 100px; --smush-placeholder-aspect-ratio: 100\/100;\" \/>\n                                        <span>Construction de machines et d&rsquo;installations<\/span>\n                                    <\/div>\n            <\/a> \n                    <a class=\"btn btn-icon btn-arrow\" href=\"https:\/\/lume.ch\/absauganlagen-filteranlagen\/branchen\/metallindustrie\/\" target=\"_self\">\n                <div class=\"inner\">\n                    <img decoding=\"async\" width=\"100\" height=\"100\" data-src=\"https:\/\/lume.ch\/wp-content\/uploads\/2023\/11\/branche-metallindustrie.svg\" class=\"attachment-full size-full lazyload\" alt=\"\" src=\"data:image\/svg+xml;base64,PHN2ZyB3aWR0aD0iMSIgaGVpZ2h0PSIxIiB4bWxucz0iaHR0cDovL3d3dy53My5vcmcvMjAwMC9zdmciPjwvc3ZnPg==\" style=\"--smush-placeholder-width: 100px; --smush-placeholder-aspect-ratio: 100\/100;\" \/>\n                                        <span>Industrie m\u00e9tallurgique<\/span>\n                                    <\/div>\n            <\/a> \n                    <a class=\"btn btn-icon btn-arrow\" href=\"https:\/\/lume.ch\/absauganlagen-filteranlagen\/branchen\/kunststoff\/\" target=\"_self\">\n                <div class=\"inner\">\n                    <img decoding=\"async\" width=\"100\" height=\"100\" data-src=\"https:\/\/lume.ch\/wp-content\/uploads\/2023\/11\/branche-kunststoff.svg\" class=\"attachment-full size-full lazyload\" alt=\"\" src=\"data:image\/svg+xml;base64,PHN2ZyB3aWR0aD0iMSIgaGVpZ2h0PSIxIiB4bWxucz0iaHR0cDovL3d3dy53My5vcmcvMjAwMC9zdmciPjwvc3ZnPg==\" style=\"--smush-placeholder-width: 100px; --smush-placeholder-aspect-ratio: 100\/100;\" \/>\n                                        <span>Plastique<\/span>\n                                    <\/div>\n            <\/a> \n                    <a class=\"btn btn-icon btn-arrow\" href=\"https:\/\/lume.ch\/absauganlagen-filteranlagen\/branchen\/lebensmittel\/\" target=\"_self\">\n                <div class=\"inner\">\n                    <img decoding=\"async\" width=\"100\" height=\"100\" data-src=\"https:\/\/lume.ch\/wp-content\/uploads\/2023\/11\/branche-lebensmittel.svg\" class=\"attachment-full size-full lazyload\" alt=\"\" src=\"data:image\/svg+xml;base64,PHN2ZyB3aWR0aD0iMSIgaGVpZ2h0PSIxIiB4bWxucz0iaHR0cDovL3d3dy53My5vcmcvMjAwMC9zdmciPjwvc3ZnPg==\" style=\"--smush-placeholder-width: 100px; --smush-placeholder-aspect-ratio: 100\/100;\" \/>\n                                        <span>Alimentation<\/span>\n                                    <\/div>\n            <\/a> \n                    <a class=\"btn btn-icon btn-arrow\" href=\"https:\/\/lume.ch\/absauganlagen-filteranlagen\/branchen\/pharma-chemie\/\" target=\"_self\">\n                <div class=\"inner\">\n                    <img decoding=\"async\" width=\"100\" height=\"100\" data-src=\"https:\/\/lume.ch\/wp-content\/uploads\/2023\/11\/branche-pharma-chemie.svg\" class=\"attachment-full size-full lazyload\" alt=\"\" src=\"data:image\/svg+xml;base64,PHN2ZyB3aWR0aD0iMSIgaGVpZ2h0PSIxIiB4bWxucz0iaHR0cDovL3d3dy53My5vcmcvMjAwMC9zdmciPjwvc3ZnPg==\" style=\"--smush-placeholder-width: 100px; --smush-placeholder-aspect-ratio: 100\/100;\" \/>\n                                        <span>Pharmacie + chimie<\/span>\n                                    <\/div>\n            <\/a> \n                    <a class=\"btn btn-icon btn-arrow\" href=\"https:\/\/lume.ch\/absauganlagen-filteranlagen\/branchen\/schienenfahrzeuge-bahninfrastruktur\/\" target=\"_self\">\n                <div class=\"inner\">\n                    <img decoding=\"async\" width=\"100\" height=\"100\" data-src=\"https:\/\/lume.ch\/wp-content\/uploads\/2023\/11\/branche-schienenfahrzeuge.svg\" class=\"attachment-full size-full lazyload\" alt=\"\" src=\"data:image\/svg+xml;base64,PHN2ZyB3aWR0aD0iMSIgaGVpZ2h0PSIxIiB4bWxucz0iaHR0cDovL3d3dy53My5vcmcvMjAwMC9zdmciPjwvc3ZnPg==\" style=\"--smush-placeholder-width: 100px; --smush-placeholder-aspect-ratio: 100\/100;\" \/>\n                                        <span>V\u00e9hicules ferroviaires + infrastructure ferroviaire<\/span>\n                                    <\/div>\n            <\/a> \n                <\/div>\n        \n        \n                <div class=\"button-row pt-mittel\">\n            <a class=\"btn btn-big btn-full btn-arrow\" href=\"https:\/\/lume.ch\/fr\/?page_id=13820\" target=\"_self\">Tous les secteurs<\/a>\n        <\/div>\n            <\/div>\n<\/div>","protected":false},"excerpt":{"rendered":"","protected":false},"author":1,"featured_media":0,"parent":13868,"menu_order":0,"comment_status":"closed","ping_status":"closed","template":"tpl-front-page.php","meta":{"_acf_changed":false,"footnotes":""},"class_list":["post-13888","page","type-page","status-publish","hentry"],"acf":[],"_links":{"self":[{"href":"https:\/\/lume.ch\/fr\/wp-json\/wp\/v2\/pages\/13888","targetHints":{"allow":["GET"]}}],"collection":[{"href":"https:\/\/lume.ch\/fr\/wp-json\/wp\/v2\/pages"}],"about":[{"href":"https:\/\/lume.ch\/fr\/wp-json\/wp\/v2\/types\/page"}],"author":[{"embeddable":true,"href":"https:\/\/lume.ch\/fr\/wp-json\/wp\/v2\/users\/1"}],"replies":[{"embeddable":true,"href":"https:\/\/lume.ch\/fr\/wp-json\/wp\/v2\/comments?post=13888"}],"version-history":[{"count":1,"href":"https:\/\/lume.ch\/fr\/wp-json\/wp\/v2\/pages\/13888\/revisions"}],"predecessor-version":[{"id":13889,"href":"https:\/\/lume.ch\/fr\/wp-json\/wp\/v2\/pages\/13888\/revisions\/13889"}],"up":[{"embeddable":true,"href":"https:\/\/lume.ch\/fr\/wp-json\/wp\/v2\/pages\/13868"}],"wp:attachment":[{"href":"https:\/\/lume.ch\/fr\/wp-json\/wp\/v2\/media?parent=13888"}],"curies":[{"name":"wp","href":"https:\/\/api.w.org\/{rel}","templated":true}]}}