{"id":13884,"date":"2024-02-15T09:07:41","date_gmt":"2024-02-15T08:07:41","guid":{"rendered":"https:\/\/lume.ch\/?page_id=13884"},"modified":"2024-08-22T11:47:01","modified_gmt":"2024-08-22T09:47:01","slug":"systeme-de-filtration-type-frs","status":"publish","type":"page","link":"https:\/\/lume.ch\/fr\/installations-daspiration\/installations-daspiration-et-de-filtration\/systeme-de-filtration-type-frs\/","title":{"rendered":"Syst\u00e8me de filtration type FRS"},"content":{"rendered":"\n<div  class=\"block block-header pb-mittel header-text\">\n\n            <div class=\"main-container container-padding-top pb-mittel has-breadcrumb\"> \n          \n            <div class=\"content-container\">\n            \n                                <div class=\"d5 color-anthrazit uebertitel\">Syst\u00e8mes d&rsquo;aspiration et appareils de filtration<\/div>\n                \n                                <h1 class=\"d1 color-orange\">Syst\u00e8me de filtration type FRS<\/h1>\n                 \n                                <div class=\"lead-font-size\"><p>Les syst\u00e8mes de filtration de la marque GRAM sont \u00e9prouv\u00e9s, compacts et \u00e9quip\u00e9s d&rsquo;un roto-nettoyage manuel ou automatique (FRS MAN ou FRS AUT) pour les cartouches filtrantes.<\/p>\n<\/div>\n                            <\/div>\n        <\/div>\n    <\/div>\n<div  class=\"block block-image bg-weiss pb-mittel hochformat\">\n    <div class=\"main-container\">\n        <div class=\"image-container\">\n            <img decoding=\"async\" width=\"341\" height=\"608\" data-src=\"https:\/\/lume.ch\/wp-content\/uploads\/2023\/11\/GRAM-FRS-Aut-20-mit-150-L-Staubbehaelter.jpg\" class=\"attachment-large size-large lazyload\" alt=\"GRAM-FRS-Aut-20-mit-150-L-Staubbeh\u00e4lter\" data-srcset=\"https:\/\/lume.ch\/wp-content\/uploads\/2023\/11\/GRAM-FRS-Aut-20-mit-150-L-Staubbehaelter.jpg 341w, https:\/\/lume.ch\/wp-content\/uploads\/2023\/11\/GRAM-FRS-Aut-20-mit-150-L-Staubbehaelter-224x400.jpg 224w\" data-sizes=\"(max-width: 341px) 100vw, 341px\" src=\"data:image\/svg+xml;base64,PHN2ZyB3aWR0aD0iMSIgaGVpZ2h0PSIxIiB4bWxucz0iaHR0cDovL3d3dy53My5vcmcvMjAwMC9zdmciPjwvc3ZnPg==\" style=\"--smush-placeholder-width: 341px; --smush-placeholder-aspect-ratio: 341\/608;\" \/>        <\/div>\n    \n                <div class=\"caption small-font-size\">Syst\u00e8me de filtration type FRS<\/div>\n            <\/div>\n<\/div>\n<div  class=\"block block-content bg-weiss pb-mittel\">\n    <div class=\"main-container\">\n        <div class=\"content-container\">\n\n            \n\n    <h2 class=\"d3\">Votre valeur ajout\u00e9e avec un syst\u00e8me de filtration de type FRS<\/h2>\n\n        <p><span style=\"font-weight: 400;\">Les domaines d&rsquo;application du syst\u00e8me de filtration FRS sont les centres de formation ou les petits ateliers. Cette solution d&rsquo;aspiration est disponible en version simple avec une surface de filtration de 10 \u00e0 20 m\u00b2 et en version double avec une surface de filtration de 40 m\u00b2. Elle peut \u00eatre raccord\u00e9e \u00e0 plusieurs types de machines produisant des copeaux et de la poussi\u00e8re dans l&rsquo;industrie du bois et du m\u00e9tal.<\/span><\/p>\n<div class=\"ce_list attribute list\">\n<div class=\"ce_ block\">\n<ul>\n<li class=\"first\">Unit\u00e9 de filtration \u00e0 bas prix dans de nombreux mod\u00e8les<\/li>\n<li>Possibilit\u00e9 de nettoyage manuel ou automatique des cartouches filtrantes<\/li>\n<li>Remplacement facile du filtre gr\u00e2ce \u00e0 une porte frontale suspendue par des boulons<\/li>\n<li>Prise de nettoyage int\u00e9gr\u00e9e<\/li>\n<li class=\"last\">Livr\u00e9 avec bac \u00e0 poussi\u00e8re ou structure de sac <div id=\"attachment_10954\" style=\"width: 401px\" class=\"wp-caption alignnone\"><img decoding=\"async\" aria-describedby=\"caption-attachment-10954\" class=\"size-medium wp-image-5407 lazyload\" data-src=\"https:\/\/lume.ch\/wp-content\/uploads\/2023\/11\/Gram-Filtereinheit-Typ-40-mit-2x240L-ohne-Hintergrund-e1699969085596-391x400.png\" alt=\"Unit\u00e9 de filtration Gram Type 40 avec 2x240L\" width=\"391\" height=\"400\" data-srcset=\"https:\/\/lume.ch\/wp-content\/uploads\/2023\/11\/Gram-Filtereinheit-Typ-40-mit-2x240L-ohne-Hintergrund-e1699969085596-391x400.png 391w, https:\/\/lume.ch\/wp-content\/uploads\/2023\/11\/Gram-Filtereinheit-Typ-40-mit-2x240L-ohne-Hintergrund-e1699969085596.png 685w\" data-sizes=\"(max-width: 391px) 100vw, 391px\" src=\"data:image\/svg+xml;base64,PHN2ZyB3aWR0aD0iMSIgaGVpZ2h0PSIxIiB4bWxucz0iaHR0cDovL3d3dy53My5vcmcvMjAwMC9zdmciPjwvc3ZnPg==\" style=\"--smush-placeholder-width: 391px; --smush-placeholder-aspect-ratio: 391\/400;\" \/><p id=\"caption-attachment-10954\" class=\"wp-caption-text\">Gram Unit\u00e9 de filtration type 40 avec 2x240L<\/p><\/div><\/li>\n<\/ul>\n<\/div>\n<\/div>\n    \n    <div class=\"columns-2-count\">\n        <div class=\"column\">\n            \n                    <\/div>\n\n        <div class=\"column\">\n            \n                            <div class=\"button-group\">\n                                   <a class=\"btn btn-outline btn-ext\" href=\"https:\/\/gramcleanair.com\/de\/p\/Filtereinheit_FRS\" target=\"_blank\" rel=\"nofollow noopener\">Syst\u00e8mes de filtration type FRS GRAM<\/a>\n                                <\/div>\n                    <\/div>\n    <\/div>\n    \n\n        <\/div>\n    <\/div>\n<\/div>\n<div id=\"personnes \u00e0 contacter\" class=\"block block-personen bg-dunkelgrau pt-gross pb-gross\">\n    <div class=\"main-container\">\n\n        <h2 class=\"d3\">Vos contacts<\/h2>\n    \n    \n\n           \n            <p>Vous avez besoin d&rsquo;un conseil ou vous avez un projet ?<\/p>\n\n<div class=\"person mt-klein mb-50\">\n\n    <div class=\"person-bild\">\n                <div class=\"person-bild-inner\">\n            <img decoding=\"async\" width=\"890\" height=\"660\" data-src=\"https:\/\/lume.ch\/wp-content\/uploads\/2023\/09\/Staubli-Gregor5_DSC06531-890x660.jpg\" class=\"attachment-person size-person wp-post-image lazyload\" alt=\"LM AG Industriestahlbau Absauganlagen Gregor Staubli\" src=\"data:image\/svg+xml;base64,PHN2ZyB3aWR0aD0iMSIgaGVpZ2h0PSIxIiB4bWxucz0iaHR0cDovL3d3dy53My5vcmcvMjAwMC9zdmciPjwvc3ZnPg==\" style=\"--smush-placeholder-width: 890px; --smush-placeholder-aspect-ratio: 890\/660;\" \/>        <\/div>\n            <\/div>\n\n    <div class=\"person-inhalt\">\n                <h3 class=\"d4 color-orange\">Gregor Staubli<\/h3>\n                \n                  <p class=\"d6 mb-0 base-font-size\"><strong>Vente | Direction<\/strong><\/p>\n        \n                  <p>Directeur des ventes | Membre de la direction<\/p>\n        \n        <div class=\"links standard-link\">\n                          <p><a href=\"mailto:gregor.staubli@lume.ch\"><span class=\"mail\"><\/span> gregor.staubli@lume.ch<\/a><\/p>\n            \n                          <p><a href=\"tel:+41763631229\"><span class=\"tel\"><\/span> +41 76 363 12 29<\/a><\/p>\n            \n                          <p><a href=\"https:\/\/www.linkedin.com\/in\/gregor-staubli-12b17052\/\" target=\"_blank\" rel=\"nofollow noopener\"><span class=\"linkedin\"><\/span> Profil LinkedIn<\/a><\/p>\n                    <\/div>\n    <\/div>\n<\/div>\n\n  \n    <\/div>\n<\/div>","protected":false},"excerpt":{"rendered":"","protected":false},"author":2,"featured_media":0,"parent":13870,"menu_order":0,"comment_status":"closed","ping_status":"closed","template":"tpl-front-page.php","meta":{"_acf_changed":false,"footnotes":""},"class_list":["post-13884","page","type-page","status-publish","hentry"],"acf":[],"_links":{"self":[{"href":"https:\/\/lume.ch\/fr\/wp-json\/wp\/v2\/pages\/13884","targetHints":{"allow":["GET"]}}],"collection":[{"href":"https:\/\/lume.ch\/fr\/wp-json\/wp\/v2\/pages"}],"about":[{"href":"https:\/\/lume.ch\/fr\/wp-json\/wp\/v2\/types\/page"}],"author":[{"embeddable":true,"href":"https:\/\/lume.ch\/fr\/wp-json\/wp\/v2\/users\/2"}],"replies":[{"embeddable":true,"href":"https:\/\/lume.ch\/fr\/wp-json\/wp\/v2\/comments?post=13884"}],"version-history":[{"count":1,"href":"https:\/\/lume.ch\/fr\/wp-json\/wp\/v2\/pages\/13884\/revisions"}],"predecessor-version":[{"id":13885,"href":"https:\/\/lume.ch\/fr\/wp-json\/wp\/v2\/pages\/13884\/revisions\/13885"}],"up":[{"embeddable":true,"href":"https:\/\/lume.ch\/fr\/wp-json\/wp\/v2\/pages\/13870"}],"wp:attachment":[{"href":"https:\/\/lume.ch\/fr\/wp-json\/wp\/v2\/media?parent=13884"}],"curies":[{"name":"wp","href":"https:\/\/api.w.org\/{rel}","templated":true}]}}