{"id":13882,"date":"2023-11-14T15:36:27","date_gmt":"2023-11-14T14:36:27","guid":{"rendered":"https:\/\/lume.ch\/?page_id=13882"},"modified":"2024-08-22T11:46:52","modified_gmt":"2024-08-22T09:46:52","slug":"systeme-daspiration-variocell","status":"publish","type":"page","link":"https:\/\/lume.ch\/fr\/installations-daspiration\/installations-daspiration-et-de-filtration\/systeme-daspiration-variocell\/","title":{"rendered":"Syst\u00e8me d&rsquo;aspiration VarioCell"},"content":{"rendered":"\n<div  class=\"block block-header pb-mittel header-text\">\n\n            <div class=\"main-container container-padding-top pb-mittel has-breadcrumb\"> \n          \n            <div class=\"content-container\">\n            \n                                <div class=\"d5 color-anthrazit uebertitel\">Syst\u00e8mes d&rsquo;aspiration et appareils de filtration<\/div>\n                \n                                <h1 class=\"d1 color-orange\">Syst\u00e8me d&rsquo;aspiration VarioCell<\/h1>\n                 \n                                <div class=\"lead-font-size\"><p>Le syst\u00e8me d&rsquo;aspiration VarioCell est disponible sous forme de filtre \u00e0 cartouche ou de filtre \u00e0 manches et trouve son application dans de nombreux secteurs de l&rsquo;industrie. Le bo\u00eetier du filtre, les m\u00e9dias filtrants, le d\u00e9bit d&rsquo;air, la pression et l&rsquo;\u00e9vacuation des poussi\u00e8res sont adapt\u00e9s de mani\u00e8re modulaire \u00e0 vos conditions de fonctionnement sp\u00e9cifiques.<br \/>\nQue ce soit pour le m\u00e9tal (soudage, brasage, br\u00fblage, meulage, d\u00e9coupe), la chimie, la pharmacie, l&rsquo;alimentation, la pierre ou la terre.<br \/>\nLe VarioCell est facile \u00e0 utiliser dans tous les domaines.<br \/>\nIl est \u00e9quip\u00e9 d&rsquo;une commande \u00e9lectronique qui permet un r\u00e9glage du nettoyage du filtre adapt\u00e9 \u00e0 votre entreprise.   <\/p>\n<\/div>\n                            <\/div>\n        <\/div>\n    <\/div>\n<div  class=\"block block-image bg-weiss pb-mittel hochformat\">\n    <div class=\"main-container\">\n        <div class=\"image-container\">\n            <img decoding=\"async\" width=\"682\" height=\"1024\" data-src=\"https:\/\/lume.ch\/wp-content\/uploads\/2023\/11\/Absauganlage-VarioCell.jpg\" class=\"attachment-large size-large lazyload\" alt=\"L+M AG Absauganlage VarioCell\" data-srcset=\"https:\/\/lume.ch\/wp-content\/uploads\/2023\/11\/Absauganlage-VarioCell.jpg 1152w, https:\/\/lume.ch\/wp-content\/uploads\/2023\/11\/Absauganlage-VarioCell-267x400.jpg 267w\" data-sizes=\"(max-width: 682px) 100vw, 682px\" src=\"data:image\/svg+xml;base64,PHN2ZyB3aWR0aD0iMSIgaGVpZ2h0PSIxIiB4bWxucz0iaHR0cDovL3d3dy53My5vcmcvMjAwMC9zdmciPjwvc3ZnPg==\" style=\"--smush-placeholder-width: 682px; --smush-placeholder-aspect-ratio: 682\/1024;\" \/>        <\/div>\n    \n                <div class=\"caption small-font-size\">Syst\u00e8me d&rsquo;aspiration VarioCell<\/div>\n            <\/div>\n<\/div>\n<div  class=\"block block-content bg-weiss pb-mittel\">\n    <div class=\"main-container\">\n        <div class=\"content-container\">\n\n            \n\n    <h2 class=\"d3\">Votre valeur ajout\u00e9e avec VarioCell<\/h2>\n\n    \n    <div class=\"columns-2-count\">\n        <div class=\"column\">\n            <ul>\n<li style=\"font-weight: 400;\" aria-level=\"1\"><span style=\"font-weight: 400;\"><a href=\"https:\/\/lume.ch\/absauganlagen-filteranlagen\/ersatzteile-und-zubehoer\/filterelemente\/filterpatronen\/\">Cartouches filtrantes<\/a> avec structure de surface pliss\u00e9e, alternativement avec manches filtrantes<\/span><\/li>\n<li style=\"font-weight: 400;\" aria-level=\"1\"><span style=\"font-weight: 400;\">Surfaces de filtration et charges de filtration variables pour une longue dur\u00e9e de vie<\/span><\/li>\n<li style=\"font-weight: 400;\" aria-level=\"1\"><span style=\"font-weight: 400;\">Mat\u00e9riaux filtrants conformes \u00e0 la norme BGIA M et H, donc conformes \u00e0 la loi<\/span><\/li>\n<li style=\"font-weight: 400;\" aria-level=\"1\"><span style=\"font-weight: 400;\">Simplicit\u00e9 d&rsquo;utilisation avec un contr\u00f4le intelligent<\/span><\/li>\n<li style=\"font-weight: 400;\" aria-level=\"1\"><span style=\"font-weight: 400;\">Changement de filtre facile et sans outil gr\u00e2ce \u00e0 une bonne accessibilit\u00e9<\/span><\/li>\n<\/ul>\n\n                    <\/div>\n\n        <div class=\"column\">\n            <ul>\n<li style=\"font-weight: 400;\" aria-level=\"1\"><span style=\"font-weight: 400;\">Filtres \u00e0 faible entretien et longue dur\u00e9e de vie gr\u00e2ce au d\u00e9colmatage pneumatique<\/span><\/li>\n<li style=\"font-weight: 400;\" aria-level=\"1\"><span style=\"font-weight: 400;\">Gamme d&rsquo;accessoires adapt\u00e9s aux besoins individuels des clients<\/span><\/li>\n<li style=\"font-weight: 400;\" aria-level=\"1\"><span style=\"font-weight: 400;\">Conception modulaire pour des d\u00e9bits d&rsquo;air \u02c3100&rsquo;000 m\u00b3\/h<\/span><\/li>\n<li style=\"font-weight: 400;\" aria-level=\"1\"><span style=\"font-weight: 400;\">Mat\u00e9riau de filtration bas\u00e9 sur les normes de la cat\u00e9gorie BIA L, M et H avec des options de membranes PTFE (surfaces antistatiques, hydrofuges et ol\u00e9ofuges) permettant d&rsquo;atteindre des niveaux de poussi\u00e8res r\u00e9siduelles dans le gaz purifi\u00e9 inf\u00e9rieurs \u00e0 ceux prescrits par la loi.<\/span><\/li>\n<\/ul>\n\n                    <\/div>\n    <\/div>\n    \n\n        <\/div>\n    <\/div>\n<\/div>\n<div  class=\"block block-content bg-weiss pb-mittel\">\n    <div class=\"main-container\">\n        <div class=\"content-container\">\n\n            \n\n    <h2 class=\"d3\">Domaines d&rsquo;application VarioCell<\/h2>\n\n        <ul>\n<li style=\"font-weight: 400;\" aria-level=\"1\"><span style=\"font-weight: 400;\">Solution d&rsquo;aspiration centralis\u00e9e &gt;100&rsquo;000 m\u00b3\/h<\/span><\/li>\n<li style=\"font-weight: 400;\" aria-level=\"1\"><span style=\"font-weight: 400;\">Poussi\u00e8re s\u00e8che et coulante<\/span><\/li>\n<li style=\"font-weight: 400;\" aria-level=\"1\"><span style=\"font-weight: 400;\">Niveau de poussi\u00e8re plus important \u00e0 \u00e9lev\u00e9<\/span><\/li>\n<\/ul>\n    \n    <div class=\"columns-2-count\">\n        <div class=\"column\">\n            \n                    <\/div>\n\n        <div class=\"column\">\n            \n                    <\/div>\n    <\/div>\n    \n\n        <\/div>\n    <\/div>\n<\/div>\n<div  class=\"block block-content bg-weiss pb-mittel\">\n    <div class=\"main-container\">\n        <div class=\"content-container\">\n\n            \n\n    <h2 class=\"d3\">Options VarioCell<\/h2>\n\n    \n    <div class=\"columns-2-count\">\n        <div class=\"column\">\n            <ul>\n<li style=\"font-weight: 400;\" aria-level=\"1\"><span style=\"font-weight: 400;\"><a href=\"https:\/\/lume.ch\/absauganlagen-filteranlagen\/ersatzteile-und-zubehoer\/filterelemente\/schwebstoff-filter\/\">Filtre HEPA<\/a>, filtre \u00e0 charbon actif<\/span><\/li>\n<li style=\"font-weight: 400;\" aria-level=\"1\"><span style=\"font-weight: 400;\">Diverses possibilit\u00e9s de contr\u00f4le et de r\u00e9gulation<\/span><\/li>\n<li style=\"font-weight: 400;\" aria-level=\"1\"><span style=\"font-weight: 400;\">Ex\u00e9cution selon <a href=\"https:\/\/lume.ch\/absauganlagen-filteranlagen\/explosionsschutz\/\">ATEX<\/a> Zone 21\/22<\/span><\/li>\n<li style=\"font-weight: 400;\" aria-level=\"1\"><span style=\"font-weight: 400;\">Version inoxydable<\/span><\/li>\n<\/ul>\n\n                    <\/div>\n\n        <div class=\"column\">\n            <ul>\n<li style=\"font-weight: 400;\" aria-level=\"1\"><a href=\"https:\/\/lume.ch\/absauganlagen-filteranlagen\/zubehoer\/vorabscheider-systeme\/\"><span style=\"font-weight: 400;\">Dispositifs de protection contre l&rsquo;incendie<\/span><\/a><\/li>\n<li style=\"font-weight: 400;\" aria-level=\"1\"><span style=\"font-weight: 400;\">Diverses possibilit\u00e9s d&rsquo;inscription (par ex. BigBag, conteneur, tonneau, vis)<\/span><\/li>\n<li style=\"font-weight: 400;\" aria-level=\"1\"><span style=\"font-weight: 400;\">Dispositif de pr\u00e9-enduction<\/span><\/li>\n<li style=\"font-weight: 400;\" aria-level=\"1\"><span style=\"font-weight: 400;\">Peintures sp\u00e9ciales<\/span><\/li>\n<\/ul>\n\n                    <\/div>\n    <\/div>\n    \n\n        <\/div>\n    <\/div>\n<\/div>\n<div id=\"personnes \u00e0 contacter\" class=\"block block-personen bg-dunkelgrau pt-gross pb-gross\">\n    <div class=\"main-container\">\n\n        <h2 class=\"d3\">Vos contacts<\/h2>\n    \n    \n\n           \n            <p>Vous avez besoin d&rsquo;un conseil ou vous avez un projet ?<\/p>\n\n<div class=\"person mt-klein mb-50\">\n\n    <div class=\"person-bild\">\n                <div class=\"person-bild-inner\">\n            <img decoding=\"async\" width=\"890\" height=\"660\" data-src=\"https:\/\/lume.ch\/wp-content\/uploads\/2023\/09\/Staubli-Gregor5_DSC06531-890x660.jpg\" class=\"attachment-person size-person wp-post-image lazyload\" alt=\"LM AG Industriestahlbau Absauganlagen Gregor Staubli\" src=\"data:image\/svg+xml;base64,PHN2ZyB3aWR0aD0iMSIgaGVpZ2h0PSIxIiB4bWxucz0iaHR0cDovL3d3dy53My5vcmcvMjAwMC9zdmciPjwvc3ZnPg==\" style=\"--smush-placeholder-width: 890px; --smush-placeholder-aspect-ratio: 890\/660;\" \/>        <\/div>\n            <\/div>\n\n    <div class=\"person-inhalt\">\n                <h3 class=\"d4 color-orange\">Gregor Staubli<\/h3>\n                \n                  <p class=\"d6 mb-0 base-font-size\"><strong>Vente | Direction<\/strong><\/p>\n        \n                  <p>Directeur des ventes | Membre de la direction<\/p>\n        \n        <div class=\"links standard-link\">\n                          <p><a href=\"mailto:gregor.staubli@lume.ch\"><span class=\"mail\"><\/span> gregor.staubli@lume.ch<\/a><\/p>\n            \n                          <p><a href=\"tel:+41763631229\"><span class=\"tel\"><\/span> +41 76 363 12 29<\/a><\/p>\n            \n                          <p><a href=\"https:\/\/www.linkedin.com\/in\/gregor-staubli-12b17052\/\" target=\"_blank\" rel=\"nofollow noopener\"><span class=\"linkedin\"><\/span> Profil LinkedIn<\/a><\/p>\n                    <\/div>\n    <\/div>\n<\/div>\n\n  \n<div class=\"person mt-klein mb-50\">\n\n    <div class=\"person-bild\">\n                <div class=\"person-bild-inner\">\n            <img decoding=\"async\" width=\"890\" height=\"660\" data-src=\"https:\/\/lume.ch\/wp-content\/uploads\/2023\/11\/Shipman-Roy_F_DSC06646-890x660.png\" class=\"attachment-person size-person wp-post-image lazyload\" alt=\"LM AG Industriestahlbau Absauganlagen\" src=\"data:image\/svg+xml;base64,PHN2ZyB3aWR0aD0iMSIgaGVpZ2h0PSIxIiB4bWxucz0iaHR0cDovL3d3dy53My5vcmcvMjAwMC9zdmciPjwvc3ZnPg==\" style=\"--smush-placeholder-width: 890px; --smush-placeholder-aspect-ratio: 890\/660;\" \/>        <\/div>\n            <\/div>\n\n    <div class=\"person-inhalt\">\n                <h3 class=\"d4 color-orange\">Roy Shipman<\/h3>\n                \n                  <p class=\"d6 mb-0 base-font-size\"><strong>Vente<\/strong><\/p>\n        \n                  <p>Vendeur r\u00e9gional | Chef de projet<\/p>\n        \n        <div class=\"links standard-link\">\n                          <p><a href=\"mailto:roy.shipman@lume.ch\"><span class=\"mail\"><\/span> roy.shipman@lume.ch<\/a><\/p>\n            \n                          <p><a href=\"tel:+41765564096\"><span class=\"tel\"><\/span> +41 76 556 40 96<\/a><\/p>\n            \n                    <\/div>\n    <\/div>\n<\/div>\n\n  \n    <\/div>\n<\/div>","protected":false},"excerpt":{"rendered":"","protected":false},"author":2,"featured_media":0,"parent":13870,"menu_order":0,"comment_status":"closed","ping_status":"closed","template":"tpl-front-page.php","meta":{"_acf_changed":false,"footnotes":""},"class_list":["post-13882","page","type-page","status-publish","hentry"],"acf":[],"_links":{"self":[{"href":"https:\/\/lume.ch\/fr\/wp-json\/wp\/v2\/pages\/13882","targetHints":{"allow":["GET"]}}],"collection":[{"href":"https:\/\/lume.ch\/fr\/wp-json\/wp\/v2\/pages"}],"about":[{"href":"https:\/\/lume.ch\/fr\/wp-json\/wp\/v2\/types\/page"}],"author":[{"embeddable":true,"href":"https:\/\/lume.ch\/fr\/wp-json\/wp\/v2\/users\/2"}],"replies":[{"embeddable":true,"href":"https:\/\/lume.ch\/fr\/wp-json\/wp\/v2\/comments?post=13882"}],"version-history":[{"count":1,"href":"https:\/\/lume.ch\/fr\/wp-json\/wp\/v2\/pages\/13882\/revisions"}],"predecessor-version":[{"id":13883,"href":"https:\/\/lume.ch\/fr\/wp-json\/wp\/v2\/pages\/13882\/revisions\/13883"}],"up":[{"embeddable":true,"href":"https:\/\/lume.ch\/fr\/wp-json\/wp\/v2\/pages\/13870"}],"wp:attachment":[{"href":"https:\/\/lume.ch\/fr\/wp-json\/wp\/v2\/media?parent=13882"}],"curies":[{"name":"wp","href":"https:\/\/api.w.org\/{rel}","templated":true}]}}