{"id":13880,"date":"2023-11-14T10:41:08","date_gmt":"2023-11-14T09:41:08","guid":{"rendered":"https:\/\/lume.ch\/?page_id=13880"},"modified":"2026-01-21T14:39:57","modified_gmt":"2026-01-21T13:39:57","slug":"systeme-daspiration-picocell","status":"publish","type":"page","link":"https:\/\/lume.ch\/fr\/installations-daspiration\/installations-daspiration-et-de-filtration\/systeme-daspiration-picocell\/","title":{"rendered":"Syst\u00e8me d&rsquo;aspiration PicoCell"},"content":{"rendered":"\n<div  class=\"block block-header pb-mittel header-text\">\n\n            <div class=\"main-container container-padding-top pb-mittel has-breadcrumb\"> \n          \n            <div class=\"content-container\">\n            \n                                <div class=\"d5 color-anthrazit uebertitel\">Syst\u00e8mes d&rsquo;aspiration et appareils de filtration<\/div>\n                \n                                <h1 class=\"d1 color-orange\">Syst\u00e8me d&rsquo;aspiration PicoCell<\/h1>\n                 \n                                <div class=\"lead-font-size\"><p>Le PicoCell est un d\u00e9poussi\u00e9reur compact peu co\u00fbteux et simple, adapt\u00e9 \u00e0 des volumes de poussi\u00e8re mod\u00e9r\u00e9s en fonctionnement continu. Malgr\u00e9 sa taille compacte, il permet d&rsquo;\u00e9liminer efficacement la poussi\u00e8re.<\/p>\n<\/div>\n                            <\/div>\n        <\/div>\n    <\/div>\n\n\n<div  class=\"block block-image bg-weiss pb-mittel hochformat\">\n    <div class=\"main-container\">\n        <div class=\"image-container\">\n            <img decoding=\"async\" width=\"600\" height=\"800\" data-src=\"https:\/\/lume.ch\/wp-content\/uploads\/2023\/11\/PicoCell_CMYK-e1699956669835.jpg\" class=\"attachment-large size-large lazyload\" alt=\"Syst\u00e8me d&#039;aspiration-Picocell\" src=\"data:image\/svg+xml;base64,PHN2ZyB3aWR0aD0iMSIgaGVpZ2h0PSIxIiB4bWxucz0iaHR0cDovL3d3dy53My5vcmcvMjAwMC9zdmciPjwvc3ZnPg==\" style=\"--smush-placeholder-width: 600px; --smush-placeholder-aspect-ratio: 600\/800;\" \/>        <\/div>\n    \n                <div class=\"caption small-font-size\">Syst\u00e8me d&rsquo;aspiration PicoCell<\/div>\n            <\/div>\n<\/div>\n\n\n<div  class=\"block block-content bg-weiss pb-mittel\">\n    <div class=\"main-container\">\n        <div class=\"content-container\">\n\n            \n\n    <h2 class=\"d3\">Votre valeur ajout\u00e9e avec PicoCell<\/h2>\n\n    \n    <div class=\"columns-2-count\">\n        <div class=\"column\">\n            <ul>\n<li style=\"font-weight: 400;\" aria-level=\"1\"><span style=\"font-weight: 400;\">Fonctionnement silencieux avec insonorisation efficace<\/span><\/li>\n<li style=\"font-weight: 400;\" aria-level=\"1\"><span style=\"font-weight: 400;\">Extraction facile de la poussi\u00e8re \u00e0 l&rsquo;aide d&rsquo;un seau avec dispositif de pression<\/span><\/li>\n<li style=\"font-weight: 400;\" aria-level=\"1\"><span style=\"font-weight: 400;\">Filtres \u00e0 faible entretien et longue dur\u00e9e de vie gr\u00e2ce au d\u00e9colmatage pneumatique<\/span><\/li>\n<li style=\"font-weight: 400;\" aria-level=\"1\"><span style=\"font-weight: 400;\">Une utilisation tr\u00e8s simple avec un contr\u00f4le intelligent<\/span><\/li>\n<\/ul>\n\n                    <\/div>\n\n        <div class=\"column\">\n            <ul>\n<li style=\"font-weight: 400;\" aria-level=\"1\"><span style=\"font-weight: 400;\">Changement de filtre facile et sans outil gr\u00e2ce \u00e0 une bonne accessibilit\u00e9<\/span><\/li>\n<li style=\"font-weight: 400;\" aria-level=\"1\"><span style=\"font-weight: 400;\">Longue dur\u00e9e de vie gr\u00e2ce \u00e0 un bo\u00eetier stable et robuste<\/span><\/li>\n<li style=\"font-weight: 400;\" aria-level=\"1\"><span style=\"font-weight: 400;\">Gain de place gr\u00e2ce \u00e0 une conception tr\u00e8s compacte<\/span><\/li>\n<li style=\"font-weight: 400;\" aria-level=\"1\"><span style=\"font-weight: 400;\">Co\u00fbts r\u00e9duits gr\u00e2ce \u00e0 un fonctionnement continu pratiquement sans entretien gr\u00e2ce \u00e0 la zone de stabilisation et \u00e0 la grande surface de filtration<\/span><\/li>\n<\/ul>\n\n                    <\/div>\n    <\/div>\n    \n\n        <\/div>\n    <\/div>\n<\/div>\n\n\n<div  class=\"block block-content bg-weiss pb-mittel\">\n    <div class=\"main-container\">\n        <div class=\"content-container\">\n\n            \n\n    <h2 class=\"d3\">Domaines d&rsquo;application PicoCell<\/h2>\n\n        <ul>\n<li style=\"font-weight: 400;\" aria-level=\"1\"><span style=\"font-weight: 400;\">Aspiration individuelle jusqu&rsquo;\u00e0 1&rsquo;800 m\u00b3\/h<\/span><\/li>\n<li style=\"font-weight: 400;\" aria-level=\"1\"><span style=\"font-weight: 400;\">Poussi\u00e8re s\u00e8che et coulante<\/span><\/li>\n<li style=\"font-weight: 400;\" aria-level=\"1\"><span style=\"font-weight: 400;\">Niveau de poussi\u00e8re faible \u00e0 moyen en fonctionnement continu<\/span><\/li>\n<\/ul>\n    \n    <div class=\"columns-2-count\">\n        <div class=\"column\">\n            \n                    <\/div>\n\n        <div class=\"column\">\n            \n                    <\/div>\n    <\/div>\n    \n\n        <\/div>\n    <\/div>\n<\/div>\n\n\n<div  class=\"block block-content bg-weiss pb-mittel\">\n    <div class=\"main-container\">\n        <div class=\"content-container\">\n\n            \n\n    <h2 class=\"d3\">Options PicoCell<\/h2>\n\n    \n    <div class=\"columns-2-count\">\n        <div class=\"column\">\n            <ul>\n<li style=\"font-weight: 400;\" aria-level=\"1\"><span style=\"font-weight: 400;\"><a href=\"https:\/\/lume.ch\/absauganlagen-filteranlagen\/ersatzteile-und-zubehoer\/filterelemente\/schwebstoff-filter\/\">Filtre HEPA<\/a>, filtre \u00e0 charbon actif<\/span><\/li>\n<li style=\"font-weight: 400;\" aria-level=\"1\"><span style=\"font-weight: 400;\">Ex\u00e9cution selon <a href=\"https:\/\/lume.ch\/absauganlagen-filteranlagen\/explosionsschutz\/\">ATEX<\/a> Zone 21\/22<\/span><\/li>\n<li style=\"font-weight: 400;\" aria-level=\"1\"><span style=\"font-weight: 400;\">Diverses options de contr\u00f4le.<br \/>\nPossibilit\u00e9s de contr\u00f4le et de r\u00e9gulation <\/span><\/li>\n<li style=\"font-weight: 400;\" aria-level=\"1\"><span style=\"font-weight: 400;\">Mobile avec <a href=\"https:\/\/lume.ch\/absauganlagen-filteranlagen\/staub-erfassungselemente\/\">bras d&rsquo;aspiration<\/a><\/span><\/li>\n<\/ul>\n\n                    <\/div>\n\n        <div class=\"column\">\n            <ul>\n<li style=\"font-weight: 400;\" aria-level=\"1\"><a href=\"https:\/\/lume.ch\/absauganlagen-filteranlagen\/zubehoer\/vorabscheider-systeme\/\"><span style=\"font-weight: 400;\">Dispositifs de protection contre l&rsquo;incendie<\/span><\/a><\/li>\n<li style=\"font-weight: 400;\" aria-level=\"1\"><span style=\"font-weight: 400;\">Version inoxydable<\/span><\/li>\n<li style=\"font-weight: 400;\" aria-level=\"1\"><span style=\"font-weight: 400;\">Jusqu&rsquo;\u00e0 8&rsquo;000 Pa de d\u00e9pression<\/span><\/li>\n<li style=\"font-weight: 400;\" aria-level=\"1\"><span style=\"font-weight: 400;\">Peintures sp\u00e9ciales<\/span><\/li>\n<\/ul>\n\n                    <\/div>\n    <\/div>\n    \n\n        <\/div>\n    <\/div>\n<\/div>\n\n\n<div  class=\"block block-content bg-weiss pb-mittel\">\n    <div class=\"main-container\">\n        <div class=\"content-container\">\n\n            \n\n    <h2 class=\"d3\">Caract\u00e9ristiques techniques PicoCell<\/h2>\n\n    \n<table id=\"tablepress-9\" class=\"tablepress tablepress-id-9\">\n<thead>\n<tr class=\"row-1\">\n\t<th class=\"column-1\">Type<\/th><th class=\"column-2\">Type 900<\/th><th class=\"column-3\">Type 1800<\/th>\n<\/tr>\n<\/thead>\n<tbody class=\"row-striping row-hover\">\n<tr class=\"row-2\">\n\t<td class=\"column-1\">Syst\u00e8me de filtration<\/td><td class=\"column-2\">Cartouches<\/td><td class=\"column-3\">Cartouches<\/td>\n<\/tr>\n<tr class=\"row-3\">\n\t<td class=\"column-1\">D\u00e9bit d&rsquo;air max. m3\/h<\/td><td class=\"column-2\">900<\/td><td class=\"column-3\">1&rsquo;800<\/td>\n<\/tr>\n<tr class=\"row-4\">\n\t<td class=\"column-1\">Pression totale max. Pa<\/td><td class=\"column-2\">2&rsquo;200<\/td><td class=\"column-3\">2&rsquo;600<\/td>\n<\/tr>\n<tr class=\"row-5\">\n\t<td class=\"column-1\">Surface filtrante m2<\/td><td class=\"column-2\">13.0<\/td><td class=\"column-3\">17.2<\/td>\n<\/tr>\n<tr class=\"row-6\">\n\t<td class=\"column-1\">R\u00e9servoir \u00e0 poussi\u00e8re (l)<\/td><td class=\"column-2\">30<\/td><td class=\"column-3\">30<\/td>\n<\/tr>\n<tr class=\"row-7\">\n\t<td class=\"column-1\">Poids kg<\/td><td class=\"column-2\">185<\/td><td class=\"column-3\">250<\/td>\n<\/tr>\n<tr class=\"row-8\">\n\t<td class=\"column-1\">Niveau de pression acoustique dB (A)<\/td><td class=\"column-2\"><70<\/td><td class=\"column-3\"><70<\/td>\n<\/tr>\n<\/tbody>\n<\/table>\n<!-- #tablepress-9 from cache -->\n\n    \n    \n\n        <\/div>\n    <\/div>\n<\/div>\n\n\n<div id=\"personnes \u00e0 contacter\" class=\"block block-personen bg-dunkelgrau pt-gross pb-gross\">\n    <div class=\"main-container\">\n\n        <h2 class=\"d3\">Vos contacts<\/h2>\n    \n    \n\n           \n            <p>Vous avez besoin d&rsquo;un conseil ou vous avez un projet ?<\/p>\n\n<div class=\"person mt-klein mb-50\">\n\n    <div class=\"person-bild\">\n                <div class=\"person-bild-inner\">\n            <img decoding=\"async\" width=\"890\" height=\"660\" data-src=\"https:\/\/lume.ch\/wp-content\/uploads\/2023\/09\/Staubli-Gregor5_DSC06531-890x660.jpg\" class=\"attachment-person size-person wp-post-image lazyload\" alt=\"LM AG Industriestahlbau Absauganlagen Gregor Staubli\" src=\"data:image\/svg+xml;base64,PHN2ZyB3aWR0aD0iMSIgaGVpZ2h0PSIxIiB4bWxucz0iaHR0cDovL3d3dy53My5vcmcvMjAwMC9zdmciPjwvc3ZnPg==\" style=\"--smush-placeholder-width: 890px; --smush-placeholder-aspect-ratio: 890\/660;\" \/>        <\/div>\n            <\/div>\n\n    <div class=\"person-inhalt\">\n                <h3 class=\"d4 color-orange\">Gregor Staubli<\/h3>\n                \n                  <p class=\"d6 mb-0 base-font-size\"><strong>Vente | Direction<\/strong><\/p>\n        \n                  <p>Directeur des ventes | Membre de la direction<\/p>\n        \n        <div class=\"links standard-link\">\n                          <p><a href=\"mailto:gregor.staubli@lume.ch\"><span class=\"mail\"><\/span> gregor.staubli@lume.ch<\/a><\/p>\n            \n                          <p><a href=\"tel:+41763631229\"><span class=\"tel\"><\/span> +41 76 363 12 29<\/a><\/p>\n            \n                          <p><a href=\"https:\/\/www.linkedin.com\/in\/gregor-staubli-12b17052\/\" target=\"_blank\" rel=\"nofollow noopener\"><span class=\"linkedin\"><\/span> Profil LinkedIn<\/a><\/p>\n                    <\/div>\n    <\/div>\n<\/div>\n\n  \n<div class=\"person mt-klein mb-50\">\n\n    <div class=\"person-bild\">\n                <div class=\"person-bild-inner\">\n            <img decoding=\"async\" width=\"890\" height=\"660\" data-src=\"https:\/\/lume.ch\/wp-content\/uploads\/2023\/11\/Shipman-Roy_F_DSC06646-890x660.png\" class=\"attachment-person size-person wp-post-image lazyload\" alt=\"LM AG Industriestahlbau Absauganlagen\" src=\"data:image\/svg+xml;base64,PHN2ZyB3aWR0aD0iMSIgaGVpZ2h0PSIxIiB4bWxucz0iaHR0cDovL3d3dy53My5vcmcvMjAwMC9zdmciPjwvc3ZnPg==\" style=\"--smush-placeholder-width: 890px; --smush-placeholder-aspect-ratio: 890\/660;\" \/>        <\/div>\n            <\/div>\n\n    <div class=\"person-inhalt\">\n                <h3 class=\"d4 color-orange\">Roy Shipman<\/h3>\n                \n                  <p class=\"d6 mb-0 base-font-size\"><strong>Vente<\/strong><\/p>\n        \n                  <p>Vendeur r\u00e9gional | Chef de projet<\/p>\n        \n        <div class=\"links standard-link\">\n                          <p><a href=\"mailto:roy.shipman@lume.ch\"><span class=\"mail\"><\/span> roy.shipman@lume.ch<\/a><\/p>\n            \n                          <p><a href=\"tel:+41765564096\"><span class=\"tel\"><\/span> +41 76 556 40 96<\/a><\/p>\n            \n                    <\/div>\n    <\/div>\n<\/div>\n\n  \n    <\/div>\n<\/div>","protected":false},"excerpt":{"rendered":"","protected":false},"author":2,"featured_media":0,"parent":13870,"menu_order":0,"comment_status":"closed","ping_status":"closed","template":"tpl-front-page.php","meta":{"_acf_changed":false,"footnotes":""},"class_list":["post-13880","page","type-page","status-publish","hentry"],"acf":[],"_links":{"self":[{"href":"https:\/\/lume.ch\/fr\/wp-json\/wp\/v2\/pages\/13880","targetHints":{"allow":["GET"]}}],"collection":[{"href":"https:\/\/lume.ch\/fr\/wp-json\/wp\/v2\/pages"}],"about":[{"href":"https:\/\/lume.ch\/fr\/wp-json\/wp\/v2\/types\/page"}],"author":[{"embeddable":true,"href":"https:\/\/lume.ch\/fr\/wp-json\/wp\/v2\/users\/2"}],"replies":[{"embeddable":true,"href":"https:\/\/lume.ch\/fr\/wp-json\/wp\/v2\/comments?post=13880"}],"version-history":[{"count":2,"href":"https:\/\/lume.ch\/fr\/wp-json\/wp\/v2\/pages\/13880\/revisions"}],"predecessor-version":[{"id":16001,"href":"https:\/\/lume.ch\/fr\/wp-json\/wp\/v2\/pages\/13880\/revisions\/16001"}],"up":[{"embeddable":true,"href":"https:\/\/lume.ch\/fr\/wp-json\/wp\/v2\/pages\/13870"}],"wp:attachment":[{"href":"https:\/\/lume.ch\/fr\/wp-json\/wp\/v2\/media?parent=13880"}],"curies":[{"name":"wp","href":"https:\/\/api.w.org\/{rel}","templated":true}]}}