{"id":13876,"date":"2023-11-14T16:30:52","date_gmt":"2023-11-14T15:30:52","guid":{"rendered":"https:\/\/lume.ch\/?page_id=13876"},"modified":"2024-08-22T11:46:10","modified_gmt":"2024-08-22T09:46:10","slug":"systeme-daspiration-hfu-avec-vide-pousse","status":"publish","type":"page","link":"https:\/\/lume.ch\/fr\/installations-daspiration\/installations-daspiration-et-de-filtration\/systeme-daspiration-hfu-avec-vide-pousse\/","title":{"rendered":"Syst\u00e8me d&rsquo;aspiration HFU avec vide pouss\u00e9"},"content":{"rendered":"\n<div  class=\"block block-header pb-mittel header-text\">\n\n            <div class=\"main-container container-padding-top pb-mittel has-breadcrumb\"> \n          \n            <div class=\"content-container\">\n            \n                                <div class=\"d5 color-anthrazit uebertitel\">Syst\u00e8mes d&rsquo;aspiration et appareils de filtration<\/div>\n                \n                                <h1 class=\"d1 color-orange\">Syst\u00e8me d&rsquo;aspiration HFU avec vide pouss\u00e9<\/h1>\n                 \n                                <div class=\"lead-font-size\"><p>L&rsquo;unit\u00e9 \u00e0 vide pouss\u00e9 (HFU) est une unit\u00e9 d&rsquo;aspiration compacte \u00e0 vide pouss\u00e9 pour le nettoyage et le raccordement d&rsquo;outils \u00e0 main. Il est mont\u00e9 sur une plate-forme de transport robuste.<br \/>\nLe ventilateur \u00e0 canal lat\u00e9ral assure un fonctionnement continu et le nettoyage automatique du filtre s&rsquo;effectue par air comprim\u00e9.<br \/>\nLe bo\u00eetier est insonoris\u00e9 et le mod\u00e8le HFU-F est un mod\u00e8le plug &amp; play avec un variateur de fr\u00e9quence et un fusible thermique int\u00e9gr\u00e9s.<br \/>\nL&rsquo;unit\u00e9 est facilement transportable et permet une utilisation flexible dans diff\u00e9rents lieux de production.   <\/p>\n<\/div>\n                            <\/div>\n        <\/div>\n    <\/div>\n<div  class=\"block block-image bg-weiss pb-mittel hochformat\">\n    <div class=\"main-container\">\n        <div class=\"image-container\">\n            <img decoding=\"async\" width=\"659\" height=\"1024\" data-src=\"https:\/\/lume.ch\/wp-content\/uploads\/2023\/11\/Absauganlage-HFU-mit-Hochvakuum.jpg\" class=\"attachment-large size-large lazyload\" alt=\"\" data-srcset=\"https:\/\/lume.ch\/wp-content\/uploads\/2023\/11\/Absauganlage-HFU-mit-Hochvakuum.jpg 1152w, https:\/\/lume.ch\/wp-content\/uploads\/2023\/11\/Absauganlage-HFU-mit-Hochvakuum-257x400.jpg 257w\" data-sizes=\"(max-width: 659px) 100vw, 659px\" src=\"data:image\/svg+xml;base64,PHN2ZyB3aWR0aD0iMSIgaGVpZ2h0PSIxIiB4bWxucz0iaHR0cDovL3d3dy53My5vcmcvMjAwMC9zdmciPjwvc3ZnPg==\" style=\"--smush-placeholder-width: 659px; --smush-placeholder-aspect-ratio: 659\/1024;\" \/>        <\/div>\n    \n                <div class=\"caption small-font-size\">Syst\u00e8me d&rsquo;aspiration HFU sous vide pouss\u00e9<\/div>\n            <\/div>\n<\/div>\n<div  class=\"block block-content bg-weiss pb-mittel\">\n    <div class=\"main-container\">\n        <div class=\"content-container\">\n\n            \n\n    <h2 class=\"d3\">Votre valeur ajout\u00e9e avec HFU Hochvakuum<\/h2>\n\n    \n    <div class=\"columns-2-count\">\n        <div class=\"column\">\n            <ul>\n<li style=\"font-weight: 400;\" aria-level=\"1\"><span style=\"font-weight: 400;\">Unit\u00e9 compl\u00e8te sous vide pouss\u00e9<\/span><\/li>\n<li style=\"font-weight: 400;\" aria-level=\"1\"><span style=\"font-weight: 400;\">HFU peut faire partie d&rsquo;une installation fixe<\/span><\/li>\n<li style=\"font-weight: 400;\" aria-level=\"1\"><span style=\"font-weight: 400;\">Construit sur une plate-forme de transport<\/span><\/li>\n<li style=\"font-weight: 400;\" aria-level=\"1\"><span style=\"font-weight: 400;\">Surveillance visuelle de la pression diff\u00e9rentielle<\/span><\/li>\n<\/ul>\n\n                    <\/div>\n\n        <div class=\"column\">\n            <ul>\n<li style=\"font-weight: 400;\" aria-level=\"1\"><span style=\"font-weight: 400;\">Disponible avec sac dans le bac \u00e0 poussi\u00e8re<\/span><\/li>\n<li style=\"font-weight: 400;\" aria-level=\"1\"><span style=\"font-weight: 400;\">Syst\u00e8me de bac \u00e0 poussi\u00e8re r\u00e9glable Quicklock<\/span><\/li>\n<li style=\"font-weight: 400;\" aria-level=\"1\"><span style=\"font-weight: 400;\">Gain de place<\/span><\/li>\n<\/ul>\n\n                    <\/div>\n    <\/div>\n    \n\n        <\/div>\n    <\/div>\n<\/div>\n<div  class=\"block block-content bg-weiss pb-mittel\">\n    <div class=\"main-container\">\n        <div class=\"content-container\">\n\n            \n\n    <h2 class=\"d3\">Domaines d&rsquo;application HFU vide pouss\u00e9<\/h2>\n\n        <ul>\n<li style=\"font-weight: 400;\" aria-level=\"1\"><span style=\"font-weight: 400;\">L&rsquo;unit\u00e9 \u00e0 vide pouss\u00e9 de type HFU est disponible en 5 tailles<\/span><\/li>\n<li style=\"font-weight: 400;\" aria-level=\"1\"><span style=\"font-weight: 400;\">D\u00e9bit d&rsquo;air jusqu&rsquo;\u00e0 1&rsquo;100m\u00b3\/h<\/span><\/li>\n<li style=\"font-weight: 400;\" aria-level=\"1\"><span style=\"font-weight: 400;\">Vide jusqu&rsquo;\u00e0 38&rsquo;000 Pa<\/span><\/li>\n<li style=\"font-weight: 400;\" aria-level=\"1\"><span style=\"font-weight: 400;\">Zone de filtration 13m<\/span><\/li>\n<li style=\"font-weight: 400;\" aria-level=\"1\"><span style=\"font-weight: 400;\">Le bo\u00eetier du filtre est construit dans une plaque d&rsquo;acier noir de 2 mm et est peint par poudrage.<\/span><\/li>\n<\/ul>\n    \n    <div class=\"columns-2-count\">\n        <div class=\"column\">\n            \n                    <\/div>\n\n        <div class=\"column\">\n            \n                    <\/div>\n    <\/div>\n    \n\n        <\/div>\n    <\/div>\n<\/div>\n<div  class=\"block block-content bg-weiss pb-mittel\">\n    <div class=\"main-container\">\n        <div class=\"content-container\">\n\n            \n\n    <h2 class=\"d3\">Options HFU vide pouss\u00e9<\/h2>\n\n    \n    <div class=\"columns-2-count\">\n        <div class=\"column\">\n            <ul>\n<li style=\"font-weight: 400;\" aria-level=\"1\"><span style=\"font-weight: 400;\">Commande de filtre de type ECO-S, pression diff\u00e9rentielle avec post-nettoyage automatique<\/span><\/li>\n<li style=\"font-weight: 400;\" aria-level=\"1\"><span style=\"font-weight: 400;\">Insert de sac pour conteneur \u00e0 poussi\u00e8re de 67 L<\/span><\/li>\n<li style=\"font-weight: 400;\" aria-level=\"1\"><span style=\"font-weight: 400;\">S\u00e9paration de l&rsquo;eau de \u00bd\u00a0\u00bb avec manom\u00e8tre et vanne de r\u00e9duction<\/span><\/li>\n<li style=\"font-weight: 400;\" aria-level=\"1\"><span style=\"font-weight: 400;\">Diff\u00e9rents tuyaux haute pression, raccords et accouplements pour la construction d&rsquo;installations fixes.  <\/span><span style=\"font-weight: 400;\">Diff\u00e9rentes vannes \u00e0 guillotine et \u00e0 clapet, qui peuvent \u00e9ventuellement \u00eatre \u00e9quip\u00e9es de micro-switch pour le d\u00e9marrage de l&rsquo;aspiration.<\/span><\/li>\n<\/ul>\n\n                    <\/div>\n\n        <div class=\"column\">\n            <ul>\n<li style=\"font-weight: 400;\" aria-level=\"1\"><span style=\"font-weight: 400;\">Diff\u00e9rents contr\u00f4les et surveillance du syst\u00e8me<\/span><\/li>\n<li style=\"font-weight: 400;\" aria-level=\"1\"><span style=\"font-weight: 400;\">Diff\u00e9rents types d&rsquo;aspiration ponctuelle, entonnoirs, buses \u00e0 fente, adaptateurs en plastique pour vannes, tuyaux et \u00e9quipement de nettoyage<\/span><\/li>\n<li style=\"font-weight: 400;\" aria-level=\"1\"><span style=\"font-weight: 400;\">Disponible en plaques d&rsquo;acier galvanis\u00e9 \u00e0 chaud et peint pour montage ext\u00e9rieur<\/span><\/li>\n<li style=\"font-weight: 400;\" aria-level=\"1\"><span style=\"font-weight: 400;\">Disponible en version antid\u00e9flagrante\/d\u00e9compress\u00e9e pour une installation dans <a href=\"https:\/\/lume.ch\/absauganlagen-filteranlagen\/explosionsschutz\/\">des zones ATEX<\/a><\/span><\/li>\n<li style=\"font-weight: 400;\" aria-level=\"1\"><span style=\"font-weight: 400;\">Remplacement du filtre du c\u00f4t\u00e9 de l&rsquo;installation<\/span><\/li>\n<\/ul>\n\n                    <\/div>\n    <\/div>\n    \n\n        <\/div>\n    <\/div>\n<\/div>\n<div id=\"personnes \u00e0 contacter\" class=\"block block-personen bg-dunkelgrau pt-gross pb-gross\">\n    <div class=\"main-container\">\n\n        <h2 class=\"d3\">Vos contacts<\/h2>\n    \n    \n\n           \n            <p>Vous avez besoin d&rsquo;un conseil ou vous avez un projet ?<\/p>\n\n<div class=\"person mt-klein mb-50\">\n\n    <div class=\"person-bild\">\n                <div class=\"person-bild-inner\">\n            <img decoding=\"async\" width=\"890\" height=\"660\" data-src=\"https:\/\/lume.ch\/wp-content\/uploads\/2023\/09\/Staubli-Gregor5_DSC06531-890x660.jpg\" class=\"attachment-person size-person wp-post-image lazyload\" alt=\"LM AG Industriestahlbau Absauganlagen Gregor Staubli\" src=\"data:image\/svg+xml;base64,PHN2ZyB3aWR0aD0iMSIgaGVpZ2h0PSIxIiB4bWxucz0iaHR0cDovL3d3dy53My5vcmcvMjAwMC9zdmciPjwvc3ZnPg==\" style=\"--smush-placeholder-width: 890px; --smush-placeholder-aspect-ratio: 890\/660;\" \/>        <\/div>\n            <\/div>\n\n    <div class=\"person-inhalt\">\n                <h3 class=\"d4 color-orange\">Gregor Staubli<\/h3>\n                \n                  <p class=\"d6 mb-0 base-font-size\"><strong>Vente | Direction<\/strong><\/p>\n        \n                  <p>Directeur des ventes | Membre de la direction<\/p>\n        \n        <div class=\"links standard-link\">\n                          <p><a href=\"mailto:gregor.staubli@lume.ch\"><span class=\"mail\"><\/span> gregor.staubli@lume.ch<\/a><\/p>\n            \n                          <p><a href=\"tel:+41763631229\"><span class=\"tel\"><\/span> +41 76 363 12 29<\/a><\/p>\n            \n                          <p><a href=\"https:\/\/www.linkedin.com\/in\/gregor-staubli-12b17052\/\" target=\"_blank\" rel=\"nofollow noopener\"><span class=\"linkedin\"><\/span> Profil LinkedIn<\/a><\/p>\n                    <\/div>\n    <\/div>\n<\/div>\n\n  \n    <\/div>\n<\/div>","protected":false},"excerpt":{"rendered":"","protected":false},"author":2,"featured_media":0,"parent":13870,"menu_order":0,"comment_status":"closed","ping_status":"closed","template":"tpl-front-page.php","meta":{"_acf_changed":false,"footnotes":""},"class_list":["post-13876","page","type-page","status-publish","hentry"],"acf":[],"_links":{"self":[{"href":"https:\/\/lume.ch\/fr\/wp-json\/wp\/v2\/pages\/13876","targetHints":{"allow":["GET"]}}],"collection":[{"href":"https:\/\/lume.ch\/fr\/wp-json\/wp\/v2\/pages"}],"about":[{"href":"https:\/\/lume.ch\/fr\/wp-json\/wp\/v2\/types\/page"}],"author":[{"embeddable":true,"href":"https:\/\/lume.ch\/fr\/wp-json\/wp\/v2\/users\/2"}],"replies":[{"embeddable":true,"href":"https:\/\/lume.ch\/fr\/wp-json\/wp\/v2\/comments?post=13876"}],"version-history":[{"count":1,"href":"https:\/\/lume.ch\/fr\/wp-json\/wp\/v2\/pages\/13876\/revisions"}],"predecessor-version":[{"id":13877,"href":"https:\/\/lume.ch\/fr\/wp-json\/wp\/v2\/pages\/13876\/revisions\/13877"}],"up":[{"embeddable":true,"href":"https:\/\/lume.ch\/fr\/wp-json\/wp\/v2\/pages\/13870"}],"wp:attachment":[{"href":"https:\/\/lume.ch\/fr\/wp-json\/wp\/v2\/media?parent=13876"}],"curies":[{"name":"wp","href":"https:\/\/api.w.org\/{rel}","templated":true}]}}