{"id":13859,"date":"2023-11-16T21:40:06","date_gmt":"2023-11-16T20:40:06","guid":{"rendered":"https:\/\/lume.ch\/?page_id=13859"},"modified":"2024-08-28T14:54:39","modified_gmt":"2024-08-28T12:54:39","slug":"emplois","status":"publish","type":"page","link":"https:\/\/lume.ch\/fr\/emplois\/","title":{"rendered":"Emplois"},"content":{"rendered":"\n<div  class=\"block block-header pb-mittel header-bild\">\n\n        <div class=\"image\">\n        <img decoding=\"async\" width=\"2880\" height=\"1560\" data-src=\"https:\/\/lume.ch\/wp-content\/uploads\/2023\/11\/Gruppenfoto_LM-e1701091268280-2880x1560.jpg?theia_smart_thumbnails_file_version=2\" class=\"attachment-header size-header lazyload\" alt=\"\" src=\"data:image\/svg+xml;base64,PHN2ZyB3aWR0aD0iMSIgaGVpZ2h0PSIxIiB4bWxucz0iaHR0cDovL3d3dy53My5vcmcvMjAwMC9zdmciPjwvc3ZnPg==\" style=\"--smush-placeholder-width: 2880px; --smush-placeholder-aspect-ratio: 2880\/1560;\" \/>\n        <div class=\"intro-element\">\n            <div class=\"main-container\">\n                <div class=\"inner\">\n                    <h1 class=\"d1 color-orange\">Vous cherchez de nouvelles perspectives ?<\/h1>\n\n                                        <div class=\"lead-font-size\"><p>L+M AG est depuis plus de 50 ans une entreprise familiale et prosp\u00e8re dans le domaine de la construction m\u00e9tallique industrielle et fabricant d&rsquo;installations d&rsquo;aspiration pour l&rsquo;industrie dans le monde entier. Nous traitons nos clients d&rsquo;\u00e9gal \u00e0 \u00e9gal et sommes justes, authentiques et proches d&rsquo;eux dans nos relations quotidiennes. Des qualit\u00e9s que vous d\u00e9fendez \u00e9galement ? Alors, saisissez votre chance.<\/p>\n<\/div>\n                                    <\/div>\n            <\/div>\n        <\/div>\n    <\/div>\n        \n    <\/div>\n\n\n<div id=\"jobs\" class=\"block block-teaser bg-hellgrau pt-gross pb-gross white-small\">\n  <div class=\"main-container\">\n          <div class=\"content-container pb-mittel\">\n                  <h2 class=\"d3\">Postes \u00e0 pourvoir<\/h2>\n              <\/div>\n    \n          <div class=\"teaser-row teaser-row-job-teaser\">\n        <div class=\"block-teaser white-small standard-link\">\n\n        <a class=\"teaser\"  href=\"https:\/\/lume.ch\/fr\/ingenieur-detudes-es-h-f-100\/\" target=\"_self\">\n            <div class=\"inner\">\n            <h2 class=\"d5\">Ing\u00e9nieur d&rsquo;\u00e9tudes ES (h\/f) 100<\/h2>\n\n            <div class=\"teaser-inhalt\"><p>Taux d&rsquo;occupation : 100%<br \/>\nPubli\u00e9 le : 15 ao\u00fbt 2025<\/p>\n<\/div>\n        <\/div>\n\n            <div class=\"teaser-cta transition\">Afficher l&#039;annonce d&#039;emploi<\/div>\n    <\/a> \n     \n\n<\/div>\n      <\/div>\n      <\/div>\n<\/div>\n\n\n\n<div  class=\"block block-personen bg-dunkelgrau pt-gross pb-gross\">\n    <div class=\"main-container\">\n\n        <h2 class=\"d3\">Vous ne trouvez pas ce que vous cherchez ?<\/h2>\n    \n        <div class=\"pb-mittel\">\n          \n                        <div class=\"pb-mittel\">\n                <p>Si le poste que vous recherchez n&rsquo;est pas publi\u00e9, n&rsquo;h\u00e9sitez pas \u00e0 nous envoyer une candidature spontan\u00e9e.<\/p>\n            <\/div>\n            \n            \n          \n            \n                                            <div class=\"pb-mittel\">\n                    <a class=\"btn btn-outline btn-arrow\" href=\"mailto:monika.rauber@lume.ch\" target=\"_self\">Candidature spontan\u00e9e<\/a>\n                <\/div>\n                            \n            <\/div>\n    \n\n           \n            <p>Vous avez des questions ? Contactez notre responsable RH.<\/p>\n\n<div class=\"person mt-klein mb-50\">\n\n    <div class=\"person-bild\">\n                <div class=\"person-bild-inner\">\n            <img decoding=\"async\" width=\"890\" height=\"660\" data-src=\"https:\/\/lume.ch\/wp-content\/uploads\/2023\/11\/Rauber-Monika1_Back-Office_231004_1316-890x660.jpg\" class=\"attachment-person size-person wp-post-image lazyload\" alt=\"LM AG Industriestahlbau Absauganlagen Monika Rauber\" src=\"data:image\/svg+xml;base64,PHN2ZyB3aWR0aD0iMSIgaGVpZ2h0PSIxIiB4bWxucz0iaHR0cDovL3d3dy53My5vcmcvMjAwMC9zdmciPjwvc3ZnPg==\" style=\"--smush-placeholder-width: 890px; --smush-placeholder-aspect-ratio: 890\/660;\" \/>        <\/div>\n            <\/div>\n\n    <div class=\"person-inhalt\">\n                <h3 class=\"d4 color-orange\">Monika Rauber<\/h3>\n                \n                  <p class=\"d6 mb-0 base-font-size\"><strong>Vente | Service apr\u00e8s-vente<\/strong><\/p>\n        \n                  <p>Assistance commerciale<\/p>\n        \n        <div class=\"links standard-link\">\n                          <p><a href=\"mailto:monika.rauber@lume.ch\"><span class=\"mail\"><\/span> monika.rauber@lume.ch<\/a><\/p>\n            \n                          <p><a href=\"tel:+4156297%2080%2031\"><span class=\"tel\"><\/span> +41 56 297 80 31<\/a><\/p>\n            \n                    <\/div>\n    <\/div>\n<\/div>\n\n  \n    <\/div>\n<\/div>\n\n\n<div  class=\"block block-teaser bg-weiss pt-gross pb-gross orange-medium\">\n  <div class=\"main-container\">\n    \n        <div class=\"teaser-row\">\n      \n                          <a class=\"teaser\" href=\"https:\/\/lume.ch\/fr\/actualites\/\" target=\"_blank\">\n            \n              \n                              <div class=\"uebertitel\">Actualit\u00e9s<\/div>\n              \n              \n              <div class=\"inner\">\n                                                      <h2 class=\"d5\">L+M en tant qu&#8217;employeur<\/h2>\n                                  \n                                  <div class=\"teaser-inhalt\">Apprenez \u00e0 nous conna\u00eetre<\/div>\n                              <\/div>\n\n                            <div class=\"teaser-cta transition\"><\/div>\n          <\/a>\n                  \n                        <a class=\"teaser\" href=\"https:\/\/lume.ch\/fr\/entreprise\/faits-historique\/\" target=\"_blank\">\n            \n              \n                              <div class=\"uebertitel\">Faits + Historique<\/div>\n              \n              \n              <div class=\"inner\">\n                                                      <h2 class=\"d5\">Notre histoire<\/h2>\n                                  \n                                  <div class=\"teaser-inhalt\">Faits et informations utiles sur L+M AG<\/div>\n                              <\/div>\n\n                            <div class=\"teaser-cta transition\">Faits + Historique<\/div>\n          <\/a>\n                  \n              <\/div>\n  <\/div>\n<\/div>\n","protected":false},"excerpt":{"rendered":"","protected":false},"author":2,"featured_media":0,"parent":0,"menu_order":0,"comment_status":"closed","ping_status":"closed","template":"tpl-front-page.php","meta":{"_acf_changed":false,"footnotes":""},"class_list":["post-13859","page","type-page","status-publish","hentry"],"acf":[],"_links":{"self":[{"href":"https:\/\/lume.ch\/fr\/wp-json\/wp\/v2\/pages\/13859","targetHints":{"allow":["GET"]}}],"collection":[{"href":"https:\/\/lume.ch\/fr\/wp-json\/wp\/v2\/pages"}],"about":[{"href":"https:\/\/lume.ch\/fr\/wp-json\/wp\/v2\/types\/page"}],"author":[{"embeddable":true,"href":"https:\/\/lume.ch\/fr\/wp-json\/wp\/v2\/users\/2"}],"replies":[{"embeddable":true,"href":"https:\/\/lume.ch\/fr\/wp-json\/wp\/v2\/comments?post=13859"}],"version-history":[{"count":3,"href":"https:\/\/lume.ch\/fr\/wp-json\/wp\/v2\/pages\/13859\/revisions"}],"predecessor-version":[{"id":14178,"href":"https:\/\/lume.ch\/fr\/wp-json\/wp\/v2\/pages\/13859\/revisions\/14178"}],"wp:attachment":[{"href":"https:\/\/lume.ch\/fr\/wp-json\/wp\/v2\/media?parent=13859"}],"curies":[{"name":"wp","href":"https:\/\/api.w.org\/{rel}","templated":true}]}}