{"id":13857,"date":"2023-12-01T09:19:09","date_gmt":"2023-12-01T08:19:09","guid":{"rendered":"https:\/\/lume.ch\/?page_id=13857"},"modified":"2024-08-22T10:40:35","modified_gmt":"2024-08-22T08:40:35","slug":"mentions-legales","status":"publish","type":"page","link":"https:\/\/lume.ch\/fr\/mentions-legales\/","title":{"rendered":"Mentions l\u00e9gales"},"content":{"rendered":"\n<div  class=\"block block-content bg-weiss pb-mittel\">\n    <div class=\"main-container\">\n        <div class=\"content-container\">\n\n            \n\n\n    <p><strong>L+M AG<\/strong> Gansingerstrasse 60 CH &#8211; 5236 Remigen AG <a href=\"tel:+41562978030\">+41 56 297 80<\/a><a href=\"mailto:info@lume.ch\">30info@lume.ch<\/a> Num\u00e9ro de TVA CHE-100.087.792 Num\u00e9ro d&rsquo;identification de l&rsquo;entreprise (UID) CHE-100.087.792<\/p>\n\n    \n    \n\n        <\/div>\n    <\/div>\n<\/div>\n<div  class=\"block block-content bg-weiss pb-mittel\">\n    <div class=\"main-container\">\n        <div class=\"content-container\">\n\n            \n\n\n    <h3>Copyright<\/h3>\n<p>  Les droits d&rsquo;auteur pour l&rsquo;ensemble du contenu de ce site web appartiennent \u00e0 L+M AG.  <\/p>\n<h3>Clause de non-responsabilit\u00e9<\/h3>\n<p>  Tous les textes et liens ont \u00e9t\u00e9 soigneusement v\u00e9rifi\u00e9s et sont mis \u00e0 jour en permanence.<br \/>\nNous nous effor\u00e7ons de fournir des informations exactes et compl\u00e8tes sur ce site, mais nous n&rsquo;assumons aucune responsabilit\u00e9, garantie ou obligation quant \u00e0 l&rsquo;exactitude, l&rsquo;exhaustivit\u00e9 ou l&rsquo;actualit\u00e9 des informations fournies par le biais de ce site, y compris toute entr\u00e9e de base de donn\u00e9es.<br \/>\nNous nous r\u00e9servons le droit de modifier les informations contenues dans ce site \u00e0 tout moment et sans pr\u00e9avis, et nous ne nous engageons pas \u00e0 mettre \u00e0 jour les informations contenues.<br \/>\nL&rsquo;exactitude de tous les liens vers des fournisseurs externes a \u00e9t\u00e9 v\u00e9rifi\u00e9e au moment de leur inclusion.<br \/>\nToutefois, nous ne sommes pas responsables du contenu et de la disponibilit\u00e9 des sites Web accessibles par des liens hypertextes.<br \/>\nSeul le fournisseur de la page \u00e0 laquelle il est fait r\u00e9f\u00e9rence est responsable des contenus ill\u00e9gaux, erron\u00e9s ou incomplets et, en particulier, des dommages r\u00e9sultant de l&rsquo;utilisation non v\u00e9rifi\u00e9e des contenus des pages auxquelles il est fait r\u00e9f\u00e9rence.<br \/>\nIl est indiff\u00e9rent que le dommage soit de nature directe, indirecte ou financi\u00e8re ou qu&rsquo;il s&rsquo;agisse d&rsquo;un autre dommage pouvant r\u00e9sulter d&rsquo;une perte de donn\u00e9es, d&rsquo;une perte d&rsquo;utilisation ou de toute autre cause de quelque nature que ce soit.      <\/p>\n\n    \n    \n\n        <\/div>\n    <\/div>\n<\/div>\n<div  class=\"block block-content bg-weiss pt-gross pb-mittel\">\n    <div class=\"main-container\">\n        <div class=\"content-container\">\n\n            \n\n\n    <h3>Conception, design et r\u00e9alisation<\/h3>\n<p><strong>POMCANYS Marketing AG<\/strong> Aargauerstrasse 250 CH-8048 Zurich<br \/>\n<strong>T\u00e9l\u00e9phone :<\/strong> <a href=\"tel:+41444961010\">+41 44 496 10 10E-mail<\/a><strong>:<\/strong><a title=\"http:\/\/pomcanys.ch\" href=\"http:\/\/pomcanys.ch\/\" target=\"_blank\" rel=\"noopener nofollow\">marketing@pomcanys.chpomcanys.ch<\/a> <\/p>\n\n    \n    \n\n        <\/div>\n    <\/div>\n<\/div>","protected":false},"excerpt":{"rendered":"","protected":false},"author":1,"featured_media":0,"parent":0,"menu_order":0,"comment_status":"closed","ping_status":"closed","template":"","meta":{"_acf_changed":false,"footnotes":""},"class_list":["post-13857","page","type-page","status-publish","hentry"],"acf":[],"_links":{"self":[{"href":"https:\/\/lume.ch\/fr\/wp-json\/wp\/v2\/pages\/13857","targetHints":{"allow":["GET"]}}],"collection":[{"href":"https:\/\/lume.ch\/fr\/wp-json\/wp\/v2\/pages"}],"about":[{"href":"https:\/\/lume.ch\/fr\/wp-json\/wp\/v2\/types\/page"}],"author":[{"embeddable":true,"href":"https:\/\/lume.ch\/fr\/wp-json\/wp\/v2\/users\/1"}],"replies":[{"embeddable":true,"href":"https:\/\/lume.ch\/fr\/wp-json\/wp\/v2\/comments?post=13857"}],"version-history":[{"count":1,"href":"https:\/\/lume.ch\/fr\/wp-json\/wp\/v2\/pages\/13857\/revisions"}],"predecessor-version":[{"id":13858,"href":"https:\/\/lume.ch\/fr\/wp-json\/wp\/v2\/pages\/13857\/revisions\/13858"}],"wp:attachment":[{"href":"https:\/\/lume.ch\/fr\/wp-json\/wp\/v2\/media?parent=13857"}],"curies":[{"name":"wp","href":"https:\/\/api.w.org\/{rel}","templated":true}]}}