{"id":13854,"date":"2024-04-26T16:24:16","date_gmt":"2024-04-26T14:24:16","guid":{"rendered":"https:\/\/lume.ch\/?page_id=13854"},"modified":"2024-08-22T09:20:09","modified_gmt":"2024-08-22T07:20:09","slug":"acheteurs-et-avor-h-f-100","status":"publish","type":"page","link":"https:\/\/lume.ch\/fr\/acheteurs-et-avor-h-f-100\/","title":{"rendered":"Acheteur(s) et AVOR (h\/f) 100"},"content":{"rendered":"\n<div  class=\"block block-header pb-mittel header-quote\">\n\n        <div class=\"image\">\n        <div class=\"img\"><img decoding=\"async\" width=\"2260\" height=\"1000\" data-src=\"https:\/\/lume.ch\/wp-content\/uploads\/2023\/11\/LM-Gebaeude-1-2260x1000.png?theia_smart_thumbnails_file_version=2\" class=\"attachment-header-small size-header-small lazyload\" alt=\"\" src=\"data:image\/svg+xml;base64,PHN2ZyB3aWR0aD0iMSIgaGVpZ2h0PSIxIiB4bWxucz0iaHR0cDovL3d3dy53My5vcmcvMjAwMC9zdmciPjwvc3ZnPg==\" style=\"--smush-placeholder-width: 2260px; --smush-placeholder-aspect-ratio: 2260\/1000;\" \/><\/div>\n        <div class=\"main-container pos-rel\">\n             <svg width=\"51\" height=\"48\" viewBox=\"0 0 51 48\" fill=\"none\" xmlns=\"http:\/\/www.w3.org\/2000\/svg\">\n<path d=\"M27.6992 0.800781L28.5556 1.31715L29.4699 -0.199219H27.6992V0.800781ZM13.4609 24.4141L13.4564 25.4141L14.0241 25.4166L14.3173 24.9304L13.4609 24.4141ZM0.453125 24.3555H-0.546875V25.351L0.44862 25.3555L0.453125 24.3555ZM0.453125 23.5938L-0.358489 23.0096L-0.546875 23.2713V23.5938H0.453125ZM16.8594 0.800781V-0.199219H16.3471L16.0478 0.216587L16.8594 0.800781ZM13.4609 23.8867L14.3179 23.3713L14.0249 22.8842L13.4564 22.8867L13.4609 23.8867ZM27.6992 47.5586V48.5586H29.4677L28.5561 47.0432L27.6992 47.5586ZM16.8594 47.5586L16.0471 48.1418L16.3463 48.5586H16.8594V47.5586ZM0.453125 24.707H-0.546875V25.0288L-0.359199 25.2902L0.453125 24.707ZM0.453125 23.9453L0.44862 22.9453L-0.546875 22.9498V23.9453H0.453125ZM50.375 0.800781L51.2314 1.31715L52.1457 -0.199219H50.375V0.800781ZM36.1367 24.4141L36.1322 25.4141L36.6999 25.4166L36.9931 24.9304L36.1367 24.4141ZM23.1289 24.3555H22.1289V25.351L23.1244 25.3555L23.1289 24.3555ZM23.1289 23.5938L22.3173 23.0096L22.1289 23.2713V23.5938H23.1289ZM39.5352 0.800781V-0.199219H39.0228L38.7235 0.216587L39.5352 0.800781ZM36.1367 23.8867L36.9936 23.3713L36.7007 22.8842L36.1322 22.8867L36.1367 23.8867ZM50.375 47.5586V48.5586H52.1434L51.2319 47.0432L50.375 47.5586ZM39.5352 47.5586L38.7228 48.1418L39.0221 48.5586H39.5352V47.5586ZM23.1289 24.707H22.1289V25.0288L22.3166 25.2902L23.1289 24.707ZM23.1289 23.9453L23.1244 22.9453L22.1289 22.9498V23.9453H23.1289ZM26.8429 0.284412L12.6046 23.8977L14.3173 24.9304L28.5556 1.31715L26.8429 0.284412ZM13.4654 23.4141L0.45763 23.3555L0.44862 25.3555L13.4564 25.4141L13.4654 23.4141ZM1.45312 24.3555V23.5938H-0.546875V24.3555H1.45312ZM1.26474 24.1779L17.671 1.38498L16.0478 0.216587L-0.358489 23.0096L1.26474 24.1779ZM16.8594 1.80078H27.6992V-0.199219H16.8594V1.80078ZM12.604 24.4021L26.8423 48.074L28.5561 47.0432L14.3179 23.3713L12.604 24.4021ZM27.6992 46.5586H16.8594V48.5586H27.6992V46.5586ZM17.6717 46.9754L1.26545 24.1238L-0.359199 25.2902L16.0471 48.1418L17.6717 46.9754ZM1.45312 24.707V23.9453H-0.546875V24.707H1.45312ZM0.45763 24.9453L13.4654 24.8867L13.4564 22.8867L0.44862 22.9453L0.45763 24.9453ZM49.5186 0.284412L35.2804 23.8977L36.9931 24.9304L51.2314 1.31715L49.5186 0.284412ZM36.1412 23.4141L23.1334 23.3555L23.1244 25.3555L36.1322 25.4141L36.1412 23.4141ZM24.1289 24.3555V23.5938H22.1289V24.3555H24.1289ZM23.9405 24.1779L40.3468 1.38498L38.7235 0.216587L22.3173 23.0096L23.9405 24.1779ZM39.5352 1.80078H50.375V-0.199219H39.5352V1.80078ZM35.2798 24.4021L49.5181 48.074L51.2319 47.0432L36.9936 23.3713L35.2798 24.4021ZM50.375 46.5586H39.5352V48.5586H50.375V46.5586ZM40.3475 46.9754L23.9412 24.1238L22.3166 25.2902L38.7228 48.1418L40.3475 46.9754ZM24.1289 24.707V23.9453H22.1289V24.707H24.1289ZM23.1334 24.9453L36.1412 24.8867L36.1322 22.8867L23.1244 22.9453L23.1334 24.9453Z\" fill=\"#FE800F\"\/>\n<\/svg>\n            <h1 class=\"d1 color-orange\">Ensemble vers des solutions <i>intelligentes<\/i> <\/h1>\n        <\/div>\n    <\/div>\n\n            <div class=\"main-container pt-mittel pb-mittel\">\n            <div class=\"content-container\">\n                <div class=\"lead-font-size\"><p>Pour renforcer notre \u00e9quipe, nous recherchons, sur rendez-vous, une personne enthousiaste et engag\u00e9e en tant que<\/p>\n<\/div>\n            <\/div>\n        <\/div>\n    \n\n    <\/div>\n<div  class=\"block block-content bg-weiss pb-mittel\">\n    <div class=\"main-container\">\n        <div class=\"content-container\">\n\n            \n\n    <h2 class=\"d3\">Acheteur(s) et AVOR (h\/f) 100<\/h2>\n\n    <p><strong>L+M AG<\/strong> \u00e0 <strong>Remigen<\/strong> est depuis plus de 50 ans une entreprise familiale et prosp\u00e8re dans le domaine de la construction m\u00e9tallique industrielle et fabricant d&rsquo;installations d&rsquo;aspiration pour l&rsquo;industrie dans le monde entier.<br \/>\nNous traitons nos clients d&rsquo;\u00e9gal \u00e0 \u00e9gal et sommes loyaux, authentiques et proches d&rsquo;eux dans nos relations quotidiennes.<br \/>\nDes qualit\u00e9s que vous partagez ?<br \/>\nAlors, saisissez votre chance.     <\/p>\n<h4>Votre domaine d&rsquo;activit\u00e9 :<\/h4>\n<ul>\n<li>Traitement rapide, comp\u00e9tent et orient\u00e9 vers le client des commandes d&rsquo;approvisionnement selon des objectifs de qualit\u00e9, de co\u00fbts et de d\u00e9lais.<\/li>\n<li>Soutien \u00e0 la vente par la cr\u00e9ation de donn\u00e9es de calcul pour les projets des clients, collaboration interne avec des sp\u00e9cialistes techniques<\/li>\n<li>Echange r\u00e9gulier d&rsquo;informations sur les dates\/disponibilit\u00e9s des pi\u00e8ces, et d\u00e9finition des priorit\u00e9s et des d\u00e9lais.<br \/>\nOrdre des mat\u00e9riaux <\/li>\n<li>Utilisation des diff\u00e9rentes possibilit\u00e9s de collecte et d&rsquo;\u00e9valuation des informations, par ex.<br \/>\nRecherche de fournisseurs \/ benchmarking, analyse ABC \/ XYZ, \u00e9valuation des fournisseurs. <\/li>\n<li>Aide \u00e0 l&rsquo;identification des opportunit\u00e9s de r\u00e9duction des co\u00fbts et des risques le long de la cha\u00eene d&rsquo;approvisionnement afin d&rsquo;optimiser la gestion globale des achats et des fournisseurs.<\/li>\n<li>Am\u00e9lioration proactive des performances des fournisseurs, par le biais d&rsquo;\u00e9valuations r\u00e9guli\u00e8res des fournisseurs et de la mise en \u00e9vidence des potentiels et des propositions de mesures pour am\u00e9liorer les performances.<\/li>\n<\/ul>\n<h4>Votre profil :<\/h4>\n<ul>\n<li>Formation technique de base achev\u00e9e avec plusieurs ann\u00e9es d&rsquo;exp\u00e9rience professionnelle dans l&rsquo;approvisionnement.<br \/>\nLa connaissance du traitement par soudage est un plus. <\/li>\n<li>Formation continue en tant que sp\u00e9cialiste des achats, agent technico-commercial, etc.<\/li>\n<li>Bonne ma\u00eetrise de l&rsquo;allemand et de l&rsquo;anglais \u00e0 l&rsquo;oral et \u00e0 l&rsquo;\u00e9crit<\/li>\n<li>Personnalit\u00e9 communicative et travaillant de mani\u00e8re autonome avec un esprit d&rsquo;initiative<\/li>\n<li>Aimer travailler dans des projets interdisciplinaires et interentreprises.<\/li>\n<\/ul>\n<h4>Ce que vous pouvez attendre<\/h4>\n<ul>\n<li>Beaucoup d&rsquo;initiative, de responsabilit\u00e9 et de comp\u00e9tences<\/li>\n<li>Une \u00e9quipe motiv\u00e9e et cool avec une orientation client et une affinit\u00e9 avec la technologie<\/li>\n<li>Des avantages sociaux et des conditions d&#8217;emploi dans l&rsquo;air du temps<\/li>\n<li>Environnement de travail agr\u00e9able pr\u00e8s de Baden \/ Brugg et pourtant au milieu de la verdure<\/li>\n<li>Parking gratuit pour voiture, moto et v\u00e9lo sur le site de l&rsquo;entreprise<\/li>\n<\/ul>\n<p><strong>Ce poste vous int\u00e9resse ?<\/strong> Dans ce cas, nous nous r\u00e9jouissons de recevoir votre dossier de candidature complet, de pr\u00e9f\u00e9rence par e-mail, <strong>en mentionnant le num\u00e9ro de poste 109285-34<\/strong> \u00e0 l&rsquo;adresse suivante <strong><a href=\"mailto:rmarty@mittelland-personal.ch\">rmarty@mittelland-personal.ch<\/a><\/strong>.<br \/>\nM. Roger Marty se tient \u00e0 votre disposition pour tout renseignement compl\u00e9mentaire.   <em><strong>Veuillez noter que les candidatures dont les dossiers sont envoy\u00e9s directement \u00e0 notre client ne seront pas prises en compte.<br \/>\nLes candidatures \u00e9crites envoy\u00e9es par courrier seront prises en compte, mais ne pourront pas \u00eatre retourn\u00e9es pour des raisons administratives. <\/strong><\/em><\/p>\n\n    \n            <div class=\"button-group\">\n                   <a class=\"btn btn-outline btn-ext\" href=\"https:\/\/lume.ch\/wp-content\/uploads\/2024\/04\/EinkaeuferIn-und-AVOR-LM-AG.pdf\" target=\"_blank\">Ouvrir l&#039;annonce d&#039;emploi au format PDF<\/a>\n                <\/div>\n    \n\n        <\/div>\n    <\/div>\n<\/div>","protected":false},"excerpt":{"rendered":"","protected":false},"author":4,"featured_media":0,"parent":0,"menu_order":0,"comment_status":"closed","ping_status":"closed","template":"tpl-front-page.php","meta":{"_acf_changed":false,"footnotes":""},"class_list":["post-13854","page","type-page","status-publish","hentry"],"acf":[],"_links":{"self":[{"href":"https:\/\/lume.ch\/fr\/wp-json\/wp\/v2\/pages\/13854","targetHints":{"allow":["GET"]}}],"collection":[{"href":"https:\/\/lume.ch\/fr\/wp-json\/wp\/v2\/pages"}],"about":[{"href":"https:\/\/lume.ch\/fr\/wp-json\/wp\/v2\/types\/page"}],"author":[{"embeddable":true,"href":"https:\/\/lume.ch\/fr\/wp-json\/wp\/v2\/users\/4"}],"replies":[{"embeddable":true,"href":"https:\/\/lume.ch\/fr\/wp-json\/wp\/v2\/comments?post=13854"}],"version-history":[{"count":1,"href":"https:\/\/lume.ch\/fr\/wp-json\/wp\/v2\/pages\/13854\/revisions"}],"predecessor-version":[{"id":13855,"href":"https:\/\/lume.ch\/fr\/wp-json\/wp\/v2\/pages\/13854\/revisions\/13855"}],"wp:attachment":[{"href":"https:\/\/lume.ch\/fr\/wp-json\/wp\/v2\/media?parent=13854"}],"curies":[{"name":"wp","href":"https:\/\/api.w.org\/{rel}","templated":true}]}}