{"id":13842,"date":"2023-11-27T15:09:31","date_gmt":"2023-11-27T14:09:31","guid":{"rendered":"https:\/\/lume.ch\/?page_id=13842"},"modified":"2024-08-23T09:11:44","modified_gmt":"2024-08-23T07:11:44","slug":"vehicules-ferroviaires-infrastructure-ferroviaire","status":"publish","type":"page","link":"https:\/\/lume.ch\/fr\/installations-daspiration\/des-concepts-et-des-solutions-intelligents-pour-votre-secteursolutionsdes-concepts-et-des-solutions-intelligents-pour-votre-secteur\/vehicules-ferroviaires-infrastructure-ferroviaire\/","title":{"rendered":"V\u00e9hicules ferroviaires + infrastructure ferroviaire"},"content":{"rendered":"\n<div  class=\"block block-header pb-mittel header-text\">\n\n            <div class=\"main-container container-padding-top pb-mittel has-breadcrumb has-icon\"> \n          \n            <div class=\"content-container\">\n            <div class=\"icon\"><img decoding=\"async\" width=\"100\" height=\"100\" data-src=\"https:\/\/lume.ch\/wp-content\/uploads\/2023\/11\/branche-schienenfahrzeuge-orange.svg\" class=\"attachment-full size-full lazyload\" alt=\"\" src=\"data:image\/svg+xml;base64,PHN2ZyB3aWR0aD0iMSIgaGVpZ2h0PSIxIiB4bWxucz0iaHR0cDovL3d3dy53My5vcmcvMjAwMC9zdmciPjwvc3ZnPg==\" style=\"--smush-placeholder-width: 100px; --smush-placeholder-aspect-ratio: 100\/100;\" \/><\/div>\n                                <div class=\"d5 color-anthrazit uebertitel\">Construction m\u00e9tallique industrielle<\/div>\n                \n                                <h1 class=\"d1 color-orange\">Solutions pour le secteur du mat\u00e9riel roulant + infrastructure ferroviaire<\/h1>\n                 \n                                <div class=\"lead-font-size\"><p>Dans le domaine du transport ferroviaire, les fournisseurs sont souvent soumis \u00e0 des exigences extr\u00eamement strictes.<br \/>\nL+M AG est confront\u00e9e \u00e0 ce d\u00e9fi quotidiennement, que ce soit dans le cadre de nombreux projets de mat\u00e9riel roulant ou de construction de pi\u00e8ces pour l&rsquo;extension des r\u00e9seaux ferroviaires.<br \/>\nNous aidons nos clients \u00e0 r\u00e9pondre \u00e0 ces exigences strictes et \u00e0 mener \u00e0 bien leurs projets.<br \/>\nGr\u00e2ce \u00e0 notre engagement, nous garantissons non seulement le respect des exigences, mais aussi une ex\u00e9cution sans faille des projets.     <\/p>\n<\/div>\n                            <\/div>\n        <\/div>\n    <\/div>\n<div  class=\"block block-content bg-weiss pb-gross\">\n    <div class=\"main-container\">\n        <div class=\"content-container\">\n\n            \n\n    <h2 class=\"d3\">Partenaires dans le domaine du mat\u00e9riel roulant + infrastructure ferroviaire<\/h2>\n\n    <ul>\n<li style=\"font-weight: 400;\" aria-level=\"1\"><span style=\"font-weight: 400;\">Ing\u00e9nierie, construction, fabrication et logistique &#8211; tout d&rsquo;une seule source<\/span><\/li>\n<li style=\"font-weight: 400;\" aria-level=\"1\"><span style=\"font-weight: 400;\">Production en Suisse + Slovaquie<\/span><\/li>\n<li style=\"font-weight: 400;\" aria-level=\"1\"><span style=\"font-weight: 400;\">Pi\u00e8ces pour <a href=\"https:\/\/lume.ch\/kompetenzen-service\/#acc-4\">cat\u00e9naires et rails<\/a><\/span><\/li>\n<li style=\"font-weight: 400;\" aria-level=\"1\"><span style=\"font-weight: 400;\">Pi\u00e8ces pour <a href=\"https:\/\/lume.ch\/kompetenzen-service\/#acc-4\">mat\u00e9riel roulant<\/a><\/span><\/li>\n<li style=\"font-weight: 400;\" aria-level=\"1\"><span style=\"font-weight: 400;\">Soudage selon <a href=\"https:\/\/lume.ch\/download\/zertifikat-iso-1090-2\/\">EN- 1090<\/a><\/span><\/li>\n<li style=\"font-weight: 400;\" aria-level=\"1\"><span style=\"font-weight: 400;\">Soudage selon <a href=\"https:\/\/lume.ch\/download\/zertifikat-en-15085-2\/\">EN- 15085<\/a><\/span><\/li>\n<li style=\"font-weight: 400;\" aria-level=\"1\"><span style=\"font-weight: 400;\">Longue exp\u00e9rience aupr\u00e8s de divers clients + projets.  <\/span><\/li>\n<\/ul>\n\n    \n            <div class=\"button-group\">\n                   <a class=\"btn btn-full btn-arrow\" href=\"https:\/\/lume.ch\/industriestahlbau\/\" target=\"_self\">Solutions de construction m\u00e9tallique industrielle<\/a>\n                <\/div>\n    \n\n        <\/div>\n    <\/div>\n<\/div>\n<div  class=\"block block-referenz-slider bg-weiss pb-mittel\">\n    <div class=\"main-container pos-rel\">\n\n                <div class=\"content-container\">\n                            <h2 class=\"d3\">Des mises en \u0153uvre r\u00e9ussies<\/h2>\n            \n                    <\/div>\n         \n\n                <div class=\"swiper-referenz pos-rel\">\n            <div class=\"swiper-wrapper\">\n                                \n                <div class=\"swiper-slide\">\n                    \n<div class=\"block-teaser bild-text standard-link\">\n    <a class=\"teaser\" href=\"https:\/\/lume.ch\/fr\/reference\/table-elevatrice-a-ciseaux-avec-plateau-en-croix\/\">\n                <div class=\"bild\">\n            <img decoding=\"async\" width=\"1024\" height=\"663\" data-src=\"https:\/\/lume.ch\/wp-content\/uploads\/2023\/12\/Scherenhubtisch-mit-Kreuzplatte-2.jpg\" class=\"attachment-large size-large wp-post-image lazyload\" alt=\"\" data-srcset=\"https:\/\/lume.ch\/wp-content\/uploads\/2023\/12\/Scherenhubtisch-mit-Kreuzplatte-2.jpg 1075w, https:\/\/lume.ch\/wp-content\/uploads\/2023\/12\/Scherenhubtisch-mit-Kreuzplatte-2-400x259.jpg 400w\" data-sizes=\"(max-width: 1024px) 100vw, 1024px\" src=\"data:image\/svg+xml;base64,PHN2ZyB3aWR0aD0iMSIgaGVpZ2h0PSIxIiB4bWxucz0iaHR0cDovL3d3dy53My5vcmcvMjAwMC9zdmciPjwvc3ZnPg==\" style=\"--smush-placeholder-width: 1024px; --smush-placeholder-aspect-ratio: 1024\/663;\" \/>            <span class=\"overlay\"><\/span>\n        <\/div>\n        \n\n        <div class=\"kategorie\">Construction m\u00e9tallique industrielle<\/div>         \n        <div class=\"uebertitel mt-20\">V\u00e9hicules ferroviaires + Infrastructure ferroviaire&nbsp;<\/div>\n        \n        <div class=\"inner\">\n            <h2 class=\"d5\">Table \u00e9l\u00e9vatrice \u00e0 ciseaux avec plateau en croix<\/h2>\n\n            <div class=\"teaser-inhalt\">Notre table \u00e9l\u00e9vatrice \u00e0 ciseaux avec plateau en croix pour de multiples applications.  &nbsp;<\/div>\n        <\/div>\n\n        <div class=\"teaser-cta transition\">Vers la description du projet<\/div>\n    <\/a> \n<\/div>\n\n                <\/div>\n\n                \n                <div class=\"swiper-slide\">\n                    \n<div class=\"block-teaser bild-text standard-link\">\n    <a class=\"teaser\" href=\"https:\/\/lume.ch\/fr\/reference\/dispositif-de-rotation-pour-montage-de-convertisseur\/\">\n                <div class=\"bild\">\n            <img decoding=\"async\" width=\"1024\" height=\"576\" data-src=\"https:\/\/lume.ch\/wp-content\/uploads\/2023\/12\/Drehvorrichtung.jpg\" class=\"attachment-large size-large wp-post-image lazyload\" alt=\"\" data-srcset=\"https:\/\/lume.ch\/wp-content\/uploads\/2023\/12\/Drehvorrichtung.jpg 3264w, https:\/\/lume.ch\/wp-content\/uploads\/2023\/12\/Drehvorrichtung-400x225.jpg 400w\" data-sizes=\"(max-width: 1024px) 100vw, 1024px\" src=\"data:image\/svg+xml;base64,PHN2ZyB3aWR0aD0iMSIgaGVpZ2h0PSIxIiB4bWxucz0iaHR0cDovL3d3dy53My5vcmcvMjAwMC9zdmciPjwvc3ZnPg==\" style=\"--smush-placeholder-width: 1024px; --smush-placeholder-aspect-ratio: 1024\/576;\" \/>            <span class=\"overlay\"><\/span>\n        <\/div>\n        \n\n        <div class=\"kategorie\">Construction m\u00e9tallique industrielle<\/div>         \n        <div class=\"uebertitel mt-20\">V\u00e9hicules ferroviaires + Infrastructure ferroviaire&nbsp;<\/div>\n        \n        <div class=\"inner\">\n            <h2 class=\"d5\">Dispositif de rotation pour montage de convertisseur<\/h2>\n\n            <div class=\"teaser-inhalt\">Notre dispositif de rotation pr\u00e9cis simplifie sans effort le montage du convertisseur.  &nbsp;<\/div>\n        <\/div>\n\n        <div class=\"teaser-cta transition\">Vers la description du projet<\/div>\n    <\/a> \n<\/div>\n\n                <\/div>\n\n                \n                <div class=\"swiper-slide\">\n                    \n<div class=\"block-teaser bild-text standard-link\">\n    <a class=\"teaser\" href=\"https:\/\/lume.ch\/fr\/reference\/bequille-pivotante-pour-wagon-de-marchandises-en15085-cl1\/\">\n                <div class=\"bild\">\n            <img decoding=\"async\" width=\"368\" height=\"304\" data-src=\"https:\/\/lume.ch\/wp-content\/uploads\/2023\/12\/Unbenannt-2.jpg\" class=\"attachment-large size-large wp-post-image lazyload\" alt=\"\" src=\"data:image\/svg+xml;base64,PHN2ZyB3aWR0aD0iMSIgaGVpZ2h0PSIxIiB4bWxucz0iaHR0cDovL3d3dy53My5vcmcvMjAwMC9zdmciPjwvc3ZnPg==\" style=\"--smush-placeholder-width: 368px; --smush-placeholder-aspect-ratio: 368\/304;\" \/>            <span class=\"overlay\"><\/span>\n        <\/div>\n        \n\n        <div class=\"kategorie\">Construction m\u00e9tallique industrielle<\/div>         \n        <div class=\"uebertitel mt-20\">V\u00e9hicules ferroviaires + Infrastructure ferroviaire&nbsp;<\/div>\n        \n        <div class=\"inner\">\n            <h2 class=\"d5\">B\u00e9quille pivotante pour wagon de marchandises &#8211; EN15085 CL1<\/h2>\n\n            <div class=\"teaser-inhalt\">D\u00e9couvrez la b\u00e9quille pivotante EN15085 CL1 &#8211; votre solution fiable pour les syst\u00e8mes de soutien des wagons de marchandises.  &nbsp;<\/div>\n        <\/div>\n\n        <div class=\"teaser-cta transition\">Vers la description du projet<\/div>\n    <\/a> \n<\/div>\n\n                <\/div>\n\n                            <\/div>\n            <div class=\"swiper-pagination\"><\/div>\n            <div class=\"swiper-navigation\">\n                <div class=\"swiper-button-prev\"><\/div>\n                <div class=\"swiper-button-next\"><\/div>\n            <\/div>\n        <\/div>\n    \n    <\/div>\n<\/div>\n<div  class=\"block block-personen bg-dunkelgrau pt-gross pb-gross\">\n    <div class=\"main-container\">\n\n        <h2 class=\"d3\">Vos contacts<\/h2>\n    \n    \n\n           \n            <p>Vous avez besoin d&rsquo;un conseil ou vous avez un projet ?<\/p>\n\n<div class=\"person mt-klein mb-50\">\n\n    <div class=\"person-bild\">\n                <div class=\"person-bild-inner\">\n            <img decoding=\"async\" width=\"890\" height=\"660\" data-src=\"https:\/\/lume.ch\/wp-content\/uploads\/2023\/09\/Staubli-Gregor5_DSC06531-890x660.jpg\" class=\"attachment-person size-person wp-post-image lazyload\" alt=\"LM AG Industriestahlbau Absauganlagen Gregor Staubli\" src=\"data:image\/svg+xml;base64,PHN2ZyB3aWR0aD0iMSIgaGVpZ2h0PSIxIiB4bWxucz0iaHR0cDovL3d3dy53My5vcmcvMjAwMC9zdmciPjwvc3ZnPg==\" style=\"--smush-placeholder-width: 890px; --smush-placeholder-aspect-ratio: 890\/660;\" \/>        <\/div>\n            <\/div>\n\n    <div class=\"person-inhalt\">\n                <h3 class=\"d4 color-orange\">Gregor Staubli<\/h3>\n                \n                  <p class=\"d6 mb-0 base-font-size\"><strong>Vente | Direction<\/strong><\/p>\n        \n                  <p>Directeur des ventes | Membre de la direction<\/p>\n        \n        <div class=\"links standard-link\">\n                          <p><a href=\"mailto:gregor.staubli@lume.ch\"><span class=\"mail\"><\/span> gregor.staubli@lume.ch<\/a><\/p>\n            \n                          <p><a href=\"tel:+41763631229\"><span class=\"tel\"><\/span> +41 76 363 12 29<\/a><\/p>\n            \n                          <p><a href=\"https:\/\/www.linkedin.com\/in\/gregor-staubli-12b17052\/\" target=\"_blank\" rel=\"nofollow noopener\"><span class=\"linkedin\"><\/span> Profil LinkedIn<\/a><\/p>\n                    <\/div>\n    <\/div>\n<\/div>\n\n  \n<div class=\"person mt-klein mb-50\">\n\n    <div class=\"person-bild\">\n                <div class=\"person-bild-inner\">\n            <img decoding=\"async\" width=\"890\" height=\"660\" data-src=\"https:\/\/lume.ch\/wp-content\/uploads\/2023\/11\/Shipman-Roy_F_DSC06646-890x660.png\" class=\"attachment-person size-person wp-post-image lazyload\" alt=\"LM AG Industriestahlbau Absauganlagen\" src=\"data:image\/svg+xml;base64,PHN2ZyB3aWR0aD0iMSIgaGVpZ2h0PSIxIiB4bWxucz0iaHR0cDovL3d3dy53My5vcmcvMjAwMC9zdmciPjwvc3ZnPg==\" style=\"--smush-placeholder-width: 890px; --smush-placeholder-aspect-ratio: 890\/660;\" \/>        <\/div>\n            <\/div>\n\n    <div class=\"person-inhalt\">\n                <h3 class=\"d4 color-orange\">Roy Shipman<\/h3>\n                \n                  <p class=\"d6 mb-0 base-font-size\"><strong>Vente<\/strong><\/p>\n        \n                  <p>Vendeur r\u00e9gional | Chef de projet<\/p>\n        \n        <div class=\"links standard-link\">\n                          <p><a href=\"mailto:roy.shipman@lume.ch\"><span class=\"mail\"><\/span> roy.shipman@lume.ch<\/a><\/p>\n            \n                          <p><a href=\"tel:+41765564096\"><span class=\"tel\"><\/span> +41 76 556 40 96<\/a><\/p>\n            \n                    <\/div>\n    <\/div>\n<\/div>\n\n  \n    <\/div>\n<\/div>\n<div  class=\"block block-teaser bg-weiss pt-mittel pb-mittel bild-text\">\n  <div class=\"main-container\">\n    \n        <div class=\"teaser-row\">\n      \n                          <a class=\"teaser\" href=\"https:\/\/lume.ch\/fr\/prestations\/#acc-1\" target=\"_self\">\n            \n              <div class=\"bild\"><img decoding=\"async\" width=\"1110\" height=\"420\" data-src=\"https:\/\/lume.ch\/wp-content\/uploads\/2023\/11\/Engineering-Konstruktion-1110x420.jpg\" class=\"attachment-teaser-big size-teaser-big lazyload\" alt=\"L+M AG Industriestahlbau Absauganlagen Engineering Konstruktion\" src=\"data:image\/svg+xml;base64,PHN2ZyB3aWR0aD0iMSIgaGVpZ2h0PSIxIiB4bWxucz0iaHR0cDovL3d3dy53My5vcmcvMjAwMC9zdmciPjwvc3ZnPg==\" style=\"--smush-placeholder-width: 1110px; --smush-placeholder-aspect-ratio: 1110\/420;\" \/><span class=\"overlay\"><\/span><\/div>\n                              <div class=\"uebertitel\">Ing\u00e9nierie + construction<\/div>\n              \n              \n              <div class=\"inner\">\n                                                      <h2 class=\"d5\">Conseil pour des solutions individuelles<\/h2>\n                                  \n                                  <div class=\"teaser-inhalt\">La qualit\u00e9 sur mesure et selon vos besoins.<\/div>\n                              <\/div>\n\n                            <div class=\"teaser-cta transition\">Ing\u00e9nierie + construction<\/div>\n          <\/a>\n                  \n                        <a class=\"teaser\" href=\"https:\/\/lume.ch\/fr\/prestations\/#acc-10\" target=\"_self\">\n            \n              <div class=\"bild\"><img decoding=\"async\" width=\"500\" height=\"354\" data-src=\"https:\/\/lume.ch\/wp-content\/uploads\/2023\/11\/ISO-9001-Zertifizierung.jpg\" class=\"attachment-teaser-big size-teaser-big lazyload\" alt=\"L+M AG Fakten Historie ISO 9001 Zertifizierung\" data-srcset=\"https:\/\/lume.ch\/wp-content\/uploads\/2023\/11\/ISO-9001-Zertifizierung.jpg 500w, https:\/\/lume.ch\/wp-content\/uploads\/2023\/11\/ISO-9001-Zertifizierung-400x283.jpg 400w\" data-sizes=\"(max-width: 500px) 100vw, 500px\" src=\"data:image\/svg+xml;base64,PHN2ZyB3aWR0aD0iMSIgaGVpZ2h0PSIxIiB4bWxucz0iaHR0cDovL3d3dy53My5vcmcvMjAwMC9zdmciPjwvc3ZnPg==\" style=\"--smush-placeholder-width: 500px; --smush-placeholder-aspect-ratio: 500\/354;\" \/><span class=\"overlay\"><\/span><\/div>\n                              <div class=\"uebertitel\">Assurance qualit\u00e9<\/div>\n              \n              \n              <div class=\"inner\">\n                                                      <h2 class=\"d5\">Test, mesure + certification<\/h2>\n                                  \n                                  <div class=\"teaser-inhalt\">Nos produits sont fabriqu\u00e9s et test\u00e9s selon les technologies et les normes les plus r\u00e9centes.<\/div>\n                              <\/div>\n\n                            <div class=\"teaser-cta transition\">  Gestion de la qualit\u00e9<\/div>\n          <\/a>\n                  \n              <\/div>\n  <\/div>\n<\/div>\n","protected":false},"excerpt":{"rendered":"","protected":false},"author":4,"featured_media":0,"parent":13820,"menu_order":0,"comment_status":"closed","ping_status":"closed","template":"tpl-front-page.php","meta":{"_acf_changed":false,"footnotes":""},"class_list":["post-13842","page","type-page","status-publish","hentry"],"acf":[],"_links":{"self":[{"href":"https:\/\/lume.ch\/fr\/wp-json\/wp\/v2\/pages\/13842","targetHints":{"allow":["GET"]}}],"collection":[{"href":"https:\/\/lume.ch\/fr\/wp-json\/wp\/v2\/pages"}],"about":[{"href":"https:\/\/lume.ch\/fr\/wp-json\/wp\/v2\/types\/page"}],"author":[{"embeddable":true,"href":"https:\/\/lume.ch\/fr\/wp-json\/wp\/v2\/users\/4"}],"replies":[{"embeddable":true,"href":"https:\/\/lume.ch\/fr\/wp-json\/wp\/v2\/comments?post=13842"}],"version-history":[{"count":2,"href":"https:\/\/lume.ch\/fr\/wp-json\/wp\/v2\/pages\/13842\/revisions"}],"predecessor-version":[{"id":14105,"href":"https:\/\/lume.ch\/fr\/wp-json\/wp\/v2\/pages\/13842\/revisions\/14105"}],"up":[{"embeddable":true,"href":"https:\/\/lume.ch\/fr\/wp-json\/wp\/v2\/pages\/13820"}],"wp:attachment":[{"href":"https:\/\/lume.ch\/fr\/wp-json\/wp\/v2\/media?parent=13842"}],"curies":[{"name":"wp","href":"https:\/\/api.w.org\/{rel}","templated":true}]}}