{"id":13832,"date":"2023-11-13T08:07:49","date_gmt":"2023-11-13T07:07:49","guid":{"rendered":"https:\/\/lume.ch\/?page_id=13832"},"modified":"2024-08-22T09:50:21","modified_gmt":"2024-08-22T07:50:21","slug":"alimentation","status":"publish","type":"page","link":"https:\/\/lume.ch\/fr\/installations-daspiration\/des-concepts-et-des-solutions-intelligents-pour-votre-secteursolutionsdes-concepts-et-des-solutions-intelligents-pour-votre-secteur\/alimentation\/","title":{"rendered":"Alimentation"},"content":{"rendered":"\n<div  class=\"block block-header pb-klein header-text\">\n\n            <div class=\"main-container container-padding-top pb-mittel has-breadcrumb has-icon\"> \n          \n            <div class=\"content-container\">\n            <div class=\"icon\"><img decoding=\"async\" width=\"100\" height=\"100\" data-src=\"https:\/\/lume.ch\/wp-content\/uploads\/2023\/11\/branche-lebensmittel-orange.svg\" class=\"attachment-full size-full lazyload\" alt=\"\" src=\"data:image\/svg+xml;base64,PHN2ZyB3aWR0aD0iMSIgaGVpZ2h0PSIxIiB4bWxucz0iaHR0cDovL3d3dy53My5vcmcvMjAwMC9zdmciPjwvc3ZnPg==\" style=\"--smush-placeholder-width: 100px; --smush-placeholder-aspect-ratio: 100\/100;\" \/><\/div>\n                                <div class=\"d5 color-anthrazit uebertitel\">Installations d&rsquo;aspiration<\/div>\n                \n                                <h1 class=\"d1 color-orange\">Solutions pour le secteur alimentaire<\/h1>\n                 \n                                <div class=\"lead-font-size\"><p>Le secteur alimentaire est important pour notre approvisionnement en nourriture.<br \/>\nBien qu&rsquo;il soit tr\u00e8s diversifi\u00e9, il est soumis \u00e0 des r\u00e8gles et \u00e0 des r\u00e9glementations l\u00e9gales strictes.<br \/>\nL&rsquo;hygi\u00e8ne et la s\u00e9curit\u00e9 sont des priorit\u00e9s absolues dans ce secteur.  <\/p>\n<\/div>\n                            <\/div>\n        <\/div>\n    <\/div>\n\n\n<div  class=\"block block-content bg-weiss pb-gross\">\n    <div class=\"main-container\">\n        <div class=\"content-container\">\n\n            \n\n\n    <p>L&rsquo;aspiration de poussi\u00e8res dans l&rsquo;industrie alimentaire ou des boissons n\u00e9cessite une analyse pr\u00e9alable des poussi\u00e8res par un professionnel. Une \u00e9tincelle peut facilement d\u00e9clencher une <a href=\"https:\/\/lume.ch\/absauganlagen-filteranlagen\/explosionsschutz\/\">explosion<\/a> en pr\u00e9sence de poussi\u00e8re de sucre ou de farine.<br \/>\nAvec un syst\u00e8me d&rsquo;aspiration conforme <a href=\"https:\/\/lume.ch\/absauganlagen-filteranlagen\/explosionsschutz\/\">\u00e0 la norme ATEX<\/a>, ce risque est \u00e9limin\u00e9.   &nbsp;<\/p>\n<h3>Votre valeur ajout\u00e9e avec un syst\u00e8me d&rsquo;aspiration<\/h3>\n<ul>\n<li style=\"font-weight: 400;\" aria-level=\"1\"><span style=\"font-weight: 400;\">Pour l&rsquo;aspiration de poussi\u00e8res s\u00e8ches et coulantes<\/span><\/li>\n<li style=\"font-weight: 400;\" aria-level=\"1\"><span style=\"font-weight: 400;\"><a href=\"https:\/\/lume.ch\/absauganlagen-filteranlagen\/explosionsschutz\/\">Conception conforme \u00e0 la norme ATEX<\/a> possible<\/span><\/li>\n<li style=\"font-weight: 400;\" aria-level=\"1\"><span style=\"font-weight: 400;\">Surfaces de filtration et charges de filtration variables<\/span><\/li>\n<li style=\"font-weight: 400;\" aria-level=\"1\"><span style=\"font-weight: 400;\">utilisation de <a href=\"https:\/\/lume.ch\/absauganlagen-filteranlagen\/ersatzteile-und-zubehoer\/filterelemente\/\">mat\u00e9riaux filtrants<\/a> adapt\u00e9s \u00e0 l&rsquo;utilisateur (par exemple, antistatiques, hydrofuges et ol\u00e9ofuges)<\/span><\/li>\n<li style=\"font-weight: 400;\" aria-level=\"1\"><span style=\"font-weight: 400;\">Nettoyage pneumatique des filtres<\/span><\/li>\n<li style=\"font-weight: 400;\" aria-level=\"1\"><span style=\"font-weight: 400;\">Facile \u00e0 utiliser et \u00e0 entretenir<\/span><\/li>\n<li style=\"font-weight: 400;\" aria-level=\"1\"><span style=\"font-weight: 400;\">Possibilit\u00e9 de <a href=\"https:\/\/lume.ch\/referenz\/absaugen-von-gewuerzstaub\/\">versions sp\u00e9ciales<\/a> <\/span><\/li>\n<\/ul>\n\n    \n    \n\n        <\/div>\n    <\/div>\n<\/div>\n\n\n<div  class=\"block block-teaser bg-hellgrau pt-gross pb-mittel produkt\">\n  <div class=\"main-container\">\n          <div class=\"content-container\">\n                  <h2 class=\"d3\">Syst\u00e8mes d&rsquo;aspiration pour produits alimentaires<\/h2>\n        \n              <\/div>\n    \n        <div class=\"swiper-mobile\">\n            <div class=\"teaser-row swiper-wrapper\">\n        \n                        <div class=\"swiper-slide\">\n                    <a class=\"teaser\" href=\"https:\/\/lume.ch\/absauganlagen-filteranlagen\/absauganlagen-filteranlagen\/absauganlage-ecocell\/\" target=\"_self\">\n            \n              <div class=\"bild\"><img decoding=\"async\" width=\"300\" height=\"400\" data-src=\"https:\/\/lume.ch\/wp-content\/uploads\/2023\/11\/EcoCell_grau_CMY-300x400.png\" class=\"attachment-medium size-medium lazyload\" alt=\"L+M AG Absauganlage EcoCell\" data-srcset=\"https:\/\/lume.ch\/wp-content\/uploads\/2023\/11\/EcoCell_grau_CMY-300x400.png 300w, https:\/\/lume.ch\/wp-content\/uploads\/2023\/11\/EcoCell_grau_CMY.png 433w\" data-sizes=\"(max-width: 300px) 100vw, 300px\" src=\"data:image\/svg+xml;base64,PHN2ZyB3aWR0aD0iMSIgaGVpZ2h0PSIxIiB4bWxucz0iaHR0cDovL3d3dy53My5vcmcvMjAwMC9zdmciPjwvc3ZnPg==\" style=\"--smush-placeholder-width: 300px; --smush-placeholder-aspect-ratio: 300\/400;\" \/><span class=\"overlay\"><\/span><\/div>\n              \n                              <div class=\"kategorie\">Syst\u00e8mes d&rsquo;aspiration et de filtration<\/div>\n              \n              <div class=\"inner\">\n                                                      <h3 class=\"d5\">EcoCell  <\/h3>\n                                  \n                                  <div class=\"teaser-inhalt\">Pour les aspirations individuelles ou multiples jusqu&rsquo;\u00e0 3&rsquo;000 m\u00b3\/h<\/div>\n                              <\/div>\n\n                            <div class=\"teaser-cta transition\"><\/div>\n          <\/a>\n                        <\/div>\n      \n                      <div class=\"swiper-slide\">\n                    <a class=\"teaser\" href=\"https:\/\/lume.ch\/absauganlagen-filteranlagen\/absauganlagen-filteranlagen\/absauganlage-variocell\/\" target=\"_self\">\n            \n              <div class=\"bild\"><img decoding=\"async\" width=\"267\" height=\"400\" data-src=\"https:\/\/lume.ch\/wp-content\/uploads\/2023\/11\/VarioCell_CMYK-267x400.png\" class=\"attachment-medium size-medium lazyload\" alt=\"L+M AG Absauganlage VarioCell\" data-srcset=\"https:\/\/lume.ch\/wp-content\/uploads\/2023\/11\/VarioCell_CMYK-267x400.png 267w, https:\/\/lume.ch\/wp-content\/uploads\/2023\/11\/VarioCell_CMYK.png 408w\" data-sizes=\"(max-width: 267px) 100vw, 267px\" src=\"data:image\/svg+xml;base64,PHN2ZyB3aWR0aD0iMSIgaGVpZ2h0PSIxIiB4bWxucz0iaHR0cDovL3d3dy53My5vcmcvMjAwMC9zdmciPjwvc3ZnPg==\" style=\"--smush-placeholder-width: 267px; --smush-placeholder-aspect-ratio: 267\/400;\" \/><span class=\"overlay\"><\/span><\/div>\n              \n                              <div class=\"kategorie\">Syst\u00e8mes d&rsquo;aspiration et de filtration<\/div>\n              \n              <div class=\"inner\">\n                                                      <h3 class=\"d5\">VarioCell<\/h3>\n                                  \n                                  <div class=\"teaser-inhalt\">Convient comme solution d&rsquo;aspiration centralis\u00e9e pour les grands volumes d&rsquo;air &gt; 100&rsquo;000 m\u00b3\/h<\/div>\n                              <\/div>\n\n                            <div class=\"teaser-cta transition\"><\/div>\n          <\/a>\n                        <\/div>\n      \n                      <div class=\"swiper-slide\">\n                    <a class=\"teaser\" href=\"https:\/\/lume.ch\/absauganlagen-filteranlagen\/mobile-absauggeraete\/\" target=\"_self\">\n            \n              <div class=\"bild\"><img decoding=\"async\" width=\"384\" height=\"400\" data-src=\"https:\/\/lume.ch\/wp-content\/uploads\/2023\/11\/LN200-Serie-384x400.png\" class=\"attachment-medium size-medium lazyload\" alt=\"\" data-srcset=\"https:\/\/lume.ch\/wp-content\/uploads\/2023\/11\/LN200-Serie-384x400.png 384w, https:\/\/lume.ch\/wp-content\/uploads\/2023\/11\/LN200-Serie.png 580w\" data-sizes=\"(max-width: 384px) 100vw, 384px\" src=\"data:image\/svg+xml;base64,PHN2ZyB3aWR0aD0iMSIgaGVpZ2h0PSIxIiB4bWxucz0iaHR0cDovL3d3dy53My5vcmcvMjAwMC9zdmciPjwvc3ZnPg==\" style=\"--smush-placeholder-width: 384px; --smush-placeholder-aspect-ratio: 384\/400;\" \/><span class=\"overlay\"><\/span><\/div>\n              \n                              <div class=\"kategorie\">Appareils d&rsquo;aspiration mobiles<\/div>\n              \n              <div class=\"inner\">\n                                                      <h3 class=\"d5\">S\u00e9rie TBH-LN 200<\/h3>\n                                  \n                                  <div class=\"teaser-inhalt\">S\u00e9rie LN 200 &#8211; TBH GmbH Syst\u00e8mes de filtration et d&rsquo;aspiration<\/div>\n                              <\/div>\n\n                            <div class=\"teaser-cta transition\"><\/div>\n          <\/a>\n                        <\/div>\n      \n                      <div class=\"swiper-slide\">\n                    <a class=\"teaser\" href=\"https:\/\/lume.ch\/absauganlagen-filteranlagen\/mobile-absauggeraete\/\" target=\"_self\">\n            \n              <div class=\"bild\"><img decoding=\"async\" width=\"384\" height=\"400\" data-src=\"https:\/\/lume.ch\/wp-content\/uploads\/2023\/11\/LN600-384x400.png\" class=\"attachment-medium size-medium lazyload\" alt=\"\" data-srcset=\"https:\/\/lume.ch\/wp-content\/uploads\/2023\/11\/LN600-384x400.png 384w, https:\/\/lume.ch\/wp-content\/uploads\/2023\/11\/LN600.png 580w\" data-sizes=\"(max-width: 384px) 100vw, 384px\" src=\"data:image\/svg+xml;base64,PHN2ZyB3aWR0aD0iMSIgaGVpZ2h0PSIxIiB4bWxucz0iaHR0cDovL3d3dy53My5vcmcvMjAwMC9zdmciPjwvc3ZnPg==\" style=\"--smush-placeholder-width: 384px; --smush-placeholder-aspect-ratio: 384\/400;\" \/><span class=\"overlay\"><\/span><\/div>\n              \n                              <div class=\"kategorie\">Appareils d&rsquo;aspiration mobiles<\/div>\n              \n              <div class=\"inner\">\n                                                      <h3 class=\"d5\">TBH-LN S\u00e9rie 600<\/h3>\n                                  \n                                  <div class=\"teaser-inhalt\">S\u00e9rie LN 600 &#8211; TBH GmbH Filter- und Absauganlagen<\/div>\n                              <\/div>\n\n                            <div class=\"teaser-cta transition\"><\/div>\n          <\/a>\n                        <\/div>\n      \n                      <div class=\"swiper-slide\">\n                    <a class=\"teaser\" href=\"https:\/\/lume.ch\/absauganlagen-filteranlagen\/mobile-absauggeraete\/\" target=\"_self\">\n            \n              <div class=\"bild\"><img decoding=\"async\" width=\"384\" height=\"400\" data-src=\"https:\/\/lume.ch\/wp-content\/uploads\/2023\/11\/CR-384x400.png\" class=\"attachment-medium size-medium lazyload\" alt=\"\" data-srcset=\"https:\/\/lume.ch\/wp-content\/uploads\/2023\/11\/CR-384x400.png 384w, https:\/\/lume.ch\/wp-content\/uploads\/2023\/11\/CR.png 580w\" data-sizes=\"(max-width: 384px) 100vw, 384px\" src=\"data:image\/svg+xml;base64,PHN2ZyB3aWR0aD0iMSIgaGVpZ2h0PSIxIiB4bWxucz0iaHR0cDovL3d3dy53My5vcmcvMjAwMC9zdmciPjwvc3ZnPg==\" style=\"--smush-placeholder-width: 384px; --smush-placeholder-aspect-ratio: 384\/400;\" \/><span class=\"overlay\"><\/span><\/div>\n              \n                              <div class=\"kategorie\">Appareils d&rsquo;aspiration mobiles<\/div>\n              \n              <div class=\"inner\">\n                                                      <h3 class=\"d5\">S\u00e9rie TBH-CR<\/h3>\n                                  \n                                  <div class=\"teaser-inhalt\">S\u00e9rie CR &#8211; TBH GmbH Syst\u00e8mes de filtration et d&rsquo;aspiration<\/div>\n                              <\/div>\n\n                            <div class=\"teaser-cta transition\"><\/div>\n          <\/a>\n                        <\/div>\n      \n                <\/div><!-- \/.swiper-wrapper -->\n    <div class=\"swiper-pagination\"><\/div>\n    <\/div>\n  <\/div>\n<\/div>\n\n\n\n<div  class=\"block block-referenz-slider bg-weiss pt-mittel pb-mittel\">\n    <div class=\"main-container pos-rel\">\n\n                <div class=\"content-container\">\n                            <h2 class=\"d3\">Des mises en \u0153uvre r\u00e9ussies<\/h2>\n            \n                    <\/div>\n         \n\n                <div class=\"swiper-referenz pos-rel\">\n            <div class=\"swiper-wrapper\">\n                                \n                <div class=\"swiper-slide\">\n                    \n<div class=\"block-teaser bild-text standard-link\">\n    <a class=\"teaser\" href=\"https:\/\/lume.ch\/fr\/reference\/aspiration-de-la-poussiere-depices\/\">\n                <div class=\"bild\">\n            <img decoding=\"async\" width=\"768\" height=\"1024\" data-src=\"https:\/\/lume.ch\/wp-content\/uploads\/2023\/12\/Absauganlage-Lebensmittel-VarioCell-Roeststaub-Kakaobohnen.jpg\" class=\"attachment-large size-large wp-post-image lazyload\" alt=\"Poussi\u00e8re de cacao VarioCell 6.24 C\" data-srcset=\"https:\/\/lume.ch\/wp-content\/uploads\/2023\/12\/Absauganlage-Lebensmittel-VarioCell-Roeststaub-Kakaobohnen.jpg 1560w, https:\/\/lume.ch\/wp-content\/uploads\/2023\/12\/Absauganlage-Lebensmittel-VarioCell-Roeststaub-Kakaobohnen-300x400.jpg?theia_smart_thumbnails_file_version=2 300w\" data-sizes=\"(max-width: 768px) 100vw, 768px\" src=\"data:image\/svg+xml;base64,PHN2ZyB3aWR0aD0iMSIgaGVpZ2h0PSIxIiB4bWxucz0iaHR0cDovL3d3dy53My5vcmcvMjAwMC9zdmciPjwvc3ZnPg==\" style=\"--smush-placeholder-width: 768px; --smush-placeholder-aspect-ratio: 768\/1024;\" \/>            <span class=\"overlay\"><\/span>\n        <\/div>\n        \n\n        <div class=\"kategorie\">Installations d\u2019aspiration<\/div>         \n        <div class=\"uebertitel mt-20\">Alimentation&nbsp;<\/div>\n        \n        <div class=\"inner\">\n            <h2 class=\"d5\">Aspiration de la poussi\u00e8re d&rsquo;\u00e9pices<\/h2>\n\n            <div class=\"teaser-inhalt\">Pas de poussi\u00e8re d&rsquo;\u00e9pices dans la production&nbsp;<\/div>\n        <\/div>\n\n        <div class=\"teaser-cta transition\">Vers la description du projet<\/div>\n    <\/a> \n<\/div>\n\n                <\/div>\n\n                \n                <div class=\"swiper-slide\">\n                    \n<div class=\"block-teaser bild-text standard-link\">\n    <a class=\"teaser\" href=\"https:\/\/lume.ch\/fr\/reference\/aspiration-de-la-poussiere-de-torrefaction-des-feves-de-cacao\/\">\n                <div class=\"bild\">\n            <img decoding=\"async\" width=\"768\" height=\"1024\" data-src=\"https:\/\/lume.ch\/wp-content\/uploads\/2023\/12\/Absauganlage-Lebensmittel-VarioCell-Roeststaub-Kakaobohnen.jpg\" class=\"attachment-large size-large wp-post-image lazyload\" alt=\"Poussi\u00e8re de cacao VarioCell 6.24 C\" data-srcset=\"https:\/\/lume.ch\/wp-content\/uploads\/2023\/12\/Absauganlage-Lebensmittel-VarioCell-Roeststaub-Kakaobohnen.jpg 1560w, https:\/\/lume.ch\/wp-content\/uploads\/2023\/12\/Absauganlage-Lebensmittel-VarioCell-Roeststaub-Kakaobohnen-300x400.jpg?theia_smart_thumbnails_file_version=2 300w\" data-sizes=\"(max-width: 768px) 100vw, 768px\" src=\"data:image\/svg+xml;base64,PHN2ZyB3aWR0aD0iMSIgaGVpZ2h0PSIxIiB4bWxucz0iaHR0cDovL3d3dy53My5vcmcvMjAwMC9zdmciPjwvc3ZnPg==\" style=\"--smush-placeholder-width: 768px; --smush-placeholder-aspect-ratio: 768\/1024;\" \/>            <span class=\"overlay\"><\/span>\n        <\/div>\n        \n\n        <div class=\"kategorie\">Installations d\u2019aspiration<\/div>         \n        <div class=\"uebertitel mt-20\">Alimentation&nbsp;<\/div>\n        \n        <div class=\"inner\">\n            <h2 class=\"d5\">Aspiration de la poussi\u00e8re de torr\u00e9faction des f\u00e8ves de cacao<\/h2>\n\n            <div class=\"teaser-inhalt\">&nbsp;<\/div>\n        <\/div>\n\n        <div class=\"teaser-cta transition\">Vers la description du projet<\/div>\n    <\/a> \n<\/div>\n\n                <\/div>\n\n                \n                <div class=\"swiper-slide\">\n                    \n<div class=\"block-teaser bild-text standard-link\">\n    <a class=\"teaser\" href=\"https:\/\/lume.ch\/fr\/reference\/aspiration-de-poussieres-de-matieres-premieres-pour-lalimentation-animale\/\">\n                <div class=\"bild\">\n            <img decoding=\"async\" width=\"800\" height=\"1024\" data-src=\"https:\/\/lume.ch\/wp-content\/uploads\/2023\/12\/Lebensmittel-Schuettgutstaub-Absauganlage-VarioCell-4.12-C-e1701424245831.jpg\" class=\"attachment-large size-large wp-post-image lazyload\" alt=\"L+M AG Absauganlage VarioCell 4.12C Sch\u00fcttgut Lebensmittel\" data-srcset=\"https:\/\/lume.ch\/wp-content\/uploads\/2023\/12\/Lebensmittel-Schuettgutstaub-Absauganlage-VarioCell-4.12-C-e1701424245831.jpg 2045w, https:\/\/lume.ch\/wp-content\/uploads\/2023\/12\/Lebensmittel-Schuettgutstaub-Absauganlage-VarioCell-4.12-C-e1701424245831-312x400.jpg?theia_smart_thumbnails_file_version=2 312w\" data-sizes=\"(max-width: 800px) 100vw, 800px\" src=\"data:image\/svg+xml;base64,PHN2ZyB3aWR0aD0iMSIgaGVpZ2h0PSIxIiB4bWxucz0iaHR0cDovL3d3dy53My5vcmcvMjAwMC9zdmciPjwvc3ZnPg==\" style=\"--smush-placeholder-width: 800px; --smush-placeholder-aspect-ratio: 800\/1024;\" \/>            <span class=\"overlay\"><\/span>\n        <\/div>\n        \n\n        <div class=\"kategorie\">Installations d\u2019aspiration<\/div>         \n        <div class=\"uebertitel mt-20\">Alimentation&nbsp;<\/div>\n        \n        <div class=\"inner\">\n            <h2 class=\"d5\">Aspiration de poussi\u00e8res de mati\u00e8res premi\u00e8res pour l&rsquo;alimentation animale<\/h2>\n\n            <div class=\"teaser-inhalt\">Poussi\u00e8re de mati\u00e8res premi\u00e8res pour l&rsquo;alimentation animale&nbsp;<\/div>\n        <\/div>\n\n        <div class=\"teaser-cta transition\">Vers la description du projet<\/div>\n    <\/a> \n<\/div>\n\n                <\/div>\n\n                            <\/div>\n            <div class=\"swiper-pagination\"><\/div>\n            <div class=\"swiper-navigation\">\n                <div class=\"swiper-button-prev\"><\/div>\n                <div class=\"swiper-button-next\"><\/div>\n            <\/div>\n        <\/div>\n    \n    <\/div>\n<\/div>\n\n\n<div  class=\"block block-personen bg-dunkelgrau pt-gross pb-gross\">\n    <div class=\"main-container\">\n\n        <h2 class=\"d3\">Vos contacts<\/h2>\n    \n    \n\n           \n            <p>Vous avez besoin d&rsquo;un conseil ou vous avez un projet ?<\/p>\n\n<div class=\"person mt-klein mb-50\">\n\n    <div class=\"person-bild\">\n                <div class=\"person-bild-inner\">\n            <img decoding=\"async\" width=\"890\" height=\"660\" data-src=\"https:\/\/lume.ch\/wp-content\/uploads\/2023\/09\/Staubli-Gregor5_DSC06531-890x660.jpg\" class=\"attachment-person size-person wp-post-image lazyload\" alt=\"LM AG Industriestahlbau Absauganlagen Gregor Staubli\" src=\"data:image\/svg+xml;base64,PHN2ZyB3aWR0aD0iMSIgaGVpZ2h0PSIxIiB4bWxucz0iaHR0cDovL3d3dy53My5vcmcvMjAwMC9zdmciPjwvc3ZnPg==\" style=\"--smush-placeholder-width: 890px; --smush-placeholder-aspect-ratio: 890\/660;\" \/>        <\/div>\n            <\/div>\n\n    <div class=\"person-inhalt\">\n                <h3 class=\"d4 color-orange\">Gregor Staubli<\/h3>\n                \n                  <p class=\"d6 mb-0 base-font-size\"><strong>Vente | Direction<\/strong><\/p>\n        \n                  <p>Directeur des ventes | Membre de la direction<\/p>\n        \n        <div class=\"links standard-link\">\n                          <p><a href=\"mailto:gregor.staubli@lume.ch\"><span class=\"mail\"><\/span> gregor.staubli@lume.ch<\/a><\/p>\n            \n                          <p><a href=\"tel:+41763631229\"><span class=\"tel\"><\/span> +41 76 363 12 29<\/a><\/p>\n            \n                          <p><a href=\"https:\/\/www.linkedin.com\/in\/gregor-staubli-12b17052\/\" target=\"_blank\" rel=\"nofollow noopener\"><span class=\"linkedin\"><\/span> Profil LinkedIn<\/a><\/p>\n                    <\/div>\n    <\/div>\n<\/div>\n\n  \n<div class=\"person mt-klein mb-50\">\n\n    <div class=\"person-bild\">\n                <div class=\"person-bild-inner\">\n            <img decoding=\"async\" width=\"890\" height=\"660\" data-src=\"https:\/\/lume.ch\/wp-content\/uploads\/2023\/11\/Shipman-Roy_F_DSC06646-890x660.png\" class=\"attachment-person size-person wp-post-image lazyload\" alt=\"LM AG Industriestahlbau Absauganlagen\" src=\"data:image\/svg+xml;base64,PHN2ZyB3aWR0aD0iMSIgaGVpZ2h0PSIxIiB4bWxucz0iaHR0cDovL3d3dy53My5vcmcvMjAwMC9zdmciPjwvc3ZnPg==\" style=\"--smush-placeholder-width: 890px; --smush-placeholder-aspect-ratio: 890\/660;\" \/>        <\/div>\n            <\/div>\n\n    <div class=\"person-inhalt\">\n                <h3 class=\"d4 color-orange\">Roy Shipman<\/h3>\n                \n                  <p class=\"d6 mb-0 base-font-size\"><strong>Vente<\/strong><\/p>\n        \n                  <p>Vendeur r\u00e9gional | Chef de projet<\/p>\n        \n        <div class=\"links standard-link\">\n                          <p><a href=\"mailto:roy.shipman@lume.ch\"><span class=\"mail\"><\/span> roy.shipman@lume.ch<\/a><\/p>\n            \n                          <p><a href=\"tel:+41765564096\"><span class=\"tel\"><\/span> +41 76 556 40 96<\/a><\/p>\n            \n                    <\/div>\n    <\/div>\n<\/div>\n\n  \n    <\/div>\n<\/div>\n\n\n<div  class=\"block block-teaser bg-weiss pt-mittel pb-mittel bild-text\">\n  <div class=\"main-container\">\n    \n        <div class=\"teaser-row\">\n      \n                          <a class=\"teaser\" href=\"https:\/\/lume.ch\/leistungen-2\/#acc-2\" target=\"_self\">\n            \n              <div class=\"bild\"><img decoding=\"async\" width=\"1110\" height=\"420\" data-src=\"https:\/\/lume.ch\/wp-content\/uploads\/2023\/11\/Projektmanagement-1110x420.jpg\" class=\"attachment-teaser-big size-teaser-big lazyload\" alt=\"L+M AG Industriestahlbau Absauganlagen\" src=\"data:image\/svg+xml;base64,PHN2ZyB3aWR0aD0iMSIgaGVpZ2h0PSIxIiB4bWxucz0iaHR0cDovL3d3dy53My5vcmcvMjAwMC9zdmciPjwvc3ZnPg==\" style=\"--smush-placeholder-width: 1110px; --smush-placeholder-aspect-ratio: 1110\/420;\" \/><span class=\"overlay\"><\/span><\/div>\n                              <div class=\"uebertitel\">Gestion de projet<\/div>\n              \n              \n              <div class=\"inner\">\n                                                      <h2 class=\"d5\">Un savoir-faire d&rsquo;\u00e9gal \u00e0 \u00e9gal<\/h2>\n                                  \n                                  <div class=\"teaser-inhalt\">Nous vous accompagnons de A \u00e0 Z. Du d\u00e9veloppement de la solution, de la planification, de la construction jusqu&rsquo;au montage sur place.<\/div>\n                              <\/div>\n\n                            <div class=\"teaser-cta transition\">Gestion de projet<\/div>\n          <\/a>\n                  \n                        <a class=\"teaser\" href=\"https:\/\/lume.ch\/leistungen-2\/#acc-1\" target=\"_self\">\n            \n              <div class=\"bild\"><img decoding=\"async\" width=\"1110\" height=\"420\" data-src=\"https:\/\/lume.ch\/wp-content\/uploads\/2023\/11\/Engineering-Konstruktion-1110x420.jpg\" class=\"attachment-teaser-big size-teaser-big lazyload\" alt=\"L+M AG Industriestahlbau Absauganlagen Engineering Konstruktion\" src=\"data:image\/svg+xml;base64,PHN2ZyB3aWR0aD0iMSIgaGVpZ2h0PSIxIiB4bWxucz0iaHR0cDovL3d3dy53My5vcmcvMjAwMC9zdmciPjwvc3ZnPg==\" style=\"--smush-placeholder-width: 1110px; --smush-placeholder-aspect-ratio: 1110\/420;\" \/><span class=\"overlay\"><\/span><\/div>\n                              <div class=\"uebertitel\">Ing\u00e9nierie + construction<\/div>\n              \n              \n              <div class=\"inner\">\n                                                      <h2 class=\"d5\">Conseil pour des solutions individuelles<\/h2>\n                                  \n                                  <div class=\"teaser-inhalt\">La qualit\u00e9 sur mesure et selon vos besoins.<\/div>\n                              <\/div>\n\n                            <div class=\"teaser-cta transition\">Ing\u00e9nierie + construction<\/div>\n          <\/a>\n                  \n              <\/div>\n  <\/div>\n<\/div>\n","protected":false},"excerpt":{"rendered":"","protected":false},"author":3,"featured_media":0,"parent":13820,"menu_order":0,"comment_status":"closed","ping_status":"closed","template":"tpl-front-page.php","meta":{"_acf_changed":false,"footnotes":""},"class_list":["post-13832","page","type-page","status-publish","hentry"],"acf":[],"_links":{"self":[{"href":"https:\/\/lume.ch\/fr\/wp-json\/wp\/v2\/pages\/13832","targetHints":{"allow":["GET"]}}],"collection":[{"href":"https:\/\/lume.ch\/fr\/wp-json\/wp\/v2\/pages"}],"about":[{"href":"https:\/\/lume.ch\/fr\/wp-json\/wp\/v2\/types\/page"}],"author":[{"embeddable":true,"href":"https:\/\/lume.ch\/fr\/wp-json\/wp\/v2\/users\/3"}],"replies":[{"embeddable":true,"href":"https:\/\/lume.ch\/fr\/wp-json\/wp\/v2\/comments?post=13832"}],"version-history":[{"count":2,"href":"https:\/\/lume.ch\/fr\/wp-json\/wp\/v2\/pages\/13832\/revisions"}],"predecessor-version":[{"id":14006,"href":"https:\/\/lume.ch\/fr\/wp-json\/wp\/v2\/pages\/13832\/revisions\/14006"}],"up":[{"embeddable":true,"href":"https:\/\/lume.ch\/fr\/wp-json\/wp\/v2\/pages\/13820"}],"wp:attachment":[{"href":"https:\/\/lume.ch\/fr\/wp-json\/wp\/v2\/media?parent=13832"}],"curies":[{"name":"wp","href":"https:\/\/api.w.org\/{rel}","templated":true}]}}