{"id":13818,"date":"2024-04-26T16:46:27","date_gmt":"2024-04-26T14:46:27","guid":{"rendered":"https:\/\/lume.ch\/?page_id=13818"},"modified":"2024-08-22T10:50:54","modified_gmt":"2024-08-22T08:50:54","slug":"formation-de-constructeur-trice-dinstallations-et-dappareils-cfc-debut-2025","status":"publish","type":"page","link":"https:\/\/lume.ch\/fr\/formation-de-constructeur-trice-dinstallations-et-dappareils-cfc-debut-2025\/","title":{"rendered":"Formation de constructeur\/trice d&rsquo;installations et d&rsquo;appareils CFC &#8211; D\u00e9but 2025"},"content":{"rendered":"\n<div  class=\"block block-header pb-mittel header-quote\">\n\n        <div class=\"image\">\n        <div class=\"img\"><img decoding=\"async\" width=\"2260\" height=\"1000\" data-src=\"https:\/\/lume.ch\/wp-content\/uploads\/2023\/11\/LM-Gebaeude-1-2260x1000.png?theia_smart_thumbnails_file_version=2\" class=\"attachment-header-small size-header-small lazyload\" alt=\"\" src=\"data:image\/svg+xml;base64,PHN2ZyB3aWR0aD0iMSIgaGVpZ2h0PSIxIiB4bWxucz0iaHR0cDovL3d3dy53My5vcmcvMjAwMC9zdmciPjwvc3ZnPg==\" style=\"--smush-placeholder-width: 2260px; --smush-placeholder-aspect-ratio: 2260\/1000;\" \/><\/div>\n        <div class=\"main-container pos-rel\">\n             <svg width=\"51\" height=\"48\" viewBox=\"0 0 51 48\" fill=\"none\" xmlns=\"http:\/\/www.w3.org\/2000\/svg\">\n<path d=\"M27.6992 0.800781L28.5556 1.31715L29.4699 -0.199219H27.6992V0.800781ZM13.4609 24.4141L13.4564 25.4141L14.0241 25.4166L14.3173 24.9304L13.4609 24.4141ZM0.453125 24.3555H-0.546875V25.351L0.44862 25.3555L0.453125 24.3555ZM0.453125 23.5938L-0.358489 23.0096L-0.546875 23.2713V23.5938H0.453125ZM16.8594 0.800781V-0.199219H16.3471L16.0478 0.216587L16.8594 0.800781ZM13.4609 23.8867L14.3179 23.3713L14.0249 22.8842L13.4564 22.8867L13.4609 23.8867ZM27.6992 47.5586V48.5586H29.4677L28.5561 47.0432L27.6992 47.5586ZM16.8594 47.5586L16.0471 48.1418L16.3463 48.5586H16.8594V47.5586ZM0.453125 24.707H-0.546875V25.0288L-0.359199 25.2902L0.453125 24.707ZM0.453125 23.9453L0.44862 22.9453L-0.546875 22.9498V23.9453H0.453125ZM50.375 0.800781L51.2314 1.31715L52.1457 -0.199219H50.375V0.800781ZM36.1367 24.4141L36.1322 25.4141L36.6999 25.4166L36.9931 24.9304L36.1367 24.4141ZM23.1289 24.3555H22.1289V25.351L23.1244 25.3555L23.1289 24.3555ZM23.1289 23.5938L22.3173 23.0096L22.1289 23.2713V23.5938H23.1289ZM39.5352 0.800781V-0.199219H39.0228L38.7235 0.216587L39.5352 0.800781ZM36.1367 23.8867L36.9936 23.3713L36.7007 22.8842L36.1322 22.8867L36.1367 23.8867ZM50.375 47.5586V48.5586H52.1434L51.2319 47.0432L50.375 47.5586ZM39.5352 47.5586L38.7228 48.1418L39.0221 48.5586H39.5352V47.5586ZM23.1289 24.707H22.1289V25.0288L22.3166 25.2902L23.1289 24.707ZM23.1289 23.9453L23.1244 22.9453L22.1289 22.9498V23.9453H23.1289ZM26.8429 0.284412L12.6046 23.8977L14.3173 24.9304L28.5556 1.31715L26.8429 0.284412ZM13.4654 23.4141L0.45763 23.3555L0.44862 25.3555L13.4564 25.4141L13.4654 23.4141ZM1.45312 24.3555V23.5938H-0.546875V24.3555H1.45312ZM1.26474 24.1779L17.671 1.38498L16.0478 0.216587L-0.358489 23.0096L1.26474 24.1779ZM16.8594 1.80078H27.6992V-0.199219H16.8594V1.80078ZM12.604 24.4021L26.8423 48.074L28.5561 47.0432L14.3179 23.3713L12.604 24.4021ZM27.6992 46.5586H16.8594V48.5586H27.6992V46.5586ZM17.6717 46.9754L1.26545 24.1238L-0.359199 25.2902L16.0471 48.1418L17.6717 46.9754ZM1.45312 24.707V23.9453H-0.546875V24.707H1.45312ZM0.45763 24.9453L13.4654 24.8867L13.4564 22.8867L0.44862 22.9453L0.45763 24.9453ZM49.5186 0.284412L35.2804 23.8977L36.9931 24.9304L51.2314 1.31715L49.5186 0.284412ZM36.1412 23.4141L23.1334 23.3555L23.1244 25.3555L36.1322 25.4141L36.1412 23.4141ZM24.1289 24.3555V23.5938H22.1289V24.3555H24.1289ZM23.9405 24.1779L40.3468 1.38498L38.7235 0.216587L22.3173 23.0096L23.9405 24.1779ZM39.5352 1.80078H50.375V-0.199219H39.5352V1.80078ZM35.2798 24.4021L49.5181 48.074L51.2319 47.0432L36.9936 23.3713L35.2798 24.4021ZM50.375 46.5586H39.5352V48.5586H50.375V46.5586ZM40.3475 46.9754L23.9412 24.1238L22.3166 25.2902L38.7228 48.1418L40.3475 46.9754ZM24.1289 24.707V23.9453H22.1289V24.707H24.1289ZM23.1334 24.9453L36.1412 24.8867L36.1322 22.8867L23.1244 22.9453L23.1334 24.9453Z\" fill=\"#FE800F\"\/>\n<\/svg>\n            <h1 class=\"d1 color-orange\">Ensemble vers des solutions <i>intelligentes<\/i> <\/h1>\n        <\/div>\n    <\/div>\n\n            <div class=\"main-container pt-mittel pb-mittel\">\n            <div class=\"content-container\">\n                <div class=\"lead-font-size\"><p>Construisez votre avenir :<\/p>\n<\/div>\n            <\/div>\n        <\/div>\n    \n\n    <\/div>\n<div  class=\"block block-content bg-weiss pt-mittel pb-mittel\">\n    <div class=\"main-container\">\n        <div class=\"content-container\">\n\n            \n\n    <h2 class=\"d3\">Formation de constructeur\/trice d&rsquo;installations et d&rsquo;appareils CFC<\/h2>\n\n    <p><strong>L+M AG<\/strong> a derri\u00e8re elle plus de 50 ans de succ\u00e8s et de dynamisme dans les domaines de l&rsquo;ing\u00e9nierie, de la construction m\u00e9tallique industrielle et de la technique d&rsquo;aspiration.<br \/>\nParmi nos sp\u00e9cialit\u00e9s figurent les constructions soud\u00e9es pour les applications les plus diverses ainsi que la fabrication de syst\u00e8mes de filtration mobiles et centraux avec des solutions intersectorielles pour la technique d&rsquo;aspiration.   <\/p>\n<h4>Voici ce que vous pouvez faire chez nous&#8230;<\/h4>\n<ul>\n<li>En tant que constructeur\/trice d&rsquo;installations et d&rsquo;appareils, vous fabriquez, sur la base de dessins techniques, des bo\u00eetiers m\u00e9talliques pour des machines, des armoires m\u00e9talliques, des constructions en acier, des syst\u00e8mes de tuyauterie, des pi\u00e8ces d&rsquo;installations de production, voire des \u00e9l\u00e9ments de chemins de fer ou de t\u00e9l\u00e9ph\u00e9riques.<\/li>\n<li>Vous transformez des t\u00f4les, des profil\u00e9s m\u00e9talliques et des tubes.<br \/>\nPour ce faire, vous utilisez divers outils et machines pour le sciage, le pliage et le soudage, ainsi que des outils de travail tels que des plieuses et cintreuses informatis\u00e9es, des robots de soudage et des installations de d\u00e9coupe au laser. <\/li>\n<li>Pour pouvoir effectuer votre travail de constructeur d&rsquo;appareils et d&rsquo;installations, vous devez bien conna\u00eetre les propri\u00e9t\u00e9s et les applications de tous les mat\u00e9riaux.<br \/>\nPour pouvoir former un corps m\u00e9tallique \u00e0 partir d&rsquo;un morceau de t\u00f4le plat, vous transf\u00e9rez les donn\u00e9es du dessin de construction sur la t\u00f4le.<br \/>\nPour ce faire, il est n\u00e9cessaire de proc\u00e9der avec pr\u00e9cision en suivant les dessins techniques.  <\/li>\n<li>Vous assemblez des pi\u00e8ces d\u00e9tach\u00e9es en \u00e9quipe avec d&rsquo;autres professionnels pour former des installations et des appareils.<br \/>\nLes travaux de remise en \u00e9tat et de r\u00e9paration font \u00e9galement partie de vos t\u00e2ches.<br \/>\nCe m\u00e9tier requiert des hommes et des femmes qui ont l&rsquo;esprit d&rsquo;initiative, qui aiment mettre la main \u00e0 la p\u00e2te et qui, surtout, veulent participer au travail d&rsquo;\u00e9quipe.  <\/li>\n<\/ul>\n<h4>Pourquoi vous r\u00e9ussissez&#8230;<\/h4>\n<ul>\n<li>Tr\u00e8s bon Real dipl\u00f4me d&rsquo;\u00e9tudes ou Sekundar dipl\u00f4me d&rsquo;\u00e9tudes.<\/li>\n<li>Pour cette formation, vous devez \u00eatre habile de vos mains, avoir un sens pratique et technique et une bonne capacit\u00e9 de repr\u00e9sentation spatiale.<\/li>\n<li>Votre formation <strong>dure quatre ans<\/strong>.<br \/>\nPendant cette p\u00e9riode, tu apprendras tout ce que tu dois savoir pour devenir constructeur\/trice d&rsquo;installations et d&rsquo;appareils. <\/li>\n<\/ul>\n<h4>Ce dont vous pouvez vous r\u00e9jouir<\/h4>\n<ul>\n<li>Une formation assur\u00e9e, vari\u00e9e et passionnante avec une semaine de 40 heures et 5 semaines de vacances.<\/li>\n<li>Une \u00e9quipe motiv\u00e9e vous attend.<\/li>\n<li>Possibilit\u00e9 de passer la maturit\u00e9 professionnelle si les r\u00e9sultats scolaires sont bons.<\/li>\n<li>La participation \u00e0 des journ\u00e9es d&rsquo;essai est encourag\u00e9e.<\/li>\n<\/ul>\n<p><strong>Possibilit\u00e9s de formation continue&#8230;<\/strong><\/p>\n<ul>\n<li>Apr\u00e8s votre formation, vous avez les possibilit\u00e9s de formation continue suivantes : Contrema\u00eetre industriel en construction de machines et d&rsquo;appareils HFP, sp\u00e9cialiste en soudage dipl\u00f4m\u00e9 \/ IWF, technicien dipl\u00f4m\u00e9 ES en construction de machines, Bachelor of Science en g\u00e9nie m\u00e9canique.<\/li>\n<\/ul>\n<h4><\/h4>\n<h4>Nous avons \u00e9veill\u00e9 votre int\u00e9r\u00eat ?<\/h4>\n<p>  Alors commencez votre carri\u00e8re chez nous et envoyez votre dossier de candidature avec un <strong>multicheck actuel<\/strong> \u00e0 : <span style=\"color: #ff9900;\"><strong>L+M AG<\/strong><\/span> Gansingerstrasse 60 CH-5236 Remigen T\u00e9l.<br \/>\n+41 56 297 80 31 <a href=\"mailto:daniel.leutwiler@lume.ch\">daniel.leutwiler@lume.ch<\/a> <\/p>\n\n    \n            <div class=\"button-group\">\n                   <a class=\"btn btn-outline btn-ext\" href=\"https:\/\/lume.ch\/wp-content\/uploads\/2024\/04\/Ausbildung-als-Anlagen-und-Apparatebauer-EFZ-1.pdf\" target=\"_blank\">Ouvrir l&#039;annonce d&#039;emploi au format PDF<\/a>\n                <\/div>\n    \n\n        <\/div>\n    <\/div>\n<\/div>\n<div  class=\"block block-personen bg-hellgrau pt-mittel pb-mittel\">\n    <div class=\"main-container\">\n\n        <h2 class=\"d3\">VOTRE CONTACT<\/h2>\n    \n    \n\n           \n            <p>Nous vous attendons avec impatience !<\/p>\n\n<div class=\"person mt-klein mb-50\">\n\n    <div class=\"person-bild\">\n                <div class=\"person-bild-inner\">\n            <img decoding=\"async\" width=\"890\" height=\"660\" data-src=\"https:\/\/lume.ch\/wp-content\/uploads\/2023\/11\/Leutwiler-Daniel2_Leiter-Operations_231004_1086_ret-890x660.jpg\" class=\"attachment-person size-person wp-post-image lazyload\" alt=\"LM AG Industriestahlbau Absauganlagen Daniel Leutwiler\" src=\"data:image\/svg+xml;base64,PHN2ZyB3aWR0aD0iMSIgaGVpZ2h0PSIxIiB4bWxucz0iaHR0cDovL3d3dy53My5vcmcvMjAwMC9zdmciPjwvc3ZnPg==\" style=\"--smush-placeholder-width: 890px; --smush-placeholder-aspect-ratio: 890\/660;\" \/>        <\/div>\n            <\/div>\n\n    <div class=\"person-inhalt\">\n                <h3 class=\"d4 color-orange\">Daniel Leutwiler<\/h3>\n                \n                  <p class=\"d6 mb-0 base-font-size\"><strong>Op\u00e9rations<\/strong><\/p>\n        \n                  <p>Directeur | COO<\/p>\n        \n        <div class=\"links standard-link\">\n                          <p><a href=\"mailto:daniel.leutwiler@lume.ch\"><span class=\"mail\"><\/span> daniel.leutwiler@lume.ch<\/a><\/p>\n            \n                          <p><a href=\"tel:+41562978049\"><span class=\"tel\"><\/span> +41 56 297 80 49<\/a><\/p>\n            \n                          <p><a href=\"https:\/\/www.linkedin.com\/in\/daniel-leutwiler-9169781b6\/\" target=\"_blank\" rel=\"nofollow noopener\"><span class=\"linkedin\"><\/span> Profil LinkedIn<\/a><\/p>\n                    <\/div>\n    <\/div>\n<\/div>\n\n  \n    <\/div>\n<\/div>","protected":false},"excerpt":{"rendered":"","protected":false},"author":4,"featured_media":0,"parent":0,"menu_order":0,"comment_status":"closed","ping_status":"closed","template":"tpl-front-page.php","meta":{"_acf_changed":false,"footnotes":""},"class_list":["post-13818","page","type-page","status-publish","hentry"],"acf":[],"_links":{"self":[{"href":"https:\/\/lume.ch\/fr\/wp-json\/wp\/v2\/pages\/13818","targetHints":{"allow":["GET"]}}],"collection":[{"href":"https:\/\/lume.ch\/fr\/wp-json\/wp\/v2\/pages"}],"about":[{"href":"https:\/\/lume.ch\/fr\/wp-json\/wp\/v2\/types\/page"}],"author":[{"embeddable":true,"href":"https:\/\/lume.ch\/fr\/wp-json\/wp\/v2\/users\/4"}],"replies":[{"embeddable":true,"href":"https:\/\/lume.ch\/fr\/wp-json\/wp\/v2\/comments?post=13818"}],"version-history":[{"count":1,"href":"https:\/\/lume.ch\/fr\/wp-json\/wp\/v2\/pages\/13818\/revisions"}],"predecessor-version":[{"id":13819,"href":"https:\/\/lume.ch\/fr\/wp-json\/wp\/v2\/pages\/13818\/revisions\/13819"}],"wp:attachment":[{"href":"https:\/\/lume.ch\/fr\/wp-json\/wp\/v2\/media?parent=13818"}],"curies":[{"name":"wp","href":"https:\/\/api.w.org\/{rel}","templated":true}]}}